{"id":15626,"date":"2020-05-04T17:05:59","date_gmt":"2020-05-04T17:05:59","guid":{"rendered":"https:\/\/www.48hopenhousebarcelona.org\/?page_id=15626"},"modified":"2020-05-07T10:05:09","modified_gmt":"2020-05-07T10:05:09","slug":"setmana-de-larquitectura","status":"publish","type":"page","link":"https:\/\/www.48hopenhousebarcelona.org\/ca\/setmana-de-larquitectura\/","title":{"rendered":"SETMANA DE L\u2019ARQUITECTURA"},"content":{"rendered":"<p><img loading=\"lazy\" decoding=\"async\" class=\"alignnone wp-image-15633\" src=\"https:\/\/www.48hopenhousebarcelona.org\/wp-content\/uploads\/2020\/05\/Setmana_arq_open-1.png\" alt=\"\" width=\"650\" height=\"458\" srcset=\"https:\/\/www.48hopenhousebarcelona.org\/wp-content\/uploads\/2020\/05\/Setmana_arq_open-1.png 1024w, https:\/\/www.48hopenhousebarcelona.org\/wp-content\/uploads\/2020\/05\/Setmana_arq_open-1-400x282.png 400w, https:\/\/www.48hopenhousebarcelona.org\/wp-content\/uploads\/2020\/05\/Setmana_arq_open-1-300x211.png 300w, https:\/\/www.48hopenhousebarcelona.org\/wp-content\/uploads\/2020\/05\/Setmana_arq_open-1-768x541.png 768w\" sizes=\"auto, (max-width: 650px) 100vw, 650px\" \/><\/p>\n<p>Durant la Setmana de l\u2019Arquitectura 2020, l\u2019Associaci\u00f3 48h Open House\u00a0Barcelona programa diferents activitats de difusi\u00f3 de l\u2019arquitectura. Enguany,\u00a0a causa de la COVID-19, les activitats seran on line i es posposen fins a nou\u00a0av\u00eds les activitats presencials.<\/p>\n<p><strong>1. M\u00fasica x Arquitectura<\/strong><br \/>\nPer quart any consecutiu, l\u2019Associaci\u00f3 48h Open House Barcelona celebra el\u00a0projecte M\u00fasica x Arquitectura, que explora les relacions entre formes d\u2019expressi\u00f3\u00a0tan diferents com s\u00f3n el fet sonor i l\u2019arquitect\u00f2nic.<\/p>\n<a class=\"md-btn button shortcode_button uk-light\" href=\"https:\/\/www.48hopenhousebarcelona.org\/musica-x-arquitectura-online\/\">M\u00fasica x Arquitectura<\/a>\n<p><strong>2. Espais Ocults<\/strong><br \/>\nEspais Ocults \u00e9s un projecte basat en la difusi\u00f3 del patrimoni hist\u00f2ric ocult de la\u00a0ciutat que enguany t\u00e9 com a objectiu fer visibles per a la ciutadania vuit espais on\u00a0l\u2019aigua t\u00e9 un protagonisme destacable.\u00a0Us proposem jugar amb nosaltres resolent els passatemps que hem ideat per\u00a0endevinar quin espai ocult estem pensant. JUGUEU I DESCOBRIU 8 ESPAIS<br \/>\nOCULTS DE BARCELONA!<\/p>\n<a class=\"md-btn button shortcode_button uk-light\" href=\"https:\/\/www.48hopenhousebarcelona.org\/espais-ocults-online\/\">Espais Ocults<\/a>\n<p><strong>3. Exposici\u00f3 \u2018La teva experi\u00e8ncia i la meva, la teva exposici\u00f3 i la meva\u2019<\/strong><br \/>\nAmb motiu de la celebraci\u00f3 dels deu anys del festival d\u2019arquitectura de Barcelona\u00a048h Open House BCN, es prepara una exposici\u00f3 que mostra l\u2019interior del festival i\u00a0que cadasc\u00fa podr\u00e0 interpretar a la seva manera: mostrem la base de dades de\u00a0l\u2019associaci\u00f3 amb m\u00faltiples combinacions per ser analitzades. La combinaci\u00f3 \u00e9s el\u00a0punt de vista de cada participant.<\/p>\n<a class=\"md-btn button shortcode_button uk-light\" href=\"https:\/\/www.48hopenhousebarcelona.org\/hem-fet-10-anys\/\">M\u00e9s Info i Mapa<\/a>\n","protected":false},"excerpt":{"rendered":"<p>Durant la Setmana de l\u2019Arquitectura 2020, l\u2019Associaci\u00f3 48h Open House\u00a0Barcelona programa diferents activitats de difusi\u00f3 de l\u2019arquitectura. Enguany,\u00a0a causa de la COVID-19, les activitats seran on line i es posposen fins a nou\u00a0av\u00eds les activitats presencials. 1. M\u00fasica x Arquitectura Per quart any consecutiu, l\u2019Associaci\u00f3 48h Open House Barcelona celebra el\u00a0projecte M\u00fasica x Arquitectura, que [&hellip;]<\/p>\n","protected":false},"author":2,"featured_media":0,"parent":0,"menu_order":0,"comment_status":"closed","ping_status":"closed","template":"","meta":{"_acf_changed":false,"footnotes":""},"class_list":["post-15626","page","type-page","status-publish","hentry"],"acf":[],"_links":{"self":[{"href":"https:\/\/www.48hopenhousebarcelona.org\/ca\/wp-json\/wp\/v2\/pages\/15626","targetHints":{"allow":["GET"]}}],"collection":[{"href":"https:\/\/www.48hopenhousebarcelona.org\/ca\/wp-json\/wp\/v2\/pages"}],"about":[{"href":"https:\/\/www.48hopenhousebarcelona.org\/ca\/wp-json\/wp\/v2\/types\/page"}],"author":[{"embeddable":true,"href":"https:\/\/www.48hopenhousebarcelona.org\/ca\/wp-json\/wp\/v2\/users\/2"}],"replies":[{"embeddable":true,"href":"https:\/\/www.48hopenhousebarcelona.org\/ca\/wp-json\/wp\/v2\/comments?post=15626"}],"version-history":[{"count":5,"href":"https:\/\/www.48hopenhousebarcelona.org\/ca\/wp-json\/wp\/v2\/pages\/15626\/revisions"}],"predecessor-version":[{"id":15670,"href":"https:\/\/www.48hopenhousebarcelona.org\/ca\/wp-json\/wp\/v2\/pages\/15626\/revisions\/15670"}],"wp:attachment":[{"href":"https:\/\/www.48hopenhousebarcelona.org\/ca\/wp-json\/wp\/v2\/media?parent=15626"}],"curies":[{"name":"wp","href":"https:\/\/api.w.org\/{rel}","templated":true}]}}