{"id":15984,"date":"2020-08-31T10:37:07","date_gmt":"2020-08-31T10:37:07","guid":{"rendered":"https:\/\/www.48hopenhousebarcelona.org\/?page_id=15984"},"modified":"2021-09-05T14:57:21","modified_gmt":"2021-09-05T14:57:21","slug":"protocol-covid-19","status":"publish","type":"page","link":"https:\/\/www.48hopenhousebarcelona.org\/ca\/protocol-covid-19\/","title":{"rendered":"Protocol COVID-19"},"content":{"rendered":"<h3>Protocol de seguretat i prevenci\u00f3 contra la COVID-19<\/h3>\n<h4><img loading=\"lazy\" decoding=\"async\" class=\"alignnone wp-image-16163\" src=\"https:\/\/www.48hopenhousebarcelona.org\/wp-content\/uploads\/2020\/09\/protocol-v2-05-300x146.png\" alt=\"\" width=\"683\" height=\"332\" srcset=\"https:\/\/www.48hopenhousebarcelona.org\/wp-content\/uploads\/2020\/09\/protocol-v2-05-300x146.png 300w, https:\/\/www.48hopenhousebarcelona.org\/wp-content\/uploads\/2020\/09\/protocol-v2-05-400x194.png 400w, https:\/\/www.48hopenhousebarcelona.org\/wp-content\/uploads\/2020\/09\/protocol-v2-05-1024x498.png 1024w, https:\/\/www.48hopenhousebarcelona.org\/wp-content\/uploads\/2020\/09\/protocol-v2-05-768x373.png 768w, https:\/\/www.48hopenhousebarcelona.org\/wp-content\/uploads\/2020\/09\/protocol-v2-05-1536x746.png 1536w, https:\/\/www.48hopenhousebarcelona.org\/wp-content\/uploads\/2020\/09\/protocol-v2-05-2048x995.png 2048w, https:\/\/www.48hopenhousebarcelona.org\/wp-content\/uploads\/2020\/09\/protocol-v2-05-1320x641.png 1320w\" sizes=\"auto, (max-width: 683px) 100vw, 683px\" \/><\/h4>\n<p><strong>48h Open House BCN ha elaborat un protocol de seguretat i prevenci\u00f3 amb l\u2019objectiu de celebrar el festival amb les m\u00e0ximes garanties de seguretat per a voluntaris, organitzadors, treballadors, visitants i prove\u00efdors.<\/strong><\/p>\n<h4><b>El festival seguir\u00e0 els protocols seg\u00fcents, sempre d\u2019acord amb la normativa vigent:<\/b><\/h4>\n<ul>\n<li><strong>Aforament <\/strong>a l\u2019interior dels edificis <strong>segons les mesures establertes<\/strong> pels \u00f2rgans competents.<\/li>\n<li><strong>Registre dels visitants<\/strong> a la porta d&#8217;acc\u00e9s de tots els edificis.<\/li>\n<li>L\u2019\u00fas de la <strong>mascareta \u00e9s obligatori\u00a0<\/strong>en tots els espais del festival.<\/li>\n<li>L\u2019aforament interiors i de les cues compliran les <strong>dist\u00e0ncies de seguretat <\/strong>requerides.<\/li>\n<li>Control d&#8217;<strong>aforament a les cues<\/strong><\/li>\n<li>L\u2019acc\u00e9s i el desallotjament dels espais es far\u00e0 de manera <strong>esglaonada i sota control<\/strong> del personal del festival per garantir la dist\u00e0ncia de seguretat.<\/li>\n<li>A tots els espais on calgui s\u2019habilitaran <strong>diferents accessos i sortides<\/strong> per tal de no produir aglomeracions de persones.<\/li>\n<\/ul>\n<p><b>Mesures individuals:<\/b><\/p>\n<ul>\n<li style=\"font-weight: 400;\"><span style=\"font-weight: 400;\">Recorda que en tots el espais del festival cal mantenir una\u00a0dist\u00e0ncia de seguretat entre persones de 2 metres.<\/span><\/li>\n<li style=\"font-weight: 400;\"><span style=\"font-weight: 400;\">L\u2019\u00fas de la mascareta \u00e9s obligatori<\/span><b>\u00a0<\/b><span style=\"font-weight: 400;\">en tots els espais del festival.<\/span><\/li>\n<li>Per entrar als edificis haur\u00e0s de registrar-te a la porta.<\/li>\n<li style=\"font-weight: 400;\"><span style=\"font-weight: 400;\">L\u2019acc\u00e9s i el desallotjament dels espais es far\u00e0 de manera esglaonada. Cal seguir sempre les senyalitzacions i les indicacions del personal del festival.<\/span><\/li>\n<li style=\"font-weight: 400;\"><span style=\"font-weight: 400;\">Cal mantenir la dist\u00e0ncia de seguretat a les cues que es puguin generar en cada espai.<\/span><\/li>\n<li style=\"font-weight: 400;\"><span style=\"font-weight: 400;\">Si penses que pots tenir s\u00edmptomes de COVID-19 o si has estat en contacte amb alg\u00fa diagnosticat del virus, queda\u2019t a casa.\u00a0Aprofita per gaudir del festival amb totes les activitats i les iniciatives on-line.<\/span><\/li>\n<\/ul>\n<p><strong>Mesures i informaci\u00f3 important per a voluntaris:<\/strong><\/p>\n<p>1. Abans del festival:<\/p>\n<ul>\n<li>Acredita\u2019t correctament al formulari del festival.<\/li>\n<li>Informa\u2019t de les mesures de mitigaci\u00f3 del risc de contagi.<\/li>\n<li>Llegeix la documentaci\u00f3 enviada pel festival respecte a seguretat, aforaments i dist\u00e0ncies de seguretat.<\/li>\n<li>Es posaran en marxa mesures de prevenci\u00f3 espec\u00edfiques durant el per\u00edode\u00a0d\u2019obertura i tancament dels espais.<\/li>\n<\/ul>\n<p>2. Acc\u00e9s als espais:<\/p>\n<ul>\n<li>Registre previ de tots els visitants a l&#8217;acc\u00e9s de tots els edificis<\/li>\n<li>Control d\u2019\u00fas de mascareta dels assistents en tots els accessos.<\/li>\n<li>Control de l\u2019aforament en tots els accessos.<\/li>\n<li>Control de la dist\u00e0ncia de seguretat en totes les cues que es puguin generar.<\/li>\n<li>Senyalitzaci\u00f3 informativa de totes les mesures de seguretat que cal adoptar.<\/li>\n<\/ul>\n<p>3. A l\u2019interior dels espais:<\/p>\n<ul>\n<li>Control d\u2019\u00fas de mascareta dels assistents.<\/li>\n<li>Control de la dist\u00e0ncia de seguretat en tots els espais.<\/li>\n<li>Cap visitant no pot tocar res de l&#8217;interior dels espais oberts pel festival.<\/li>\n<li>Limitaci\u00f3 d\u2019aforament als espais.<\/li>\n<li>No es distribuir\u00e0 cap tipus de material als visitants (documents, fullets, llibres,\u00a0etc.).<\/li>\n<li>No es permet menjar ni beure en cap espai del festival.<\/li>\n<\/ul>\n<p>&nbsp;<\/p>\n","protected":false},"excerpt":{"rendered":"<p>Protocol de seguretat i prevenci\u00f3 contra la COVID-19 48h Open House BCN ha elaborat un protocol de seguretat i prevenci\u00f3 amb l\u2019objectiu de celebrar el festival amb les m\u00e0ximes garanties de seguretat per a voluntaris, organitzadors, treballadors, visitants i prove\u00efdors. El festival seguir\u00e0 els protocols seg\u00fcents, sempre d\u2019acord amb la normativa vigent: Aforament a l\u2019interior [&hellip;]<\/p>\n","protected":false},"author":2,"featured_media":0,"parent":0,"menu_order":0,"comment_status":"closed","ping_status":"closed","template":"","meta":{"_acf_changed":false,"footnotes":""},"class_list":["post-15984","page","type-page","status-publish","hentry"],"acf":[],"_links":{"self":[{"href":"https:\/\/www.48hopenhousebarcelona.org\/ca\/wp-json\/wp\/v2\/pages\/15984","targetHints":{"allow":["GET"]}}],"collection":[{"href":"https:\/\/www.48hopenhousebarcelona.org\/ca\/wp-json\/wp\/v2\/pages"}],"about":[{"href":"https:\/\/www.48hopenhousebarcelona.org\/ca\/wp-json\/wp\/v2\/types\/page"}],"author":[{"embeddable":true,"href":"https:\/\/www.48hopenhousebarcelona.org\/ca\/wp-json\/wp\/v2\/users\/2"}],"replies":[{"embeddable":true,"href":"https:\/\/www.48hopenhousebarcelona.org\/ca\/wp-json\/wp\/v2\/comments?post=15984"}],"version-history":[{"count":14,"href":"https:\/\/www.48hopenhousebarcelona.org\/ca\/wp-json\/wp\/v2\/pages\/15984\/revisions"}],"predecessor-version":[{"id":33491,"href":"https:\/\/www.48hopenhousebarcelona.org\/ca\/wp-json\/wp\/v2\/pages\/15984\/revisions\/33491"}],"wp:attachment":[{"href":"https:\/\/www.48hopenhousebarcelona.org\/ca\/wp-json\/wp\/v2\/media?parent=15984"}],"curies":[{"name":"wp","href":"https:\/\/api.w.org\/{rel}","templated":true}]}}