{"id":16206,"date":"2020-09-09T07:42:32","date_gmt":"2020-09-09T07:42:32","guid":{"rendered":"https:\/\/www.48hopenhousebarcelona.org\/?page_id=16206"},"modified":"2025-09-19T11:53:37","modified_gmt":"2025-09-19T11:53:37","slug":"patrocina","status":"publish","type":"page","link":"https:\/\/www.48hopenhousebarcelona.org\/ca\/patrocina\/","title":{"rendered":"PATROCINI"},"content":{"rendered":"<p>Obrir les portes de la cultura arquitect\u00f2nica forma part de la responsabilitat que tenim amb la societat i amb els habitants de la ciutat. Una societat igualit\u00e0ria \u00e9s aquella que reconeix el seu entorn, que ho ent\u00e9n i que el protegeix.<\/p>\n<p><span style=\"font-weight: 400;\">Hi ha diferents formes, tipus i mides de patrocini econ\u00f2mic. <\/span><span style=\"font-weight: 400;\">Descobreix la teva:<\/span><\/p>\n<p>&nbsp;<\/p>\n<ul>\n<li style=\"font-weight: 400;\">\n<h3><b>PRO:\u00a0<\/b><span style=\"font-weight: 400;\">per a col\u00b7lectius professionals.<\/span><\/h3>\n<p>&nbsp;<\/li>\n<li style=\"font-weight: 400;\">\n<h3><b>Patrocinadors d\u2019edifici:\u00a0<\/b><span style=\"font-weight: 400; font-size: 16px;\">entitats i equipaments amb un edifici que forma part de la programaci\u00f3 del festival, i els valors dels quals estan relacionats amb el festival i alineats amb les seves pol\u00edtiques empresarials i de responsabilitat social.<\/span><\/h3>\n<p>&nbsp;<\/li>\n<li style=\"font-weight: 400;\">\n<h3><b>Patrocinadors del festival \/ d\u2019activitat:\u00a0<\/b><span style=\"font-weight: 400; font-size: 16px;\">cntitats i equipaments que s\u00f3n protagonistes d\u2019una l\u00ednia del festival o d\u2019una activitat, i els valors dels quals estan relacionats amb el festival i alineats amb les seves pol\u00edtiques empresarials i de responsabilitat social.<\/span><\/h3>\n<p>&nbsp;<\/li>\n<li style=\"font-weight: 400;\">\n<h3><b>Patrocinadors globals del festival:\u00a0<\/b><span style=\"font-weight: 400; font-size: 16px;\">entitats o empreses que fan possible que el festival d&#8217;arquitectura sigui un festival de refer\u00e8ncia. Es tracta del primer festival metropolit\u00e0 per nombre d&#8217;activitats, p\u00fablic i ciutats participants, i queda incl\u00f2s al <em>top 10 <\/em>de festivals de Barcelona per nombre d&#8217;activitats, p\u00fablic i ciutats participants, i queda incl\u00f2s d&#8217;arquitectura i disseny m\u00e9s important i el que genera m\u00e9s impacte en la millora de la qualitat de vida dels ciutadans a partir de la divulgaci\u00f3 de la cultura arquitect\u00f2nica.<\/span><\/h3>\n<\/li>\n<\/ul>\n<a class=\"md-btn button shortcode_button uk-light\" href=\"https:\/\/www.48hopenhousebarcelona.org\/patrocini\/\">Patrocinadors actuals<\/a>\n<a class=\"md-btn button shortcode_button uk-light\" href=\"https:\/\/www.48hopenhousebarcelona.org\/ca\/premsa\/\">Premsa y comunicaci\u00f3 <\/a>\n<p><img loading=\"lazy\" decoding=\"async\" class=\"alignnone size-medium wp-image-16210\" src=\"https:\/\/www.48hopenhousebarcelona.org\/wp-content\/uploads\/2020\/09\/OPENHOUSE2019-638-min-200x300.jpg\" alt=\"\" width=\"200\" height=\"300\" srcset=\"https:\/\/www.48hopenhousebarcelona.org\/wp-content\/uploads\/2020\/09\/OPENHOUSE2019-638-min-200x300.jpg 200w, https:\/\/www.48hopenhousebarcelona.org\/wp-content\/uploads\/2020\/09\/OPENHOUSE2019-638-min-400x600.jpg 400w, https:\/\/www.48hopenhousebarcelona.org\/wp-content\/uploads\/2020\/09\/OPENHOUSE2019-638-min-683x1024.jpg 683w, https:\/\/www.48hopenhousebarcelona.org\/wp-content\/uploads\/2020\/09\/OPENHOUSE2019-638-min-768x1152.jpg 768w, https:\/\/www.48hopenhousebarcelona.org\/wp-content\/uploads\/2020\/09\/OPENHOUSE2019-638-min-1024x1536.jpg 1024w, https:\/\/www.48hopenhousebarcelona.org\/wp-content\/uploads\/2020\/09\/OPENHOUSE2019-638-min.jpg 1280w\" sizes=\"auto, (max-width: 200px) 100vw, 200px\" \/> <img loading=\"lazy\" decoding=\"async\" class=\"alignnone size-medium wp-image-16208\" src=\"https:\/\/www.48hopenhousebarcelona.org\/wp-content\/uploads\/2020\/09\/OPENHOUSE2019-021-min-300x200.jpg\" alt=\"\" width=\"300\" height=\"200\" srcset=\"https:\/\/www.48hopenhousebarcelona.org\/wp-content\/uploads\/2020\/09\/OPENHOUSE2019-021-min-300x200.jpg 300w, https:\/\/www.48hopenhousebarcelona.org\/wp-content\/uploads\/2020\/09\/OPENHOUSE2019-021-min-400x267.jpg 400w, https:\/\/www.48hopenhousebarcelona.org\/wp-content\/uploads\/2020\/09\/OPENHOUSE2019-021-min-1024x683.jpg 1024w, https:\/\/www.48hopenhousebarcelona.org\/wp-content\/uploads\/2020\/09\/OPENHOUSE2019-021-min-768x512.jpg 768w, https:\/\/www.48hopenhousebarcelona.org\/wp-content\/uploads\/2020\/09\/OPENHOUSE2019-021-min-1536x1024.jpg 1536w, https:\/\/www.48hopenhousebarcelona.org\/wp-content\/uploads\/2020\/09\/OPENHOUSE2019-021-min-1320x880.jpg 1320w, https:\/\/www.48hopenhousebarcelona.org\/wp-content\/uploads\/2020\/09\/OPENHOUSE2019-021-min.jpg 1920w\" sizes=\"auto, (max-width: 300px) 100vw, 300px\" \/> \u00a0<img loading=\"lazy\" decoding=\"async\" class=\"alignnone size-medium wp-image-3499\" src=\"https:\/\/www.48hopenhousebarcelona.org\/wp-content\/uploads\/2019\/09\/Open-House-Worldwide-slide-11-300x200.jpg\" alt=\"\" width=\"300\" height=\"200\" \/> \u00a0<img loading=\"lazy\" decoding=\"async\" class=\"alignnone size-medium wp-image-3050\" src=\"https:\/\/www.48hopenhousebarcelona.org\/wp-content\/uploads\/2019\/09\/Entrega-de-Premis-OpenSketch16-slide-5-300x200.jpg\" alt=\"\" width=\"300\" height=\"200\" \/><\/p>\n","protected":false},"excerpt":{"rendered":"<p>Obrir les portes de la cultura arquitect\u00f2nica forma part de la responsabilitat que tenim amb la societat i amb els habitants de la ciutat. Una societat igualit\u00e0ria \u00e9s aquella que reconeix el seu entorn, que ho ent\u00e9n i que el protegeix. Hi ha diferents formes, tipus i mides de patrocini econ\u00f2mic. Descobreix la teva: &nbsp; [&hellip;]<\/p>\n","protected":false},"author":2,"featured_media":56126,"parent":0,"menu_order":0,"comment_status":"closed","ping_status":"closed","template":"template-novapagina.php","meta":{"_acf_changed":false,"footnotes":""},"class_list":["post-16206","page","type-page","status-publish","has-post-thumbnail","hentry"],"acf":[],"_links":{"self":[{"href":"https:\/\/www.48hopenhousebarcelona.org\/ca\/wp-json\/wp\/v2\/pages\/16206","targetHints":{"allow":["GET"]}}],"collection":[{"href":"https:\/\/www.48hopenhousebarcelona.org\/ca\/wp-json\/wp\/v2\/pages"}],"about":[{"href":"https:\/\/www.48hopenhousebarcelona.org\/ca\/wp-json\/wp\/v2\/types\/page"}],"author":[{"embeddable":true,"href":"https:\/\/www.48hopenhousebarcelona.org\/ca\/wp-json\/wp\/v2\/users\/2"}],"replies":[{"embeddable":true,"href":"https:\/\/www.48hopenhousebarcelona.org\/ca\/wp-json\/wp\/v2\/comments?post=16206"}],"version-history":[{"count":28,"href":"https:\/\/www.48hopenhousebarcelona.org\/ca\/wp-json\/wp\/v2\/pages\/16206\/revisions"}],"predecessor-version":[{"id":56162,"href":"https:\/\/www.48hopenhousebarcelona.org\/ca\/wp-json\/wp\/v2\/pages\/16206\/revisions\/56162"}],"wp:featuredmedia":[{"embeddable":true,"href":"https:\/\/www.48hopenhousebarcelona.org\/ca\/wp-json\/wp\/v2\/media\/56126"}],"wp:attachment":[{"href":"https:\/\/www.48hopenhousebarcelona.org\/ca\/wp-json\/wp\/v2\/media?parent=16206"}],"curies":[{"name":"wp","href":"https:\/\/api.w.org\/{rel}","templated":true}]}}