{"id":2026,"date":"2019-09-10T13:15:50","date_gmt":"2019-09-10T13:15:50","guid":{"rendered":"https:\/\/www.48hopenhousebarcelona.org\/?page_id=2026"},"modified":"2026-01-13T11:18:40","modified_gmt":"2026-01-13T11:18:40","slug":"premsa","status":"publish","type":"page","link":"https:\/\/www.48hopenhousebarcelona.org\/ca\/premsa\/","title":{"rendered":"Premsa i mitjans"},"content":{"rendered":"<p><b>48h OPEN HOUSE BCN<\/b><span style=\"font-weight: 400;\"> \u00e9s un festival d\u2019arquitectura, un cap de setmana de portes obertes a molts tipus d\u2019edificis diferents, adre\u00e7at als habitants de la ciutat de Barcelona i totalment de franc. T\u00e9 la vocaci\u00f3 d\u2019implantar-se transversalment a la societat i al territori. Els ciutadans de cada districte podran con\u00e8ixer el patrimoni m\u00e9s proper i el m\u00e9s lluny\u00e0, el particular i el p\u00fablic, i situar-lo dins l\u2019experi\u00e8ncia i la hist\u00f2ria de cadasc\u00fa, tot aprenent a estimar-lo.<\/span><\/p>\n<p><span style=\"font-weight: 400;\">El festival es desenvolupa en set ciutats: a Barcelona, des del 2010; a Santa Coloma de Gramenet, des del 2013; a Vilassar de Dalt, des del 2014; a Sant Joan Desp\u00ed, des del 2015; a Badalona, des de 2016, a l&#8217;Hospitalet de Llobregat, des del 2017 i \u00a0Sitges el 2021. Durant les deu primeres edicions (2010 &#8211; 2019), el festival ha acumulat <strong>516.200 visites<\/strong> i ha dut a terme <strong>1.787 activitats<\/strong>, gr\u00e0cies a la col\u00b7laboraci\u00f3 de <strong>9.850 voluntaris<\/strong> i <strong>224 arquitectes autors voluntaris<\/strong>, aix\u00ed com al suport de<strong> 80 entitats i empreses<\/strong>.<\/span><\/p>\n<p><span style=\"font-weight: 400;\">El projecte es basa en tres pilars principals:<\/span><b> voluntariat, patrocini i participaci\u00f3.<\/b><span style=\"font-weight: 400;\"> Per aix\u00f2 \u00e9s molt important la participaci\u00f3 i la col\u00b7laboraci\u00f3 ciutadana, d\u2019entitats, associacions, empreses i administracions. Col\u00b7laboracions que poden ser d\u2019un en un, fent xarxa de voluntaris o des d\u2019agrupacions socials, culturals i empresarials. Tots junts, amb esperit d\u2019enriquiment i de regeneraci\u00f3 al voltant de l\u2019arquitectura, i amb l\u2019objectiu de fer visible l\u2019arquitectura com una de les manifestacions culturals m\u00e9s importants de la ciutat.<\/span><\/p>\n<h2><b>Oficina de premsa i mitjans:<\/b><\/h2>\n<p>Per a m\u00e9s informaci\u00f3, imatges en alta resoluci\u00f3 i\/o entrevistes:<br \/>\n<a href=\"mailto:gemma.larregola@openhousebarcelona.org\">gemma.larregola@openhousebarcelona.org<\/a><br \/>\nTel. +34 607 820 940<\/p>\n<h2>Recursos comunicatius<\/h2>\n<hr \/>\n<a class=\"md-btn button shortcode_button uk-light\" href=\"https:\/\/openextra.openhousebarcelona.org\/doc\/OHB25%20MEM%C3%92RIA%20oficial%20CAT_compressed.pdf\">Mem\u00f2ria 2025<\/a>\n<a class=\"md-btn button shortcode_button uk-light\" href=\"https:\/\/www.youtube.com\/watch?v=WHGfmSsc-hA\">V\u00eddeo presentaci\u00f3 OHB25<\/a>\n<hr \/>\n<a class=\"md-btn button shortcode_button uk-light\" href=\"https:\/\/www.48hopenhousebarcelona.org\/wp-content\/uploads\/2025\/01\/OHB24-MEMORIA.pdf\">Mem\u00f2ria 2024<\/a>\n<a class=\"md-btn button shortcode_button uk-light\" href=\"https:\/\/youtu.be\/tgeHLAWZUoo\">V\u00eddeo presentaci\u00f3 OHB24<\/a>\n<hr \/>\n<a class=\"md-btn button shortcode_button uk-light\" href=\"https:\/\/www.48hopenhousebarcelona.org\/wp-content\/uploads\/2024\/01\/OHB23-MEMORIA-definitiva_compressed.pdf\">Mem\u00f2ria 2023<\/a>\n<a class=\"md-btn button shortcode_button uk-light\" href=\"https:\/\/www.48hopenhousebarcelona.org\/wp-content\/uploads\/2024\/01\/Memoria-Festival-MODEL-2023-definitiva-v2.pdf\">Memo\u0300ria Setmana de l'Arquitectura<\/a>\n<a class=\"md-btn button shortcode_button uk-light\" href=\"https:\/\/www.youtube.com\/watch?v=ycJ41RwHMts\">V\u00eddeo presentaci\u00f3 OHB23<\/a>\n<hr \/>\n<h2>Recull de not\u00edcies<\/h2>\n<p><img loading=\"lazy\" decoding=\"async\" class=\"alignnone size-medium wp-image-15930\" src=\"https:\/\/www.48hopenhousebarcelona.org\/wp-content\/uploads\/2020\/08\/131016-La-Vanguardia-281x300.png\" alt=\"\" width=\"281\" height=\"300\" srcset=\"https:\/\/www.48hopenhousebarcelona.org\/wp-content\/uploads\/2020\/08\/131016-La-Vanguardia-281x300.png 281w, https:\/\/www.48hopenhousebarcelona.org\/wp-content\/uploads\/2020\/08\/131016-La-Vanguardia-400x427.png 400w, https:\/\/www.48hopenhousebarcelona.org\/wp-content\/uploads\/2020\/08\/131016-La-Vanguardia.png 680w\" sizes=\"auto, (max-width: 281px) 100vw, 281px\" \/> <img loading=\"lazy\" decoding=\"async\" class=\"alignnone size-medium wp-image-15944\" src=\"https:\/\/www.48hopenhousebarcelona.org\/wp-content\/uploads\/2020\/08\/191026-Coche-Global-216x300.png\" alt=\"\" width=\"216\" height=\"300\" srcset=\"https:\/\/www.48hopenhousebarcelona.org\/wp-content\/uploads\/2020\/08\/191026-Coche-Global-216x300.png 216w, https:\/\/www.48hopenhousebarcelona.org\/wp-content\/uploads\/2020\/08\/191026-Coche-Global-400x556.png 400w, https:\/\/www.48hopenhousebarcelona.org\/wp-content\/uploads\/2020\/08\/191026-Coche-Global.png 661w\" sizes=\"auto, (max-width: 216px) 100vw, 216px\" \/> <img loading=\"lazy\" decoding=\"async\" class=\"alignnone size-medium wp-image-15938\" src=\"https:\/\/www.48hopenhousebarcelona.org\/wp-content\/uploads\/2020\/08\/181028-El-Periodico-300x264.png\" alt=\"\" width=\"300\" height=\"264\" srcset=\"https:\/\/www.48hopenhousebarcelona.org\/wp-content\/uploads\/2020\/08\/181028-El-Periodico-300x264.png 300w, https:\/\/www.48hopenhousebarcelona.org\/wp-content\/uploads\/2020\/08\/181028-El-Periodico-400x352.png 400w, https:\/\/www.48hopenhousebarcelona.org\/wp-content\/uploads\/2020\/08\/181028-El-Periodico-768x676.png 768w, https:\/\/www.48hopenhousebarcelona.org\/wp-content\/uploads\/2020\/08\/181028-El-Periodico.png 816w\" sizes=\"auto, (max-width: 300px) 100vw, 300px\" \/> <img loading=\"lazy\" decoding=\"async\" class=\"alignnone size-medium wp-image-15906\" src=\"https:\/\/www.48hopenhousebarcelona.org\/wp-content\/uploads\/2020\/08\/191020-El-Periodico-219x300.png\" alt=\"\" width=\"219\" height=\"300\" srcset=\"https:\/\/www.48hopenhousebarcelona.org\/wp-content\/uploads\/2020\/08\/191020-El-Periodico-219x300.png 219w, https:\/\/www.48hopenhousebarcelona.org\/wp-content\/uploads\/2020\/08\/191020-El-Periodico-400x548.png 400w, https:\/\/www.48hopenhousebarcelona.org\/wp-content\/uploads\/2020\/08\/191020-El-Periodico.png 692w\" sizes=\"auto, (max-width: 219px) 100vw, 219px\" \/> <img loading=\"lazy\" decoding=\"async\" class=\"alignnone size-medium wp-image-15904\" src=\"https:\/\/www.48hopenhousebarcelona.org\/wp-content\/uploads\/2020\/08\/121020-TV3-272x300.png\" alt=\"\" width=\"272\" height=\"300\" srcset=\"https:\/\/www.48hopenhousebarcelona.org\/wp-content\/uploads\/2020\/08\/121020-TV3-272x300.png 272w, https:\/\/www.48hopenhousebarcelona.org\/wp-content\/uploads\/2020\/08\/121020-TV3-400x442.png 400w, https:\/\/www.48hopenhousebarcelona.org\/wp-content\/uploads\/2020\/08\/121020-TV3.png 566w\" sizes=\"auto, (max-width: 272px) 100vw, 272px\" \/> <img loading=\"lazy\" decoding=\"async\" class=\"alignnone size-medium wp-image-15910\" src=\"https:\/\/www.48hopenhousebarcelona.org\/wp-content\/uploads\/2020\/08\/191025-El-Pais-233x300.png\" alt=\"\" width=\"233\" height=\"300\" srcset=\"https:\/\/www.48hopenhousebarcelona.org\/wp-content\/uploads\/2020\/08\/191025-El-Pais-233x300.png 233w, https:\/\/www.48hopenhousebarcelona.org\/wp-content\/uploads\/2020\/08\/191025-El-Pais-400x514.png 400w, https:\/\/www.48hopenhousebarcelona.org\/wp-content\/uploads\/2020\/08\/191025-El-Pais.png 695w\" sizes=\"auto, (max-width: 233px) 100vw, 233px\" \/> <img loading=\"lazy\" decoding=\"async\" class=\"alignnone size-medium wp-image-15914\" src=\"https:\/\/www.48hopenhousebarcelona.org\/wp-content\/uploads\/2020\/08\/171022-El-Periodico-300x270.png\" alt=\"\" width=\"300\" height=\"270\" \/><\/p>\n","protected":false},"excerpt":{"rendered":"<p>48h OPEN HOUSE BCN \u00e9s un festival d\u2019arquitectura, un cap de setmana de portes obertes a molts tipus d\u2019edificis diferents, adre\u00e7at als habitants de la ciutat de Barcelona i totalment de franc. T\u00e9 la vocaci\u00f3 d\u2019implantar-se transversalment a la societat i al territori. Els ciutadans de cada districte podran con\u00e8ixer el patrimoni m\u00e9s proper i [&hellip;]<\/p>\n","protected":false},"author":2,"featured_media":16208,"parent":0,"menu_order":0,"comment_status":"closed","ping_status":"closed","template":"template-novapagina.php","meta":{"_acf_changed":false,"footnotes":""},"class_list":["post-2026","page","type-page","status-publish","has-post-thumbnail","hentry"],"acf":[],"_links":{"self":[{"href":"https:\/\/www.48hopenhousebarcelona.org\/ca\/wp-json\/wp\/v2\/pages\/2026","targetHints":{"allow":["GET"]}}],"collection":[{"href":"https:\/\/www.48hopenhousebarcelona.org\/ca\/wp-json\/wp\/v2\/pages"}],"about":[{"href":"https:\/\/www.48hopenhousebarcelona.org\/ca\/wp-json\/wp\/v2\/types\/page"}],"author":[{"embeddable":true,"href":"https:\/\/www.48hopenhousebarcelona.org\/ca\/wp-json\/wp\/v2\/users\/2"}],"replies":[{"embeddable":true,"href":"https:\/\/www.48hopenhousebarcelona.org\/ca\/wp-json\/wp\/v2\/comments?post=2026"}],"version-history":[{"count":32,"href":"https:\/\/www.48hopenhousebarcelona.org\/ca\/wp-json\/wp\/v2\/pages\/2026\/revisions"}],"predecessor-version":[{"id":58818,"href":"https:\/\/www.48hopenhousebarcelona.org\/ca\/wp-json\/wp\/v2\/pages\/2026\/revisions\/58818"}],"wp:featuredmedia":[{"embeddable":true,"href":"https:\/\/www.48hopenhousebarcelona.org\/ca\/wp-json\/wp\/v2\/media\/16208"}],"wp:attachment":[{"href":"https:\/\/www.48hopenhousebarcelona.org\/ca\/wp-json\/wp\/v2\/media?parent=2026"}],"curies":[{"name":"wp","href":"https:\/\/api.w.org\/{rel}","templated":true}]}}