{"id":2028,"date":"2019-09-10T13:16:02","date_gmt":"2019-09-10T13:16:02","guid":{"rendered":"https:\/\/www.48hopenhousebarcelona.org\/?page_id=2028"},"modified":"2019-09-17T14:56:07","modified_gmt":"2019-09-17T14:56:07","slug":"links","status":"publish","type":"page","link":"https:\/\/www.48hopenhousebarcelona.org\/ca\/links\/","title":{"rendered":"Links"},"content":{"rendered":"<h2><img loading=\"lazy\" decoding=\"async\" class=\"alignnone size-medium wp-image-2428\" src=\"https:\/\/www.48hopenhousebarcelona.org\/wp-content\/uploads\/2019\/09\/MICROVICENS-039-300x200.jpg\" alt=\"\" width=\"300\" height=\"200\" \/> <img loading=\"lazy\" decoding=\"async\" class=\"alignnone size-medium wp-image-2438\" src=\"https:\/\/www.48hopenhousebarcelona.org\/wp-content\/uploads\/2019\/09\/OHB2018-229_IJ_1624-300x200.jpg\" alt=\"\" width=\"300\" height=\"200\" \/><\/h2>\n<p>&nbsp;<\/p>\n<h2><strong>EDICI\u00d3N 2016:<\/strong><\/h2>\n<p><a href=\"http:\/\/www.lavanguardia.com\/local\/barcelona\/20161023\/411247667667\/edificios-mas-visitados-open-house-barcelona-2016.html\">[LA VANGUARDIA] LOS EDIFICIOS M\u00c1S VISITADOS DEL 48H OPEN HOUSE 2016<\/a><\/p>\n<p><a href=\"http:\/\/www.lavanguardia.com\/edicion-impresa\/20161024\/411252311624\/mes-de-60000-persones-visiten-els-211-edificis-de-lopen-house.html\">[LA VANGUARDIA] M\u00c9S DE 60.000 PERSONES VISITEN ELS 211 EDIFICIS DE L&#8217;OPEN HOUSE<\/a><\/p>\n<p><a href=\"http:\/\/www.ccma.cat\/324\/viure-larquitectura-de-la-ciutatamb-el-48-h-open-house-bcn\/noticia\/2755090\/\">[TV3] VIURE L&#8217;ARQUITECTURA DE LA CIUTAT AMB EL 48 H OPEN HOUSE BCN<\/a><\/p>\n<p><a href=\"http:\/\/www.lavanguardia.com\/vida\/20161023\/411228386612\/portada-de-la-vanguardia-del-domingo-23-de-octubre-de-2016.html\">[LA VANGUARDIA] PORTADA DIUMENGE 23 D&#8217;OCTUBRE DE 2016<\/a><\/p>\n<p><a href=\"http:\/\/www.btv.cat\/btvnoticies\/2016\/10\/22\/ohb16-festival-arquitectura-edificis-monuments-oberts\/\">[BTV] 48H OPEN HOUSE: 29.000 VISITANTS EL PRIMER DIA<\/a><\/p>\n<p><a href=\"http:\/\/www.elperiodico.cat\/ca\/noticias\/barcelona\/mansions-diagonal-festival-arquitectura-open-house-5582568\">[EL PERI\u00d3DICO] LES MANSIONS DE LA DIAGONAL ACAPAREN LES CUES DEL 48H OPEN HOUSE<\/a><\/p>\n<p><a href=\"http:\/\/www.lavanguardia.com\/local\/barcelones-nord\/20161022\/411228461178\/open-house-barcelona-visita-fabrica-anis-del-mono-badalona.html\">[LA VANGUARDIA] LA F\u00c1BRICA AN\u00cdS DEL MONO TRIUNFA EN EL 48H OPEN HOUSE<\/a><\/p>\n<p><a href=\"http:\/\/www.elperiodico.cat\/ca\/noticias\/barcelona\/vistes-insolites-port-barcelona-5580126#\">[EL PERI\u00d3DICO] VISITES INS\u00d2LITES DEL PORT<\/a><\/p>\n<p><a href=\"http:\/\/www.8tv.cat\/8aldia\/8aldia-cat\/descobrim-la-torre-bellesguard\/\">[8TV] DESCOBRIM LA TORRE BELLESGUARD<\/a><\/p>\n<p><a href=\"http:\/\/www.elperiodico.com\/es\/noticias\/barcelona\/visita-quirofano-del-vall-dhebron-sin-anestesia-5581354\">[EL PERI\u00d3DICO] AL QUIR\u00d3FANO SIN ANESTESIA<\/a><\/p>\n<p><a href=\"http:\/\/www.ara.cat\/opinio\/Tornem-parlar-darquitectura_0_1677432322.html\">[DIARI ARA] TORNEM A PARLAR D&#8217;ARQUITECTURA (CATALINA SERRA)<\/a><\/p>\n<p><a href=\"http:\/\/www.timeout.cat\/barcelona\/ca\/que-fer\/48-h-open-house-2016-11-edificis-que-has-de-veure\">[TIMEOUT] 48H OPEN HOUSE 2016: 11 EDIFICIS QUE HAS DE VEURE<\/a><\/p>\n<p><a href=\"http:\/\/www.ccma.cat\/catradio\/alacarta\/informatiuscatalunya-radio\/de-pedra-picada-48h-open-house-bcnun-cap-de-setmana-200-espais-per-visitar\/audio\/936865\/\">[INFORMATIUS CATALUNYA R\u00c0DIO] 48H OPEN HOUSE BCN, UN CAP DE SETMANA, 200 ESPAIS PER VISITAR<\/a><\/p>\n<p><a href=\"http:\/\/www.ara.cat\/cultura\/Hores-Open-House-laccent-vessant_0_1673232814.html\">[DIARI ARA] INSTRUCCIONS PER VISITAR ELS EDIFICIS DEL 48H OPEN HOUSE<\/a><\/p>\n<p><a href=\"http:\/\/www.elperiodico.cat\/ca\/noticias\/onbarcelona\/visitar\/badalona-arquitectura-48h-open-house-barcelona-5573638\">[ONBARCELONA &#8211; EL PERI\u00d3DICO] QUE BONICA QUE \u00c9S BADALONA PER TERRA, MAR I AIRE!<\/a><\/p>\n<p><a href=\"http:\/\/www.elpuntavui.cat\/territori\/article\/6-urbanisme\/1014239-badalona-llueix-patrimoni-a-l-open-house-bcn.html\">[EL PUNT AVUI] BADALONA LLUEIX PATRIMONI A L&#8217;OPEN HOUSE BCN<\/a><\/p>\n<p><a href=\"http:\/\/www.elperiodico.cat\/ca\/noticias\/barcelona\/open-house-revifa-riquesa-arquitectonica-les-corts-5497580\">[EL PERI\u00d3DICO] EL FESTIVAL OPEN HOUSE REIVINDICA LA MODERNITAT ARQUITECT\u00d2NICA DE LES CORTS<\/a><\/p>\n<p><a href=\"http:\/\/www.vilaweb.cat\/noticies\/tmb-participa-a-lopen-house-amb-cinc-visites-guiades-en-el-metro-aquest-cap-de-setmana\/\">[VILAWEB] TMB PARTICIPA A L\u2019OPEN HOUSE AMB CINC VISITES GUIADES EN EL METRO AQUEST CAP DE SETMANA<\/a><\/p>\n<p>&nbsp;<\/p>\n<p>&nbsp;<\/p>\n<h2><strong>ALTRES EDICIONS:<\/strong><\/h2>\n<p><a href=\"http:\/\/youtu.be\/KBKpZ1-LZ5g\">UNA MIRADA INTERACTIVA A LA ARQUITECTURA DE LA CIUTAT<\/a><\/p>\n<p><a href=\"http:\/\/www.ccma.cat\/tv3\/alacarta\/programa\/Open-House\/video\/5305874\/\">TV3: TELENOT\u00cdCIES<\/a><\/p>\n<p><a href=\"http:\/\/www.antena3.com\/noticias\/sociedad\/barcelona-abre-puertas-170-edificios-edicion-open-house_2014102600071.html\">ANTENA 3: BARCELONA ABRE LAS PUERTAS DE 170 EDIFICIOS EN LA V EDICI\u00d3N DEL OPEN HOUSE<\/a><\/p>\n<p><a href=\"http:\/\/www.interioresminimalistas.com\/2014\/10\/22\/48h-open-house-barcelona-2014\/\">INTERIORES MINIMALISTAS<\/a><\/p>\n<p><a href=\"http:\/\/elviajero.elpais.com\/elviajero\/2014\/10\/16\/actualidad\/1413467458_405606.html\">El VIAJERO EL PAIS<\/a><\/p>\n<p><a href=\"http:\/\/www.aldia.cat\/gent\/noticia-festival-darquitectura-48h-open-house-barcelona-obrira-portes-160-edificis-20141025100544.html\">EUROPA PRESS<\/a><\/p>\n<p><a href=\"http:\/\/www.btv.cat\/btvnoticies\/2014\/10\/26\/barcelona-de-portes-obertes\/\">BTV: BARCELONA, DE PORTES OBERTES DURANT 48 HORES<\/a><\/p>\n<p><a href=\"http:\/\/www.ccma.cat\/tv3\/alacarta\/programa\/48h-Open-House-BCN-Festival-darquitectura-de-Barcelona\/video\/5272140\/\">L\u2019AGENDA DEL 33 RECOMANA<\/a><\/p>\n<p><a href=\"http:\/\/www.elpuntavui.cat\/noticia\/article\/2-societat\/5-societat\/789659.html?piwik_campaign=rss&amp;piwik_kwd=index&amp;utm_source=rss&amp;utm_medium=index&amp;utm_campaign=rss\">EL PUNT AVUI: OBERTS DE BAT A BAT<\/a><\/p>\n<p><a href=\"http:\/\/www.timeout.es\/barcelona\/es\/que-hacer\/48-h-open-house-2014\">TIME OUT<\/a><\/p>\n<p><a href=\"http:\/\/www.lavanguardia.com\/mon-barcelona\/20131016\/54392039785\/48h-open-house-barcelona.html\">LA VANGUARDIA ON LINE<\/a><\/p>\n<p><a href=\"http:\/\/www.ara.cat\/cultura\/edificis-obriran-Barcelona-Open-House_0_1011499044.html\">ARA\u00a0&#8211; 48H OPEN HOUSE BCN<\/a><\/p>\n<p><a href=\"http:\/\/ccaa.elpais.com\/ccaa\/2013\/10\/16\/quadern\/1381953927_082808.html\">EL PA\u00cdS: LA FESTA DE L\u2019ARQUITECTURA<\/a><\/p>\n<p><a href=\"http:\/\/www.elpuntavui.cat\/noticia\/article\/2-societat\/5-societat\/687057.html?piwik_campaign=rss&amp;piwik_kwd=index&amp;utm_source=rss&amp;utm_medium=index&amp;utm_campaign=rss\">EL PUNT AVUI<\/a><\/p>\n<p><a href=\"http:\/\/www.lavanguardia.com\/20131007\/54388527943\/primers-premis-de-turisme-responsable.html\">LA VANGUARDIA.PRIMERS PREMIS DE TURISME RESPONSABLE<\/a><\/p>\n<p><a href=\"http:\/\/rtd7.org\/awards\">CATALAN RESPONSIBLE TOURISM AWARDS<\/a><\/p>\n<p><a href=\"http:\/\/www.ara.cat\/cultura\/Recerca-Biomedica-Barcelona-Premi-OpenFoto_0_883711764.html\">ARA.CAT: UNA FOTOGRAFIA DEL PARC DE RECERCA BIOM\u00c8DICA DE BARCELONA, PREMI OPENFOTO 2012<\/a><\/p>\n<p><a href=\"http:\/\/www.javiermaculet.com\/?p=763\">V\u00cdDEO IMATGES #OPENGRAM #PORTESOBERTES<\/a><\/p>\n<p><a href=\"http:\/\/www.ara.cat\/barcelona\/Exposicio-fotografies-sobre-portes-Barcelona_0_878312337.html\">ARA.CAT: EXPOSICI\u00d3 PORTES DE BARCELONA<\/a><\/p>\n<p><a href=\"http:\/\/www.bcn.cat\/player\/noticies\/welcome.html?urlVideo=http:\/\/w1.bcn.cat\/videos\/portesbcn.flv&amp;ancho=640&amp;alto=385&amp;menuItems=00000&amp;usePlayOverlay=false&amp;autoPlay=true&amp;idioma=ca\">BCN.CAT: V\u00cdDEO INAUGURACI\u00d3 EXPOSICI\u00d3 PORTES DE BARCELONA<\/a><\/p>\n<p><a href=\"http:\/\/infi90.wordpress.com\/\">BLOG DE JAVIER MACULET<\/a><\/p>\n<div><\/div>\n","protected":false},"excerpt":{"rendered":"<p>&nbsp; EDICI\u00d3N 2016: [LA VANGUARDIA] LOS EDIFICIOS M\u00c1S VISITADOS DEL 48H OPEN HOUSE 2016 [LA VANGUARDIA] M\u00c9S DE 60.000 PERSONES VISITEN ELS 211 EDIFICIS DE L&#8217;OPEN HOUSE [TV3] VIURE L&#8217;ARQUITECTURA DE LA CIUTAT AMB EL 48 H OPEN HOUSE BCN [LA VANGUARDIA] PORTADA DIUMENGE 23 D&#8217;OCTUBRE DE 2016 [BTV] 48H OPEN HOUSE: 29.000 VISITANTS EL [&hellip;]<\/p>\n","protected":false},"author":2,"featured_media":0,"parent":0,"menu_order":0,"comment_status":"closed","ping_status":"closed","template":"","meta":{"_acf_changed":false,"footnotes":""},"class_list":["post-2028","page","type-page","status-publish","hentry"],"acf":[],"_links":{"self":[{"href":"https:\/\/www.48hopenhousebarcelona.org\/ca\/wp-json\/wp\/v2\/pages\/2028","targetHints":{"allow":["GET"]}}],"collection":[{"href":"https:\/\/www.48hopenhousebarcelona.org\/ca\/wp-json\/wp\/v2\/pages"}],"about":[{"href":"https:\/\/www.48hopenhousebarcelona.org\/ca\/wp-json\/wp\/v2\/types\/page"}],"author":[{"embeddable":true,"href":"https:\/\/www.48hopenhousebarcelona.org\/ca\/wp-json\/wp\/v2\/users\/2"}],"replies":[{"embeddable":true,"href":"https:\/\/www.48hopenhousebarcelona.org\/ca\/wp-json\/wp\/v2\/comments?post=2028"}],"version-history":[{"count":4,"href":"https:\/\/www.48hopenhousebarcelona.org\/ca\/wp-json\/wp\/v2\/pages\/2028\/revisions"}],"predecessor-version":[{"id":2443,"href":"https:\/\/www.48hopenhousebarcelona.org\/ca\/wp-json\/wp\/v2\/pages\/2028\/revisions\/2443"}],"wp:attachment":[{"href":"https:\/\/www.48hopenhousebarcelona.org\/ca\/wp-json\/wp\/v2\/media?parent=2028"}],"curies":[{"name":"wp","href":"https:\/\/api.w.org\/{rel}","templated":true}]}}