{"id":2032,"date":"2019-09-10T13:16:38","date_gmt":"2019-09-10T13:16:38","guid":{"rendered":"https:\/\/www.48hopenhousebarcelona.org\/?page_id=2032"},"modified":"2025-08-04T11:48:38","modified_gmt":"2025-08-04T11:48:38","slug":"politica-cookies","status":"publish","type":"page","link":"https:\/\/www.48hopenhousebarcelona.org\/ca\/politica-cookies\/","title":{"rendered":"POL\u00cdTICA DE COOKIES"},"content":{"rendered":"<p>AV\u00cdS LEGAL TMC POL\u00cdTICA DE COOKIES<\/p>\n<h3>Qu\u00e8 s\u00f3n les cookies i per qu\u00e8 les fem servir al lloc web?<\/h3>\n<p>Una cookie \u00e9s un fitxer que es descarrega al dispositiu per l&#8217;usuari per accedir a un lloc web determinat, per emmagatzemar i recuperar informaci\u00f3 de la navegaci\u00f3 que es fa a l&#8217;ordinador.<br \/>\nLes cookies permeten al lloc web, entre altres coses, emmagatzemar i recuperar informaci\u00f3 de les opcions i els h\u00e0bits de l&#8217;usuari. Al lloc web, les cookies que hi ha s\u00f3n necess\u00e0ries per al seu funcionament.<\/p>\n<p>\u00c9s important tenir en compte que l&#8217;\u00fas de cookies no proporciona dades personals de l&#8217;usuari.<\/p>\n<h3>Quin tipus de cookies fa servir la web?<\/h3>\n<p>Les cookies, en funci\u00f3 del temps que estan activades, es poden dividir en cookies de sessi\u00f3 o persistents.<br \/>\n&#8211; <strong>Cookies de sessi\u00f3<\/strong>: Les cookies de sessi\u00f3 s\u00f3n les que duren el temps que l&#8217;usuari est\u00e0 navegant per la p\u00e0gina web i s&#8217;esborren quan acaba.<br \/>\n&#8211; <strong>Cookies persistents<\/strong>: Aquestes cookies queden emmagatzemades al terminal de l&#8217;usuari durant un temps m\u00e9s llarg, facilitant el control de les prefer\u00e8ncies escollides sense haver de repetir certs par\u00e0metres cada vegada que es visiti el lloc web.<\/p>\n<p>En aquest lloc web fem servir tant cookies de sessi\u00f3 com persistents.<\/p>\n<p>A m\u00e9s, segons l&#8217;empresa que gestiona les cookies, es poden classificar en pr\u00f2pies o de tercers. En aquest lloc web fem servir tant cookies pr\u00f2pies com de tercers.<\/p>\n<p>Les cookies pr\u00f2pies s\u00f3n les que s&#8217;envien a l&#8217;equip terminal de l&#8217;usuari des d&#8217;un equip o un domini gestionat pe l&#8217;editor mateix i des del qual es presta el servei sol\u00b7licitat per l&#8217;usuari. Les cookies de tercers s\u00f3n les que s&#8217;envien a l&#8217;equip terminal de l&#8217;usuari des d&#8217;un equip o un domini que no gestiona l&#8217;editor, sin\u00f3 una altra entitat, que tracta les dades obtingudes mitjan\u00e7ant les cookies.<\/p>\n<p>En termes de prop\u00f2sit, el tipus de cookies que es fan servir al lloc web s\u00f3n les d&#8217;an\u00e0lisi, que s\u00f3n les que permeten al responsable fer el seguiment i l&#8217;an\u00e0lisi del comportament dels usuaris dels llocs web als quals estan vinculades. La informaci\u00f3 que es recull per mitj\u00e0 d&#8217;aquest tipus de cookies es fa servir per mesurar l&#8217;activitat dels llocs web, l&#8217;aplicaci\u00f3 o la plataforma i per elaborar perfils de navegaci\u00f3 dels usuaris d&#8217;aquests llocs, aplicacions i plataformes, per tal d&#8217;introduir millores en funci\u00f3 de l&#8217;an\u00e0lisi de les dades d&#8217;\u00fas que fan els usuaris del servei.<\/p>\n<p>Fam servir cookies de tercers per compilar estad\u00edstiques de visitants, com quantes persones han visitat el nostre lloc web, quin tipus de tecnologia estan fent servir o com, quant de temps passen al lloc, quina p\u00e0gina miren, etc. Aix\u00f2 ens ajuda a continuar millorant el lloc web i proporcionar una experi\u00e8ncia m\u00e9s bona a l&#8217;usuari.<\/p>\n","protected":false},"excerpt":{"rendered":"<p>AV\u00cdS LEGAL TMC POL\u00cdTICA DE COOKIES Qu\u00e8 s\u00f3n les cookies i per qu\u00e8 les fem servir al lloc web? Una cookie \u00e9s un fitxer que es descarrega al dispositiu per l&#8217;usuari per accedir a un lloc web determinat, per emmagatzemar i recuperar informaci\u00f3 de la navegaci\u00f3 que es fa a l&#8217;ordinador. Les cookies permeten al [&hellip;]<\/p>\n","protected":false},"author":2,"featured_media":53220,"parent":0,"menu_order":0,"comment_status":"closed","ping_status":"closed","template":"template-novapagina.php","meta":{"_acf_changed":false,"footnotes":""},"class_list":["post-2032","page","type-page","status-publish","has-post-thumbnail","hentry"],"acf":[],"_links":{"self":[{"href":"https:\/\/www.48hopenhousebarcelona.org\/ca\/wp-json\/wp\/v2\/pages\/2032","targetHints":{"allow":["GET"]}}],"collection":[{"href":"https:\/\/www.48hopenhousebarcelona.org\/ca\/wp-json\/wp\/v2\/pages"}],"about":[{"href":"https:\/\/www.48hopenhousebarcelona.org\/ca\/wp-json\/wp\/v2\/types\/page"}],"author":[{"embeddable":true,"href":"https:\/\/www.48hopenhousebarcelona.org\/ca\/wp-json\/wp\/v2\/users\/2"}],"replies":[{"embeddable":true,"href":"https:\/\/www.48hopenhousebarcelona.org\/ca\/wp-json\/wp\/v2\/comments?post=2032"}],"version-history":[{"count":6,"href":"https:\/\/www.48hopenhousebarcelona.org\/ca\/wp-json\/wp\/v2\/pages\/2032\/revisions"}],"predecessor-version":[{"id":54461,"href":"https:\/\/www.48hopenhousebarcelona.org\/ca\/wp-json\/wp\/v2\/pages\/2032\/revisions\/54461"}],"wp:featuredmedia":[{"embeddable":true,"href":"https:\/\/www.48hopenhousebarcelona.org\/ca\/wp-json\/wp\/v2\/media\/53220"}],"wp:attachment":[{"href":"https:\/\/www.48hopenhousebarcelona.org\/ca\/wp-json\/wp\/v2\/media?parent=2032"}],"curies":[{"name":"wp","href":"https:\/\/api.w.org\/{rel}","templated":true}]}}