{"id":2034,"date":"2019-09-10T13:16:54","date_gmt":"2019-09-10T13:16:54","guid":{"rendered":"https:\/\/www.48hopenhousebarcelona.org\/?page_id=2034"},"modified":"2025-08-01T08:56:45","modified_gmt":"2025-08-01T08:56:45","slug":"politica-privacitat","status":"publish","type":"page","link":"https:\/\/www.48hopenhousebarcelona.org\/ca\/politica-privacitat\/","title":{"rendered":"Pol\u00edtica de Privacitat i Protecci\u00f3 de dades"},"content":{"rendered":"<p>POL\u00cdTICA DE PRIVACITAT I PROTECCI\u00d3 DE DADES<br \/>\nL&#8217;ASSOCIACI\u00d3 CULTURAL 48 OPEN HOUSE l&#8217;informa que compleix tots els requisits establerts per la normativa de protecci\u00f3 de dades i totes les mesures t\u00e8cniques i organitzatives necess\u00e0ries per garantir la seguretat de les dades de car\u00e0cter personal.<\/p>\n<p>Quines mesures de seguretat t\u00e9 implantada l&#8217;empresa?<\/p>\n<p>L&#8217;ASSOCIACI\u00d3 CULTURAL 48 OPEN HOUSE informa que el tractament que porta a terme de dades personals es fa en tot moment d&#8217;acord amb la normativa aplicable en mat\u00e8ria de protecci\u00f3 de dades i dels serveis de la societat de la informaci\u00f3.<\/p>\n<p>L&#8217;ASSOCIACI\u00d3 CULTURAL 48 OPEN HOUSE t\u00e9 implantades les mesures de seguretat d&#8217;\u00edndole t\u00e8cnica i organitzatives necess\u00e0ries que garanteixin la seguretat de les dades de car\u00e0cter personal de l&#8217;usuari i n&#8217;evitin l&#8217;alteraci\u00f3, la p\u00e8rdua, el tractament i\/o l&#8217;acc\u00e9s no autoritzat d&#8217;acord amb l&#8217;estat de la tecnologia, la naturalesa de les dades emmagatzemades i els riscos a qu\u00e8 estan exposats, tant si provenen de l&#8217;acci\u00f3 humana com del medi f\u00edsic o natural, d&#8217;acord amb el que preveu la normativa vigent.<\/p>\n<h3>ELEMENTS QUE INCLOU<\/h3>\n<div id=\"accordions-48807\" class=\"accordions-48807 accordions\" data-accordions={&quot;lazyLoad&quot;:true,&quot;id&quot;:&quot;48807&quot;,&quot;event&quot;:&quot;click&quot;,&quot;collapsible&quot;:&quot;true&quot;,&quot;heightStyle&quot;:&quot;content&quot;,&quot;animateStyle&quot;:&quot;swing&quot;,&quot;animateDelay&quot;:1000,&quot;navigation&quot;:true,&quot;active&quot;:999,&quot;expandedOther&quot;:&quot;no&quot;}>\r\n                <div id=\"accordions-lazy-48807\" class=\"accordions-lazy\" accordionsId=\"48807\">\r\n                    <\/div>\r\n\r\n    <div class=\"items\"  style=\"display:none\" >\r\n    \r\n            <div post_id=\"48807\" itemcount=\"0\"  header_id=\"header-1717754851583\" id=\"header-1717754851583\" style=\"\" class=\"accordions-head head1717754851583 border-none\" toggle-text=\"\" main-text=\"LLOC WEB, FORMULARIS I CONCURSOS\">\r\n                                    <span id=\"accordion-icons-1717754851583\" class=\"accordion-icons\">\r\n                        <span class=\"accordion-icon-active accordion-plus\"><i class=\"fas fa-chevron-up\"><\/i><\/span>\r\n                        <span class=\"accordion-icon-inactive accordion-minus\"><i class=\"fas fa-chevron-right\"><\/i><\/span>\r\n                    <\/span>\r\n                    <span id=\"header-text-1717754851583\" class=\"accordions-head-title\">LLOC WEB, FORMULARIS I CONCURSOS<\/span>\r\n                            <\/div>\r\n            <div class=\"accordion-content content1717754851583 \">\r\n                <p>Per mitj\u00e0 d'aquesta pol\u00edtica de privacitat, l'ASSOCIACI\u00d3 CULTURAL 48 OPEN HOUSE vol informar totes les persones que naveguin i accedeixin al lloc web <a href=\"https:\/\/www.48hopenhousebarcelona.org\/\">https:\/\/www.48hopenhousebarcelona.org\/<\/a> dels tractaments de dades personals realitzats.<\/p>\n<p>L'acc\u00e9s al lloc web no requereix un registre previ. En tot cas, l'usuari, amb la navegaci\u00f3, accepta totalment aquesta pol\u00edtica de privacitat i pol\u00edtica de cookies.<\/p>\n<p>FORMULARIS I CONCURSOS<\/p>\n<p>Abans d'enviar qualsevol sol\u00b7licitud d'informaci\u00f3 per mitj\u00e0 del formulari de registre al newsletter d'aquesta p\u00e0gina web, l'usuari ha d'acceptar la pol\u00edtica de privacitat, per tal de prestar el consentiment expr\u00e9s i informat per al tractament de les dades amb les finalitats indicades.<\/p>\n<p>D'acord amb el Reglament (UE) 2016\/679, de 27 d'abril del 2016, relatiu a la protecci\u00f3 de les persones f\u00edsiques pel que fa al tractament de dades personals i a la lliure circulaci\u00f3 d'aquestes dades i, de manera subsidi\u00e0ria, en all\u00f2 no regulat, el Reial decret 1720\/2007, de 21 de desembre, pel qual s'aprova el Reglament de desenvolupament de la llei org\u00e0nica 15\/1999, de 13 de desembre, de protecci\u00f3 de dades de car\u00e0cter personal de l'ASSOCIACI\u00d3 CULTURAL 48 OPEN HOUSE, l'informa:<\/p>\n<p><strong>Informaci\u00f3 b\u00e0sica de protecci\u00f3 de dades<\/strong><\/p>\n<p><strong>Responsable<\/strong><br \/>\nASSOCIACI\u00d3 CULTURAL 48 OPEN HOUSE<br \/>\nG65391815<br \/>\nRambla de Catalunya, 87, 1D - 08080 Barcelona<br \/>\nE-mail: <a href=\"mailto:consultes@48hopenhousebarcelona.org\">consultes@48hopenhousebarcelona.org<\/a><\/p>\n<p>L'organitzaci\u00f3 es reserva el dret de cancel\u00b7laci\u00f3 o modificaci\u00f3 de les bases en qualsevol moment.<\/p>\n<p><strong>Finalitat<\/strong><br \/>\nL'ASSOCIACI\u00d3 CULTURAL 48 OPEN HOUSE tractar\u00e0 les dades dels usuaris d'acord amb les finalitats seg\u00fcents:<br \/>\n- Gestionar les seves dades, a les quals s'accedeix de resultes de la seva navegaci\u00f3 i\/o consulta.<br \/>\n- Gestionar els donatius de qui vulgui tenir la identificaci\u00f3 d'Amic del Festival.<br \/>\n- Gestionar les inscripcions per assistir als itineraris i per entrar a determinats edificis.<br \/>\n- Tramitar l'alta com a col\u00b7laborador i\/o patrocinador de l'entitat.<br \/>\n- Tramitar la sol\u00b7licitud per formar part del col\u00b7lectiu de voluntariat de festival.<br \/>\n- Gestionar els concursos.<br \/>\n- Gestionar les aportacions econ\u00f2miques que es fan per col\u00b7laborar amb el festival.<br \/>\n- Gestionar les reserves de compra fetes on line.<br \/>\n- Enviar-li comunicacions comercials i publicit\u00e0ries referents a activitats i projectes relacionats amb l'associaci\u00f3, nom\u00e9s en cas que ho accepti.<\/p>\n<p><strong>Legitimaci\u00f3<\/strong><br \/>\nEl tractament d'aquestes dades est\u00e0 legitimat pel consentiment de la persona interessada.<\/p>\n<p><strong>Destinataris<\/strong><br \/>\nLes dades no se cediran, excepte obligaci\u00f3 legal.<\/p>\n<p><strong>Drets<\/strong><br \/>\nEn qualsevol moment l'usuari podr\u00e0 exercir de manera gratu\u00efta els seus drets d'acc\u00e9s, rectificaci\u00f3, oposici\u00f3 i supressi\u00f3 les dades, aix\u00ed com tamb\u00e9 els altres drets que estan regulats al Reglament (UE) 679\/2016, \u00e9s a dir, el dret a la portabilitat i a la limitaci\u00f3 del tractament, mitjan\u00e7ant un escrit acompanyat d'una c\u00f2pia del DNI o d'un document v\u00e0lid que l'identifiqui, a l'ASSOCIACI\u00d3 CULTURAL 48 OPEN HOUSE, rambla de Catalunya, 87, 1D - 08080 Barcelona (ref. Protecci\u00f3 de dades), o a l'adre\u00e7a de correu electr\u00f2nic seg\u00fcent: <a href=\"mailto:consultes@48hopenhousebarcelona.org\">consultes@48hopenhousebarcelona.org<\/a><\/p>\n<p>L'ASSOCIACI\u00d3 CULTURAL 48 OPEN HOUSE informa l'usuari que, si ho creu oport\u00fa, t\u00e9 dret a presentar una reclamaci\u00f3 davant de l'autoritat de control corresponent.<\/p>\n<p>\u00c9s obligatori proporcionar tota la informaci\u00f3 sol\u00b7licitada a l'apartat de contacte?<br \/>\nPel que fa als formularis del lloc web, l'usuari ha d'emplenar els que estan marcats com a requerit. El fet de no completar les dades personals requerides o fer-ho de manera parcial pot suposar que l'ASSOCIACI\u00d3 CULTURAL 48 OPEN HOUSE no pugui atendre les seves sol\u00b7licituds i, en conseq\u00fc\u00e8ncia, l'ASSOCIACI\u00d3 CULTURAL 48 OPEN HOUSE quedar\u00e0 exonerada de tota responsabilitat per la no prestaci\u00f3 o la prestaci\u00f3 incompleta dels serveis sol\u00b7licitats.<\/p>\n<p>Les dades personals que l'usuari facilita a l'ASSOCIACI\u00d3 CULTURAL 48 OPEN HOUSE han de ser actuals, perqu\u00e8 la informaci\u00f3 dels registres estigui actualitza i no contingui errors. L'usuari ha de respondre de la veracitat de les dades facilitades.<\/p>\n<p><strong>Termini de conservaci\u00f3<\/strong><br \/>\nSi l'usuari nom\u00e9s fa una consulta, les seves dades no es faran servir per cap altre motiu que no sigui gestionar la resposta.<\/p>\n<p>Les dades es conservaran el temps que calgui per complir les finalitats per les quals s'han recollit.<\/p>\n<p>D'altra banda, l'empresa deixar\u00e0 de tractar les seves dades com a usuari de les xarxes socials en el moment en qu\u00e8 deixi de seguir el compte.<\/p>\n            <\/div>\r\n    \r\n            <div post_id=\"48807\" itemcount=\"1\"  header_id=\"header-1717754982641\" id=\"header-1717754982641\" style=\"\" class=\"accordions-head head1717754982641 border-none\" toggle-text=\"\" main-text=\"VOLUNTARIS\">\r\n                                    <span id=\"accordion-icons-1717754982641\" class=\"accordion-icons\">\r\n                        <span class=\"accordion-icon-active accordion-plus\"><i class=\"fas fa-chevron-up\"><\/i><\/span>\r\n                        <span class=\"accordion-icon-inactive accordion-minus\"><i class=\"fas fa-chevron-right\"><\/i><\/span>\r\n                    <\/span>\r\n                    <span id=\"header-text-1717754982641\" class=\"accordions-head-title\">VOLUNTARIS<\/span>\r\n                            <\/div>\r\n            <div class=\"accordion-content content1717754982641 \">\r\n                <p>Informaci\u00f3 b\u00e0sica de protecci\u00f3 de dades.<\/p>\n<p>Responsable: ASSOCIACI\u00d3 CULTURAL 48 OPEN HOUSE<br \/>\nNIF G65391815<br \/>\nRambla de Catalunya, 87, 1D - 08080 Barcelona<br \/>\nE-mail: consultes@48hopenhousebarcelona.org<\/p>\n<p>Finalitat<br \/>\nTractar les dades del voluntari amb la finalitat de:<br \/>\n- Entrar a formar part del voluntariat<br \/>\n- Gestionar la relaci\u00f3 del voluntariat<br \/>\n- Enviar informaci\u00f3 referent a activitats i projectes relacionats amb l'associaci\u00f3, nom\u00e9s en cas que s'accepti<br \/>\n- Legitimar el consentiment de la persona interessada<\/p>\n<p>Destinataris<br \/>\nLes dades dels voluntaris se cediran a les universitats amb les quals es tingui un conveni.<\/p>\n<p>Drets<br \/>\nAccedir, rectificar, suprimir i oposar-se al tractament, aix\u00ed com la resta dels drets que estan regulats al Reglament (UE) 679\/2016, es poden exercir al domicili seg\u00fcent: Rambla de Catalunya, 87, 1D - 08080 Barcelona, o mitjan\u00e7ant el correu electr\u00f2nic consultes@48hopenhousebarcelona.org<\/p>\n<p>De la mateixa manera, l'ASSOCIACI\u00d3 CULTURAL 48 OPEN HOUSE l'informa que t\u00e9 dret a presentar una reclamaci\u00f3 davant de l'Ag\u00e8ncia Espanyola de Protecci\u00f3 de Dades en cas d'incompliment per part de l'associaci\u00f3.<\/p>\n<p>Els certificats de participaci\u00f3 per als voluntaris es lliuren cada any, i es poden sol\u00b7licitar els que corresponguin fins a un m\u00e0xim de tres edicions anteriors.<\/p>\n            <\/div>\r\n    \r\n            <div post_id=\"48807\" itemcount=\"2\"  header_id=\"header-1717755079207\" id=\"header-1717755079207\" style=\"\" class=\"accordions-head head1717755079207 border-none\" toggle-text=\"\" main-text=\"PROPIETARIS O RESPONSABLES D&#039;EDIFICIS\">\r\n                                    <span id=\"accordion-icons-1717755079207\" class=\"accordion-icons\">\r\n                        <span class=\"accordion-icon-active accordion-plus\"><i class=\"fas fa-chevron-up\"><\/i><\/span>\r\n                        <span class=\"accordion-icon-inactive accordion-minus\"><i class=\"fas fa-chevron-right\"><\/i><\/span>\r\n                    <\/span>\r\n                    <span id=\"header-text-1717755079207\" class=\"accordions-head-title\">PROPIETARIS O RESPONSABLES D'EDIFICIS<\/span>\r\n                            <\/div>\r\n            <div class=\"accordion-content content1717755079207 \">\r\n                <p><strong>Informaci\u00f3 b\u00e0sica de protecci\u00f3 de dades.<\/strong><\/p>\n<p><strong>Responsable<\/strong>: ASSOCIACI\u00d3 CULTURAL 48 OPEN HOUSE<\/p>\n<p>NIF G65391815<\/p>\n<p>C\/ Rambla Catalunya\u00a0 87, 1D - Barcelona 08080.<\/p>\n<p>Email: <a href=\"mailto:programacio@48hopenhousebarcelona.org\">programacio@48hopenhousebarcelona.org<\/a><\/p>\n<p><strong>Finalitat:<\/strong> Tractar les dades del propietari de l'immoble amb la finalitat de poder gestionar l'entrada de p\u00fablic a l'edifici i poder col\u00b7laborar amb les activitats que es fan a l'ASSOCIACI\u00d3 CULTURAL 48 OPEN HOUSE.<\/p>\n<p><strong>Legitimaci\u00f3:<\/strong> Consentiment de la persona interessada.<\/p>\n<p><strong>Destinataris:<\/strong> No se cediran les dades a tercers excepte obligaci\u00f3 legal.<\/p>\n<p><strong>Drets:<\/strong> Accedir, rectificar, suprimir i oposar-se al tractament, aix\u00ed com la resta dels drets regulats al Reglament (UE) 679\/2016, es poden exercir al domicili seg\u00fcent: Rambla de Catalunya, 87 1D - Barcelona 08080 o per mitj\u00e0 del correu electr\u00f2nic programacio@openhousebarcelona.org<\/p>\n<p>De la mateixa manera, l'ASSOCIACI\u00d3 CULTURAL 48 OPEN HOUSE l'informa que t\u00e9 dret a presentar una reclamaci\u00f3 davant de l'Ag\u00e8ncia Espanyola de Protecci\u00f3 de Dades en cas d'incompliment per part de l'associaci\u00f3.<\/p>\n<p><strong>Termini de conservaci\u00f3:<\/strong> Les dades es conservaran el temps que estableixi la normativa corresponent.<\/p>\n            <\/div>\r\n    \r\n            <div post_id=\"48807\" itemcount=\"3\"  header_id=\"header-1717755105474\" id=\"header-1717755105474\" style=\"\" class=\"accordions-head head1717755105474 border-none\" toggle-text=\"\" main-text=\"XARXES SOCIALS, WEB I PREMSA\">\r\n                                    <span id=\"accordion-icons-1717755105474\" class=\"accordion-icons\">\r\n                        <span class=\"accordion-icon-active accordion-plus\"><i class=\"fas fa-chevron-up\"><\/i><\/span>\r\n                        <span class=\"accordion-icon-inactive accordion-minus\"><i class=\"fas fa-chevron-right\"><\/i><\/span>\r\n                    <\/span>\r\n                    <span id=\"header-text-1717755105474\" class=\"accordions-head-title\">XARXES SOCIALS, WEB I PREMSA<\/span>\r\n                            <\/div>\r\n            <div class=\"accordion-content content1717755105474 \">\r\n                <p><strong>4) XARXES SOCIALS, WEB i PREMSA<\/strong><\/p>\n<p>Amb la participaci\u00f3 a les activitats de l'assocaici\u00f3, els participants renuncien a prevaler-se del dret d\u2019imatge i autoritzen l\u2019organitzaci\u00f3 i els seus patrocinadors a utilitzar i publicar lliurement les fotografies o els enregistraments fets o gravats en el marc de l\u2019esdeveniment, en qualsevol mitj\u00e0 de comunicaci\u00f3 i\/o suport publicitari i de promoci\u00f3. La cessi\u00f3 del drets d\u2019imatge \u00e9s per un termini de temps i \u00e0mbit geogr\u00e0fic il\u00b7limitats. L\u2019autoritzaci\u00f3 i<span class=\"Apple-converted-space\">\u00a0 <\/span>la cessi\u00f3 de drets d\u2019imatge tenen car\u00e0cter gratu\u00eft.<\/p>\n<p>L'ASSOCIACI\u00d3 CULTURAL 48 OPEN HOUSE disposa de perfils a les xarxes socials amb la finalitat de publicar i difondre informaci\u00f3 dels serveis prestats mitjan\u00e7ant la p\u00e0gina web, interactuar amb els usuaris i servir al canal d'atenci\u00f3 i interacci\u00f3 social.<\/p>\n<p>A continuaci\u00f3 s'indiquen les xarxes socials en qu\u00e8 l'ASSOCIACI\u00d3 CULTURAL 48 OPEN HOUSE t\u00e9 perfil obert:<\/p>\n<p>Facebook:\u00a0<a href=\"https:\/\/www.facebook.com\/48HOpenHouseBarcelona\">https:\/\/www.facebook.com\/48HOpenHouseBarcelona<\/a><br \/>\nTwitter:\u00a0<a href=\"https:\/\/twitter.com\/48hOpenHouseBcn\">https:\/\/twitter.com\/48hOpenHouseBcn<\/a><br \/>\nInstagram:\u00a0<a href=\"https:\/\/www.instagram.com\/48hopenhousebcn\/\">https:\/\/www.instagram.com\/48hopenhousebcn\/<\/a><br \/>\nVimeo:\u00a0<a href=\"https:\/\/vimeo.com\/user8803626\">https:\/\/vimeo.com\/user8803626<\/a><br \/>\nYoutube:<a href=\"https:\/\/www.youtube.com\/channel\/UCXD-orew0WRLTGIYcTSEV0Q\">\u00a0https:\/\/www.youtube.com\/channel\/UCXD-orew0WRLTGIYcTSEV0Q<\/a><\/p>\n            <\/div>\r\n    <\/div>\r\n\r\n\r\n\r\n            <\/div>\n<p>&nbsp;<\/p>\n<p>&nbsp;<\/p>\n","protected":false},"excerpt":{"rendered":"<p>POL\u00cdTICA DE PRIVACITAT I PROTECCI\u00d3 DE DADES L&#8217;ASSOCIACI\u00d3 CULTURAL 48 OPEN HOUSE l&#8217;informa que compleix tots els requisits establerts per la normativa de protecci\u00f3 de dades i totes les mesures t\u00e8cniques i organitzatives necess\u00e0ries per garantir la seguretat de les dades de car\u00e0cter personal. Quines mesures de seguretat t\u00e9 implantada l&#8217;empresa? L&#8217;ASSOCIACI\u00d3 CULTURAL 48 OPEN [&hellip;]<\/p>\n","protected":false},"author":2,"featured_media":53052,"parent":0,"menu_order":0,"comment_status":"closed","ping_status":"closed","template":"template-novapagina.php","meta":{"_acf_changed":false,"footnotes":""},"class_list":["post-2034","page","type-page","status-publish","has-post-thumbnail","hentry"],"acf":[],"_links":{"self":[{"href":"https:\/\/www.48hopenhousebarcelona.org\/ca\/wp-json\/wp\/v2\/pages\/2034","targetHints":{"allow":["GET"]}}],"collection":[{"href":"https:\/\/www.48hopenhousebarcelona.org\/ca\/wp-json\/wp\/v2\/pages"}],"about":[{"href":"https:\/\/www.48hopenhousebarcelona.org\/ca\/wp-json\/wp\/v2\/types\/page"}],"author":[{"embeddable":true,"href":"https:\/\/www.48hopenhousebarcelona.org\/ca\/wp-json\/wp\/v2\/users\/2"}],"replies":[{"embeddable":true,"href":"https:\/\/www.48hopenhousebarcelona.org\/ca\/wp-json\/wp\/v2\/comments?post=2034"}],"version-history":[{"count":15,"href":"https:\/\/www.48hopenhousebarcelona.org\/ca\/wp-json\/wp\/v2\/pages\/2034\/revisions"}],"predecessor-version":[{"id":54458,"href":"https:\/\/www.48hopenhousebarcelona.org\/ca\/wp-json\/wp\/v2\/pages\/2034\/revisions\/54458"}],"wp:featuredmedia":[{"embeddable":true,"href":"https:\/\/www.48hopenhousebarcelona.org\/ca\/wp-json\/wp\/v2\/media\/53052"}],"wp:attachment":[{"href":"https:\/\/www.48hopenhousebarcelona.org\/ca\/wp-json\/wp\/v2\/media?parent=2034"}],"curies":[{"name":"wp","href":"https:\/\/api.w.org\/{rel}","templated":true}]}}