{"id":2485,"date":"2025-09-28T11:56:32","date_gmt":"2025-09-28T11:56:32","guid":{"rendered":"https:\/\/www.48hopenhousebarcelona.org\/?page_id=2485"},"modified":"2025-10-13T04:49:45","modified_gmt":"2025-10-13T04:49:45","slug":"open-cuina-25","status":"publish","type":"page","link":"https:\/\/www.48hopenhousebarcelona.org\/ca\/open-cuina-25\/","title":{"rendered":"OPEN CUINA"},"content":{"rendered":"\r\n<p><strong>Open Kitchen es transforma!<\/strong>\u00a0Ara \u00e9s\u00a0<strong>Open Cuina<\/strong>\u00a0i inclou receptes dissenyades especialment per al festival d\u2019arquitectura.\u00a0<\/p>\r\n\r\n\r\n\r\n<p>Amb\u00a0<strong>SENT L\u2019ARQUITECTURA<\/strong>, proposem tres receptes que exploren com el menjar pot ser una porta d\u2019entrada als espais viscuts, somiats o enyorats. A trav\u00e9s del gust i la vista a l\u2019hora de cuinar i menjar, connectem amb la mem\u00f2ria i els sentits, de la mateixa manera que quan habitem els espais.<\/p>\r\n\r\n\r\n\r\n<p>Determinats gustos, textures i aromes tenen el poder d\u2019evocar llocs que ens han fet sentir lliures, protegits o inspirats. Aquestes receptes s\u00f3n m\u00e9s que plats saborosos per gaudir:\u00a0<strong>s\u00f3n experi\u00e8ncies sensorials que ens animen a escoltar els nostres cossos, recon\u00e8ixer l\u2019espai que habitem i veure l\u2019arquitectura des de dins.<\/strong><\/p>\r\n\r\n\r\n\r\n<p>OPEN CUINA aprofundeix en la relaci\u00f3 entre arquitectura i cuina, entre arquitectura i percepci\u00f3 sensorial del menjar.<\/p>\r\n\r\n\r\n\r\n<div class=\"wp-block-spacer\" style=\"height: 100px;\" aria-hidden=\"true\">\u00a0<\/div>\r\n\r\n\r\n\r\n<figure class=\"wp-block-gallery has-nested-images columns-3 is-cropped wp-block-gallery-1 is-layout-flex wp-block-gallery-is-layout-flex\">\r\n<figure class=\"wp-block-image size-large\"><img loading=\"lazy\" decoding=\"async\" width=\"750\" height=\"540\" data-id=\"57314\" class=\"wp-image-57314\" src=\"https:\/\/www.48hopenhousebarcelona.org\/wp-content\/uploads\/2025\/10\/OPEN-CUINA-2025-rec1.jpeg\" alt=\"\" srcset=\"https:\/\/www.48hopenhousebarcelona.org\/wp-content\/uploads\/2025\/10\/OPEN-CUINA-2025-rec1.jpeg 750w, https:\/\/www.48hopenhousebarcelona.org\/wp-content\/uploads\/2025\/10\/OPEN-CUINA-2025-rec1-300x216.jpeg 300w, https:\/\/www.48hopenhousebarcelona.org\/wp-content\/uploads\/2025\/10\/OPEN-CUINA-2025-rec1-400x288.jpeg 400w\" sizes=\"auto, (max-width: 750px) 100vw, 750px\" \/><\/figure>\r\n\r\n\r\n\r\n<figure class=\"wp-block-image size-large\"><img loading=\"lazy\" decoding=\"async\" width=\"750\" height=\"548\" data-id=\"57310\" class=\"wp-image-57310\" src=\"https:\/\/www.48hopenhousebarcelona.org\/wp-content\/uploads\/2025\/10\/OPEN-CUINA-2025-rec-3.jpeg\" alt=\"\" srcset=\"https:\/\/www.48hopenhousebarcelona.org\/wp-content\/uploads\/2025\/10\/OPEN-CUINA-2025-rec-3.jpeg 750w, https:\/\/www.48hopenhousebarcelona.org\/wp-content\/uploads\/2025\/10\/OPEN-CUINA-2025-rec-3-300x219.jpeg 300w, https:\/\/www.48hopenhousebarcelona.org\/wp-content\/uploads\/2025\/10\/OPEN-CUINA-2025-rec-3-400x292.jpeg 400w\" sizes=\"auto, (max-width: 750px) 100vw, 750px\" \/><\/figure>\r\n\r\n\r\n\r\n<figure class=\"wp-block-image size-large\"><img loading=\"lazy\" decoding=\"async\" width=\"750\" height=\"497\" data-id=\"57312\" class=\"wp-image-57312\" src=\"https:\/\/www.48hopenhousebarcelona.org\/wp-content\/uploads\/2025\/10\/OPEN-CUINA-2025-rec-2.jpeg\" alt=\"\" srcset=\"https:\/\/www.48hopenhousebarcelona.org\/wp-content\/uploads\/2025\/10\/OPEN-CUINA-2025-rec-2.jpeg 750w, https:\/\/www.48hopenhousebarcelona.org\/wp-content\/uploads\/2025\/10\/OPEN-CUINA-2025-rec-2-300x199.jpeg 300w, https:\/\/www.48hopenhousebarcelona.org\/wp-content\/uploads\/2025\/10\/OPEN-CUINA-2025-rec-2-400x265.jpeg 400w\" sizes=\"auto, (max-width: 750px) 100vw, 750px\" \/><\/figure>\r\n<\/figure>\r\n\r\n\r\n\r\n<div class=\"wp-block-spacer\" style=\"height: 100px;\" aria-hidden=\"true\">\u00a0<\/div>\r\n","protected":false},"excerpt":{"rendered":"<p>Open Kitchen es transforma!\u00a0Ara \u00e9s\u00a0Open Cuina\u00a0i inclou receptes dissenyades especialment per al festival d\u2019arquitectura.\u00a0 Amb\u00a0SENT L\u2019ARQUITECTURA, proposem tres receptes que exploren com el menjar pot ser una porta d\u2019entrada als espais viscuts, somiats o enyorats. A trav\u00e9s del gust i la vista a l\u2019hora de cuinar i menjar, connectem amb la mem\u00f2ria i els sentits, [&hellip;]<\/p>\n","protected":false},"author":15,"featured_media":57308,"parent":0,"menu_order":0,"comment_status":"closed","ping_status":"closed","template":"template-novapagina.php","meta":{"_acf_changed":false,"footnotes":""},"class_list":["post-2485","page","type-page","status-publish","has-post-thumbnail","hentry"],"acf":[],"_links":{"self":[{"href":"https:\/\/www.48hopenhousebarcelona.org\/ca\/wp-json\/wp\/v2\/pages\/2485","targetHints":{"allow":["GET"]}}],"collection":[{"href":"https:\/\/www.48hopenhousebarcelona.org\/ca\/wp-json\/wp\/v2\/pages"}],"about":[{"href":"https:\/\/www.48hopenhousebarcelona.org\/ca\/wp-json\/wp\/v2\/types\/page"}],"author":[{"embeddable":true,"href":"https:\/\/www.48hopenhousebarcelona.org\/ca\/wp-json\/wp\/v2\/users\/15"}],"replies":[{"embeddable":true,"href":"https:\/\/www.48hopenhousebarcelona.org\/ca\/wp-json\/wp\/v2\/comments?post=2485"}],"version-history":[{"count":20,"href":"https:\/\/www.48hopenhousebarcelona.org\/ca\/wp-json\/wp\/v2\/pages\/2485\/revisions"}],"predecessor-version":[{"id":57574,"href":"https:\/\/www.48hopenhousebarcelona.org\/ca\/wp-json\/wp\/v2\/pages\/2485\/revisions\/57574"}],"wp:featuredmedia":[{"embeddable":true,"href":"https:\/\/www.48hopenhousebarcelona.org\/ca\/wp-json\/wp\/v2\/media\/57308"}],"wp:attachment":[{"href":"https:\/\/www.48hopenhousebarcelona.org\/ca\/wp-json\/wp\/v2\/media?parent=2485"}],"curies":[{"name":"wp","href":"https:\/\/api.w.org\/{rel}","templated":true}]}}