{"id":27555,"date":"2020-10-12T17:34:13","date_gmt":"2020-10-12T17:34:13","guid":{"rendered":"https:\/\/www.48hopenhousebarcelona.org\/?page_id=27555"},"modified":"2020-11-06T08:40:39","modified_gmt":"2020-11-06T08:40:39","slug":"festival-open-house-worldwide","status":"publish","type":"page","link":"https:\/\/www.48hopenhousebarcelona.org\/ca\/festival-open-house-worldwide\/","title":{"rendered":"Festival Open House Worldwide"},"content":{"rendered":"<h2><img loading=\"lazy\" decoding=\"async\" class=\"alignnone wp-image-27564\" src=\"https:\/\/www.48hopenhousebarcelona.org\/wp-content\/uploads\/2020\/10\/wide_1600x400-300x75.jpg\" alt=\"\" width=\"724\" height=\"181\" srcset=\"https:\/\/www.48hopenhousebarcelona.org\/wp-content\/uploads\/2020\/10\/wide_1600x400-300x75.jpg 300w, https:\/\/www.48hopenhousebarcelona.org\/wp-content\/uploads\/2020\/10\/wide_1600x400-400x100.jpg 400w, https:\/\/www.48hopenhousebarcelona.org\/wp-content\/uploads\/2020\/10\/wide_1600x400-1024x256.jpg 1024w, https:\/\/www.48hopenhousebarcelona.org\/wp-content\/uploads\/2020\/10\/wide_1600x400-768x192.jpg 768w, https:\/\/www.48hopenhousebarcelona.org\/wp-content\/uploads\/2020\/10\/wide_1600x400-1536x384.jpg 1536w, https:\/\/www.48hopenhousebarcelona.org\/wp-content\/uploads\/2020\/10\/wide_1600x400-1320x330.jpg 1320w, https:\/\/www.48hopenhousebarcelona.org\/wp-content\/uploads\/2020\/10\/wide_1600x400.jpg 1600w\" sizes=\"auto, (max-width: 724px) 100vw, 724px\" \/><\/h2>\n<h2><b>El 14 i 15 de novembre, celebrarem el primer festival internacional Open House online<\/b><\/h2>\n<h3><strong>Aquesta tardor, 46 ciutats de tot el m\u00f3n organitzem el festival Open House Worldwide: 48 hores d&#8217;activitats, tours i debats online gratu\u00efts.<\/strong><\/h3>\n<p><span style=\"font-weight: 400;\">Comptarem amb arquitectes, dissenyadors, urbanistes i ciutadans de les diferents ciutats Open House, per con\u00e8ixer, debatre i avan\u00e7ar sobre els temes que ens plantegem a Barcelona i a tot el m\u00f3n, des del canvi clim\u00e0tic, el transport, les infraestructures i els habitatges, fins al disseny de la ciutat post-Covid.<\/span><\/p>\n<p><iframe loading=\"lazy\" title=\"Trailer \u2013 Open House Worldwide Festival\" width=\"640\" height=\"360\" src=\"https:\/\/www.youtube.com\/embed\/ysZRUWhWZKA?start=6&#038;feature=oembed\" frameborder=\"0\" allow=\"accelerometer; autoplay; clipboard-write; encrypted-media; gyroscope; picture-in-picture; web-share\" referrerpolicy=\"strict-origin-when-cross-origin\" allowfullscreen><\/iframe><\/p>\n<h3><b>Pensament global per a reptes mundials<\/b><\/h3>\n<p><span style=\"font-weight: 400;\">Deu anys despr\u00e9s que es fund\u00e9s la xarxa Open House Worldwide, s&#8217;ha fet molt evident que <\/span><b>els debats dels barris, les ciutats i els pa\u00efsos s\u00f3n reptes compartits a tot el m\u00f3n<\/b><span style=\"font-weight: 400;\">. Els temes per parlar travessen fronteres i zones hor\u00e0ries i arriben per plantejar, debatre, comparar i trobar respostes interconnectades que ens facin avan\u00e7ar com a societat.<\/span><\/p>\n<p><span style=\"font-weight: 400;\">La xarxa <\/span><b>Open House Worldwide crear\u00e0 una plataforma<\/b><span style=\"font-weight: 400;\"> per posar sobre la taula aquests reptes, agafant des de les perspectives de ciutat de Chicago fins al p\u00fablic d&#8217;Eslov\u00e8nia; compartint les innovadores respostes sobre la Covid de Taipei fins als pensaments urban\u00edstics de Buenos Aires, o comparant les necessitats d&#8217;habitatges p\u00fablics de Barcelona, Lagos i Ciutat de M\u00e8xic, i molt m\u00e9s.<\/span><\/p>\n<p><span style=\"font-weight: 400;\">Igual que tots els festivals Open House, Open House Worldwide tindr\u00e0 <\/span><b>acc\u00e9s gratu\u00eft <\/b><span style=\"font-weight: 400;\">i<\/span> <span style=\"font-weight: 400;\">es retransmetr\u00e0 online per la p\u00e0gina web <\/span><a href=\"https:\/\/www.openhouseworldwide.org\/\"><span style=\"font-weight: 400;\">openhouseworldwide.org\/<\/span><\/a><span style=\"font-weight: 400;\">.<\/span><\/p>\n<p><span style=\"font-weight: 400;\">Open House Worldwide \u00e9s la coordinadora de les associacions Open House de les <\/span><b>46 ciutats de tot el m\u00f3n<\/b><span style=\"font-weight: 400;\">. El concepte d&#8217;Open House va ser fundat per Victoria Thornton a Londres, el 1992. La xarxa Open House Worldwide es va fundar el 2010 i ara t\u00e9 ciutats dels cinc continents, assolint milers de ciutadans cada any. Open House Worldwide \u00e9s administrat per Open City, una associaci\u00f3 sense \u00e0nim de lucre del Regne Unit.<\/span><\/p>\n","protected":false},"excerpt":{"rendered":"<p>El 14 i 15 de novembre, celebrarem el primer festival internacional Open House online Aquesta tardor, 46 ciutats de tot el m\u00f3n organitzem el festival Open House Worldwide: 48 hores d&#8217;activitats, tours i debats online gratu\u00efts. Comptarem amb arquitectes, dissenyadors, urbanistes i ciutadans de les diferents ciutats Open House, per con\u00e8ixer, debatre i avan\u00e7ar sobre [&hellip;]<\/p>\n","protected":false},"author":2,"featured_media":0,"parent":0,"menu_order":0,"comment_status":"closed","ping_status":"closed","template":"","meta":{"_acf_changed":false,"footnotes":""},"class_list":["post-27555","page","type-page","status-publish","hentry"],"acf":[],"_links":{"self":[{"href":"https:\/\/www.48hopenhousebarcelona.org\/ca\/wp-json\/wp\/v2\/pages\/27555","targetHints":{"allow":["GET"]}}],"collection":[{"href":"https:\/\/www.48hopenhousebarcelona.org\/ca\/wp-json\/wp\/v2\/pages"}],"about":[{"href":"https:\/\/www.48hopenhousebarcelona.org\/ca\/wp-json\/wp\/v2\/types\/page"}],"author":[{"embeddable":true,"href":"https:\/\/www.48hopenhousebarcelona.org\/ca\/wp-json\/wp\/v2\/users\/2"}],"replies":[{"embeddable":true,"href":"https:\/\/www.48hopenhousebarcelona.org\/ca\/wp-json\/wp\/v2\/comments?post=27555"}],"version-history":[{"count":11,"href":"https:\/\/www.48hopenhousebarcelona.org\/ca\/wp-json\/wp\/v2\/pages\/27555\/revisions"}],"predecessor-version":[{"id":28736,"href":"https:\/\/www.48hopenhousebarcelona.org\/ca\/wp-json\/wp\/v2\/pages\/27555\/revisions\/28736"}],"wp:attachment":[{"href":"https:\/\/www.48hopenhousebarcelona.org\/ca\/wp-json\/wp\/v2\/media?parent=27555"}],"curies":[{"name":"wp","href":"https:\/\/api.w.org\/{rel}","templated":true}]}}