{"id":34250,"date":"2021-09-27T10:00:05","date_gmt":"2021-09-27T10:00:05","guid":{"rendered":"https:\/\/www.48hopenhousebarcelona.org\/?page_id=34250"},"modified":"2022-10-01T08:46:27","modified_gmt":"2022-10-01T08:46:27","slug":"hospitalet-de-llobregat","status":"publish","type":"page","link":"https:\/\/www.48hopenhousebarcelona.org\/ca\/hospitalet-de-llobregat\/","title":{"rendered":"L&#8217;Hospitalet de Llobregat"},"content":{"rendered":"\n<figure class=\"wp-block-image size-full is-resized\"><img loading=\"lazy\" decoding=\"async\" src=\"https:\/\/www.48hopenhousebarcelona.org\/wp-content\/uploads\/2022\/10\/CROMO-HOSPITALET.png\" alt=\"\" class=\"wp-image-39978\" width=\"304\" height=\"434\" srcset=\"https:\/\/www.48hopenhousebarcelona.org\/wp-content\/uploads\/2022\/10\/CROMO-HOSPITALET.png 607w, https:\/\/www.48hopenhousebarcelona.org\/wp-content\/uploads\/2022\/10\/CROMO-HOSPITALET-210x300.png 210w, https:\/\/www.48hopenhousebarcelona.org\/wp-content\/uploads\/2022\/10\/CROMO-HOSPITALET-400x572.png 400w\" sizes=\"auto, (max-width: 304px) 100vw, 304px\" \/><\/figure>\n\n\n\n<p><strong>L\u2019Hospitalet<\/strong> amaga una gran quantitat d\u2019arquitectura variada i complexa. Podem con\u00e8ixer els seus or\u00edgens, quan la vila es dedicava a la pagesia, amb diferents masies disperses i arrelades al territori que s\u2019han conservat, per tal d\u2019entendre la seva hist\u00f2ria. El modernisme i el racionalisme, amb la seva llum i color, aix\u00ed com l\u2019arquitectura industrial, tamb\u00e9 els podem trobar als seus carrers, i la figura de l\u2019arquitecte Puig i Gairalt hi ha deixat una empremta de gran valor paisatg\u00edstic. Els darrers anys, l\u2019urbanisme hi ha portat una tipologia d\u2019edificaci\u00f3 innovadora i alguns arquitectes de renom ara tenen la seva marca a la ciutat. Actualment, s\u2019ha recuperat una arquitectura col\u00b7lectiva que redefineix la ciutat comptant amb la participaci\u00f3 ciutadana. Una ciutat de contrastos amb patrimoni per descobrir.<\/p>\n\n\n\n<p>Val la pena destacar l&#8217;actualitzaci\u00f3 de la tradici\u00f3 industrial arrelada de L&#8217;Hospitalet amb la modernitzaci\u00f3 dels oficis que s&#8217;ensenyen a <strong>l&#8217;Institut Proven\u00e7ana<\/strong>. Es tracta d\u2019un centre de formaci\u00f3 professional amb un departament espec\u00edfic d\u2019Edificaci\u00f3 i Obra Civil on es poden estudiar oficis contemporanis propis de la construcci\u00f3 contempor\u00e0nia d\u2019arquitectura. Aquest any, es podr\u00e0 visitar el <strong><a href=\"https:\/\/www.48hopenhousebarcelona.org\/els-edificis\/blue-containers-project\/\">Blue Containers Project<\/a><\/strong>, una experi\u00e8ncia educativa de reciclatge de contenidors mar\u00edtims per transformar-los en habitatges i equipaments.<\/p>\n\n\n\n<p>Altres espais imprescindibles de La Lliga dels Oficis a l\u2019Hospitalet s\u00f3n <a href=\"https:\/\/www.48hopenhousebarcelona.org\/els-edificis\/edifici-planeta\/\">l\u2019Edifici Planeta<\/a>, un centre modern de formaci\u00f3 i innovaci\u00f3 i un espai cultural a la ciutat; o la f\u00e0brica de <a href=\"https:\/\/www.48hopenhousebarcelona.org\/els-edificis\/vitralls-bonet\/\">Vitralls Bonet<\/a>.<\/p>\n\n\n<a class=\"md-btn button shortcode_button uk-light\" href=\"https:\/\/www.48hopenhousebarcelona.org\/els-edificis\/?fwp_zones=lhospitalet-de-llobregat\">Programaci\u00f3 WEB<\/a>\n\n\n\n<figure class=\"wp-block-image is-resized\"><img loading=\"lazy\" decoding=\"async\" src=\"https:\/\/www.l-h.cat\/img\/ajuntament\/imatgecorporativa\/logoLHPositiuColorCen.png\" alt=\"\" width=\"300\" height=\"130\"\/><\/figure>\n","protected":false},"excerpt":{"rendered":"<p>L\u2019Hospitalet amaga una gran quantitat d\u2019arquitectura variada i complexa. Podem con\u00e8ixer els seus or\u00edgens, quan la vila es dedicava a la pagesia, amb diferents masies disperses i arrelades al territori que s\u2019han conservat, per tal d\u2019entendre la seva hist\u00f2ria. El modernisme i el racionalisme, amb la seva llum i color, aix\u00ed com l\u2019arquitectura industrial, tamb\u00e9 [&hellip;]<\/p>\n","protected":false},"author":5,"featured_media":0,"parent":0,"menu_order":0,"comment_status":"closed","ping_status":"closed","template":"","meta":{"_acf_changed":false,"footnotes":""},"class_list":["post-34250","page","type-page","status-publish","hentry"],"acf":[],"_links":{"self":[{"href":"https:\/\/www.48hopenhousebarcelona.org\/ca\/wp-json\/wp\/v2\/pages\/34250","targetHints":{"allow":["GET"]}}],"collection":[{"href":"https:\/\/www.48hopenhousebarcelona.org\/ca\/wp-json\/wp\/v2\/pages"}],"about":[{"href":"https:\/\/www.48hopenhousebarcelona.org\/ca\/wp-json\/wp\/v2\/types\/page"}],"author":[{"embeddable":true,"href":"https:\/\/www.48hopenhousebarcelona.org\/ca\/wp-json\/wp\/v2\/users\/5"}],"replies":[{"embeddable":true,"href":"https:\/\/www.48hopenhousebarcelona.org\/ca\/wp-json\/wp\/v2\/comments?post=34250"}],"version-history":[{"count":10,"href":"https:\/\/www.48hopenhousebarcelona.org\/ca\/wp-json\/wp\/v2\/pages\/34250\/revisions"}],"predecessor-version":[{"id":39981,"href":"https:\/\/www.48hopenhousebarcelona.org\/ca\/wp-json\/wp\/v2\/pages\/34250\/revisions\/39981"}],"wp:attachment":[{"href":"https:\/\/www.48hopenhousebarcelona.org\/ca\/wp-json\/wp\/v2\/media?parent=34250"}],"curies":[{"name":"wp","href":"https:\/\/api.w.org\/{rel}","templated":true}]}}