{"id":34693,"date":"2021-10-01T06:30:38","date_gmt":"2021-10-01T06:30:38","guid":{"rendered":"https:\/\/www.48hopenhousebarcelona.org\/?page_id=34693"},"modified":"2021-12-10T11:48:16","modified_gmt":"2021-12-10T11:48:16","slug":"thas-subscrit-correctament","status":"publish","type":"page","link":"https:\/\/www.48hopenhousebarcelona.org\/ca\/la-teva-subscripcio\/thas-subscrit-correctament\/","title":{"rendered":"Enhorabona! T\u2019has subscrit correctament a 48h Open House Barcelona"},"content":{"rendered":"<p>La teva subscripci\u00f3 s\u2019ha dut a terme amb \u00e9xit.<\/p>\n<p>Si vols eliminar o canviar el correu electr\u00f2nic de la teva subscripci\u00f3 fes L'enlla\u00e7 cap a la p\u00e0gina de gesti\u00f3 de la subscripci\u00f3 nom\u00e9s est\u00e0 disponible pels subscriptors..<\/p>\n<div class=\"ic_subscribed\"><\/div>\n","protected":false},"excerpt":{"rendered":"<p>La teva subscripci\u00f3 s\u2019ha dut a terme amb \u00e9xit. Si vols eliminar o canviar el correu electr\u00f2nic de la teva subscripci\u00f3 fes .<\/p>\n","protected":false},"author":3,"featured_media":0,"parent":34689,"menu_order":0,"comment_status":"closed","ping_status":"closed","template":"","meta":{"_acf_changed":false,"footnotes":""},"class_list":["post-34693","page","type-page","status-publish","hentry"],"acf":[],"_links":{"self":[{"href":"https:\/\/www.48hopenhousebarcelona.org\/ca\/wp-json\/wp\/v2\/pages\/34693","targetHints":{"allow":["GET"]}}],"collection":[{"href":"https:\/\/www.48hopenhousebarcelona.org\/ca\/wp-json\/wp\/v2\/pages"}],"about":[{"href":"https:\/\/www.48hopenhousebarcelona.org\/ca\/wp-json\/wp\/v2\/types\/page"}],"author":[{"embeddable":true,"href":"https:\/\/www.48hopenhousebarcelona.org\/ca\/wp-json\/wp\/v2\/users\/3"}],"replies":[{"embeddable":true,"href":"https:\/\/www.48hopenhousebarcelona.org\/ca\/wp-json\/wp\/v2\/comments?post=34693"}],"version-history":[{"count":3,"href":"https:\/\/www.48hopenhousebarcelona.org\/ca\/wp-json\/wp\/v2\/pages\/34693\/revisions"}],"predecessor-version":[{"id":36220,"href":"https:\/\/www.48hopenhousebarcelona.org\/ca\/wp-json\/wp\/v2\/pages\/34693\/revisions\/36220"}],"up":[{"embeddable":true,"href":"https:\/\/www.48hopenhousebarcelona.org\/ca\/wp-json\/wp\/v2\/pages\/34689"}],"wp:attachment":[{"href":"https:\/\/www.48hopenhousebarcelona.org\/ca\/wp-json\/wp\/v2\/media?parent=34693"}],"curies":[{"name":"wp","href":"https:\/\/api.w.org\/{rel}","templated":true}]}}