{"id":36223,"date":"2021-12-10T12:08:12","date_gmt":"2021-12-10T12:08:12","guid":{"rendered":"https:\/\/www.48hopenhousebarcelona.org\/?page_id=36223"},"modified":"2021-12-10T12:31:47","modified_gmt":"2021-12-10T12:31:47","slug":"ja-no-estas-subscrit","status":"publish","type":"page","link":"https:\/\/www.48hopenhousebarcelona.org\/ca\/la-teva-subscripcio\/ja-no-estas-subscrit\/","title":{"rendered":"Ja no est\u00e0s subscrit a 48h Open House Barcelona"},"content":{"rendered":"<p>La teva adre\u00e7a de correu electr\u00f2nic ja no apareix en les nostres llistes.<br \/>\nT&#8217;has donat de baixa per error?<\/p>\n<div class=\"mailpoet-button\">L'enlla\u00e7 cap a la p\u00e0gina de gesti\u00f3 de la subscripci\u00f3 nom\u00e9s est\u00e0 disponible pels subscriptors.<\/div>\n<div class=\"ic_unsubscribed\"><\/div>\n","protected":false},"excerpt":{"rendered":"<p>La teva adre\u00e7a de correu electr\u00f2nic ja no apareix en les nostres llistes. T&#8217;has donat de baixa per error?<\/p>\n","protected":false},"author":3,"featured_media":0,"parent":34689,"menu_order":0,"comment_status":"closed","ping_status":"closed","template":"","meta":{"_acf_changed":false,"footnotes":""},"class_list":["post-36223","page","type-page","status-publish","hentry"],"acf":[],"_links":{"self":[{"href":"https:\/\/www.48hopenhousebarcelona.org\/ca\/wp-json\/wp\/v2\/pages\/36223","targetHints":{"allow":["GET"]}}],"collection":[{"href":"https:\/\/www.48hopenhousebarcelona.org\/ca\/wp-json\/wp\/v2\/pages"}],"about":[{"href":"https:\/\/www.48hopenhousebarcelona.org\/ca\/wp-json\/wp\/v2\/types\/page"}],"author":[{"embeddable":true,"href":"https:\/\/www.48hopenhousebarcelona.org\/ca\/wp-json\/wp\/v2\/users\/3"}],"replies":[{"embeddable":true,"href":"https:\/\/www.48hopenhousebarcelona.org\/ca\/wp-json\/wp\/v2\/comments?post=36223"}],"version-history":[{"count":5,"href":"https:\/\/www.48hopenhousebarcelona.org\/ca\/wp-json\/wp\/v2\/pages\/36223\/revisions"}],"predecessor-version":[{"id":36229,"href":"https:\/\/www.48hopenhousebarcelona.org\/ca\/wp-json\/wp\/v2\/pages\/36223\/revisions\/36229"}],"up":[{"embeddable":true,"href":"https:\/\/www.48hopenhousebarcelona.org\/ca\/wp-json\/wp\/v2\/pages\/34689"}],"wp:attachment":[{"href":"https:\/\/www.48hopenhousebarcelona.org\/ca\/wp-json\/wp\/v2\/media?parent=36223"}],"curies":[{"name":"wp","href":"https:\/\/api.w.org\/{rel}","templated":true}]}}