{"id":42605,"date":"2023-05-31T09:33:47","date_gmt":"2023-05-31T09:33:47","guid":{"rendered":"https:\/\/www.48hopenhousebarcelona.org\/?page_id=42605"},"modified":"2025-09-30T14:43:01","modified_gmt":"2025-09-30T14:43:01","slug":"qui-som","status":"publish","type":"page","link":"https:\/\/www.48hopenhousebarcelona.org\/ca\/qui-som\/","title":{"rendered":"Qui som?"},"content":{"rendered":"\n<div class=\"wp-block-columns is-layout-flex wp-container-core-columns-is-layout-9d6595d7 wp-block-columns-is-layout-flex\">\n<div class=\"wp-block-column is-layout-flow wp-block-column-is-layout-flow\" style=\"flex-basis:33.33%\">\n<h2 class=\"wp-block-heading\" style=\"font-size:25px\"><strong>48h Open House Barcelona<\/strong> \u00e9s una associaci\u00f3 cultural sense \u00e0nim de lucre que treballa per <strong>divulgar el patrimoni arquitect\u00f2nic<\/strong> de la ciutat de Barcelona i ofereix productes i serveis culturals en l&#8217;\u00e0mbit de l&#8217;arquitectura.<\/h2>\n<\/div>\n\n\n\n<div class=\"wp-block-column is-layout-flow wp-block-column-is-layout-flow\" style=\"flex-basis:66.66%\">\n<p style=\"font-size:16px\">T\u00e9 l&#8217;objectiu de <strong>promoure l&#8217;arquitectura i ajudar a entendre-la com a component imprescindible de la cultura<\/strong>. La seva eina principal d\u2019actuaci\u00f3 \u00e9s el festival d\u2019arquitectura 48h Open House BCN, que dona visibilitat a la figura dels arquitectes i fidelitza p\u00fablics interessats en l\u2019arquitectura de la ciutat.<\/p>\n\n\n\n<p style=\"font-size:16px\">El festival <strong>\u00e9s gratu\u00eft i<\/strong> se celebra un cap de setmana a l\u2019any, el mes d&#8217;octubre. Per tal de mostrar que l\u2019arquitectura no t\u00e9 fronteres, la programaci\u00f3 s\u2019est\u00e9n per<strong> Barcelona i la regi\u00f3 metropolitana<\/strong>. Concretament, el festival es desenvolupa en v\u00e0ries ciutats: a Barcelona, des del 2010; a Santa Coloma de Gramenet, des del 2013; a Vilassar de Dalt, des del 2014; a Sant Joan Desp\u00ed, des del 2015; a Badalona, des del 2016; a L&#8217;Hospitalet de Llobregat, des del 2017; i a Sitges des del 2021. Durant les tretze edicions que s&#8217;han realizat (2010 &#8211; 2022), el festival ha acumulat <strong>701.800 visites i ha dut a terme m\u00e9s de 2.500 activitats<\/strong>, gr\u00e0cies a la col\u00b7laboraci\u00f3 de <strong>11.550 voluntaris i 230 arquitectes autors voluntaris<\/strong>, aix\u00ed com al suport de <strong>80 entitats i empreses<\/strong>.&nbsp;<\/p>\n<\/div>\n<\/div>\n\n\n\n<p style=\"font-size:16px\">Paral\u00b7lelament a l\u2019edici\u00f3 del festival, durant l\u2019any l&#8217;associaci\u00f3 desenvolupa altres projectes en col\u00b7laboraci\u00f3 amb diferents entitats: visites arquitect\u00f2niques per als Amics del Festival; les activitats de <a href=\"http:\/\/radiomediarq.openhousebarcelona.org\/musicaarquitectura.html\">M\u00fasica x arquitectura<\/a> i <a href=\"http:\/\/espaisocults.openhousebarcelona.org\">Espais Ocults<\/a>&nbsp;durant la Setmana de l&#8217;Arquitectura, ara Festival Model organitzat per l&#8217;Ajuntament de Barcelona; activitats de cultura i <em>networking<\/em> per a empreses, a c\u00e0rrec de professionals de l\u2019arquitectura (activitat BAR-CEL-ONA); gravaci\u00f3 i edici\u00f3 de v\u00eddeos (cicle <a href=\"https:\/\/www.youtube.com\/playlist?list=PL99Igae_Tcjtv1JsuKwLnaYHmVEB6_IxW\"><em>Emmarquem l&#8217;arquitectura<\/em><\/a>); i <a href=\"https:\/\/radiomediarq.openhousebarcelona.org\/\">Radio Media Arquitectura<\/a>, un arxiu de audios, v\u00eddeos i textos creats per arquitectes autors o entitats i associacions expertes que transmeten el seu coneixement.<\/p>\n\n\n\n<div style=\"height:50px\" aria-hidden=\"true\" class=\"wp-block-spacer\"><\/div>\n\n\n\n<h2 class=\"wp-block-heading\"><strong><mark style=\"background-color:#fcb900\" class=\"has-inline-color has-black-color\">Som m\u00e9s que el festival que ens dona nom!<\/mark><\/strong><\/h2>\n\n\n\n<div style=\"height:50px\" aria-hidden=\"true\" class=\"wp-block-spacer\"><\/div>\n\n\n\n<p>L&#8217;associaci\u00f3 forma part de la xarxa internacional <a href=\"https:\/\/www.openhouseworldwide.org\" target=\"_blank\" rel=\"noreferrer noopener\">Open House Worldwide<\/a>, que neix l\u2019any 1992 amb la celebraci\u00f3 del festival Open House London, de la qual formen part m\u00e9s de 45 ciutats de tot el m\u00f3n. La feina de l\u2019associaci\u00f3, a m\u00e9s a m\u00e9s, ha estat reconeguda amb el Premi Turisme Responsable de Catalunya 2013, atorgat per la Generalitat de Catalunya, i amb la <strong>Medalla COAC 2019<\/strong>&nbsp;en reconeixement a les tasques de divulgaci\u00f3 del patrimoni arquitect\u00f2nic, dels arquitectes i l&#8217;arquitectura.<\/p>\n\n\n<div class=\"wp-block-image\">\n<figure class=\"aligncenter size-large\"><img loading=\"lazy\" decoding=\"async\" width=\"1659\" height=\"933\" src=\"https:\/\/www.48hopenhousebarcelona.org\/wp-content\/uploads\/2023\/05\/qui-som-nums-edited-1.png\" alt=\"\" class=\"wp-image-42587\" srcset=\"https:\/\/www.48hopenhousebarcelona.org\/wp-content\/uploads\/2023\/05\/qui-som-nums-edited-1.png 1659w, https:\/\/www.48hopenhousebarcelona.org\/wp-content\/uploads\/2023\/05\/qui-som-nums-edited-1-300x169.png 300w, https:\/\/www.48hopenhousebarcelona.org\/wp-content\/uploads\/2023\/05\/qui-som-nums-edited-1-1024x576.png 1024w, https:\/\/www.48hopenhousebarcelona.org\/wp-content\/uploads\/2023\/05\/qui-som-nums-edited-1-768x432.png 768w, https:\/\/www.48hopenhousebarcelona.org\/wp-content\/uploads\/2023\/05\/qui-som-nums-edited-1-1536x864.png 1536w, https:\/\/www.48hopenhousebarcelona.org\/wp-content\/uploads\/2023\/05\/qui-som-nums-edited-1-380x215.png 380w, https:\/\/www.48hopenhousebarcelona.org\/wp-content\/uploads\/2023\/05\/qui-som-nums-edited-1-1320x742.png 1320w, https:\/\/www.48hopenhousebarcelona.org\/wp-content\/uploads\/2023\/05\/qui-som-nums-edited-1-400x225.png 400w\" sizes=\"auto, (max-width: 1659px) 100vw, 1659px\" \/><\/figure>\n<\/div>\n\n\n<h2 class=\"wp-block-heading\">Equip<\/h2>\n\n\n\n<p><b>Direcci\u00f3:&nbsp;<\/b>Elisenda Bonet, arquitecta <a href=\"https:\/\/www.linkedin.com\/in\/elisenda-bonet-a6382127\/\" target=\"_blank\" rel=\"noreferrer noopener\">+<\/a><\/p>\n\n\n\n<p><b>Tecnologia i Direcci\u00f3 de MxA:&nbsp;<\/b>Javier Maculet, enginyer multim\u00e8dia <a href=\"https:\/\/www.linkedin.com\/in\/maculet\/\" target=\"_blank\" rel=\"noreferrer noopener\">+<\/a><\/p>\n\n\n\n<p><b>Comunicaci\u00f3:&nbsp;<\/b>Ana Mar\u00eda \u00c1lvarez, arquitecta <a href=\"https:\/\/www.linkedin.com\/in\/anamaria-alvarez\/\" target=\"_blank\" rel=\"noreferrer noopener\">+<\/a><\/p>\n\n\n\n<p><b>Programaci\u00f3:&nbsp;<\/b>Miquel Zuzama, arquitecte <a href=\"https:\/\/www.linkedin.com\/in\/miquelzuzama\/\" target=\"_blank\" rel=\"noreferrer noopener\">+<\/a><\/p>\n\n\n\n<p><b>Continguts:&nbsp;<\/b>Clara Trivi\u00f1o Mass\u00f3, arquitecta<\/p>\n\n\n\n<p><strong>Administraci\u00f3:&nbsp;<\/strong>Anna Sol\u00e0, bailarina i gestora cultural <a href=\"https:\/\/www.linkedin.com\/in\/anna-sol\u00e0-gesti\u00f3n-cultural\/\" target=\"_blank\" rel=\"noreferrer noopener\">+<\/a><\/p>\n\n\n\n<p><strong>Disseny web:&nbsp;<\/strong>Elisenda Bonet, Javier Maculet, Marco Bellonzi (artista)<\/p>\n\n\n\n<p><strong>Voluntariat i MxA<\/strong>: Gal.la Maculet <\/p>\n\n\n\n<p>&nbsp;<\/p>\n\n\n\n<h2 class=\"wp-block-heading\">Contacte<\/h2>\n\n\n\n<p><b>Oficina general:&nbsp;<\/b>consultes@48hopenhousebarcelona.org \/&nbsp;<a href=\"https:\/\/www.google.com\/search?client=safari&amp;rls=en&amp;q=open+house+barcelona&amp;ie=UTF-8&amp;oe=UTF-8\">934 87 66 17<\/a><\/p>\n\n\n\n<p><b>Comunicaci\u00f3:&nbsp;<\/b>am.alvarez@openhousebarcelona.org<\/p>\n\n\n\n<p><b>Mitjans:&nbsp;<\/b>gemma.larregola@openhousebarcelona.org<\/p>\n\n\n\n<p>&nbsp;<\/p>\n\n\n\n<figure class=\"wp-block-image\"><img decoding=\"async\" src=\"https:\/\/www.48hopenhousebarcelona.org\/wp-content\/uploads\/2020\/04\/48H_Open_House_Barcelona_-_logotip-300x53.png\" alt=\"\" class=\"wp-image-15499\"\/><\/figure>\n\n\n\n<div style=\"height:100px\" aria-hidden=\"true\" class=\"wp-block-spacer\"><\/div>\n\n\n\n<p><\/p>\n","protected":false},"excerpt":{"rendered":"<p>48h Open House Barcelona \u00e9s una associaci\u00f3 cultural sense \u00e0nim de lucre que treballa per divulgar el patrimoni arquitect\u00f2nic de la ciutat de Barcelona i ofereix productes i serveis culturals en l&#8217;\u00e0mbit de l&#8217;arquitectura. T\u00e9 l&#8217;objectiu de promoure l&#8217;arquitectura i ajudar a entendre-la com a component imprescindible de la cultura. La seva eina principal d\u2019actuaci\u00f3 [&hellip;]<\/p>\n","protected":false},"author":26,"featured_media":42165,"parent":0,"menu_order":0,"comment_status":"closed","ping_status":"closed","template":"template-novapagina.php","meta":{"_acf_changed":false,"footnotes":""},"class_list":["post-42605","page","type-page","status-publish","has-post-thumbnail","hentry"],"acf":[],"_links":{"self":[{"href":"https:\/\/www.48hopenhousebarcelona.org\/ca\/wp-json\/wp\/v2\/pages\/42605","targetHints":{"allow":["GET"]}}],"collection":[{"href":"https:\/\/www.48hopenhousebarcelona.org\/ca\/wp-json\/wp\/v2\/pages"}],"about":[{"href":"https:\/\/www.48hopenhousebarcelona.org\/ca\/wp-json\/wp\/v2\/types\/page"}],"author":[{"embeddable":true,"href":"https:\/\/www.48hopenhousebarcelona.org\/ca\/wp-json\/wp\/v2\/users\/26"}],"replies":[{"embeddable":true,"href":"https:\/\/www.48hopenhousebarcelona.org\/ca\/wp-json\/wp\/v2\/comments?post=42605"}],"version-history":[{"count":32,"href":"https:\/\/www.48hopenhousebarcelona.org\/ca\/wp-json\/wp\/v2\/pages\/42605\/revisions"}],"predecessor-version":[{"id":56613,"href":"https:\/\/www.48hopenhousebarcelona.org\/ca\/wp-json\/wp\/v2\/pages\/42605\/revisions\/56613"}],"wp:featuredmedia":[{"embeddable":true,"href":"https:\/\/www.48hopenhousebarcelona.org\/ca\/wp-json\/wp\/v2\/media\/42165"}],"wp:attachment":[{"href":"https:\/\/www.48hopenhousebarcelona.org\/ca\/wp-json\/wp\/v2\/media?parent=42605"}],"curies":[{"name":"wp","href":"https:\/\/api.w.org\/{rel}","templated":true}]}}