{"id":43123,"date":"2023-07-13T12:15:08","date_gmt":"2023-07-13T12:15:08","guid":{"rendered":"https:\/\/www.48hopenhousebarcelona.org\/?page_id=43123"},"modified":"2026-02-11T13:10:12","modified_gmt":"2026-02-11T13:10:12","slug":"espais-ocults","status":"publish","type":"page","link":"https:\/\/www.48hopenhousebarcelona.org\/ca\/espais-ocults\/","title":{"rendered":"Espais Ocults"},"content":{"rendered":"\r\n<figure class=\"wp-block-image size-full\"><img loading=\"lazy\" decoding=\"async\" class=\"aligncenter wp-image-43129\" src=\"https:\/\/www.48hopenhousebarcelona.org\/wp-content\/uploads\/2023\/07\/PRESENTACIO-ESPAIS-OCULTS-2023-OHB.png\" alt=\"\" width=\"19200\" height=\"10800\" srcset=\"https:\/\/www.48hopenhousebarcelona.org\/wp-content\/uploads\/2023\/07\/PRESENTACIO-ESPAIS-OCULTS-2023-OHB.png 960w, https:\/\/www.48hopenhousebarcelona.org\/wp-content\/uploads\/2023\/07\/PRESENTACIO-ESPAIS-OCULTS-2023-OHB-300x169.png 300w, https:\/\/www.48hopenhousebarcelona.org\/wp-content\/uploads\/2023\/07\/PRESENTACIO-ESPAIS-OCULTS-2023-OHB-768x432.png 768w, https:\/\/www.48hopenhousebarcelona.org\/wp-content\/uploads\/2023\/07\/PRESENTACIO-ESPAIS-OCULTS-2023-OHB-380x215.png 380w, https:\/\/www.48hopenhousebarcelona.org\/wp-content\/uploads\/2023\/07\/PRESENTACIO-ESPAIS-OCULTS-2023-OHB-400x225.png 400w\" sizes=\"auto, (max-width: 19200px) 100vw, 19200px\" \/><\/figure>\r\n\r\n\r\n\r\n<p><strong>Espais Ocults<\/strong> \u00e9s un projecte basat en la<strong> difusi\u00f3 del patrimoni hist\u00f2ric<\/strong> de la ciutat de <strong>Barcelona<\/strong>, amb l&#8217;objectiu de posar en valor espais que, tot i estar molt propers al p\u00fablic, s\u00f3n desconeguts i inaccessibles. Ens preocupem per fer-los visibles als habitants de la ciutat.<\/p>\r\n\r\n\r\n\r\n<p>El format d\u2019aquestes jornades de patrimoni consisteix en visites guiades, de la m\u00e0 d\u2019experts, a una selecci\u00f3 d\u2019espais singulars amb una explicaci\u00f3 hist\u00f2rica i arquitect\u00f2nica de cadascun.<\/p>\r\n\r\n\r\n\r\n<p>Aquest projecte busca crear <strong>experi\u00e8ncies arquitect\u00f2niques en espais desconeguts <\/strong>per\u00f2 de rellev\u00e0ncia art\u00edstica i hist\u00f2rica per la ciutat, a m\u00e9s de fomentar la difusi\u00f3 dels professionals, artistes i creadors. Creiem que es una forma de fer que el p\u00fablic s\u2019apropi a espais singulars de la ciutat i explicar-los amb rigor i professionalitat, aix\u00ed com d&#8217;explicar fets culturals globals des del punt de vista arquitect\u00f2nic.<\/p>\r\n\r\n\r\n\r\n<p>Espais Ocults es desenvolupa dins les Setmanes d&#8217;Arquitectura, organitzades per l\u2019Ajuntament de Barcelona. En cada edici\u00f3, es recullen entre 8 i 10 espais singulars de la ciutat per fer al menys dues visites a cada espai, en grups redu\u00efts de 15-20 persones.<\/p>\r\n\r\n\r\n\r\n<p>Creiem fermament que fomentar l\u2019\u00fas cultural i l\u00fadic de l\u2019espai urb\u00e0 des d\u2019un esdeveniment com aquest afavoreix la identitat personal i col\u00b7lectiva. A m\u00e9s, es fomenta el coneixement responsable del patrimoni i es posa en valor la professi\u00f3 dels equips d\u2019obra.<\/p>\r\n\r\n\r\n\r\n<p>La <a href=\"https:\/\/espaisocults.openhousebarcelona.org\" target=\"_blank\" rel=\"noreferrer noopener\">p\u00e0gina web d&#8217;Espai Ocults<\/a> permet aprendre i revisar els espais inclosos a cada edici\u00f3.<\/p>\r\n\r\n\r\n\r\n<div class=\"wp-block-spacer\" style=\"height: 27px;\" aria-hidden=\"true\">\u00a0<\/div>\r\n\r\n\r\n\r\n<h2 class=\"wp-block-heading\"><strong>Edici\u00f3 2019<br \/><\/strong>10 espais<br \/>420 visitants<br \/>12 entitats col\u00b7laboradores<\/h2>\r\n\r\n\r\n\r\n<h2 class=\"wp-block-heading\"><strong>Edici\u00f3 2020 (edici\u00f3 virtual)<\/strong><br \/>8 espais<br \/>1.508 visites a la web<br \/>163 participacions actives<br \/>76.414 Impressions i 4.019 interaccions a XXSS<\/h2>\r\n\r\n\r\n\r\n<h2 class=\"wp-block-heading\"><strong>Edici\u00f3 2021<br \/><\/strong>8 espais<br \/>229 visitants<br \/>11 entitats col\u00b7laboradores<\/h2>\r\n\r\n\r\n\r\n<h2 class=\"wp-block-heading\"><strong>Edici\u00f3 2022<\/strong><br \/>7 espais<br \/>256 visitants<br \/>6 entitats col\u00b7laboradores<\/h2>\r\n<h2 class=\"wp-block-heading\"><strong>Edici\u00f3 2023<\/strong><br \/>6 espais<br \/>308 visitants<br \/>12 entitats col\u00b7laboradores<\/h2>\r\n<h2 class=\"wp-block-heading\"><strong>Edici\u00f3 2024<br \/><\/strong>10 espais<br \/>605 visitants<br \/>10 entitats col\u00b7laboradores<\/h2>\r\n<h2 class=\"wp-block-heading\"><a href=\"https:\/\/www.48hopenhousebarcelona.org\/ca\/espais-ocults-2025\/\"><strong>Edici\u00f3 2025<\/strong><\/a><\/h2>\r\n<h2 class=\"wp-block-heading\"><strong>Edici\u00f3 2026<br \/><\/strong><a href=\"https:\/\/www.48hopenhousebarcelona.org\/ca\/espais-ocults-open-barri-dhivern-a-nou-barris\/\">Open Barri Hivern<\/a> Nou Barris<br \/>Open Barri Primavera La Marina<br \/>Open Barri Estiu Sarri\u00e0 i Valvidrera<\/h2>\r\n<p>&nbsp;<\/p>\r\n<h2 class=\"wp-block-heading\">\u00a0<\/h2>\r\n<p>Amb el suport de:<\/p>\r\n<p><img loading=\"lazy\" decoding=\"async\" class=\"alignnone size-full wp-image-256\" src=\"https:\/\/www.48hopenhousebarcelona.org\/wp-content\/uploads\/2019\/09\/logo_aj_barcelona.png\" alt=\"\" width=\"240\" height=\"90\" \/> <img loading=\"lazy\" decoding=\"async\" class=\"alignnone size-medium wp-image-3918\" src=\"https:\/\/www.48hopenhousebarcelona.org\/wp-content\/uploads\/2019\/09\/AMB-logo-vector-amb-1-300x63.jpg\" alt=\"\" width=\"300\" height=\"63\" srcset=\"https:\/\/www.48hopenhousebarcelona.org\/wp-content\/uploads\/2019\/09\/AMB-logo-vector-amb-1-300x63.jpg 300w, https:\/\/www.48hopenhousebarcelona.org\/wp-content\/uploads\/2019\/09\/AMB-logo-vector-amb-1-400x85.jpg 400w, https:\/\/www.48hopenhousebarcelona.org\/wp-content\/uploads\/2019\/09\/AMB-logo-vector-amb-1.jpg 520w\" sizes=\"auto, (max-width: 300px) 100vw, 300px\" \/><\/p>\r\n","protected":false},"excerpt":{"rendered":"<p>Espais Ocults \u00e9s un projecte basat en la difusi\u00f3 del patrimoni hist\u00f2ric de la ciutat de Barcelona, amb l&#8217;objectiu de posar en valor espais que, tot i estar molt propers al p\u00fablic, s\u00f3n desconeguts i inaccessibles. Ens preocupem per fer-los visibles als habitants de la ciutat. El format d\u2019aquestes jornades de patrimoni consisteix en visites [&hellip;]<\/p>\n","protected":false},"author":26,"featured_media":0,"parent":0,"menu_order":0,"comment_status":"closed","ping_status":"closed","template":"","meta":{"_acf_changed":false,"footnotes":""},"class_list":["post-43123","page","type-page","status-publish","hentry"],"acf":[],"_links":{"self":[{"href":"https:\/\/www.48hopenhousebarcelona.org\/ca\/wp-json\/wp\/v2\/pages\/43123","targetHints":{"allow":["GET"]}}],"collection":[{"href":"https:\/\/www.48hopenhousebarcelona.org\/ca\/wp-json\/wp\/v2\/pages"}],"about":[{"href":"https:\/\/www.48hopenhousebarcelona.org\/ca\/wp-json\/wp\/v2\/types\/page"}],"author":[{"embeddable":true,"href":"https:\/\/www.48hopenhousebarcelona.org\/ca\/wp-json\/wp\/v2\/users\/26"}],"replies":[{"embeddable":true,"href":"https:\/\/www.48hopenhousebarcelona.org\/ca\/wp-json\/wp\/v2\/comments?post=43123"}],"version-history":[{"count":19,"href":"https:\/\/www.48hopenhousebarcelona.org\/ca\/wp-json\/wp\/v2\/pages\/43123\/revisions"}],"predecessor-version":[{"id":59838,"href":"https:\/\/www.48hopenhousebarcelona.org\/ca\/wp-json\/wp\/v2\/pages\/43123\/revisions\/59838"}],"wp:attachment":[{"href":"https:\/\/www.48hopenhousebarcelona.org\/ca\/wp-json\/wp\/v2\/media?parent=43123"}],"curies":[{"name":"wp","href":"https:\/\/api.w.org\/{rel}","templated":true}]}}