{"id":44693,"date":"2025-09-28T11:35:49","date_gmt":"2025-09-28T11:35:49","guid":{"rendered":"https:\/\/www.48hopenhousebarcelona.org\/?page_id=44693"},"modified":"2025-10-08T04:32:22","modified_gmt":"2025-10-08T04:32:22","slug":"barcelona-25","status":"publish","type":"page","link":"https:\/\/www.48hopenhousebarcelona.org\/ca\/barcelona-25\/","title":{"rendered":"BARCELONA"},"content":{"rendered":"\r\n<p>El festival 48h Open House BCN explica la ciutat de <strong>Barcelona<\/strong> a trav\u00e9s de l\u2019arquitectura i l\u2019urbanisme mitjan\u00e7ant visites a edificis i espais existents. <strong>Els habitants de la ciutat tenen l\u2019oportunitat de con\u00e8ixer qu\u00e8 passa darrere les fa\u00e7anes dels edificis<\/strong> i es converteix en l\u2019ocasi\u00f3 d&#8217;ensenyar com es treballa i de gaudir l\u2019arquitectura d\u2019una manera original.<\/p>\r\n\r\n\r\n\r\n<p>El festival \u00e9s un moment \u00fanic per <strong>gaudir d\u2019experi\u00e8ncies relacionades amb el patrimoni de la ciutat<\/strong> (des de les ru\u00efnes romanes fins a la ciutat contempor\u00e0nia, passant per edificis representatius del g\u00f2tic catal\u00e0, el neoclassicisme, el modernisme i el moviment modern). Enguany, el festival\u00a0<b><span lang=\"CA\">ens convida a explorar com vivim i percebem l\u2019espai a trav\u00e9s dels sentits.<\/span><\/b><\/p>\r\n\r\n\r\n\r\n<p>Aquest any, destaquem la participaci\u00f3 del nou <a href=\"https:\/\/www.48hopenhousebarcelona.org\/ca\/els-edificis\/illa-myrurgia\/\" target=\"_blank\" rel=\"noopener\"><strong>Centre de serveis socials Sagrada Fam\u00edlia<\/strong><\/a> a l\u2019interior d\u2019illa de l\u2019antiga f\u00e0brica Myrurgia, la intervenci\u00f3 integral de l&#8217;<a href=\"https:\/\/www.48hopenhousebarcelona.org\/ca\/els-edificis\/edifici-estel\/\" target=\"_blank\" rel=\"noopener\"><strong>Edifici Estel<\/strong><\/a>, el <a href=\"https:\/\/www.48hopenhousebarcelona.org\/ca\/els-edificis\/palau-del-marques-dalfarras\/\" target=\"_blank\" rel=\"noopener\"><strong>Palau del Marqu\u00e8s d&#8217;Alfarr\u00e0s<\/strong><\/a> situat al parc del Laberint d&#8217;Horta, i la <a href=\"https:\/\/www.48hopenhousebarcelona.org\/ca\/els-edificis\/torre-diagonal-one\/\" target=\"_blank\" rel=\"noopener\"><strong>Torre Diagonal One<\/strong><\/a> al F\u00f2rum.\u00a0<\/p>\r\n\r\n\r\n\r\n<p>La programaci\u00f3 de Barcelona est\u00e0 dividida en 15 zones:<\/p>\r\n\r\n\r\n\r\n<p>DIAGONAL &#8211; DRETA DE L&#8217;EIXAMPLE &#8211; ESQUERRA DE L&#8217;EIXAMPLE &#8211; F\u00d2RUM &#8211; GR\u00c0CIA &#8211; GUINARD\u00d3 &#8211; HORTA &#8211; LES CORTS &#8211; MONTJU\u00cfC &#8211; NOU BARRIS &#8211; SANT ANDREU &#8211; SARRI\u00c0 SANT GERVASI &#8211; CENTRE &#8211; POBLENOU &#8211; POBLESEC<\/p>\r\n\r\n\r\n\r\n<p>Amb el suport de:<\/p>\r\n\r\n\r\n\r\n<figure class=\"wp-block-image size-full is-resized\"><img loading=\"lazy\" decoding=\"async\" width=\"360\" height=\"160\" class=\"wp-image-52416\" style=\"object-fit: cover; width: 250px; height: 111px;\" src=\"https:\/\/www.48hopenhousebarcelona.org\/wp-content\/uploads\/2024\/10\/2logo-aj-barcelona.jpg\" alt=\"\" srcset=\"https:\/\/www.48hopenhousebarcelona.org\/wp-content\/uploads\/2024\/10\/2logo-aj-barcelona.jpg 360w, https:\/\/www.48hopenhousebarcelona.org\/wp-content\/uploads\/2024\/10\/2logo-aj-barcelona-300x133.jpg 300w\" sizes=\"auto, (max-width: 360px) 100vw, 360px\" \/><\/figure>\r\n\r\n\r\n\r\n<p>&nbsp;<\/p>\r\n<p>&nbsp;<\/p>\r\n","protected":false},"excerpt":{"rendered":"<p>El festival 48h Open House BCN explica la ciutat de Barcelona a trav\u00e9s de l\u2019arquitectura i l\u2019urbanisme mitjan\u00e7ant visites a edificis i espais existents. Els habitants de la ciutat tenen l\u2019oportunitat de con\u00e8ixer qu\u00e8 passa darrere les fa\u00e7anes dels edificis i es converteix en l\u2019ocasi\u00f3 d&#8217;ensenyar com es treballa i de gaudir l\u2019arquitectura d\u2019una manera [&hellip;]<\/p>\n","protected":false},"author":26,"featured_media":57072,"parent":0,"menu_order":0,"comment_status":"closed","ping_status":"closed","template":"template-novapagina.php","meta":{"_acf_changed":false,"footnotes":""},"class_list":["post-44693","page","type-page","status-publish","has-post-thumbnail","hentry"],"acf":[],"_links":{"self":[{"href":"https:\/\/www.48hopenhousebarcelona.org\/ca\/wp-json\/wp\/v2\/pages\/44693","targetHints":{"allow":["GET"]}}],"collection":[{"href":"https:\/\/www.48hopenhousebarcelona.org\/ca\/wp-json\/wp\/v2\/pages"}],"about":[{"href":"https:\/\/www.48hopenhousebarcelona.org\/ca\/wp-json\/wp\/v2\/types\/page"}],"author":[{"embeddable":true,"href":"https:\/\/www.48hopenhousebarcelona.org\/ca\/wp-json\/wp\/v2\/users\/26"}],"replies":[{"embeddable":true,"href":"https:\/\/www.48hopenhousebarcelona.org\/ca\/wp-json\/wp\/v2\/comments?post=44693"}],"version-history":[{"count":20,"href":"https:\/\/www.48hopenhousebarcelona.org\/ca\/wp-json\/wp\/v2\/pages\/44693\/revisions"}],"predecessor-version":[{"id":57136,"href":"https:\/\/www.48hopenhousebarcelona.org\/ca\/wp-json\/wp\/v2\/pages\/44693\/revisions\/57136"}],"wp:featuredmedia":[{"embeddable":true,"href":"https:\/\/www.48hopenhousebarcelona.org\/ca\/wp-json\/wp\/v2\/media\/57072"}],"wp:attachment":[{"href":"https:\/\/www.48hopenhousebarcelona.org\/ca\/wp-json\/wp\/v2\/media?parent=44693"}],"curies":[{"name":"wp","href":"https:\/\/api.w.org\/{rel}","templated":true}]}}