{"id":44797,"date":"2025-09-28T07:56:32","date_gmt":"2025-09-28T07:56:32","guid":{"rendered":"https:\/\/www.48hopenhousebarcelona.org\/?page_id=44797"},"modified":"2025-10-09T07:00:42","modified_gmt":"2025-10-09T07:00:42","slug":"badalona-25","status":"publish","type":"page","link":"https:\/\/www.48hopenhousebarcelona.org\/ca\/badalona-25\/","title":{"rendered":"BADALONA"},"content":{"rendered":"\r\n<p><strong>Badalona<\/strong>, com a bona ciutat moderna, \u00e9s polic\u00e8ntrica, per\u00f2 al seu cor \u00e9s on s\u2019enllacen les art\u00e8ries vertebradores de la ciutat: des del primer tra\u00e7at del cardus i del decumanus de Baetulo, passant per l\u2019enclavament medieval de Dalt la Vila i el guany de terres a Baixa Mar, fins a l\u2019arribada del ferrocarril i la industrialitzaci\u00f3 fins a la pla\u00e7a de Pompeu Fabra i el futur intercanviador.<\/p>\r\n<p>El festival \u00e9s un moment \u00fanic per <strong>gaudir d\u2019experi\u00e8ncies relacionades amb el patrimoni de la ciutat<\/strong> (des de les ru\u00efnes romanes fins a la ciutat contempor\u00e0nia), i enguany es t\u00e9 l\u2019oportunitat de sentir l\u2019arquitectura. Aquesta edici\u00f3 del festival pret\u00e9n pensar els espais des de els sentits i les\u00a0<span lang=\"CA\">sensacions, a trav\u00e9s de palabras como ess\u00e8ncia, harmonia, calma o sorpresa.<\/span><\/p>\r\n<p>\r\n\r\n<\/p>\r\n<p>Aquest any destaquem la <a href=\"https:\/\/www.48hopenhousebarcelona.org\/ca\/els-edificis\/casa-carme\/\" target=\"_blank\" rel=\"noopener\"><strong>Casa Carme<\/strong><\/a>, la transformaci\u00f3 d&#8217;una casa entre mitgeres per adaptar-la a les necessitats actuals sense perdre el car\u00e0cter propi de la seva tipologia original; la <a href=\"https:\/\/www.48hopenhousebarcelona.org\/ca\/els-edificis\/casa-enric-mir-carreras\/\" target=\"_blank\" rel=\"noopener\"><strong>Casa Enric Mir Carreras<\/strong><\/a>, una construcci\u00f3 amb un\u00a0llenguatge modernista desprove\u00eft de les connotacions pol\u00edtiques i socials de l&#8217;\u00e8poca; la Masia <a href=\"https:\/\/www.48hopenhousebarcelona.org\/ca\/els-edificis\/masia-can-miravitges\/\" target=\"_blank\" rel=\"noopener\"><strong>Can Miravitges<\/strong><\/a>, amb origen al segle XI que actualment\u00a0acull la seu de l\u2019Escola de Natura Angeleta Ferrer; i el <a href=\"https:\/\/www.48hopenhousebarcelona.org\/ca\/els-edificis\/taller-bdn\/\" target=\"_blank\" rel=\"noopener\"><strong>Taller BDN<\/strong><\/a>, un espai espai de creaci\u00f3, producci\u00f3 i difusi\u00f3 escult\u00f2rica a\u00a0una antiga nau industrial al centre de la ciutat.<\/p>\r\n<p>Amb el suport de:<\/p>\r\n<p>\r\n\r\n<\/p>\r\n<figure class=\"wp-block-image size-full is-resized\"><img loading=\"lazy\" decoding=\"async\" width=\"360\" height=\"160\" class=\"wp-image-52413\" style=\"object-fit: cover; width: 250px; height: 111px;\" src=\"https:\/\/www.48hopenhousebarcelona.org\/wp-content\/uploads\/2024\/10\/1logo-aj-badalona.png\" alt=\"\" srcset=\"https:\/\/www.48hopenhousebarcelona.org\/wp-content\/uploads\/2024\/10\/1logo-aj-badalona.png 360w, https:\/\/www.48hopenhousebarcelona.org\/wp-content\/uploads\/2024\/10\/1logo-aj-badalona-300x133.png 300w\" sizes=\"auto, (max-width: 360px) 100vw, 360px\" \/><\/figure>\r\n<p><\/p>\r\n\r\n<p>&nbsp;<\/p>\r\n<p>&nbsp;<\/p>\r\n","protected":false},"excerpt":{"rendered":"<p>Badalona, com a bona ciutat moderna, \u00e9s polic\u00e8ntrica, per\u00f2 al seu cor \u00e9s on s\u2019enllacen les art\u00e8ries vertebradores de la ciutat: des del primer tra\u00e7at del cardus i del decumanus de Baetulo, passant per l\u2019enclavament medieval de Dalt la Vila i el guany de terres a Baixa Mar, fins a l\u2019arribada del ferrocarril i la [&hellip;]<\/p>\n","protected":false},"author":26,"featured_media":57070,"parent":0,"menu_order":0,"comment_status":"closed","ping_status":"closed","template":"template-novapagina.php","meta":{"_acf_changed":false,"footnotes":""},"class_list":["post-44797","page","type-page","status-publish","has-post-thumbnail","hentry"],"acf":[],"_links":{"self":[{"href":"https:\/\/www.48hopenhousebarcelona.org\/ca\/wp-json\/wp\/v2\/pages\/44797","targetHints":{"allow":["GET"]}}],"collection":[{"href":"https:\/\/www.48hopenhousebarcelona.org\/ca\/wp-json\/wp\/v2\/pages"}],"about":[{"href":"https:\/\/www.48hopenhousebarcelona.org\/ca\/wp-json\/wp\/v2\/types\/page"}],"author":[{"embeddable":true,"href":"https:\/\/www.48hopenhousebarcelona.org\/ca\/wp-json\/wp\/v2\/users\/26"}],"replies":[{"embeddable":true,"href":"https:\/\/www.48hopenhousebarcelona.org\/ca\/wp-json\/wp\/v2\/comments?post=44797"}],"version-history":[{"count":24,"href":"https:\/\/www.48hopenhousebarcelona.org\/ca\/wp-json\/wp\/v2\/pages\/44797\/revisions"}],"predecessor-version":[{"id":57334,"href":"https:\/\/www.48hopenhousebarcelona.org\/ca\/wp-json\/wp\/v2\/pages\/44797\/revisions\/57334"}],"wp:featuredmedia":[{"embeddable":true,"href":"https:\/\/www.48hopenhousebarcelona.org\/ca\/wp-json\/wp\/v2\/media\/57070"}],"wp:attachment":[{"href":"https:\/\/www.48hopenhousebarcelona.org\/ca\/wp-json\/wp\/v2\/media?parent=44797"}],"curies":[{"name":"wp","href":"https:\/\/api.w.org\/{rel}","templated":true}]}}