{"id":44806,"date":"2025-09-28T11:42:37","date_gmt":"2025-09-28T11:42:37","guid":{"rendered":"https:\/\/www.48hopenhousebarcelona.org\/?page_id=44806"},"modified":"2025-10-17T07:17:51","modified_gmt":"2025-10-17T07:17:51","slug":"santa-coloma-de-gramenet-25","status":"publish","type":"page","link":"https:\/\/www.48hopenhousebarcelona.org\/ca\/santa-coloma-de-gramenet-25\/","title":{"rendered":"SANTA COLOMA DE GRAMENET"},"content":{"rendered":"\r\n\r\n\r\n<p>Des de l\u2019explosi\u00f3 demogr\u00e0fica dels anys seixanta del segle passat,\u00a0<strong>Santa Coloma<\/strong>\u00a0sempre ha tingut mancan\u00e7a d\u2019espais de conviv\u00e8ncia. L\u2019esfor\u00e7 urban\u00edstic per transformar un paisatge massificat i engolit pels edificis i el tr\u00e0nsit rodat \u00e9s un repte global. Santa Coloma lluita per reinventar-se, amb actuacions inclusives, participatives i sostenibles, on la veu dels ve\u00efns cada cop \u00e9s m\u00e9s present i forta.<\/p>\r\n\r\n\r\n\r\n<p>Enguany, la novetat \u00e9s el\u00a0<a href=\"https:\/\/www.48hopenhousebarcelona.org\/ca\/els-edificis\/centre-de-recursos-juvenils-mas-fonollar\/\" target=\"_blank\" rel=\"noopener\"><strong>Centre de recursos juvenils Mas Fonollar<\/strong><\/a>, una antiga masia del segle XIV que avui\u00a0\u00e9s un equipament p\u00fablic dinamitzador de la vida juvenil del municipi i un b\u00e9 cultural d\u2019inter\u00e8s local que conserva, entre d\u2019altres, arcs de pedra i ma\u00f3 que testimonien el seu llarg passat rural.<\/p>\r\n<p>El campus universitari de\u00a0<strong>Torribera<\/strong>, el recinte m\u00e9s important de l&#8217;arquitectura noucentista a la regi\u00f3 metropolitana de Barcelona, repeteix amb el Pavell\u00f3 del Verdaguer, l\u2019Escola de Restauraci\u00f3 i l&#8217;esgl\u00e9sia. Es va tenir una cura especial en la rehabilitaci\u00f3 d&#8217;acabats i detalls originals de cada edifici, una forma de destacar les particularitats d\u2019aquests fragments que perfeccionen la composici\u00f3 de l\u2019arquitectura.<\/p>\r\n\r\n\r\n\r\n\r\n<a class=\"md-btn button shortcode_button uk-light\" href=\"https:\/\/www.48hopenhousebarcelona.org\/els-edificis\/?fwp_zonas=santa-coloma-de-gramenet\">Programaci\u00f3<\/a>\n\r\n\r\n\r\n<figure class=\"wp-block-image size-large\"><img decoding=\"async\" src=\"https:\/\/www.48hopenhousebarcelona.org\/wp-content\/uploads\/2021\/09\/Ajuntament-colorRGB-300x109.jpg\" alt=\"\" \/><\/figure>\r\n","protected":false},"excerpt":{"rendered":"<p>Des de l\u2019explosi\u00f3 demogr\u00e0fica dels anys seixanta del segle passat,\u00a0Santa Coloma\u00a0sempre ha tingut mancan\u00e7a d\u2019espais de conviv\u00e8ncia. L\u2019esfor\u00e7 urban\u00edstic per transformar un paisatge massificat i engolit pels edificis i el tr\u00e0nsit rodat \u00e9s un repte global. Santa Coloma lluita per reinventar-se, amb actuacions inclusives, participatives i sostenibles, on la veu dels ve\u00efns cada cop \u00e9s [&hellip;]<\/p>\n","protected":false},"author":26,"featured_media":57066,"parent":0,"menu_order":0,"comment_status":"closed","ping_status":"closed","template":"template-novapagina.php","meta":{"_acf_changed":false,"footnotes":""},"class_list":["post-44806","page","type-page","status-publish","has-post-thumbnail","hentry"],"acf":[],"_links":{"self":[{"href":"https:\/\/www.48hopenhousebarcelona.org\/ca\/wp-json\/wp\/v2\/pages\/44806","targetHints":{"allow":["GET"]}}],"collection":[{"href":"https:\/\/www.48hopenhousebarcelona.org\/ca\/wp-json\/wp\/v2\/pages"}],"about":[{"href":"https:\/\/www.48hopenhousebarcelona.org\/ca\/wp-json\/wp\/v2\/types\/page"}],"author":[{"embeddable":true,"href":"https:\/\/www.48hopenhousebarcelona.org\/ca\/wp-json\/wp\/v2\/users\/26"}],"replies":[{"embeddable":true,"href":"https:\/\/www.48hopenhousebarcelona.org\/ca\/wp-json\/wp\/v2\/comments?post=44806"}],"version-history":[{"count":10,"href":"https:\/\/www.48hopenhousebarcelona.org\/ca\/wp-json\/wp\/v2\/pages\/44806\/revisions"}],"predecessor-version":[{"id":57753,"href":"https:\/\/www.48hopenhousebarcelona.org\/ca\/wp-json\/wp\/v2\/pages\/44806\/revisions\/57753"}],"wp:featuredmedia":[{"embeddable":true,"href":"https:\/\/www.48hopenhousebarcelona.org\/ca\/wp-json\/wp\/v2\/media\/57066"}],"wp:attachment":[{"href":"https:\/\/www.48hopenhousebarcelona.org\/ca\/wp-json\/wp\/v2\/media?parent=44806"}],"curies":[{"name":"wp","href":"https:\/\/api.w.org\/{rel}","templated":true}]}}