{"id":44812,"date":"2025-09-28T10:48:49","date_gmt":"2025-09-28T10:48:49","guid":{"rendered":"https:\/\/www.48hopenhousebarcelona.org\/?page_id=44812"},"modified":"2025-10-08T07:04:52","modified_gmt":"2025-10-08T07:04:52","slug":"sant-joan-despi-25","status":"publish","type":"page","link":"https:\/\/www.48hopenhousebarcelona.org\/ca\/sant-joan-despi-25\/","title":{"rendered":"SANT JOAN DESP\u00cd"},"content":{"rendered":"\r\n\r\n\r\n<p><strong>Sant Joan Desp\u00ed<\/strong>\u00a0\u00e9s una ciutat que mostra el patrimoni de qui va ser, durant m\u00e9s de vint anys, el seu arquitecte municipal: Josep Maria Jujol (Tarragona, 1879 &#8211; Barcelona, 1949). La visita a aquests edificis descobreix l\u2019esperit renovador de l\u2019arquitecte i permet apreciar com, mitjan\u00e7ant la transformaci\u00f3 de la mat\u00e8ria, l\u2019autor crea un m\u00f3n propi quasi m\u00e0gic. El tra\u00e7 en\u00e8rgic, el color intens, l\u2019associaci\u00f3 d\u2019objectes inexperts i la creaci\u00f3 de met\u00e0fores visuals fan de la seva arquitectura una sorpresa i una explosi\u00f3 pl\u00e0stica.<\/p>\r\n\r\n\r\n\r\n<p>Enguany no et pots perdre l\u2019<a href=\"https:\/\/www.48hopenhousebarcelona.org\/ca\/els-edificis\/estadi-johan-cruyff\/\" target=\"_blank\" rel=\"noopener\"><strong>Estadi Johan Cruyf<\/strong><\/a>, un equipament d\u2019alt nivell, dissenyat per complir els requisits UEFA de categoria III i esdevenir un referent d\u2019arquitectura esportiva moderna, i la renovaci\u00f3 integral de l&#8217;<a href=\"https:\/\/www.48hopenhousebarcelona.org\/ca\/els-edificis\/hotel-ibis\/\" target=\"_blank\" rel=\"noopener\"><strong>Hotel Ibis<\/strong><\/a>\u00a0situat al parc empresarial de Sant Joan Desp\u00ed, sota el concepte de La casa de l\u2019artista.<\/p>\r\n<p>Si l\u2019any passat no hi vas anar,\u00a0enguany no et pots perdre <strong><a href=\"https:\/\/www.48hopenhousebarcelona.org\/els-edificis\/cal-sandiumenge\/\" target=\"_blank\" rel=\"noopener\">Cal Sandiumenge<\/a><\/strong>, amb les seves pintures murals a l&#8217;escala;\u00a0rec\u00f3rrer amb cura les <a href=\"https:\/\/www.48hopenhousebarcelona.org\/els-edificis\/tram-cotxeres\/\" target=\"_blank\" rel=\"noopener\"><strong>Cotxeres del Tram<\/strong><\/a>\u00a0per endinsar-se en la infraestructura m\u00e9s important de la ciutat, el transport p\u00fablic, per a entendre la seguretat i el manteniment d\u2019aquest element. Tamb\u00e9, hi ha l\u2019oportunitat de con\u00e8ixer la <a href=\"https:\/\/www.48hopenhousebarcelona.org\/els-edificis\/ciutat-esportiva-fc-barcelona-joan-gamper\/\" target=\"_blank\" rel=\"noopener\"><strong>Ciutat Esportiva FC Barcelona \u2013 Joan Gamper<\/strong><\/a>.\u00a0<\/p>\r\n<p>\r\n\r\n<\/p>\n<p>Amb el suport de:<\/p>\n<p>\n\r\n\r\n<\/p>\r\n<figure class=\"wp-block-image size-full is-resized\"><img loading=\"lazy\" decoding=\"async\" width=\"360\" height=\"160\" class=\"wp-image-52426\" style=\"object-fit: cover; width: 250px; height: 111px;\" src=\"https:\/\/www.48hopenhousebarcelona.org\/wp-content\/uploads\/2024\/10\/1logo-aj-st-joan-despi.jpg\" alt=\"\" srcset=\"https:\/\/www.48hopenhousebarcelona.org\/wp-content\/uploads\/2024\/10\/1logo-aj-st-joan-despi.jpg 360w, https:\/\/www.48hopenhousebarcelona.org\/wp-content\/uploads\/2024\/10\/1logo-aj-st-joan-despi-300x133.jpg 300w\" sizes=\"auto, (max-width: 360px) 100vw, 360px\" \/><\/figure>\r\n<p>&nbsp;<\/p>\r\n<p>&nbsp;<\/p>\r\n<p><\/p>","protected":false},"excerpt":{"rendered":"<p>Sant Joan Desp\u00ed\u00a0\u00e9s una ciutat que mostra el patrimoni de qui va ser, durant m\u00e9s de vint anys, el seu arquitecte municipal: Josep Maria Jujol (Tarragona, 1879 &#8211; Barcelona, 1949). La visita a aquests edificis descobreix l\u2019esperit renovador de l\u2019arquitecte i permet apreciar com, mitjan\u00e7ant la transformaci\u00f3 de la mat\u00e8ria, l\u2019autor crea un m\u00f3n propi [&hellip;]<\/p>\n","protected":false},"author":26,"featured_media":57105,"parent":0,"menu_order":0,"comment_status":"closed","ping_status":"closed","template":"template-novapagina.php","meta":{"_acf_changed":false,"footnotes":""},"class_list":["post-44812","page","type-page","status-publish","has-post-thumbnail","hentry"],"acf":[],"_links":{"self":[{"href":"https:\/\/www.48hopenhousebarcelona.org\/ca\/wp-json\/wp\/v2\/pages\/44812","targetHints":{"allow":["GET"]}}],"collection":[{"href":"https:\/\/www.48hopenhousebarcelona.org\/ca\/wp-json\/wp\/v2\/pages"}],"about":[{"href":"https:\/\/www.48hopenhousebarcelona.org\/ca\/wp-json\/wp\/v2\/types\/page"}],"author":[{"embeddable":true,"href":"https:\/\/www.48hopenhousebarcelona.org\/ca\/wp-json\/wp\/v2\/users\/26"}],"replies":[{"embeddable":true,"href":"https:\/\/www.48hopenhousebarcelona.org\/ca\/wp-json\/wp\/v2\/comments?post=44812"}],"version-history":[{"count":18,"href":"https:\/\/www.48hopenhousebarcelona.org\/ca\/wp-json\/wp\/v2\/pages\/44812\/revisions"}],"predecessor-version":[{"id":57146,"href":"https:\/\/www.48hopenhousebarcelona.org\/ca\/wp-json\/wp\/v2\/pages\/44812\/revisions\/57146"}],"wp:featuredmedia":[{"embeddable":true,"href":"https:\/\/www.48hopenhousebarcelona.org\/ca\/wp-json\/wp\/v2\/media\/57105"}],"wp:attachment":[{"href":"https:\/\/www.48hopenhousebarcelona.org\/ca\/wp-json\/wp\/v2\/media?parent=44812"}],"curies":[{"name":"wp","href":"https:\/\/api.w.org\/{rel}","templated":true}]}}