{"id":44822,"date":"2025-09-28T11:27:18","date_gmt":"2025-09-28T11:27:18","guid":{"rendered":"https:\/\/www.48hopenhousebarcelona.org\/?page_id=44822"},"modified":"2025-10-21T10:38:47","modified_gmt":"2025-10-21T10:38:47","slug":"vilassar-de-dalt-25","status":"publish","type":"page","link":"https:\/\/www.48hopenhousebarcelona.org\/ca\/vilassar-de-dalt-25\/","title":{"rendered":"VILASSAR DE DALT"},"content":{"rendered":"\r\n<p>&nbsp;<\/p>\r\n\r\n<p>La programaci\u00f3 a <strong>Vilassar de Dalt, <\/strong>que es desenvolupa nom\u00e9s el diumenge del festival, ofereix un interessant recorregut t\u00e8cnic i hist\u00f2ric sobre els or\u00edgens de la construcci\u00f3 amb volta catalana: des de tres forns d\u2019\u00e8poca romana per a la producci\u00f3 de materials de construcci\u00f3, fins a diferents tipologies de volta en f\u00e0briques, cellers i cases de c\u00f3s, amb la m\u00e0xima esplendor al\u00a0<a href=\"https:\/\/www.48hopenhousebarcelona.org\/ca\/els-edificis\/teatre-de-la-massa\/\" target=\"_blank\" rel=\"noopener\"><strong>Teatre La Massa<\/strong><\/a>, de Guastavino. En aquests espais recalquem la import\u00e0ncia en els elements constructius que materialitzen l\u2019arquitectura de la ciutat. A Vilassar, trobem la c\u00fapula del teatre, l\u2019\u00faltima obra de Guastavino a Catalunya. Va ser una novetat constructiva, destacant la cura de l\u2019\u00fas dels materials i peces que donen forma els objectius i pressup\u00f2sits de l\u2019arquitecte.<\/p>\r\n<p>Enguany, s&#8217;inclou la <a href=\"https:\/\/www.48hopenhousebarcelona.org\/ca\/els-edificis\/carrer-de-cases-de-cos\/\" target=\"_blank\" rel=\"noopener\"><strong>Casa de Carrer<\/strong><\/a> a la programaci\u00f3, una reforma de una casa senyorial en la qual s&#8217;ha reinterpretat els espais de la casa de c\u00f3s partint de l\u2019escala central.\u00a0Una parada imprescindible s\u00f3n els <b><a href=\"https:\/\/www.48hopenhousebarcelona.org\/ca\/els-edificis\/forns-romans-de-la-fornaca\/\" target=\"_blank\" rel=\"noopener\">Forns Romans de la Fornaca<\/a><\/b> i el contenidor que els acull, una interessant estructura contempor\u00e0nia que en marca aquest conjunt arqueol\u00f2gic. Un altra imprescindible \u00e9s <strong>Can Manyer<\/strong>, un dels \u00faltims exemples del passat industrial t\u00e8xtil de Vilassar. Es caracteritza per ser un recinte industrial de finals del segle XIX amb grans columnes de ferro i paviment hidr\u00e0ulic, elements que formen la seva arquitectura. Hi ha la possibilitat de rec\u00f3rrer la part <a href=\"https:\/\/www.48hopenhousebarcelona.org\/els-edificis\/nau-nova-fabrica-de-can-manyer\/\" target=\"_blank\" rel=\"noopener\">Nova<\/a> i <a href=\"https:\/\/www.48hopenhousebarcelona.org\/els-edificis\/fabrica-de-can-manyer\/\" target=\"_blank\" rel=\"noopener\">Vella<\/a> de Can Manyer, i\u00a0ens permetr\u00e0 entendre l\u2019evoluci\u00f3 de l\u2019arquitectura a partir de les seves difer\u00e8ncies i similituds.<\/p>\r\n\r\n\r\n\r\n\r\n\r\n<h4 class=\"wp-block-heading\"><strong>Important:\u00a0<\/strong><\/h4>\r\n\r\n\r\n\r\n<p>El punt d\u2019informaci\u00f3 del festival 48h Open House BCN \u00e9s a\u00a0CAN BAN\u00daS (MUSEU ARXIU DE VILASSAR DE DALT).<\/p>\r\n\r\n\r\n\r\n<p>Carrer\u00a0del Marqu\u00e8s de Barber\u00e0, 9. Vilassar de Dalt.<\/p>\r\n\r\n\r\n\r\n<p>Horari d\u2019obertura: diumenge 26 d\u2019octubre, d\u201911 a 14 h\u00a0 i de 17 a 19 h.<\/p>\r\n\r\n\r\n\r\n<p>Transport: L\u00ednia 803 o 805: Gran Via amb Passeig de Gr\u00e0cia i Pla\u00e7a Tetuan (Barcelona)<\/p>\r\n\r\n\r\n\r\n<p>Cotxe particular: Aparcament reservat als forns romans de Vilassar (carrer d\u2019Eduard Calvet i Pint\u00f3, s\/n)<\/p>\r\n<p>Amb el suport de:<\/p>\r\n<p>\r\n\r\n\r\n\r\n<\/p>\r\n<figure class=\"wp-block-image size-full is-resized\"><img loading=\"lazy\" decoding=\"async\" width=\"360\" height=\"160\" class=\"wp-image-52433\" style=\"object-fit: cover; width: 250px; height: 111px;\" src=\"https:\/\/www.48hopenhousebarcelona.org\/wp-content\/uploads\/2024\/10\/2logo-vilassar-dalt.png\" alt=\"\" srcset=\"https:\/\/www.48hopenhousebarcelona.org\/wp-content\/uploads\/2024\/10\/2logo-vilassar-dalt.png 360w, https:\/\/www.48hopenhousebarcelona.org\/wp-content\/uploads\/2024\/10\/2logo-vilassar-dalt-300x133.png 300w\" sizes=\"auto, (max-width: 360px) 100vw, 360px\" \/><\/figure>\r\n<p>&nbsp;<\/p>\r\n<p>&nbsp;<\/p>\r\n<p><\/p>","protected":false},"excerpt":{"rendered":"<p>&nbsp; La programaci\u00f3 a Vilassar de Dalt, que es desenvolupa nom\u00e9s el diumenge del festival, ofereix un interessant recorregut t\u00e8cnic i hist\u00f2ric sobre els or\u00edgens de la construcci\u00f3 amb volta catalana: des de tres forns d\u2019\u00e8poca romana per a la producci\u00f3 de materials de construcci\u00f3, fins a diferents tipologies de volta en f\u00e0briques, cellers i [&hellip;]<\/p>\n","protected":false},"author":26,"featured_media":57062,"parent":0,"menu_order":0,"comment_status":"closed","ping_status":"closed","template":"template-novapagina.php","meta":{"_acf_changed":false,"footnotes":""},"class_list":["post-44822","page","type-page","status-publish","has-post-thumbnail","hentry"],"acf":[],"_links":{"self":[{"href":"https:\/\/www.48hopenhousebarcelona.org\/ca\/wp-json\/wp\/v2\/pages\/44822","targetHints":{"allow":["GET"]}}],"collection":[{"href":"https:\/\/www.48hopenhousebarcelona.org\/ca\/wp-json\/wp\/v2\/pages"}],"about":[{"href":"https:\/\/www.48hopenhousebarcelona.org\/ca\/wp-json\/wp\/v2\/types\/page"}],"author":[{"embeddable":true,"href":"https:\/\/www.48hopenhousebarcelona.org\/ca\/wp-json\/wp\/v2\/users\/26"}],"replies":[{"embeddable":true,"href":"https:\/\/www.48hopenhousebarcelona.org\/ca\/wp-json\/wp\/v2\/comments?post=44822"}],"version-history":[{"count":20,"href":"https:\/\/www.48hopenhousebarcelona.org\/ca\/wp-json\/wp\/v2\/pages\/44822\/revisions"}],"predecessor-version":[{"id":57823,"href":"https:\/\/www.48hopenhousebarcelona.org\/ca\/wp-json\/wp\/v2\/pages\/44822\/revisions\/57823"}],"wp:featuredmedia":[{"embeddable":true,"href":"https:\/\/www.48hopenhousebarcelona.org\/ca\/wp-json\/wp\/v2\/media\/57062"}],"wp:attachment":[{"href":"https:\/\/www.48hopenhousebarcelona.org\/ca\/wp-json\/wp\/v2\/media?parent=44822"}],"curies":[{"name":"wp","href":"https:\/\/api.w.org\/{rel}","templated":true}]}}