{"id":44827,"date":"2025-09-28T11:30:31","date_gmt":"2025-09-28T11:30:31","guid":{"rendered":"https:\/\/www.48hopenhousebarcelona.org\/?page_id=44827"},"modified":"2025-10-09T10:08:07","modified_gmt":"2025-10-09T10:08:07","slug":"sitges-25","status":"publish","type":"page","link":"https:\/\/www.48hopenhousebarcelona.org\/ca\/sitges-25\/","title":{"rendered":"SITGES"},"content":{"rendered":"\r\n\r\n\r\n<p><strong>Sitges<\/strong>\u00a0\u00e9s una poblaci\u00f3 \u00edntimament lligada a la proximitat del mar, una relaci\u00f3 que tamb\u00e9 trobem reflectida en la trama urbana i en la seva arquitectura. A les restes iberes i a les construccions d\u2019origen medieval, hi sumem els edificis, p\u00fablics i privats, sorgits del per\u00edode d\u2019esplendor econ\u00f2mica que va viure el poble durant la segona meitat del segle XIX i els primers anys del XX, gr\u00e0cies als\u00a0<em>americanos<\/em>. I no oblidem l\u2019atracci\u00f3 que la llum de Sitges va exercir sobre personatges com el pintor Santiago Rusi\u00f1ol o l\u2019americ\u00e0 Charles Deering, que van voler tenir aqu\u00ed \u201cel seu lloc al m\u00f3n\u201d, convertint-lo en un poble obert i cosmopolita, amb grans projectes, com la noucentista ciutat jard\u00ed de Terramar. Per\u00f2 Sitges tamb\u00e9 va ser el\u00a0<em>taller de proves<\/em>\u00a0per a arquitectes que, amb els anys, s\u2019han convertit en icones de l\u2019arquitectura moderna, com \u00e9s la figura de Jos\u00e9 Antonio Coderch.<\/p>\r\n\r\n\r\n\r\n<p>En la ciutat de Sitges es veuen reflectits diferents peces essencials que ensenyen les parts de\u00a0l\u2019arquitectura d\u2019avui en dia. Es destaca la <a href=\"https:\/\/www.48hopenhousebarcelona.org\/els-edificis\/casa-miquel-utrillo-biblioteca-santiago-rusinol\/\" target=\"_blank\" rel=\"noopener\"><strong>Biblioteca P\u00fablica Santiago Rusi\u00f1ol<\/strong><\/a>\u00a0i el <a href=\"https:\/\/www.48hopenhousebarcelona.org\/els-edificis\/palau-del-rei-moro\/\" target=\"_blank\" rel=\"noopener\"><strong>Palau del Rei Moro<\/strong><\/a>.<\/p>\r\n<p>Es ressalta l&#8217;<a href=\"https:\/\/www.48hopenhousebarcelona.org\/ca\/els-edificis\/habitatge-estudi-al-carrer-lilla-de-cuba\/\" target=\"_blank\" rel=\"noopener\"><strong>habitatge -estudi al carrer de l&#8217;Illa de Cuba<\/strong><\/a>\u00a0<span lang=\"CA\">\u2014<\/span>un projecte que transforma un edifici de 150 anys<span lang=\"CA\">\u2014<\/span>, l&#8217;ampliaci\u00f3 i transformaci\u00f3 dels espais de l&#8217;<a href=\"https:\/\/www.48hopenhousebarcelona.org\/ca\/els-edificis\/ampliacio-de-lescola-pia\/\" target=\"_blank\" rel=\"noopener\"><strong>Escola Pia<\/strong><\/a>, la\u00a0<a href=\"https:\/\/www.48hopenhousebarcelona.org\/ca\/els-edificis\/pergola-villa-condal-casa-rovira\/\" target=\"_blank\" rel=\"noopener\"><strong>p\u00e8rgola Villa Condal<\/strong><\/a>\u00a0y el <a href=\"https:\/\/www.48hopenhousebarcelona.org\/ca\/els-edificis\/parroquia-de-sant-bartomeu\/\" target=\"_blank\" rel=\"noopener\"><strong>campanar de la Parroquia de Sant Bartomeu<\/strong><\/a>.<\/p>\r\n<p>\r\n\r\n<\/p>\n<p>Amb el suport de:<\/p>\n<p>\n\r\n\r\n<\/p>\r\n<figure class=\"wp-block-image size-full is-resized\"><img loading=\"lazy\" decoding=\"async\" width=\"360\" height=\"160\" class=\"wp-image-52430\" style=\"object-fit: cover; width: 250px; height: 111px;\" src=\"https:\/\/www.48hopenhousebarcelona.org\/wp-content\/uploads\/2024\/10\/2logo-aj-sitges.jpg\" alt=\"\" srcset=\"https:\/\/www.48hopenhousebarcelona.org\/wp-content\/uploads\/2024\/10\/2logo-aj-sitges.jpg 360w, https:\/\/www.48hopenhousebarcelona.org\/wp-content\/uploads\/2024\/10\/2logo-aj-sitges-300x133.jpg 300w\" sizes=\"auto, (max-width: 360px) 100vw, 360px\" \/><\/figure>\r\n<p>&nbsp;<\/p>\r\n<p>&nbsp;<\/p>\r\n<p><\/p>","protected":false},"excerpt":{"rendered":"<p>Sitges\u00a0\u00e9s una poblaci\u00f3 \u00edntimament lligada a la proximitat del mar, una relaci\u00f3 que tamb\u00e9 trobem reflectida en la trama urbana i en la seva arquitectura. A les restes iberes i a les construccions d\u2019origen medieval, hi sumem els edificis, p\u00fablics i privats, sorgits del per\u00edode d\u2019esplendor econ\u00f2mica que va viure el poble durant la segona [&hellip;]<\/p>\n","protected":false},"author":26,"featured_media":57064,"parent":0,"menu_order":0,"comment_status":"closed","ping_status":"closed","template":"template-novapagina.php","meta":{"_acf_changed":false,"footnotes":""},"class_list":["post-44827","page","type-page","status-publish","has-post-thumbnail","hentry"],"acf":[],"_links":{"self":[{"href":"https:\/\/www.48hopenhousebarcelona.org\/ca\/wp-json\/wp\/v2\/pages\/44827","targetHints":{"allow":["GET"]}}],"collection":[{"href":"https:\/\/www.48hopenhousebarcelona.org\/ca\/wp-json\/wp\/v2\/pages"}],"about":[{"href":"https:\/\/www.48hopenhousebarcelona.org\/ca\/wp-json\/wp\/v2\/types\/page"}],"author":[{"embeddable":true,"href":"https:\/\/www.48hopenhousebarcelona.org\/ca\/wp-json\/wp\/v2\/users\/26"}],"replies":[{"embeddable":true,"href":"https:\/\/www.48hopenhousebarcelona.org\/ca\/wp-json\/wp\/v2\/comments?post=44827"}],"version-history":[{"count":17,"href":"https:\/\/www.48hopenhousebarcelona.org\/ca\/wp-json\/wp\/v2\/pages\/44827\/revisions"}],"predecessor-version":[{"id":57359,"href":"https:\/\/www.48hopenhousebarcelona.org\/ca\/wp-json\/wp\/v2\/pages\/44827\/revisions\/57359"}],"wp:featuredmedia":[{"embeddable":true,"href":"https:\/\/www.48hopenhousebarcelona.org\/ca\/wp-json\/wp\/v2\/media\/57064"}],"wp:attachment":[{"href":"https:\/\/www.48hopenhousebarcelona.org\/ca\/wp-json\/wp\/v2\/media?parent=44827"}],"curies":[{"name":"wp","href":"https:\/\/api.w.org\/{rel}","templated":true}]}}