{"id":44832,"date":"2025-09-28T10:51:43","date_gmt":"2025-09-28T10:51:43","guid":{"rendered":"https:\/\/www.48hopenhousebarcelona.org\/?page_id=44832"},"modified":"2025-10-13T15:04:50","modified_gmt":"2025-10-13T15:04:50","slug":"open-foto-premi-josep-llobet-25","status":"publish","type":"page","link":"https:\/\/www.48hopenhousebarcelona.org\/ca\/open-foto-premi-josep-llobet-25\/","title":{"rendered":"OPEN FOTO &#8211; PREMI JOSEP LLOBET"},"content":{"rendered":"\r\n\r\n\r\n<h3>Del 25 d&#8217;octubre al 9 de novembre del 2025<\/h3>\r\n<p>El concurs\u00a0<strong>Open Foto &#8211; Premi Josep Llobet<\/strong>\u00a0convida a capturar imatges d\u2019edificis que participen en cada edici\u00f3 del festival 48h Open House BCN. <strong>\u00a0<\/strong><\/p>\r\n<h3><strong><br \/>Qui hi pot participar<\/strong><\/h3>\r\n<p>Pot participar en el concurs qualsevol persona de m\u00e9s de 16 anys que hagi visitat algun dels edificis del festival 48h Open House BCN i vulgui aportar una visi\u00f3 fotogr\u00e0fica del que ha vist. <strong>\u00a0<\/strong><\/p>\r\n<h3><strong><br \/>Com han de ser les fotografies<\/strong><\/h3>\r\n<p>&#8211;\u00a0 Les fotografies han de ser d\u2019un edifici o d\u2019un detall d\u2019algun dels edificis que s\u2019hagin visitat durant el cap de setmana del festival 48h Open House BCN, <strong>que tractin sobre l&#8217;experi\u00e8ncia sensorial que produeixen els espais<\/strong>: no es tracta nom\u00e9s de disseny i aparen\u00e7a, sin\u00f2 de l&#8217;impacte que t\u00e9 el lloc sobre cada persona.<\/p>\r\n<p>&#8211;\u00a0 Han de ser fotografies que no hagin estat premiades ni reconegudes en cap altre concurs.<\/p>\r\n<p>&#8211;\u00a0 Es permet retocar les fotografies sempre que sigui per aplicar-hi filtres globals que en millorin la qualitat (contrast, llum\u2026).<\/p>\r\n<p>&#8211;\u00a0 No s\u2019admetran composicions fotogr\u00e0fiques (per exemple, afegir o treure elements, barrejar fotografies o modificar la composici\u00f3 original).<\/p>\r\n<h3><strong><br \/>Com participar-hi<\/strong><\/h3>\r\n<p>&#8211;\u00a0 Seleccioneu una fotografia (en color o en blanc i negre).<\/p>\r\n<p>&#8211;\u00a0 Comproveu que la resoluci\u00f3 de la fotografia tingui un m\u00e0xim de 10 megap\u00edxels, en format .jpg.<\/p>\r\n<p>&#8211;\u00a0 Guardeu el nom de l\u2019arxiu d\u2019aquesta manera: nom de l\u2019edifici-autor.jpg. Per exemple: EdificiCasaDavid-AnnaFranc.jpg.<\/p>\r\n<p>&#8211;\u00a0 Prepareu un correu electr\u00f2nic amb les vostres dades: nom i cognoms, adre\u00e7a postal i n\u00famero de tel\u00e8fon, aix\u00ed com el nom de l\u2019edifici.<\/p>\r\n<p>&#8211;\u00a0 Adjunteu la fotografia i envieu-la a\u00a0<\/p>\r\n<h3><strong>openfoto2025@48hopenhousebarcelona.org<\/strong><\/h3>\r\n<p>&#8211;\u00a0 Es pot enviar un m\u00e0xim de 3 fotos per participant.<\/p>\r\n<h3><strong><br \/><\/strong><strong>Dates<\/strong><\/h3>\r\n<p>El per\u00edode per presentar les fotografies \u00e9s del\u00a0<strong>25 d&#8217;octubre al 9 de novembre<\/strong>\u00a0<strong>del 2025 a les 23.59 h<\/strong>.<\/p>\r\n<p>A partir del\u00a0<strong>17 de novembre de 2025<\/strong>, l\u2019associaci\u00f3 es posar\u00e0 en contacte amb les persones guanyadores i penjar\u00e0 al web del festival les deu fotografies finalistes.<\/p>\r\n<p>El lliurament de premis es far\u00e0 el\u00a0<strong>26 de novembre del 2025<\/strong>. <strong>\u00a0<\/strong><\/p>\r\n<h3><strong><br \/>Jurat<\/strong><\/h3>\r\n<p>El jurat est\u00e0 format per:<\/p>\r\n<p>&#8211; Elisenda Bonet, arquitecta i directora de l\u2019associaci\u00f3 48h Open House Barcelona.<br \/>&#8211; Antonio Navarro Wijkmark, fot\u00f2graf oficial de l\u2019associaci\u00f3 48h Open House Barcelona.<br \/>&#8211; Pedro Vicente, professor de la facultat de Belles Arts de la Universitat Polit\u00e8cnica de Val\u00e8ncia.<\/p>\r\n<h3><strong><br \/>Premi<\/strong><\/h3>\r\n<p>El guanyador del concurs Open Foto rebr\u00e0 la fotografia impresa (gr\u00e0cies a la col\u00b7laboraci\u00f3 de\u00a0<a href=\"http:\/\/www.cafur.es\/\">CAFUR<\/a>),\u00a0una ampolla\u00a0<em>Casa de fam\u00edlia<\/em>\u00a0dissenyada per de l\u2019arquitecte Josep Maria Jujol i Gibert (donaci\u00f3 gentilesa de l\u2019Ajuntament de Sant Joan Desp\u00ed) i un pack AMIC OHB26.<\/p>\r\n<p>El segon finalista rebr\u00e0 la fotografia impresa (gr\u00e0cies a la col\u00b7laboraci\u00f3 de\u00a0<a href=\"http:\/\/www.cafur.es\/\">CAFUR<\/a>), un kit de fotografia anal\u00f2gica (gr\u00e0cies a la col\u00b7laboraci\u00f3 de\u00a0<a href=\"https:\/\/www.revelab.es\/\">Revelab Studio<\/a>),\u00a0i un pack doble d&#8217;AMIC OHB26.<\/p>\r\n<p>El tercer finalista rebr\u00e0 la fotografia impresa (gr\u00e0cies a la col\u00b7laboraci\u00f3 de\u00a0<a href=\"http:\/\/www.cafur.es\/\">CAFUR<\/a>)\u00a0i un pack d&#8217;AMIC OHB26.<\/p>\r\n<p><em>El\u00a0<a href=\"https:\/\/www.revelab.es\/harman-camera-la-apuesta-por-el-medioambiente-de-harman-e-ilford\/\">kit de fotografia anal\u00f2gica reutilitzable<\/a>\u00a0consta de: 1 ut Harman Reusable Camera 2 ut rodets de 35 mm a blanc i negre.<\/em><\/p>\r\n<p><a href=\"https:\/\/www.48hopenhousebarcelona.org\/politica-privacitat\/\">Consulteu la pol\u00edtica de privacitat.<\/a> \u00a0<\/p>\r\n<p><br \/>Amb el\u00a0suport\u00a0de:<\/p>\r\n<div class=\"wp-block-column\"><!-- \/wp:post-content -->\r\n<p><!-- wp:image {\"id\":399,\"linkDestination\":\"custom\"} --><\/p>\r\n<figure class=\"wp-block-image\"><a href=\"http:\/\/www.cafur.es\/blog\/\"><img loading=\"lazy\" decoding=\"async\" width=\"240\" height=\"73\" class=\"wp-image-399\" src=\"https:\/\/www.48hopenhousebarcelona.org\/wp-content\/uploads\/2019\/09\/logo_cafur.png\" alt=\"\" \/><\/a><\/figure>\r\n<p><!-- \/wp:image --><\/p>\r\n<\/div>\r\n<p><!-- \/wp:column --><\/p>\r\n<p><!-- wp:column --><\/p>\r\n<div class=\"wp-block-column\">Amb la col\u00b7laboraci\u00f3 de:\r\n<figure class=\"wp-block-image is-resized\"><a href=\"https:\/\/www.revelab.es\"><img loading=\"lazy\" decoding=\"async\" class=\"wp-image-16150\" src=\"https:\/\/www.48hopenhousebarcelona.org\/wp-content\/uploads\/2020\/09\/logosrevelab-300x106.jpg\" alt=\"\" width=\"150\" height=\"53\" \/><\/a><\/figure>\r\n<figure class=\"wp-block-image\"><a href=\"https:\/\/www.google.com\/search?client=safari&amp;rls=en&amp;q=ajuntament+de+sant+joan+desp%C3%AD&amp;ie=UTF-8&amp;oe=UTF-8\"><img loading=\"lazy\" decoding=\"async\" class=\"wp-image-380\" src=\"https:\/\/www.48hopenhousebarcelona.org\/wp-content\/uploads\/2019\/09\/240px_ajuntament_sant_joan_despi2.jpg\" alt=\"\" width=\"191\" height=\"81\" \/><\/a><\/figure>\r\n<\/div>\r\n<p>&nbsp;<\/p>\r\n<p>&nbsp;<\/p>","protected":false},"excerpt":{"rendered":"<p>Del 25 d&#8217;octubre al 9 de novembre del 2025 El concurs\u00a0Open Foto &#8211; Premi Josep Llobet\u00a0convida a capturar imatges d\u2019edificis que participen en cada edici\u00f3 del festival 48h Open House BCN. \u00a0 Qui hi pot participar Pot participar en el concurs qualsevol persona de m\u00e9s de 16 anys que hagi visitat algun dels edificis del [&hellip;]<\/p>\n","protected":false},"author":26,"featured_media":57159,"parent":0,"menu_order":0,"comment_status":"closed","ping_status":"closed","template":"template-novapagina.php","meta":{"_acf_changed":false,"footnotes":""},"class_list":["post-44832","page","type-page","status-publish","has-post-thumbnail","hentry"],"acf":[],"_links":{"self":[{"href":"https:\/\/www.48hopenhousebarcelona.org\/ca\/wp-json\/wp\/v2\/pages\/44832","targetHints":{"allow":["GET"]}}],"collection":[{"href":"https:\/\/www.48hopenhousebarcelona.org\/ca\/wp-json\/wp\/v2\/pages"}],"about":[{"href":"https:\/\/www.48hopenhousebarcelona.org\/ca\/wp-json\/wp\/v2\/types\/page"}],"author":[{"embeddable":true,"href":"https:\/\/www.48hopenhousebarcelona.org\/ca\/wp-json\/wp\/v2\/users\/26"}],"replies":[{"embeddable":true,"href":"https:\/\/www.48hopenhousebarcelona.org\/ca\/wp-json\/wp\/v2\/comments?post=44832"}],"version-history":[{"count":31,"href":"https:\/\/www.48hopenhousebarcelona.org\/ca\/wp-json\/wp\/v2\/pages\/44832\/revisions"}],"predecessor-version":[{"id":57589,"href":"https:\/\/www.48hopenhousebarcelona.org\/ca\/wp-json\/wp\/v2\/pages\/44832\/revisions\/57589"}],"wp:featuredmedia":[{"embeddable":true,"href":"https:\/\/www.48hopenhousebarcelona.org\/ca\/wp-json\/wp\/v2\/media\/57159"}],"wp:attachment":[{"href":"https:\/\/www.48hopenhousebarcelona.org\/ca\/wp-json\/wp\/v2\/media?parent=44832"}],"curies":[{"name":"wp","href":"https:\/\/api.w.org\/{rel}","templated":true}]}}