{"id":44977,"date":"2024-10-06T11:13:45","date_gmt":"2024-10-06T11:13:45","guid":{"rendered":"https:\/\/www.48hopenhousebarcelona.org\/?page_id=44977"},"modified":"2024-10-12T19:17:19","modified_gmt":"2024-10-12T19:17:19","slug":"open-infraestructures-24","status":"publish","type":"page","link":"https:\/\/www.48hopenhousebarcelona.org\/ca\/open-infraestructures-24\/","title":{"rendered":"OPEN INFRAESTRUCTURES"},"content":{"rendered":"\n<div class=\"wp-block-columns is-layout-flex wp-container-core-columns-is-layout-9d6595d7 wp-block-columns-is-layout-flex\">\n<div class=\"wp-block-column is-layout-flow wp-block-column-is-layout-flow\">\n<p>Sabem valorar objectivament el conjunt immobiliari que serveix com a suport imprescindible perqu\u00e8 els ciutadans disposin d&#8217;uns serveis de transport, de prove\u00efment i d&#8217;uns edificis de serveis de qualitat (escoles, hospitals, ports, depuradores, etc.)? Som conscients que la seva efic\u00e0cia va directament relacionada amb el desenvolupament econ\u00f2mic, la cohesi\u00f3 social i territorial de la Barcelona metropolitana?<br><br><\/p>\n<\/div>\n\n\n\n<div class=\"wp-block-column is-layout-flow wp-block-column-is-layout-flow\">\n<p>OPEN INFRAESTRUCTURES&nbsp;proposa visitar les instal\u00b7lacions que donen suport al desenvolupament de la ciutat i al seu creixement econ\u00f2mic i social per tal que pugui ser habitada: des d\u2019infraestructures per a la regulaci\u00f3 d\u2019aig\u00fces (que aprofiten l\u2019aigua de les pluges irregulars del clima mediterrani per a \u00e8poques de sequera), fins a infraestructures vinculades a la mobilitat i la salut urbana i metropolitana; sovint, totes, amb complexes solucions constructives per adaptar-se a les caracter\u00edstiques del lloc (com ara la proximitat de la cota del nivell fre\u00e0tic).<\/p>\n<\/div>\n<\/div>\n","protected":false},"excerpt":{"rendered":"<p>Sabem valorar objectivament el conjunt immobiliari que serveix com a suport imprescindible perqu\u00e8 els ciutadans disposin d&#8217;uns serveis de transport, de prove\u00efment i d&#8217;uns edificis de serveis de qualitat (escoles, hospitals, ports, depuradores, etc.)? Som conscients que la seva efic\u00e0cia va directament relacionada amb el desenvolupament econ\u00f2mic, la cohesi\u00f3 social i territorial de la Barcelona [&hellip;]<\/p>\n","protected":false},"author":26,"featured_media":51705,"parent":0,"menu_order":0,"comment_status":"closed","ping_status":"closed","template":"template-novapagina.php","meta":{"_acf_changed":false,"footnotes":""},"class_list":["post-44977","page","type-page","status-publish","has-post-thumbnail","hentry"],"acf":[],"_links":{"self":[{"href":"https:\/\/www.48hopenhousebarcelona.org\/ca\/wp-json\/wp\/v2\/pages\/44977","targetHints":{"allow":["GET"]}}],"collection":[{"href":"https:\/\/www.48hopenhousebarcelona.org\/ca\/wp-json\/wp\/v2\/pages"}],"about":[{"href":"https:\/\/www.48hopenhousebarcelona.org\/ca\/wp-json\/wp\/v2\/types\/page"}],"author":[{"embeddable":true,"href":"https:\/\/www.48hopenhousebarcelona.org\/ca\/wp-json\/wp\/v2\/users\/26"}],"replies":[{"embeddable":true,"href":"https:\/\/www.48hopenhousebarcelona.org\/ca\/wp-json\/wp\/v2\/comments?post=44977"}],"version-history":[{"count":20,"href":"https:\/\/www.48hopenhousebarcelona.org\/ca\/wp-json\/wp\/v2\/pages\/44977\/revisions"}],"predecessor-version":[{"id":52138,"href":"https:\/\/www.48hopenhousebarcelona.org\/ca\/wp-json\/wp\/v2\/pages\/44977\/revisions\/52138"}],"wp:featuredmedia":[{"embeddable":true,"href":"https:\/\/www.48hopenhousebarcelona.org\/ca\/wp-json\/wp\/v2\/media\/51705"}],"wp:attachment":[{"href":"https:\/\/www.48hopenhousebarcelona.org\/ca\/wp-json\/wp\/v2\/media?parent=44977"}],"curies":[{"name":"wp","href":"https:\/\/api.w.org\/{rel}","templated":true}]}}