{"id":44983,"date":"2024-10-03T06:38:00","date_gmt":"2024-10-03T06:38:00","guid":{"rendered":"https:\/\/www.48hopenhousebarcelona.org\/?page_id=44983"},"modified":"2024-10-12T17:50:37","modified_gmt":"2024-10-12T17:50:37","slug":"open-green-24","status":"publish","type":"page","link":"https:\/\/www.48hopenhousebarcelona.org\/ca\/open-green-24\/","title":{"rendered":"OPEN GREEN"},"content":{"rendered":"\r\n<div class=\"wp-block-columns is-layout-flex wp-container-core-columns-is-layout-9d6595d7 wp-block-columns-is-layout-flex\">\r\n<div class=\"wp-block-column is-layout-flow wp-block-column-is-layout-flow\">\r\n<p>El nostre h\u00e0bitat futur comen\u00e7a a construir-se des de la necessitat d&#8217;entendre&#8217;l i interpretar-lo com una construcci\u00f3 ambiental, amb quins valors i accions del present?<br \/>Us animem a valorar i\u00a0 anticipar com ser\u00e0 el nostre futur amb el coneixement i la reflexi\u00f3 de l&#8217;arquitectura actual de la Barcelona metropolitana.<\/p>\r\n<\/div>\r\n\r\n\r\n\r\n<div class=\"wp-block-column is-layout-flow wp-block-column-is-layout-flow\">\r\n<p><strong>OPEN GREEN<\/strong> destaca els edificis pensats amb criteris de sostenibilitat ambiental, energ\u00e8tica, social i econ\u00f2mica, i que, per tant, es comprometen amb les generacions futures optimitzant els recursos. La secci\u00f3 Open Green es compromet a donar a con\u00e8ixer l\u2019arquitectura que minimitza l\u2019impacte sobre el medi ambient i els seus ciutadans, amb els objectius de garantir l\u2019equilibri entre creixement econ\u00f2mic, de medi ambient i de benestar social.<\/p>\r\n<\/div>\r\n<\/div>\r\n\r\n\r\n\r\n<p>Amb el suport de:<\/p>\r\n\r\n\r\n\r\n<p>&nbsp;<\/p>\r\n\r\n\r\n\r\n<figure class=\"wp-block-image\"><a href=\"https:\/\/www.amb.cat\/s\/home.html\"><img decoding=\"async\" class=\"wp-image-3919\" src=\"https:\/\/www.48hopenhousebarcelona.org\/wp-content\/uploads\/2019\/09\/AMB-logo-vector-amb-1-300x63.jpg\" alt=\"\" \/><\/a><\/figure>\r\n\r\n\r\n\r\n<p>&nbsp;<\/p>\r\n\r\n\r\n\r\n<p>&nbsp;<\/p>\r\n","protected":false},"excerpt":{"rendered":"<p>El nostre h\u00e0bitat futur comen\u00e7a a construir-se des de la necessitat d&#8217;entendre&#8217;l i interpretar-lo com una construcci\u00f3 ambiental, amb quins valors i accions del present?Us animem a valorar i\u00a0 anticipar com ser\u00e0 el nostre futur amb el coneixement i la reflexi\u00f3 de l&#8217;arquitectura actual de la Barcelona metropolitana. OPEN GREEN destaca els edificis pensats amb [&hellip;]<\/p>\n","protected":false},"author":26,"featured_media":51852,"parent":0,"menu_order":0,"comment_status":"closed","ping_status":"closed","template":"template-novapagina.php","meta":{"_acf_changed":false,"footnotes":""},"class_list":["post-44983","page","type-page","status-publish","has-post-thumbnail","hentry"],"acf":[],"_links":{"self":[{"href":"https:\/\/www.48hopenhousebarcelona.org\/ca\/wp-json\/wp\/v2\/pages\/44983","targetHints":{"allow":["GET"]}}],"collection":[{"href":"https:\/\/www.48hopenhousebarcelona.org\/ca\/wp-json\/wp\/v2\/pages"}],"about":[{"href":"https:\/\/www.48hopenhousebarcelona.org\/ca\/wp-json\/wp\/v2\/types\/page"}],"author":[{"embeddable":true,"href":"https:\/\/www.48hopenhousebarcelona.org\/ca\/wp-json\/wp\/v2\/users\/26"}],"replies":[{"embeddable":true,"href":"https:\/\/www.48hopenhousebarcelona.org\/ca\/wp-json\/wp\/v2\/comments?post=44983"}],"version-history":[{"count":13,"href":"https:\/\/www.48hopenhousebarcelona.org\/ca\/wp-json\/wp\/v2\/pages\/44983\/revisions"}],"predecessor-version":[{"id":52123,"href":"https:\/\/www.48hopenhousebarcelona.org\/ca\/wp-json\/wp\/v2\/pages\/44983\/revisions\/52123"}],"wp:featuredmedia":[{"embeddable":true,"href":"https:\/\/www.48hopenhousebarcelona.org\/ca\/wp-json\/wp\/v2\/media\/51852"}],"wp:attachment":[{"href":"https:\/\/www.48hopenhousebarcelona.org\/ca\/wp-json\/wp\/v2\/media?parent=44983"}],"curies":[{"name":"wp","href":"https:\/\/api.w.org\/{rel}","templated":true}]}}