{"id":45078,"date":"2025-09-28T16:40:48","date_gmt":"2025-09-28T16:40:48","guid":{"rendered":"https:\/\/www.48hopenhousebarcelona.org\/?page_id=45078"},"modified":"2026-02-09T10:06:56","modified_gmt":"2026-02-09T10:06:56","slug":"funcionament-25","status":"publish","type":"page","link":"https:\/\/www.48hopenhousebarcelona.org\/ca\/funcionament-25\/","title":{"rendered":"FUNCIONAMENT"},"content":{"rendered":"\r\n<p>La programaci\u00f3 de l\u2019<strong>Open Barri d\u2019hivern a Nou Barris<\/strong> aprofundeix en aspectes i \u00e0rees concretes de l\u2019espai constru\u00eft, mostra la diversitat de l\u2019arquitectura catalana, i defensa la implicaci\u00f3 dels habitants en les transformacions f\u00edsiques, socials i econ\u00f2miques de les ciutats. El format Open Barri aporta una perspectiva nova al tradicional festival 48h Open House BCN en estendre la seva pres\u00e8ncia durant tot l&#8217;any, aix\u00ed que a m\u00e9s de les ja habituals visites guiades, la combinaci\u00f3 d&#8217;esdeveniments interactius i col\u00b7laboratius ofereix una plataforma accessible perqu\u00e8 els ciutadans reflexionin sobre el seu entorn arquitect\u00f2nic. Aquesta proposta implica un fort enfocament de proximitat en treballar directament amb els barris i les comunitats locals.<\/p>\r\n\r\n\r\n\r\n<p>&nbsp;<\/p>\r\n\r\n\r\n<hr class=\"wp-block-separator has-alpha-channel-opacity\" \/>\r\n\r\n\r\n<p>&nbsp;<\/p>\r\n\r\n\r\n\r\n<h2 class=\"wp-block-heading\"><span style=\"color: #0000ff;\">PENSA<\/span><\/h2>\r\n\r\n\r\n\r\n<h3><strong>XERRADES I TALLERS<\/strong><\/h3>\r\n<p>L\u2019Open Barri d\u2019hivern a Nou Barris reunir\u00e0 converses, tallers i activitats que oferiran una nova manera de mirar la perif\u00e8ria. El projecte acostar\u00e0 l&#8217;arquitectura, l&#8217;urbanisme i el patrimoni a trav\u00e9s d&#8217;experi\u00e8ncies que connecten el coneixement professional amb la mem\u00f2ria viva del barri. Es busca compartir amb la ciutat com s&#8217;habita i es viu a Nou Barris.<\/p>\r\n<p>La programaci\u00f3 activa diferents punts del districte amb iniciatives desenvolupades al costat d&#8217;institucions i persones del territori. S&#8217;abordar\u00e0 l&#8217;habitatge i les diverses formes de tinen\u00e7a presents en la zona; s&#8217;impulsar\u00e0 una cerca col\u00b7lectiva de fotografies en l&#8217;arxiu del districte per a reconstruir hist\u00f2ries poc visibles; es proposa un recorregut de <em>geocaching<\/em> per a revelar espais liminars i racons que passen desapercebuts.<\/p>\r\n<p>Cada activitat convidar\u00e0 a mirar Nou Barris amb curiositat, i involucrar a ve\u00efns, visitants i professionals en una exploraci\u00f3 compartida que doni valor a all\u00f2 que sol quedar fora del focus.<\/p>\r\n<p><strong><em>GEOCACHING OPEN BARRI: NOU BARRIS\u00a0<br \/><\/em><\/strong><em>Lliure<br \/><\/em><em>Joc de descoberta<br \/><\/em><em>Diverses ubicacions<\/em><\/p>\r\n<p><em>\u00a0<\/em><strong><em>TALLER DE MEM\u00d2RIA FOTOGR\u00c0FICA\u00a0<br \/><\/em><\/strong><em>Dijous 19 de febrer<br \/><\/em><em>18 h &#8211; Taller<br \/><\/em><em>Arxiu de Roquetes (Via Fav\u00e8ncia, 288A)<\/em><\/p>\r\n<p><strong><em>EL PATRIMONI PERDUT DE NOU BARRIS\u00a0<br \/><\/em><\/strong><em>Dijous 26 de febrer<br \/><\/em><em>18:30 h &#8211; Xerrada<br \/><\/em><em>Escola Superior de Conservaci\u00f3 i Restauraci\u00f3 de B\u00e9ns Culturals de Catalunya (Carrer d&#8217;Aiguablava, 109)<\/em><\/p>\r\n<h3><strong>BARRIBARCELONA<\/strong><\/h3>\r\n<p>Visita BARRIBARCELONA, l&#8217;exposici\u00f3 a la seu de la capitalitat, que convida a acostar-se als barris de la ciutat des de diferents vessants. Trenquem els l\u00edmits de la percepci\u00f3 i l\u2019empatia amb zones no centrals de la ciutat!<\/p>\r\n<p><em>Dijous 12 de febrer fins divendres 1 de mar\u00e7<br \/><\/em><em>10 &#8211; 19 h &#8211; Exposici\u00f3<br \/><\/em><em>Seu de la Capitalitat (Carrer de Rossell\u00f3, 87-89)<\/em><\/p>\r\n<h3><strong>CEL OBERT<\/strong><\/h3>\r\n<p>Descobreix el projecte <em>pop-up<\/em> de Muse\u00eftzaci\u00f3 d&#8217;arquitectura de proximitat mentre passeges pel barri. Senyalitzem cada edifici amb un QR que l&#8217;identifica i enlla\u00e7a amb la seva descripci\u00f3 i horari de visita durant el cap de setmana de portes obertes.<\/p>\r\n\r\n\r\n<hr class=\"wp-block-separator has-alpha-channel-opacity\" \/>\r\n\r\n\r\n<p>&nbsp;<\/p>\r\n<p>\r\n\r\n<\/p>\r\n<h2 class=\"wp-block-heading\"><span style=\"color: #0000ff;\">ENTRA<\/span><\/h2>\r\n<h3 class=\"wp-block-heading\"><b><span lang=\"CA\">ESPAIS OCULTS \/ EO<\/span><\/b><b><\/b><\/h3>\r\n<p>EO \u00e9s un projecte de difusi\u00f3 del patrimoni hist\u00f2ric de Barcelona, per a posar en valor espais desconeguts i inaccessibles i fer-los visibles als habitants de la ciutat. El format d\u2019aquestes jornades de patrimoni consisteix en visites guiades per experts a una selecci\u00f3 d\u2019espais singulars. A l\u2019Open Barri d\u2019hivern a Nou Barris, EO obrir\u00e0 una s\u00e8rie de llocs poc coneguts que nom\u00e9s revelen el seu valor quan s\u2019exploren amb calma. Seran espais de petit format que demanen una mirada atenta i grups redu\u00efts per apreciar-ne la singularitat. Cada visita oferir\u00e0 una experi\u00e8ncia propera que permetr\u00e0 descobrir detalls que sovint passen desapercebuts.<\/p>\r\n<p>\r\n\r\n<\/p>\r\n<div>\r\n<p><strong><em>MAGATZEM DE PATRIMONI CANYELLES\u00a0<br \/><\/em><\/strong><em>Dilluns 16 i\u00a0 23 de febrer<br \/><\/em><em>17, 18 i 19 h &#8211;\u00a0<\/em><em>Punt de trobada: Via Fav\u00e8ncia, 41- 47<\/em><\/p>\r\n<p><strong><em>ATL ESTACI\u00d3 DISTRIBU\u00cfDORA TRINITAT\u00a0<br \/><\/em><\/strong><em>Dimecres 18 de febrer<br \/><\/em><em>10, 11, 12 i 13 h &#8211;\u00a0<\/em><em>Punt de trobada: entrada pel Passeig del bosc de Roquetes<\/em><\/p>\r\n<p><strong><em>EL PONT DELS TRES ULLS\u00a0<br \/><\/em><\/strong><em>Dissabte 21 de febrer<br \/><\/em><em>10, 11, 12 , 13, 16 i 17 h &#8211;\u00a0<\/em><em>Punt de trobada: Casa de l\u2019Aigua de Trinitat Nova (C. de Garb\u00ed, 2, 08033)<\/em><\/p>\r\n<p><strong><em>AQ\u00dcEDUCTES I HIST\u00d2RIA A CIUTAT MERIDIANA<br \/><\/em><\/strong><em>Dissabte 21 de febrer<br \/><\/em><em>10 i 12 h &#8211;\u00a0<\/em><em>Punt de trobada: parada de metro L11 Can Cui\u00e0s<\/em><\/p>\r\n<p><strong><em>CONJUNT DE CASETES AL PASSATGE DE SANTA EUL\u00c0LIA\u00a0<br \/><\/em><\/strong><em>Diumenge 22 de febrer<br \/><\/em><em>10, 11, 12 , 13, 16 i 17 h &#8211;\u00a0<\/em><em>Punt de trobada: carrer de Santapau, cantonada al passatge Arquitecte Mill\u00e0s<\/em><\/p>\r\n<p><strong><em>AQ\u00dcEDUCTES I HIST\u00d2RIA A TORRE BAR\u00d3<br \/><\/em><\/strong><em>Dimecres 25 de febrer<br \/><\/em><em>16 i 17:30 h &#8211;\u00a0<\/em><em>Punt de trobada: parada de metro L11 Torre Bar\u00f3-Vallbona (sortida Carrer Sant Feliu de Codines)<\/em><\/p>\r\n<h3><strong>PORTES OBERTES<\/strong><\/h3>\r\n<p>Les portes obertes del cap de setmana ofereixen l&#8217;oportunitat de visitar edificis i espais del barri amb una mirada distinta. Alguns no solen obrir-se al p\u00fablic i altres s\u00ed, per\u00f2 la programaci\u00f3 permet descobrir-los des de dins, amb explicacions arquitect\u00f2niques i acc\u00e9s a racons que normalment passen desapercebuts. Obrim portes que habitualment estan tancades, per\u00f2 sobretot obrim converses: sobre arquitectura, sobre ciutat, sobre com habitem i transformem els espais que ens envolten.<\/p>\r\n<p><em>28 de febrer i 1 de mar\u00e7<br \/><\/em><em>10 a 19 h &#8211; Visites guiades<br \/><\/em><em>A 28 edificis del barri<\/em><\/p>\r\n<\/div>\r\n\r\n\r\n<hr class=\"wp-block-separator has-alpha-channel-opacity\" \/>\r\n\r\n\r\n<p>&nbsp;<\/p>\r\n\r\n\r\n\r\n<h2 class=\"wp-block-heading\"><span style=\"color: #0000ff;\">ESCOLTA<\/span><\/h2>\r\n<h3><strong>M\u00daSICA x ARQUITECTURA \/ MxA<\/strong><\/h3>\r\n<p>\r\n\r\n<\/p>\r\n<div>\r\n<p>MxA convida a gaudir de l\u2019arquitectura i la m\u00fasica des d\u2019una perspectiva cultural diferent i complement\u00e0ria. Amb aquesta activitat, es celebra l\u2019experimentaci\u00f3 audiovisual amb el cos de l\u2019arquitectura com a laboratori creatiu. Videoclips, animaci\u00f3, videojocs, visuals, dansa i documental es barregen amb m\u00fasica en directe per viure la ciutat d\u2019una altra manera. L&#8217;esdeveniment es divideix en dos apartats: <strong>MxA-V\u00cdDEO<\/strong> que recull v\u00eddeos presentats dins el concurs internacional de v\u00eddeo experimental dels anys 2023 al 2025 i que es centren en parlar i explicar la perif\u00e8ria, l\u2019habitar en les vores i l\u2019ocupaci\u00f3 d\u2019espais liminars. <strong>MxA-CONCERT<\/strong> consta de l&#8217;actuaci\u00f3 en directe de dos projectes locals de petit format.<\/p>\r\n<p><em>Dissabte 21 de febrer<br \/><\/em><em>15<\/em><em>\u202f<\/em><em>h &#8211; Taller de paisatge sonor a Vallbona<br \/><\/em><em>Estaci\u00f3 de tren de Torre Bar\u00f3<\/em><\/p>\r\n<p><em>17:30 h &#8211; V\u00eddeos i instal\u00b7laci\u00f3-concert<br \/><\/em><em>Casa de l\u2019Aigua (Carrer de Garb\u00ed, 2)<\/em><\/p>\r\n<\/div>\r\n<h3><strong>RADIOMEDIA ARQUITECTURA<\/strong><\/h3>\r\n<p>Radiomedia \u00e9s un recopilatori atemporal de m\u00e8dia (\u00e0udios, v\u00eddeos, textos\u2026) creat per arquitectes, autors, entitats i associacions expertes que transmeten el seu coneixement amb emoci\u00f3 i comprom\u00eds cap a la ciutat i la seva arquitectura. Des d\u2019Estudi RM-A, es recullen opinions i mirades diferents per a convidar a pensar l&#8217;arquitectura amb nosaltres, sense imposar.\u00a0 A l\u2019Open Barri d\u2019hivern a Nou Barris, s&#8217;emetr\u00e0 en directe un programa de r\u00e0dio per a obrir la conversa a qui vulgui sumar-se.<\/p>\r\n<p><strong><em>TRES PUNTS DE FUGA\u00a0<br \/><\/em><\/strong><em>Divendres 27 de febrer<br \/><\/em><em>12 h &#8211; Programa de r\u00e0dio<br \/><\/em><em>Ateneu La B\u00f2bila (Carrer de l&#8217;Estudiant, 1)<\/em><\/p>\r\n\r\n\r\n<hr class=\"wp-block-separator has-alpha-channel-opacity\" \/>\r\n\r\n\r\n<h3 class=\"wp-block-heading\"><br \/>Tipus de visites<\/h3>\r\n\r\n\r\n\r\n<p>L\u2019edici\u00f3 del festival d\u2019arquitectura 48h Open House BCN 2025 \u00e9s presencial.<\/p>\r\n\r\n\r\n\r\n<p>S\u2019ofereixen diferents tipus de visita:<\/p>\r\n\r\n\r\n\r\n<p>&#8211; Visites guiades per voluntaris. El p\u00fablic accedeix de manera organitzada a les activitats que formen part de la programaci\u00f3 del festival, on un grup de voluntaris s\u2019encarrega de gestionar els grups i fer les explicacions.<\/p>\r\n\r\n\r\n\r\n<p>&#8211; Visites guiades per arquitectes. El p\u00fablic accedeix de manera organitzada a les activitats que formen part de la programaci\u00f3 del festival: un grup de voluntaris s\u2019encarrega de gestionar els grups i l\u2019arquitecte autor del projecte fa les explicacions (secci\u00f3 Open Pro).<\/p>\r\n\r\n\r\n\r\n<p>&#8211; Visites guiades a trav\u00e9s d\u2019un podcast\u00a0(que es pot trobar al nostre web).\u00a0El p\u00fablic accedeix lliurement a les activitats que formen part de la programaci\u00f3 del festival. A cada activitat hi ha un voluntari que informa de la programaci\u00f3 i controla l\u2019acc\u00e9s per q\u00fcestions d\u2019aforament. La visita es pot complementar amb l\u2019explicaci\u00f3 que ofereix un podcast narrat per professionals o per entitats i associacions expertes (secci\u00f3 Open Pro).<\/p>\r\n\r\n\r\n\r\n<p>&#8211; Visites lliures. El p\u00fablic accedeix lliurement a les activitats que formen part de la programaci\u00f3 del festival. A cada activitat hi ha un voluntari que informa de la programaci\u00f3 i controla l\u2019acc\u00e9s per q\u00fcestions d\u2019aforament.<\/p>\r\n\r\n\r\n\r\n<p>&#8211; Itineraris lliures guiats a trav\u00e9s d\u2019un podcast\u00a0(que es pot trobar al nostre web).\u00a0El p\u00fablic fa lliurement un recorregut exterior per la ciutat que relliga diferents espais i edificis al voltant d\u2019una tem\u00e0tica. La visita es pot complementar amb l\u2019explicaci\u00f3 que ofereix un podcast narrat per professionals o per entitats i associacions expertes (secci\u00f3 Open Pro).<\/p>\r\n\r\n\r\n\r\n<p>&#8211; Itineraris amb inscripci\u00f3. Itineraris guiats amb inscripci\u00f3 pr\u00e8via.<\/p>\r\n\r\n\r\n<hr class=\"wp-block-separator has-alpha-channel-opacity\" \/>\r\n\r\n\r\n<p>&nbsp;<\/p>\r\n<h2 class=\"wp-block-heading\"><span style=\"color: #0000ff;\"><strong>OPEN CUINA<br \/><\/strong><\/span><strong>Inclou receptes dissenyades especialment per a cada Open Barri<\/strong><\/h2>\r\n<p>En 2026, cada Open Barri celebra la identitat gastron\u00f2mica de la seva zona a trav\u00e9s d&#8217;una tapa que funciona com a retrat cultural, que acosta l&#8217;arquitectura a trav\u00e9s del paladar i que mostra com cada barri expressa la seva identitat tamb\u00e9 des de la cuina.<\/p>\r\n<p>A l\u2019hivern i la zona Nou Barris, les molles de pa funcionen com una picada d&#8217;ullet directa a la seva hist\u00f2ria popular: un plat senzill que reflecteix la for\u00e7a d&#8217;una comunitat que se secunda, es barreja i es reinventa. Unes molles que parlen de resist\u00e8ncia tranquil\u00b7la, de taules compartides i d&#8217;un barri que mai perd el seu sentit col\u00b7lectiu.\u00a0<\/p>\r\n<p>&nbsp;<\/p>\r\n<h2><span style=\"color: #0000ff;\"><strong>OPEN PETITS<br \/><\/strong><\/span><strong>Per als menors de 12 anys!<\/strong><\/h2>\r\n<p>A tres edificis de Nou Barris, els petits trobaran <strong>un quadernet amb activitats<\/strong> d&#8217;observaci\u00f3, dibuix i preguntes sobre arquitectura i barri.<\/p>\r\n<p>&nbsp;<\/p>\r\n<h2><span style=\"color: #0000ff;\"><strong>OPENGRAM<br \/><\/strong><\/span><strong>Del 28 de febrer al 8 de mar\u00e7<br \/>#openbarri\u00a0<\/strong><\/h2>\r\n<p>En aquest concurs exclusiu per a l\u2019Open Barri a Nou Barris, obrim la possibilitat a altres tipus de narracions visuals: v\u00eddeos, fotos, dibuixos\u2026 <strong>Totes aquestes hist\u00f2ries han de reflexionar sobre la identitat de les zones perif\u00e8riques de les ciutats, l&#8217;experi\u00e8ncia d&#8217;habitar en les vores, i les transformacions humanes en entorns urbans espec\u00edfics.<\/strong><\/p>\r\n<p>&nbsp;<\/p>\r\n<h2><span style=\"color: #0000ff;\"><strong>B\u00daSTIA DEL BARRI<br \/><\/strong><\/span><strong>T&#8217;animes a deixar la teva petjada a l\u2019Open Barri? <\/strong><\/h2>\r\n<p>Durant tots el dies de l\u2019Open Barri, es pot trobar una urna m\u00f2bil per a compartir idees, opinions i somnis sobre la zona i el barri. No importa si \u00e9s visitant o ve\u00ed: la veu compta i volem escoltar-la. Cada resposta ens ajuda a imaginar junts com volem que sigui el nostre espai com\u00fa.<\/p>\r\n<p>Es trobaran quatre temes diferents:<\/p>\r\n<p><u>Hist\u00f2ria del barri i identitat<\/u>:\u00a0 quin paper t\u00e9 l&#8217;arquitectura en la hist\u00f2ria d&#8217;un barri? Sents que pertanys al teu barri?<\/p>\r\n<p><u>Cultura arquitect\u00f2nica<\/u>: creus que l&#8217;arquitectura del teu barri \u00e9s cultura? Quins espais representen millor la cultura del teu barri?<\/p>\r\n<p><u>Arquitectura i sostenibilitat<\/u>: com t&#8217;imagines el teu barri en el 2030? Coneixes algun exemple d&#8217;espai sostenible al teu barri?<\/p>\r\n<p><u>Festival 48h Open House BCN<\/u>: coneixes l&#8217;associaci\u00f3 cultural 48h Open House Barcelona? Creus que \u00e9s important la tasca que fan Open Barri i l&#8217;associaci\u00f3?<\/p>\r\n<p>&nbsp;<\/p>\r\n\r\n\r\n<hr class=\"wp-block-separator has-alpha-channel-opacity\" \/>\r\n\r\n\r\n<h3 class=\"wp-block-heading\"><strong><br \/><\/strong>L&#8217;Open Barri a les xarxes<\/h3>\r\n\r\n\r\n\r\n<p>Seguiu-nos a les xarxes! Feu servir els\u00a0<em>hashtags\u00a0<\/em><strong>#openbarri<\/strong>\u00a0i\u00a0<strong>#OHB\u00a0<\/strong>per compartir contingut, imatges i v\u00eddeos.<\/p>\r\n\r\n\r\n\r\n\r\n\r\n<p>&nbsp;<\/p>\r\n\r\n\r\n<hr class=\"wp-block-separator has-alpha-channel-opacity\" \/>\r\n\r\n\r\n<p>&nbsp;<\/p>\r\n\r\n\r\n\r\n<h3 class=\"wp-block-heading\">Contacte<\/h3>\r\n\r\n\r\n\r\n<p>Per a m\u00e9s informaci\u00f3, podeu posar-vos en contacte amb nosaltres per:<\/p>\r\n\r\n\r\n\r\n<p><strong>Xarxes socials\u00a0<\/strong><a href=\"https:\/\/www.instagram.com\/48hopenhousebcn\/\">Instagram<\/a>\u00a0\/\u00a0<a href=\"https:\/\/www.facebook.com\/48HOpenHouseBarcelona\">Facebook<\/a>\u00a0\/\u00a0<a href=\"https:\/\/twitter.com\/48hOpenHouseBcn\">X<\/a><a href=\"https:\/\/twitter.com\/48hOpenHouseBcn\">\u00a0<\/a>\u00a0\/\u00a0<a href=\"https:\/\/www.youtube.com\/channel\/UCXD-orew0WRLTGIYcTSEV0Q\">Youtube<\/a>\u00a0\/\u00a0<a href=\"https:\/\/www.tiktok.com\/@48hopenhousebarcelona\">Tik Tok<\/a><\/p>\r\n\r\n\r\n\r\n<p><strong>Oficina general\u00a0<\/strong>934 87 66 17<\/p>\r\n\r\n\r\n\r\n<p><strong>Consultes generals:\u00a0<\/strong>consultes@48hopenhousebarcelona.org<\/p>\r\n\r\n\r\n\r\n<p><strong>Mitjans:\u00a0<\/strong>premsa@openhousebarcelona.org \/\u00a0gemma.larregola@openhousebarcelona.org \/ Tel. +34 607 820 940<\/p>\r\n\r\n\r\n\r\n<div class=\"wp-block-spacer\" style=\"height: 100px;\" aria-hidden=\"true\">\u00a0<\/div>\r\n","protected":false},"excerpt":{"rendered":"<p>La programaci\u00f3 de l\u2019Open Barri d\u2019hivern a Nou Barris aprofundeix en aspectes i \u00e0rees concretes de l\u2019espai constru\u00eft, mostra la diversitat de l\u2019arquitectura catalana, i defensa la implicaci\u00f3 dels habitants en les transformacions f\u00edsiques, socials i econ\u00f2miques de les ciutats. El format Open Barri aporta una perspectiva nova al tradicional festival 48h Open House BCN [&hellip;]<\/p>\n","protected":false},"author":26,"featured_media":59365,"parent":0,"menu_order":0,"comment_status":"closed","ping_status":"closed","template":"template-novapagina.php","meta":{"_acf_changed":false,"footnotes":""},"class_list":["post-45078","page","type-page","status-publish","has-post-thumbnail","hentry"],"acf":[],"_links":{"self":[{"href":"https:\/\/www.48hopenhousebarcelona.org\/ca\/wp-json\/wp\/v2\/pages\/45078","targetHints":{"allow":["GET"]}}],"collection":[{"href":"https:\/\/www.48hopenhousebarcelona.org\/ca\/wp-json\/wp\/v2\/pages"}],"about":[{"href":"https:\/\/www.48hopenhousebarcelona.org\/ca\/wp-json\/wp\/v2\/types\/page"}],"author":[{"embeddable":true,"href":"https:\/\/www.48hopenhousebarcelona.org\/ca\/wp-json\/wp\/v2\/users\/26"}],"replies":[{"embeddable":true,"href":"https:\/\/www.48hopenhousebarcelona.org\/ca\/wp-json\/wp\/v2\/comments?post=45078"}],"version-history":[{"count":60,"href":"https:\/\/www.48hopenhousebarcelona.org\/ca\/wp-json\/wp\/v2\/pages\/45078\/revisions"}],"predecessor-version":[{"id":57109,"href":"https:\/\/www.48hopenhousebarcelona.org\/ca\/wp-json\/wp\/v2\/pages\/45078\/revisions\/57109"}],"wp:featuredmedia":[{"embeddable":true,"href":"https:\/\/www.48hopenhousebarcelona.org\/ca\/wp-json\/wp\/v2\/media\/59365"}],"wp:attachment":[{"href":"https:\/\/www.48hopenhousebarcelona.org\/ca\/wp-json\/wp\/v2\/media?parent=45078"}],"curies":[{"name":"wp","href":"https:\/\/api.w.org\/{rel}","templated":true}]}}