{"id":51371,"date":"2025-09-28T16:50:39","date_gmt":"2025-09-28T16:50:39","guid":{"rendered":"https:\/\/www.48hopenhousebarcelona.org\/?page_id=51371"},"modified":"2025-11-20T12:04:54","modified_gmt":"2025-11-20T12:04:54","slug":"com-vols-viure-preparat-per-al-festival-darquitectura-48h-open-house-bcn-2025","status":"publish","type":"page","link":"https:\/\/www.48hopenhousebarcelona.org\/ca\/com-vols-viure-preparat-per-al-festival-darquitectura-48h-open-house-bcn-2025\/","title":{"rendered":"PREPARA&#8217;T PER AL FESTIVAL D\u2019ARQUITECTURA 48H OPEN HOUSE BCN 2025!"},"content":{"rendered":"<h2><span style=\"color: #808080;\">SENT L&#8217;ARQUITECTURA<\/span><br \/><strong>25 I 26 D\u2019OCTUBRE DE 2025<\/strong><\/h2>\n<p>Un cop a l\u2019any, durant un \u00fanic cap de setmana, el festival 48h Open House BCN convida m\u00e9s de 76.000 persones a mirar la ciutat amb uns altres ulls. Obrim portes que habitualment estan tancades, per\u00f2 sobretot obrim converses: sobre arquitectura, sobre ciutat, sobre com habitem i transformem els espais que ens envolten.<\/p>\n<p>En els \u00faltims anys, des del festival hem destacat els oficis, els elements i les caracter\u00edstiques fonamentals de l&#8217;arquitectura. Al 2025, la 16\u00aa edici\u00f3 busca pensar l\u2019arquitectura des de els sentits i les sensacions, perqu\u00e8 <strong>l&#8217;arquitectura no \u00e9s nom\u00e9s el que veiem, sin\u00f3 tamb\u00e9 el que sentim, olorem i toquem.<\/strong><\/p>\n<p>Tots podem recordar aquelles arquitectures que m\u00e9s ens han impressionat i condicionat i que conservem dins de nosaltres principalment amb imatges, per\u00f2 tamb\u00e9 amb sons, olors, tactes. Diferents llocs poden inspirar concentraci\u00f3, evocar tristesa o donar-nos una sensaci\u00f3 de llibertat. Poden fer-nos sentir c\u00f2modes o lleugers com l&#8217;aire. Cada petit detall, ja sigui un ress\u00f2, un moment de silenci o una aroma espec\u00edfica, crea una atmosfera que pot influir en com ens sentim i en les decisions que prenem.<\/p>\n<p><strong>SENT L&#8217;ARQUITECTURA ens convida a prestar atenci\u00f3 a aquestes sensacions quotidianes i a redescobrir el nostre entorn utilitzant els nostres sentits.<\/strong> No es tracta nom\u00e9s del disseny o l&#8217;aparen\u00e7a, sin\u00f3 de l&#8217;impacte que un lloc t\u00e9 en nosaltres: si ens abra\u00e7a, si ens dona espai per respirar o si ens permet ser nosaltres mateixos.<\/p>\n<p>Un any m\u00e9s, <strong>Open Petits <\/strong>proposa un joc especial que consta de trobar petites cases amagades a 11 espais diferents de les ciutats. Open Kitchen es transforma en <strong>Open Cuina<\/strong> per oferir tres receptes dissenyades especialment per al festival d\u2019enguany.<\/p>\n<p>&nbsp;<\/p>\n<hr \/>\n<p>&nbsp;<\/p>\n<p>Des del 2023, el festival s&#8217;uneix a la celebraci\u00f3 de la <a href=\"https:\/\/barcelonadesignweek.com\" target=\"_blank\" rel=\"noopener\">Barcelona Design Week<\/a> i a la seva iniciativa global per impulsar l\u2019objectiu ODS n\u00famero 18 que tracta el disseny com un element clau per al present i el futur de les persones. Per aix\u00f2, el festival ha nomenat el <a href=\"https:\/\/www.48hopenhousebarcelona.org\/es\/els-edificis\/bloc-4-de-can-batllo-futura-seu-de-coopolis\/\" target=\"_blank\" rel=\"noopener\">Bloc4BCN \u2013 ESPAI COOPERATIU<\/a>, al Recinte Can Batll\u00f3, com el <strong>EDIFICI 18<\/strong>, amb la idea de ressaltar els valors i la import\u00e0ncia del disseny d&#8217;aquest projecte.<\/p>\n<p>&nbsp;<\/p>\n<hr \/>\n<p>&nbsp;<\/p>\n<p>Al llarg del festival, explorarem la ciutat no sols visualment, sin\u00f3 a trav\u00e9s dels nostres cossos. Al cap i a la fi, l&#8217;arquitectura \u00e9s tant sentir com construir.<\/p>\n<p>Us animem a participar en aquesta 15a edici\u00f3 del festival d\u2019arquitectura 48h Open House BCN!<\/p>\n<p>&nbsp;<\/p>\n<h3><span style=\"color: #808080;\"><strong>Qu\u00e8 ofereix el 48h Open House BCN 2025?<\/strong><\/span><\/h3>\n<ul>\n<li>7 ciutats: Barcelona, Badalona, L\u2019Hospitalet, Santa Coloma de Gramenet, Sant Joan Desp\u00ed, Vilassar de Dalt i Sitges.<\/li>\n<li>207 activitats a tot l\u2019\u00e0mbit geogr\u00e0fic<\/li>\n<li>199 edificis a tot l\u2019\u00e0mbit geogr\u00e0fic<\/li>\n<li>136 edificis a Barcelona<\/li>\n<li>8 itineraris<\/li>\n<li>31 % de novetats a la programaci\u00f3<\/li>\n<li>M\u00e9s de 45 edificis Open PRO, amb la col\u00b7laboraci\u00f3 d\u2019arquitectes i dissenyadors<\/li>\n<li>57 espais mai vists a la programaci\u00f3<\/li>\n<\/ul>\n<h3><span style=\"color: #808080;\"><strong>Dates importants<\/strong><\/span><\/h3>\n<ul>\n<li>Crida de voluntariat: des del 2 de setembre<\/li>\n<li>Presentaci\u00f3 del festival i de la campanya de comunicaci\u00f3: 6 d\u2019octubre, Dia Mundial del H\u00e0bitat<\/li>\n<li>Programaci\u00f3 d\u2019edificis i itineraris en la p\u00e0gina web del festival: des del 6 d\u2019octubre<\/li>\n<li>Obertura d\u2019inscripcions per als itineraris: 20 d\u2019octubre a les 20h<\/li>\n<li><strong>Festival d\u2019arquitectura 48h Open House BCN: 25 i 26 d\u2019octubre<\/strong><\/li>\n<\/ul>\n<h3><span style=\"color: #808080;\"><strong>\u00a0<\/strong><strong>Informaci\u00f3 important<\/strong><\/span><\/h3>\n<ul>\n<li>El festival d\u2019arquitectura 48h Open House BCN \u00e9s un esdeveniment l\u00fadic, <strong>gratu\u00eft i obert a tothom<\/strong>, sense venda d\u2019entrades i amb m\u00e9s de 190 espais oberts sense inscripci\u00f3 pr\u00e8via.<\/li>\n<li>Enguany, el <a href=\"https:\/\/recomanador.openhousebarcelona.org\" target=\"_blank\" rel=\"noopener\"><strong>recomanador<\/strong><\/a> del festival 48h Open House BCN ofereix l\u2019oportunitat d\u2019experimentar com l\u2019arquitectura \u00e9s una forma d\u2019art espacial que apel\u00b7la als nostres sentits. Nom\u00e9s s\u2019ha d\u2019accedir al web i contestar les cinc preguntes per a veure una llista dels tres edificis m\u00e9s adients per a cada persona!<\/li>\n<li>El cat\u00e0leg es va convertir en una <strong>revista<\/strong>: una guia pr\u00e0ctica del festival, amb recomanacions per a tenir la millor experi\u00e8ncia durant el cap de setmana, a m\u00e9s de les diverses activitats que desenvolupa l\u2019associaci\u00f3 al llarg de l\u2019any.<\/li>\n<li>Tornem a oferir un <strong>mapa impr\u00e8s<\/strong> que facilita el passeig i l\u2019organitzaci\u00f3 de les visites.<\/li>\n<li>El temps d&#8217;espera per a accedir a cada edifici varia segons la grand\u00e0ria de cada espai i la quantitat de persones que vulguin entrar. Per aix\u00f2, posem a la disposici\u00f3 del p\u00fablic un <strong>mapa<\/strong> que ensenya, en temps real, els espais amb m\u00e9s i menys aflu\u00e8ncia de persones; a m\u00e9s, compartim aquesta informaci\u00f3 en directe a les <strong>nostres xarxes socials<\/strong>.<\/li>\n<\/ul>\n<p>&nbsp;<\/p>\n<p>&nbsp;<\/p>\n","protected":false},"excerpt":{"rendered":"<p>SENT L&#8217;ARQUITECTURA25 I 26 D\u2019OCTUBRE DE 2025 Un cop a l\u2019any, durant un \u00fanic cap de setmana, el festival 48h Open House BCN convida m\u00e9s de 76.000 persones a mirar la ciutat amb uns altres ulls. Obrim portes que habitualment estan tancades, per\u00f2 sobretot obrim converses: sobre arquitectura, sobre ciutat, sobre com habitem i transformem [&hellip;]<\/p>\n","protected":false},"author":26,"featured_media":56939,"parent":0,"menu_order":0,"comment_status":"closed","ping_status":"closed","template":"template-novapagina.php","meta":{"_acf_changed":false,"footnotes":""},"class_list":["post-51371","page","type-page","status-publish","has-post-thumbnail","hentry"],"acf":[],"_links":{"self":[{"href":"https:\/\/www.48hopenhousebarcelona.org\/ca\/wp-json\/wp\/v2\/pages\/51371","targetHints":{"allow":["GET"]}}],"collection":[{"href":"https:\/\/www.48hopenhousebarcelona.org\/ca\/wp-json\/wp\/v2\/pages"}],"about":[{"href":"https:\/\/www.48hopenhousebarcelona.org\/ca\/wp-json\/wp\/v2\/types\/page"}],"author":[{"embeddable":true,"href":"https:\/\/www.48hopenhousebarcelona.org\/ca\/wp-json\/wp\/v2\/users\/26"}],"replies":[{"embeddable":true,"href":"https:\/\/www.48hopenhousebarcelona.org\/ca\/wp-json\/wp\/v2\/comments?post=51371"}],"version-history":[{"count":26,"href":"https:\/\/www.48hopenhousebarcelona.org\/ca\/wp-json\/wp\/v2\/pages\/51371\/revisions"}],"predecessor-version":[{"id":58143,"href":"https:\/\/www.48hopenhousebarcelona.org\/ca\/wp-json\/wp\/v2\/pages\/51371\/revisions\/58143"}],"wp:featuredmedia":[{"embeddable":true,"href":"https:\/\/www.48hopenhousebarcelona.org\/ca\/wp-json\/wp\/v2\/media\/56939"}],"wp:attachment":[{"href":"https:\/\/www.48hopenhousebarcelona.org\/ca\/wp-json\/wp\/v2\/media?parent=51371"}],"curies":[{"name":"wp","href":"https:\/\/api.w.org\/{rel}","templated":true}]}}