{"id":552,"date":"2019-09-03T18:12:28","date_gmt":"2019-09-03T18:12:28","guid":{"rendered":"https:\/\/www.48hopenhousebarcelona.org\/amigues\/"},"modified":"2023-06-08T11:19:05","modified_gmt":"2023-06-08T11:19:05","slug":"amics","status":"publish","type":"page","link":"https:\/\/www.48hopenhousebarcelona.org\/ca\/amics\/","title":{"rendered":"Amics"},"content":{"rendered":"<p><img loading=\"lazy\" decoding=\"async\" class=\"alignnone wp-image-3861\" src=\"https:\/\/www.48hopenhousebarcelona.org\/wp-content\/uploads\/2019\/06\/Visita-exclusiva-per-amics-i-micro-mecenes-a-la-Casa-Vicens-slide-3-300x200.jpg\" alt=\"\" width=\"431\" height=\"287\" \/><a href=\"http:\/\/openextra.openhousebarcelona.org\/index.php\/ca\/botiga\/passis-d-acces-preferent\/142-weekend-passport-cat\"><img loading=\"lazy\" decoding=\"async\" class=\"alignnone wp-image-14583 size-medium\" src=\"https:\/\/www.48hopenhousebarcelona.org\/wp-content\/uploads\/2019\/12\/crida-amics-nadal-cat-300x300.jpg\" alt=\"\" width=\"300\" height=\"300\" srcset=\"https:\/\/www.48hopenhousebarcelona.org\/wp-content\/uploads\/2019\/12\/crida-amics-nadal-cat-300x300.jpg 300w, https:\/\/www.48hopenhousebarcelona.org\/wp-content\/uploads\/2019\/12\/crida-amics-nadal-cat-100x100.jpg 100w, https:\/\/www.48hopenhousebarcelona.org\/wp-content\/uploads\/2019\/12\/crida-amics-nadal-cat-400x400.jpg 400w, https:\/\/www.48hopenhousebarcelona.org\/wp-content\/uploads\/2019\/12\/crida-amics-nadal-cat-150x150.jpg 150w, https:\/\/www.48hopenhousebarcelona.org\/wp-content\/uploads\/2019\/12\/crida-amics-nadal-cat-768x768.jpg 768w, https:\/\/www.48hopenhousebarcelona.org\/wp-content\/uploads\/2019\/12\/crida-amics-nadal-cat-1024x1024.jpg 1024w\" sizes=\"auto, (max-width: 300px) 100vw, 300px\" \/><\/a><\/p>\n<p>Fes-te<a href=\"http:\/\/openextra.openhousebarcelona.org\/index.php\/ca\/botiga\/passis-d-acces-preferent\/142-weekend-passport-cat\"><strong> AMIC del 48h Open House BCN<\/strong><\/a> i gaudeix de la <strong>cultura arquitect\u00f2nica<\/strong>!<\/p>\n<p>La setmana abans del festival 2020 t&#8217;entregarem el <strong>PACK AMIGA OHB20<\/strong> amb la bossa, el cat\u00e0leg oficial del Festival, la polsera i altres materials, que podr\u00e0s recollir a Rambla Catalunya 87, 1-D, Barcelona. D\u00f2na suport a l&#8217;associaci\u00f3 durant tot l&#8217;any sent micromecena i aconsegueix:<\/p>\n<blockquote>\n<ul>\n<li><strong>Visites exclusives durant l&#8217;any<\/strong> (Des del festival OHB20 fins comen\u00e7ar el OHB21)\n<ul>\n<li><strong>Prefer\u00e8ncia<\/strong> a Espais Ocults durant la setmana de l&#8217;arquitectura del maig<\/li>\n<li><strong>Visites a edificis i itineraris\n<p><\/strong><\/li>\n<\/ul>\n<\/li>\n<li><strong>Avantatges durant el festival amb polsera AMIGA<\/strong>\n<ul>\n<li><strong>Acc\u00e9s prioritari als edificis de la programaci\u00f3\u00a0<\/strong> del Festival a Barcelona i les ciutats de l&#8217;\u00e0rea metropolitana que hi\u00a0participen: Santa Coloma de Gramenet,\u00a0Sant Joan Desp\u00ed, Badalona, l\u2019Hospitalet de Llobregat i\u00a0Vilassar de Dalt.<\/li>\n<li><strong>Acc\u00e9s preferent a TOTS\u00a0els edificis de la programaci\u00f3\u00a0<\/strong> que s\u00f3n d&#8217;acc\u00e9s lliure.<\/li>\n<li>Acc\u00e9s\u00a0a edificis amb\u00a0<strong>visita nom\u00e9s pels micromecenes OHB20<\/strong><\/li>\n<li><\/li>\n<\/ul>\n<\/li>\n<li><strong>Guia, bossa i molt m\u00e9s!<\/strong>\n<ul>\n<li>Disposar del M<strong>apa del Festival 2020<\/strong>\u00a0i dels diferents materials (bossa + postals) OHB!<\/li>\n<\/ul>\n<\/li>\n<\/ul>\n<\/blockquote>\n<p>Ja podeu <a href=\"http:\/\/openextra.openhousebarcelona.org\/index.php\/ca\/\">comprar o regalar el pack per 40\u20ac<\/a> (si \u00e9s per regalar anoteu el correu electr\u00f2nic de la persona benefici\u00e0ria per tal de convidar-lo a les activitats durant l&#8217;any.<\/p>\n<div>\n<p><a href=\"http:\/\/48hopenhousebarcelona.org\/ca\/formes-de-patrocini\">Altres formes de col.laboraci\u00f3 econ\u00f2mica i patrocini<\/a><\/p>\n<\/div>\n","protected":false},"excerpt":{"rendered":"<p>Fes-te AMIC del 48h Open House BCN i gaudeix de la cultura arquitect\u00f2nica! La setmana abans del festival 2020 t&#8217;entregarem el PACK AMIGA OHB20 amb la bossa, el cat\u00e0leg oficial del Festival, la polsera i altres materials, que podr\u00e0s recollir a Rambla Catalunya 87, 1-D, Barcelona. D\u00f2na suport a l&#8217;associaci\u00f3 durant tot l&#8217;any sent micromecena [&hellip;]<\/p>\n","protected":false},"author":2,"featured_media":0,"parent":0,"menu_order":0,"comment_status":"closed","ping_status":"closed","template":"","meta":{"_acf_changed":false,"footnotes":""},"class_list":["post-552","page","type-page","status-publish","hentry"],"acf":[],"_links":{"self":[{"href":"https:\/\/www.48hopenhousebarcelona.org\/ca\/wp-json\/wp\/v2\/pages\/552","targetHints":{"allow":["GET"]}}],"collection":[{"href":"https:\/\/www.48hopenhousebarcelona.org\/ca\/wp-json\/wp\/v2\/pages"}],"about":[{"href":"https:\/\/www.48hopenhousebarcelona.org\/ca\/wp-json\/wp\/v2\/types\/page"}],"author":[{"embeddable":true,"href":"https:\/\/www.48hopenhousebarcelona.org\/ca\/wp-json\/wp\/v2\/users\/2"}],"replies":[{"embeddable":true,"href":"https:\/\/www.48hopenhousebarcelona.org\/ca\/wp-json\/wp\/v2\/comments?post=552"}],"version-history":[{"count":7,"href":"https:\/\/www.48hopenhousebarcelona.org\/ca\/wp-json\/wp\/v2\/pages\/552\/revisions"}],"predecessor-version":[{"id":42849,"href":"https:\/\/www.48hopenhousebarcelona.org\/ca\/wp-json\/wp\/v2\/pages\/552\/revisions\/42849"}],"wp:attachment":[{"href":"https:\/\/www.48hopenhousebarcelona.org\/ca\/wp-json\/wp\/v2\/media?parent=552"}],"curies":[{"name":"wp","href":"https:\/\/api.w.org\/{rel}","templated":true}]}}