{"id":556,"date":"2019-09-03T17:26:15","date_gmt":"2019-09-03T17:26:15","guid":{"rendered":"https:\/\/www.48hopenhousebarcelona.org\/donacions\/"},"modified":"2019-09-03T17:26:15","modified_gmt":"2019-09-03T17:26:15","slug":"donacions","status":"publish","type":"page","link":"https:\/\/www.48hopenhousebarcelona.org\/ca\/donacions\/","title":{"rendered":"Donacions"},"content":{"rendered":"<h3>Fes una aportaci\u00f3 econ\u00f2mica al 48H Open House Barcelona.<\/h3>\n<p>&nbsp;<\/p>\n<form class=\"sl-defaults\" action=\"https:\/\/www.paypal.com\/cgi-bin\/webscr\" method=\"post\" target=\"_top\"><input alt=\"PayPal, la forma r\u00e1pida y segura de pagar en Internet.\" name=\"submit\" src=\"https:\/\/www.paypalobjects.com\/es_ES\/ES\/i\/btn\/btn_donateCC_LG.gif\" type=\"image\" \/><img loading=\"lazy\" decoding=\"async\" src=\"https:\/\/www.paypalobjects.com\/es_ES\/i\/scr\/pixel.gif\" alt=\"\" width=\"1\" height=\"1\" border=\"0\" \/><\/form>\n<p>&nbsp;<\/p>\n<p>Moltes gr\u00e0cies!\/ \u00a1Muchas gracias!\/ Thank you very much!<\/p>\n","protected":false},"excerpt":{"rendered":"<p>Fes una aportaci\u00f3 econ\u00f2mica al 48H Open House Barcelona. &nbsp; &nbsp; Moltes gr\u00e0cies!\/ \u00a1Muchas gracias!\/ Thank you very much!<\/p>\n","protected":false},"author":2,"featured_media":0,"parent":0,"menu_order":0,"comment_status":"closed","ping_status":"closed","template":"","meta":{"_acf_changed":false,"footnotes":""},"class_list":["post-556","page","type-page","status-publish","hentry"],"acf":[],"_links":{"self":[{"href":"https:\/\/www.48hopenhousebarcelona.org\/ca\/wp-json\/wp\/v2\/pages\/556","targetHints":{"allow":["GET"]}}],"collection":[{"href":"https:\/\/www.48hopenhousebarcelona.org\/ca\/wp-json\/wp\/v2\/pages"}],"about":[{"href":"https:\/\/www.48hopenhousebarcelona.org\/ca\/wp-json\/wp\/v2\/types\/page"}],"author":[{"embeddable":true,"href":"https:\/\/www.48hopenhousebarcelona.org\/ca\/wp-json\/wp\/v2\/users\/2"}],"replies":[{"embeddable":true,"href":"https:\/\/www.48hopenhousebarcelona.org\/ca\/wp-json\/wp\/v2\/comments?post=556"}],"version-history":[{"count":0,"href":"https:\/\/www.48hopenhousebarcelona.org\/ca\/wp-json\/wp\/v2\/pages\/556\/revisions"}],"wp:attachment":[{"href":"https:\/\/www.48hopenhousebarcelona.org\/ca\/wp-json\/wp\/v2\/media?parent=556"}],"curies":[{"name":"wp","href":"https:\/\/api.w.org\/{rel}","templated":true}]}}