{"id":558,"date":"2019-09-03T17:01:28","date_gmt":"2019-09-03T17:01:28","guid":{"rendered":"https:\/\/www.48hopenhousebarcelona.org\/formas-de-patrocinio\/"},"modified":"2024-03-11T10:08:00","modified_gmt":"2024-03-11T10:08:00","slug":"formes-de-patrocini-22","status":"publish","type":"page","link":"https:\/\/www.48hopenhousebarcelona.org\/ca\/formes-de-patrocini-22\/","title":{"rendered":"FORMES DE PATROCINI"},"content":{"rendered":"<h2><strong>Obrir les portes de la cultura arquitect\u00f2nica forma part de la responsabilitat que tenim amb la societat i amb els habitants de la ciutat. Una societat igualit\u00e0ria \u00e9s aquella que reconeix el seu entorn, que ho ent\u00e9n i que el protegeix.<\/strong><\/h2>\n<p><span style=\"font-weight: 400;\">L\u2019associaci\u00f3 48h Open House Barcelona \u00e9s una associaci\u00f3 sense \u00e0nim de lucre i el festival d\u2019arquitectura 48h Open House BCN \u00e9s possible gr\u00e0cies a les persones, les entitats i les institucions que li donen suport.\u00a0<\/span><\/p>\n<p><span style=\"font-weight: 400;\">Ajuda\u2019ns a impulsar el festival amb una de les modalitats de patrocini seg\u00fcents:<\/span><\/p>\n\n\n<div class=\"wp-block-columns alignwide is-layout-flex wp-container-core-columns-is-layout-9d6595d7 wp-block-columns-is-layout-flex\">\n<div class=\"wp-block-column has-text-color has-background has-link-color wp-elements-5c8268a4ac097328d96ebe659df55f7a is-layout-flow wp-block-column-is-layout-flow\" style=\"color:#000000;background:linear-gradient(135deg,rgb(238,238,238) 0%,rgba(169,183,194,0.42) 100%);padding-top:2em;padding-right:2em;padding-bottom:2em;padding-left:2em\">\n<h6 class=\"wp-block-heading\" id=\"single\" style=\"font-size:40px\"><strong>Patrocinador<\/strong><\/h6>\n\n\n\n<p class=\"has-normal-font-size\">Si ets una empresa, una entitat o un col\u00b7lectiu professional i vols ser protagonista del festival perqu\u00e8 comparteixes els valors relacionats amb el patrimoni arquitect\u00f2nic, la cultura i la ciutat. <strong>Et donem la benvinguda a la fam\u00edlia Open House BCN.&nbsp;<\/strong><\/p>\n\n\n\n<div style=\"height:60px\" aria-hidden=\"true\" class=\"wp-block-spacer\"><\/div>\n\n\n\n<div class=\"wp-block-buttons alignfull is-horizontal is-content-justification-center is-layout-flex wp-container-core-buttons-is-layout-499968f5 wp-block-buttons-is-layout-flex\">\n<div class=\"wp-block-button has-custom-width wp-block-button__width-100\"><a class=\"wp-block-button__link has-white-color has-black-background-color has-text-color has-background wp-element-button\" href=\"https:\/\/www.48hopenhousebarcelona.org\/patrocina\/\" style=\"border-radius:50px\" target=\"_blank\" rel=\"noreferrer noopener\">PATROCINADORS<\/a><\/div>\n<\/div>\n<\/div>\n\n\n\n<div class=\"wp-block-column has-text-color has-background has-link-color wp-elements-621ad580f7acdf12b25e580a932404ea is-layout-flow wp-block-column-is-layout-flow\" style=\"color:#000000;background-color:#d1d1e0ab;padding-top:2em;padding-right:2em;padding-bottom:2em;padding-left:2em\">\n<h6 class=\"wp-block-heading has-text-align-center\" id=\"family\" style=\"font-size:40px\"><strong>Amics<\/strong><\/h6>\n\n\n\n<p class=\"has-normal-font-size\" style=\"line-height:1.5\"><\/p>\n\n\n\n<p>El festival \u00e9s possible gr\u00e0cies a micromecenes com tu, que ajuden a divulgar l\u2019arquitectura com a component de la cultura.<\/p>\n\n\n\n<p><strong>Fes-te Amic del Festival 48h Open House BCN: un festival d\u2019arquitectura, cultura i ciutat.<\/strong><\/p>\n\n\n\n<p><\/p>\n\n\n\n<div style=\"height:40px\" aria-hidden=\"true\" class=\"wp-block-spacer\"><\/div>\n\n\n\n<div class=\"wp-block-buttons alignfull is-horizontal is-content-justification-center is-layout-flex wp-container-core-buttons-is-layout-499968f5 wp-block-buttons-is-layout-flex\">\n<div class=\"wp-block-button has-custom-width wp-block-button__width-100 is-style-fill\"><a class=\"wp-block-button__link has-white-color has-black-background-color has-text-color has-background wp-element-button\" href=\"https:\/\/www.48hopenhousebarcelona.org\/producte\/amic\/\" style=\"border-radius:50px\" target=\"_blank\" rel=\"noreferrer noopener\">AMICS<\/a><\/div>\n<\/div>\n<\/div>\n\n\n\n<div class=\"wp-block-column has-text-color has-background has-link-color wp-elements-5589a3369d1a4270bb73512e30cbdcc7 is-layout-flow wp-block-column-is-layout-flow\" style=\"color:#000000;background-color:#abb7c2cf;padding-top:2em;padding-right:2em;padding-bottom:2em;padding-left:2em\">\n<h6 class=\"wp-block-heading has-text-align-center\" id=\"patron\" style=\"font-size:40px\"><strong>Donacions<\/strong><\/h6>\n\n\n<div class=\"wp-block-image\">\n<figure class=\"aligncenter size-full\"><img loading=\"lazy\" decoding=\"async\" width=\"128\" height=\"128\" src=\"https:\/\/www.48hopenhousebarcelona.org\/wp-content\/uploads\/2022\/06\/Codigo-QR.png\" alt=\"\" class=\"wp-image-37005\" srcset=\"https:\/\/www.48hopenhousebarcelona.org\/wp-content\/uploads\/2022\/06\/Codigo-QR.png 128w, https:\/\/www.48hopenhousebarcelona.org\/wp-content\/uploads\/2022\/06\/Codigo-QR-100x100.png 100w\" sizes=\"auto, (max-width: 128px) 100vw, 128px\" \/><\/figure>\n<\/div>\n\n\n<div style=\"height:60px\" aria-hidden=\"true\" class=\"wp-block-spacer\"><\/div>\n\n\n\n<div class=\"wp-block-buttons alignfull is-horizontal is-content-justification-center is-layout-flex wp-container-core-buttons-is-layout-499968f5 wp-block-buttons-is-layout-flex\">\n<div class=\"wp-block-button has-custom-width wp-block-button__width-100\"><a class=\"wp-block-button__link has-white-color has-black-background-color has-text-color has-background wp-element-button\" href=\"https:\/\/www.paypal.com\/donate\/?hosted_button_id=TJC8BH4CLLGKJ&amp;source=qr\" style=\"border-radius:50px\" target=\"_blank\" rel=\"noreferrer noopener\">DONACIONS<\/a><\/div>\n<\/div>\n<\/div>\n<\/div>\n\n\n\n<p>Contacta amb nosaltres a trav\u00e9s del correu:&nbsp;<a href=\"mailto:patrocinis@48hopenhousebarcelona.org\">patrocinis@48hopenhousebarcelona.org<\/a><\/p>\n","protected":false},"excerpt":{"rendered":"<p>Obrir les portes de la cultura arquitect\u00f2nica forma part de la responsabilitat que tenim amb la societat i amb els habitants de la ciutat. Una societat igualit\u00e0ria \u00e9s aquella que reconeix el seu entorn, que ho ent\u00e9n i que el protegeix. L\u2019associaci\u00f3 48h Open House Barcelona \u00e9s una associaci\u00f3 sense \u00e0nim de lucre i el [&hellip;]<\/p>\n","protected":false},"author":2,"featured_media":0,"parent":0,"menu_order":0,"comment_status":"closed","ping_status":"closed","template":"","meta":{"_acf_changed":false,"footnotes":""},"class_list":["post-558","page","type-page","status-publish","hentry"],"acf":[],"_links":{"self":[{"href":"https:\/\/www.48hopenhousebarcelona.org\/ca\/wp-json\/wp\/v2\/pages\/558","targetHints":{"allow":["GET"]}}],"collection":[{"href":"https:\/\/www.48hopenhousebarcelona.org\/ca\/wp-json\/wp\/v2\/pages"}],"about":[{"href":"https:\/\/www.48hopenhousebarcelona.org\/ca\/wp-json\/wp\/v2\/types\/page"}],"author":[{"embeddable":true,"href":"https:\/\/www.48hopenhousebarcelona.org\/ca\/wp-json\/wp\/v2\/users\/2"}],"replies":[{"embeddable":true,"href":"https:\/\/www.48hopenhousebarcelona.org\/ca\/wp-json\/wp\/v2\/comments?post=558"}],"version-history":[{"count":23,"href":"https:\/\/www.48hopenhousebarcelona.org\/ca\/wp-json\/wp\/v2\/pages\/558\/revisions"}],"predecessor-version":[{"id":47902,"href":"https:\/\/www.48hopenhousebarcelona.org\/ca\/wp-json\/wp\/v2\/pages\/558\/revisions\/47902"}],"wp:attachment":[{"href":"https:\/\/www.48hopenhousebarcelona.org\/ca\/wp-json\/wp\/v2\/media?parent=558"}],"curies":[{"name":"wp","href":"https:\/\/api.w.org\/{rel}","templated":true}]}}