{"id":559,"date":"2019-09-03T16:51:48","date_gmt":"2019-09-03T16:51:48","guid":{"rendered":"https:\/\/www.48hopenhousebarcelona.org\/open-xtra\/"},"modified":"2019-09-03T16:51:48","modified_gmt":"2019-09-03T16:51:48","slug":"open-xtra","status":"publish","type":"page","link":"https:\/\/www.48hopenhousebarcelona.org\/ca\/open-xtra\/","title":{"rendered":"Open | Xtra"},"content":{"rendered":"<p><a class=\"md-btn button shortcode_button uk-light\" href=\"http:\/\/openextra.openhousebarcelona.org\/index.php\/es\/\">VISITA LA WEB DEL OPEN | XTRA<\/a><br \/>\nA trav\u00e9s del programa Open Extra, la Asociaci\u00f3n 48H Open House Barcelona ofrece productos y servicios culturales todo el a\u00f1o en el \u00e1mbito arquitect\u00f3nico. Desde OPEN | XTRA creamos las condiciones para favorecer que las personas puedan reinterpretar la arquitectura de nuestra ciudad, desde la interrelaci\u00f3n entre el Patrimonio Arquitect\u00f3nico de Barcelona, nuestro conocimiento t\u00e9cnico y las vivencias personales de cada cual.<\/p>\n<p>Organizamos actividades relacionadas con el mundo de la arquitectura y el urbanismo, con la voluntad de dar la oportunidad a todo el mundo de conocer y re-mirar los edificios y lugares donde trabajamos y vivimos los barceloneses. Aprovechamos el amplio patrimonio arquitect\u00f3nico de Barcelona para ayudaros a descubrir lugares y perspectivas diferentes de la ciudad.<\/p>\n<p>Descubre la arquitectura y el urbanismo de Barcelona durante todo el a\u00f1o con nuestras actividades preparadas por expertos:<\/p>\n<ul>\n<li>Itinerarios a medida, prop\u00f3nnos un tema!<\/li>\n<li>Gincana 1714 (Prueba si conoces la evoluci\u00f3n arquitect\u00f3nica y urban\u00edstica del Plan de Barcelona hasta el 2014).<\/li>\n<li>Re-habitemos la arquitectura. Programa ejemplo: Re-habitemos el Macaya.<\/li>\n<li>Experiencias arquitect\u00f3nicas en edificios seleccionados.<\/li>\n<li>M\u00fasica y arquitectura, conoce la arquitectura a trav\u00e9s de la m\u00fasica, escucha la arquitectura.<\/li>\n<\/ul>\n<\/div>\n","protected":false},"excerpt":{"rendered":"<p>A trav\u00e9s del programa Open Extra, la Asociaci\u00f3n 48H Open House Barcelona ofrece productos y servicios culturales todo el a\u00f1o en el \u00e1mbito arquitect\u00f3nico. Desde OPEN | XTRA creamos las condiciones para favorecer que las personas puedan reinterpretar la arquitectura de nuestra ciudad, desde la interrelaci\u00f3n entre el Patrimonio Arquitect\u00f3nico de Barcelona, nuestro conocimiento t\u00e9cnico [&hellip;]<\/p>\n","protected":false},"author":2,"featured_media":0,"parent":0,"menu_order":0,"comment_status":"closed","ping_status":"closed","template":"","meta":{"_acf_changed":false,"footnotes":""},"class_list":["post-559","page","type-page","status-publish","hentry"],"acf":[],"_links":{"self":[{"href":"https:\/\/www.48hopenhousebarcelona.org\/ca\/wp-json\/wp\/v2\/pages\/559","targetHints":{"allow":["GET"]}}],"collection":[{"href":"https:\/\/www.48hopenhousebarcelona.org\/ca\/wp-json\/wp\/v2\/pages"}],"about":[{"href":"https:\/\/www.48hopenhousebarcelona.org\/ca\/wp-json\/wp\/v2\/types\/page"}],"author":[{"embeddable":true,"href":"https:\/\/www.48hopenhousebarcelona.org\/ca\/wp-json\/wp\/v2\/users\/2"}],"replies":[{"embeddable":true,"href":"https:\/\/www.48hopenhousebarcelona.org\/ca\/wp-json\/wp\/v2\/comments?post=559"}],"version-history":[{"count":1,"href":"https:\/\/www.48hopenhousebarcelona.org\/ca\/wp-json\/wp\/v2\/pages\/559\/revisions"}],"predecessor-version":[{"id":37001,"href":"https:\/\/www.48hopenhousebarcelona.org\/ca\/wp-json\/wp\/v2\/pages\/559\/revisions\/37001"}],"wp:attachment":[{"href":"https:\/\/www.48hopenhousebarcelona.org\/ca\/wp-json\/wp\/v2\/media?parent=559"}],"curies":[{"name":"wp","href":"https:\/\/api.w.org\/{rel}","templated":true}]}}