{"id":5807,"date":"2025-09-13T10:44:12","date_gmt":"2025-09-13T10:44:12","guid":{"rendered":"https:\/\/www.48hopenhousebarcelona.org\/?page_id=5807"},"modified":"2025-09-30T14:36:25","modified_gmt":"2025-09-30T14:36:25","slug":"presentacio","status":"publish","type":"page","link":"https:\/\/www.48hopenhousebarcelona.org\/ca\/presentacio\/","title":{"rendered":"Festival"},"content":{"rendered":"<h3><\/h3>\n<h3>Un cop a l\u2019any, durant un \u00fanic cap de setmana, el festival 48h Open House BCN convida m\u00e9s de 76.000 persones a mirar la ciutat amb uns altres ulls. Obrim portes<br \/>\nque habitualment estan tancades, per\u00f2 sobretot obrim converses: sobre arquitectura, sobre ciutat, sobre com habitem i transformem els espais que ens envolten.<\/h3>\n<div class=\"page\" title=\"Page 2\">\n<div class=\"layoutArea\">\n<div class=\"column\">\n<p>&nbsp;<\/p>\n<p>Aquesta e\u0301s la clau del festival: no es tracta nome\u0301s de visitar edificis, sino\u0301 d\u2019entendre com es projecten, qui els fa possibles i quin paper tenen en la nostra vida quotidiana. E\u0301s una oportunitat per gaudir de l\u2019arquitectura de manera directa, viva i compartida.<\/p>\n<p>48h Open House Barcelona forma part d\u2019una gran comunitat internacional que creu en el poder de l\u2019arquitectura per connectar persones i transformar ciutats. Pertanyem a les xarxes Open House Worldwide i Open House Europe, amb me\u0301s de cinquanta-cinc ciutats d\u2019arreu del mo\u0301n i setze de la Unio\u0301 Europea que impulsen aquest moviment d\u2019arquitectura oberta.<\/p>\n<p>Tot aixo\u0300 e\u0301s possible gra\u0300cies a la complicitat d\u2019arquitectes, empreses, institucions, patrocinadors i persones compromeses amb una ciutat me\u0301s oberta, diversa<br \/>\ni habitable. Sense ells, i sense vosaltres, aquest projecte no tindria sentit.<\/p>\n<p>Els dies <strong>25 i 26 d\u2019octubre de 2025<\/strong>, us convidem a descobrir me\u0301s de 200 activitats a <strong>Barcelona, Badalona, L\u2019Hospitalet, Sant Joan Despi\u0301, Santa Coloma de Gramenet, Sitges i Vilassar de Dalt<\/strong> (nome\u0301s diumenge 26). Visites guiades, espais singulars i experie\u0300ncies arquitecto\u0300niques per entendre, celebrar i estimar el paisatge urba\u0300 que compartim.<\/p>\n<p>Vine, participa-hi i descobreix que\u0300 passa darrere les fac\u0327anes.<\/p>\n<\/div>\n<\/div>\n<\/div>\n","protected":false},"excerpt":{"rendered":"<p>Un cop a l\u2019any, durant un \u00fanic cap de setmana, el festival 48h Open House BCN convida m\u00e9s de 76.000 persones a mirar la ciutat amb uns altres ulls. Obrim portes que habitualment estan tancades, per\u00f2 sobretot obrim converses: sobre arquitectura, sobre ciutat, sobre com habitem i transformem els espais que ens envolten. &nbsp; Aquesta [&hellip;]<\/p>\n","protected":false},"author":2,"featured_media":56553,"parent":0,"menu_order":0,"comment_status":"closed","ping_status":"closed","template":"template-novapagina.php","meta":{"_acf_changed":false,"footnotes":""},"class_list":["post-5807","page","type-page","status-publish","has-post-thumbnail","hentry"],"acf":[],"_links":{"self":[{"href":"https:\/\/www.48hopenhousebarcelona.org\/ca\/wp-json\/wp\/v2\/pages\/5807","targetHints":{"allow":["GET"]}}],"collection":[{"href":"https:\/\/www.48hopenhousebarcelona.org\/ca\/wp-json\/wp\/v2\/pages"}],"about":[{"href":"https:\/\/www.48hopenhousebarcelona.org\/ca\/wp-json\/wp\/v2\/types\/page"}],"author":[{"embeddable":true,"href":"https:\/\/www.48hopenhousebarcelona.org\/ca\/wp-json\/wp\/v2\/users\/2"}],"replies":[{"embeddable":true,"href":"https:\/\/www.48hopenhousebarcelona.org\/ca\/wp-json\/wp\/v2\/comments?post=5807"}],"version-history":[{"count":21,"href":"https:\/\/www.48hopenhousebarcelona.org\/ca\/wp-json\/wp\/v2\/pages\/5807\/revisions"}],"predecessor-version":[{"id":56609,"href":"https:\/\/www.48hopenhousebarcelona.org\/ca\/wp-json\/wp\/v2\/pages\/5807\/revisions\/56609"}],"wp:featuredmedia":[{"embeddable":true,"href":"https:\/\/www.48hopenhousebarcelona.org\/ca\/wp-json\/wp\/v2\/media\/56553"}],"wp:attachment":[{"href":"https:\/\/www.48hopenhousebarcelona.org\/ca\/wp-json\/wp\/v2\/media?parent=5807"}],"curies":[{"name":"wp","href":"https:\/\/api.w.org\/{rel}","templated":true}]}}