{"id":610,"date":"2019-09-02T06:39:46","date_gmt":"2019-09-02T06:39:46","guid":{"rendered":"https:\/\/www.48hopenhousebarcelona.org\/tienda-online\/"},"modified":"2019-09-09T13:38:04","modified_gmt":"2019-09-09T13:38:04","slug":"tienda-online","status":"publish","type":"page","link":"https:\/\/www.48hopenhousebarcelona.org\/ca\/tienda-online\/","title":{"rendered":"Botiga"},"content":{"rendered":"<p>Os proponemos poner vuestro granito de arena y formar parte de los que colaboran con el festival. Desde este otra vertiente, tambi\u00e9n ayudar\u00e1s a su infraestructura. Podr\u00e1s disfrutar de las actividades propuestas desde OPEN EXTRA durante todo el a\u00f1o y de los productos y promociones de la entidad.<\/p>\n<p>La entidad organizadora, hom\u00f3nima del festival, es una asociaci\u00f3n sin \u00e1nimo de lucro que depende de la ayuda de voluntarios y patrocinadores. Tenemos el objetivo de estrechar y consolidar la relaci\u00f3n con el p\u00fablico y en este sentido, con la adquisici\u00f3n de los productos \u2014cat\u00e1logos, pases, bolsas, imanes, etc.\u2014 contribuir\u00e1s tambi\u00e9n a hacer crecer el festival.<\/p>\n<p>Puedes realizar tu reserva de compra on line:<br \/>\n<a class=\"md-btn button shortcode_button uk-light\" href=\"http:\/\/openextra.openhousebarcelona.org\/\">TIENDA 48H OPEN HOUSE BARCELONA<\/a><br \/>\no dirigirte a nuestra sede 48H OHB Rambla Catalu\u00f1a 87, 1\u00baD<\/p>\n<p>Horario durante la semana del festival de Lunes a Viernes\u00a0de 9\u00a0a 19.30 h, S\u00e1bado i Domingo de 10 a 19.30 h.<\/p>\n<h2>Puntos de venta anticipada<\/h2>\n<p>(Solamente en Octubre durante la semana del festival)<\/p>\n<ul>\n<li>Sede 48h Open House Barcelona.\u00a0 Rambla Catalunya, 87 1D &#8211; 08008 &#8211;\u00a0 De lunes a viernes de 9 a 19.30 h y s\u00e1bado y domingo de 10 a 19.30 h<\/li>\n<li>La Capell &#8211; COAC.\u00a0 Pla\u00e7a Nova, 5 &#8211; 08002 &#8211;\u00a0 De lunes a viernes de 9.30 a 14.30 h y de 17 a 19 h<\/li>\n<li>Llibreria de la Diputaci\u00f3.\u00a0 \u00a0Av. Diagonal, 393 (Edifici Can Serra) &#8211; 08008\u00a0 &#8211;\u00a0 De lunes a viernes de 9 a 18.30 h<\/li>\n<li>La Central. C. Mallorca, 237 &#8211; 08008 &#8211; De lunes a s\u00e1bado de 10 a 21 h<\/li>\n<li>La Central del MUHBA. C. Baixada de la llibretera, 7 &#8211;\u00a0 De martes a domingo de 10 a 20.30 h<\/li>\n<li>La Central del Raval. C. Elisabets, 6\u00a0 &#8211;\u00a0 De lunes a s\u00e1bado de 10 a 21 h<\/li>\n<li>LAIE CCCB.\u00a0 C. Montalegre, 5\u00a0 &#8211; 08001\u00a0 &#8211;\u00a0 De lunes a domingo de 10.30 a 20.30 h<\/li>\n<li>LAIE La Pedrera. C. Proven\u00e7a, 261-265 &#8211; 08008 &#8211;\u00a0 De lunes a domingo de 9 a 20.30 h<\/li>\n<li>LAIE CaixaForum.\u00a0 Av. Ferrer i gu\u00e0rdia, 6-8 &#8211; 08038\u00a0 &#8211;\u00a0 De lunes a domingo de 10 a 20.30 h<\/li>\n<li>LAIE Pau Claris.\u00a0 C. Pau Claris, 85 &#8211; 08010\u00a0 &#8211;\u00a0 De lunes a viernes de 9 a 21 h y s\u00e1bado de 10 a 21 h<\/li>\n<li>LAIE\u00a0 St. Pau.\u00a0 \u00a0C. Sant Antoni Maria Claret, 167 &#8211; 08037\u00a0 &#8211; De lunes a s\u00e1bado de 9.30 a 19 h y domingo de 9.30 a 15 h<\/li>\n<\/ul>\n<h2>Puntos de informaci\u00f3n y venta anticipada<\/h2>\n<ul>\n<li>ARC DE TRIOMF &#8211; Dissabte de 10 a 19h i Diumenge de 10 a 18h<\/li>\n<li>CASA SAYRACH &#8211; CASA MONTSERRAT &#8211; Dissabte d&#8217;11 a 14h i de 16 a 19h i Diumenge d&#8217;11 a 14h i de 16 a 18h<\/li>\n<li>EXPOSICI\u00d3 SUITE METROPOLITANA &#8211; Dissabte d&#8217;11 a 19h i Diumenge d&#8217;11 a 18h<\/li>\n<li>PRES\u00d3 LA MODEL &#8211; Dissabte d&#8217;11 a 14h i de 16 a 19h i Diumenge d&#8217;11 a 14h i de 16 a 18h<\/li>\n<li>CRISTALLERIES PLANELL &#8211; Diumenge d&#8217;11 a 14h<\/li>\n<li>ROCA BARCELONA GALLERY &#8211; Dissabte d&#8217;11 a 19h<\/li>\n<li>FABRA I COATS &#8211; Dissabte d&#8217;11 a 14h i de 16 a 19h i Diumenge d&#8217;11 a 14h i de 16 a 18h<\/li>\n<li>BETEV\u00c9 &#8211; Dissabte d&#8217;11 a 14h i de 16 a 19h i Diumenge d&#8217;11 a 14h i de 16 a 18h<\/li>\n<li>TORRES VENECIANES &#8211; Dissabte de 10 a 19h i Diumenge de 10 a 18h<\/li>\n<li>DIP\u00d2SIT DEL REI MART\u00cd &#8211; Dissabte i diumenge d&#8217;11 a 15 h<\/li>\n<\/ul>\n","protected":false},"excerpt":{"rendered":"<p>Os proponemos poner vuestro granito de arena y formar parte de los que colaboran con el festival. Desde este otra vertiente, tambi\u00e9n ayudar\u00e1s a su infraestructura. Podr\u00e1s disfrutar de las actividades propuestas desde OPEN EXTRA durante todo el a\u00f1o y de los productos y promociones de la entidad. La entidad organizadora, hom\u00f3nima del festival, es [&hellip;]<\/p>\n","protected":false},"author":2,"featured_media":0,"parent":0,"menu_order":0,"comment_status":"closed","ping_status":"closed","template":"","meta":{"_acf_changed":false,"footnotes":""},"class_list":["post-610","page","type-page","status-publish","hentry"],"acf":[],"_links":{"self":[{"href":"https:\/\/www.48hopenhousebarcelona.org\/ca\/wp-json\/wp\/v2\/pages\/610","targetHints":{"allow":["GET"]}}],"collection":[{"href":"https:\/\/www.48hopenhousebarcelona.org\/ca\/wp-json\/wp\/v2\/pages"}],"about":[{"href":"https:\/\/www.48hopenhousebarcelona.org\/ca\/wp-json\/wp\/v2\/types\/page"}],"author":[{"embeddable":true,"href":"https:\/\/www.48hopenhousebarcelona.org\/ca\/wp-json\/wp\/v2\/users\/2"}],"replies":[{"embeddable":true,"href":"https:\/\/www.48hopenhousebarcelona.org\/ca\/wp-json\/wp\/v2\/comments?post=610"}],"version-history":[{"count":1,"href":"https:\/\/www.48hopenhousebarcelona.org\/ca\/wp-json\/wp\/v2\/pages\/610\/revisions"}],"predecessor-version":[{"id":612,"href":"https:\/\/www.48hopenhousebarcelona.org\/ca\/wp-json\/wp\/v2\/pages\/610\/revisions\/612"}],"wp:attachment":[{"href":"https:\/\/www.48hopenhousebarcelona.org\/ca\/wp-json\/wp\/v2\/media?parent=610"}],"curies":[{"name":"wp","href":"https:\/\/api.w.org\/{rel}","templated":true}]}}