{"id":14355,"date":"2019-11-15T10:53:43","date_gmt":"2019-11-15T10:53:43","guid":{"rendered":"https:\/\/www.48hopenhousebarcelona.org\/?page_id=14355"},"modified":"2026-01-12T13:05:18","modified_gmt":"2026-01-12T13:05:18","slug":"hazte-volsohb","status":"publish","type":"page","link":"https:\/\/www.48hopenhousebarcelona.org\/es\/hazte-volsohb\/","title":{"rendered":"\u00a1Hazte #VolsOHB!"},"content":{"rendered":"\n<p><\/p>\n\n\n\n<h4 class=\"wp-block-heading\"><b style=\"color: revert; font-size: revert;\">1. \u00bfQU\u00c9 SIGNIFICA SER VOLUNTARIO?<\/b><\/h4>\n\n\n\n<div class=\"wp-block-columns is-layout-flex wp-container-core-columns-is-layout-9d6595d7 wp-block-columns-is-layout-flex\">\n<div class=\"wp-block-column is-layout-flow wp-block-column-is-layout-flow\">\n<p><\/p>\n\n\n\n<p>Ser voluntario del festival 48h Open House BCN es formar parte de la familia Open House y apoyar una iniciativa que acerca a la ciudadan\u00eda a la arquitectura.<\/p>\n\n\n\n<p><\/p>\n\n\n\n<p>El festival de arquitectura de Barcelona es posible gracias al apoyo de unas mil personas voluntarias que permiten organizar m\u00e1s de 200 actividades (apertura de edificios y realizaci\u00f3n de itinerarios) y cubrir todas las visitas, actividades y actos que se desarrollan en el marco del festival. Como cada a\u00f1o, invitamos a todos a adherirse al voluntariado del festival.<\/p>\n\n\n\n<p>Para formar parte del voluntariado, solo es necesario que como a todos nosotros, te apasione el proyecto, cuentes con unas horas y tengas muchas ganas de contribuir y de ayudar a la familia #VOLSOHB a difundir la cultura arquitect\u00f3nica de Barcelona y de su regi\u00f3n metropolitana. Es un proyecto hecho por y para todos. \u00a1La ilusi\u00f3n de participar es su \u00fanico requisito!<\/p>\n<\/div>\n\n\n\n<div class=\"wp-block-column is-layout-flow wp-block-column-is-layout-flow\">\n<figure class=\"wp-block-embed is-type-video is-provider-youtube wp-block-embed-youtube wp-embed-aspect-16-9 wp-has-aspect-ratio\"><div class=\"wp-block-embed__wrapper\">\n<iframe loading=\"lazy\" title=\"Participa al festival d&#039;arquitectura #OHB #short\" width=\"640\" height=\"360\" src=\"https:\/\/www.youtube.com\/embed\/A0d_lGBYhpc?feature=oembed\" frameborder=\"0\" allow=\"accelerometer; autoplay; clipboard-write; encrypted-media; gyroscope; picture-in-picture; web-share\" referrerpolicy=\"strict-origin-when-cross-origin\" allowfullscreen><\/iframe>\n<\/div><\/figure>\n<\/div>\n<\/div>\n\n\n\n<h3 class=\"wp-block-heading\"><b>2. \u00bfQU\u00c9 TE OFRECEMOS?<\/b><\/h3>\n\n\n\n<div class=\"wp-block-group is-vertical is-layout-flex wp-container-core-group-is-layout-8cf370e7 wp-block-group-is-layout-flex\">\n<p><span style=\"font-weight: 400;\">Si eres voluntario del festival:<\/span><\/p>\n\n\n\n<ul class=\"wp-block-list\">\n<li><span style=\"font-weight: 400;\"><strong>Habr\u00e1s participado en un evento internacional y de intercambio donde se ofrece una experiencia arquitect\u00f3nica \u00fanica al p\u00fablico asistente.<\/strong><\/span><\/li>\n\n\n\n<li><span style=\"font-weight: 400;\"><strong>Tendr\u00e1s prioridad para acceder a los edificios participantes (excepto los que requieran reserva previa).<\/strong><\/span><\/li>\n\n\n\n<li><span style=\"font-weight: 400;\"><strong>Podr\u00e1s obtener un cr\u00e9dito ECTS optativo (si eres estudiante de las universidades colaboradoras).<\/strong><\/span><\/li>\n\n\n\n<li><span style=\"font-weight: 400;\"><strong>Obtendr\u00e1s un certificado acreditativo de tu participaci\u00f3n en el evento en reconocimiento a tu colaboraci\u00f3n e implicaci\u00f3n en el proyecto.<\/strong><\/span><\/li>\n\n\n\n<li><span style=\"font-weight: 400;\"><strong>Podr\u00e1s incluir tu colaboraci\u00f3n en este evento arquitect\u00f3nico, cultural, participativo y de voluntariado en la red LinkedIn.<\/strong><\/span><\/li>\n<\/ul>\n<\/div>\n\n\n\n<p><\/p>\n\n\n\n<h3 class=\"wp-block-heading\"><b>3. INSCRIPCIONES<\/b><\/h3>\n\n\n\n<div class=\"wp-block-group is-vertical is-layout-flex wp-container-core-group-is-layout-8cf370e7 wp-block-group-is-layout-flex\">\n<p><span style=\"font-weight: 400;\">Si te apasionan la arquitectura y el dise\u00f1o, te gusta el proyecto y deseas contribuir a esta iniciativa con nosotros, inscr\u00edbete en nuestro formulario y empieza a formar parte del festival. Tu tarea es muy importante y el \u00fanico requisito es la ilusi\u00f3n de participar.<\/span><\/p>\n\n\n\n<p><span style=\"font-weight: 400;\">Antes de inscribirte, escoge uno de los siguientes roles (todos los roles son imprescindibles para organizar el evento):<\/span><\/p>\n\n\n\n<div style=\"height:0px\" aria-hidden=\"true\" class=\"wp-block-spacer wp-container-content-16d1eb73\"><\/div>\n\n\n\n<div class=\"wp-block-columns alignwide is-layout-flex wp-container-core-columns-is-layout-9d6595d7 wp-block-columns-is-layout-flex\">\n<div class=\"wp-block-column has-pale-ocean-gradient-background has-text-color has-background has-link-color wp-elements-ad52e5b6d1be0164a59d63a7d8a0d96d is-layout-flow wp-block-column-is-layout-flow\" style=\"color:#000000;padding-top:2em;padding-right:2em;padding-bottom:2em;padding-left:2em\">\n<p style=\"font-size:30px\"><b>Voluntario de acceso<\/b><\/p>\n\n\n\n<p class=\"has-normal-font-size\" style=\"line-height:1.5\">Informar\u00e1s al p\u00fablico sobre el funcionamiento del festival, organizar\u00e1s las colas de acceso al edificio que se te asignar\u00e1 y contestar\u00e1s preguntas de car\u00e1cter pr\u00e1ctico al p\u00fablico asistente (horarios de apertura, n\u00famero m\u00e1ximo de personas por grupo de las visitas, edificios cercanos para visitar&#8230;). Tambi\u00e9n atender\u00e1s al p\u00fablico para informar sobre la programaci\u00f3n del festival (la asociaci\u00f3n te facilitar\u00e1 todo el material disponible). Para desarrollar este rol, es importante ser sociable, amable y extrovertido para conectar con la gente y transmitir toda la energ\u00eda del festival OHB los visitantes.<\/p>\n\n\n\n<hr class=\"wp-block-separator has-text-color has-css-opacity has-background is-style-wide\" style=\"background-color:#000000;color:#000000\"\/>\n\n\n\n<p><strong>Compromiso:<\/strong><\/p>\n\n\n\n<ul class=\"wp-block-list\">\n<li><span style=\"font-weight: 400;\">Asistencia a la visita previa con un coordinador del equipo OHB.<\/span><\/li>\n\n\n\n<li><span style=\"font-weight: 400;\">Asistencia a la reuni\u00f3n informativa.<\/span><\/li>\n\n\n\n<li><span style=\"font-weight: 400;\">Asistencia al edificio asignado durante el fin de semana del festival, en el horario pactado.<\/span><\/li>\n<\/ul>\n<\/div>\n\n\n\n<div class=\"wp-block-column has-very-light-gray-to-cyan-bluish-gray-gradient-background has-text-color has-background has-link-color wp-elements-fbc6a758d013e035a6eadf46bc528525 is-layout-flow wp-block-column-is-layout-flow\" style=\"color:#000000;padding-top:2em;padding-right:2em;padding-bottom:2em;padding-left:2em\">\n<p style=\"font-size:30px\"><strong><strong><strong><b>Voluntario gu\u00eda<\/b><\/strong><\/strong><\/strong><\/p>\n\n\n\n<p class=\"has-normal-font-size\" style=\"line-height:1.5\">Guiar\u00e1s el grupo visitando por el interior del edificio explicando la arquitectura, la historia y el uso. La asociaci\u00f3n dispone de informaci\u00f3n \u00fatil para prepararse las visitas que te librar\u00e1 el coordinador, pero puede darse el caso que tengas que hacer investigaci\u00f3n previa para informarte. Para desarrollar esta tarea, puede serte \u00fatil tener conocimientos de arquitectura, ingenier\u00eda, historia del arte\u2026<\/p>\n\n\n\n<hr class=\"wp-block-separator has-text-color has-css-opacity has-background is-style-wide\" style=\"background-color:#000000;color:#000000\"\/>\n\n\n\n<p><strong>Compromiso:<\/strong><\/p>\n\n\n\n<ul class=\"wp-block-list\">\n<li>Asistencia a la visita previa con un coordinador del equipo&nbsp;OHB.<\/li>\n\n\n\n<li>Preparaci\u00f3n de la visita: busca de informaci\u00f3n y estructuraci\u00f3n de contenidos para la visita guiada.<\/li>\n\n\n\n<li>Asistencia a la reuni\u00f3n informativa.<\/li>\n\n\n\n<li>Asistencia en el edificio asignado durante el fin de semana del festival, en el horario pactado.<\/li>\n<\/ul>\n<\/div>\n<\/div>\n\n\n\n<div style=\"height:0px\" aria-hidden=\"true\" class=\"wp-block-spacer wp-container-content-16d1eb73\"><\/div>\n\n\n\n<div class=\"wp-block-columns alignwide is-layout-flex wp-container-core-columns-is-layout-9d6595d7 wp-block-columns-is-layout-flex\">\n<div class=\"wp-block-column has-blush-light-purple-gradient-background has-text-color has-background has-link-color wp-elements-4747cf2cd402bf485e4958db7993e5ed is-layout-flow wp-block-column-is-layout-flow\" style=\"color:#000000;padding-top:2em;padding-right:2em;padding-bottom:2em;padding-left:2em\">\n<p style=\"font-size:30px\"><b>Voluntario de proximidad<\/b><\/p>\n\n\n\n<p class=\"has-normal-font-size\" style=\"line-height:1.5\">Si tienes disponibilidad durante el mes de octubre, este rol te permitir\u00e1 introducirte en el equipo OHB apoyando a los voluntarios en una zona del festival. Conocer\u00e1s todos los edificios de la zona y ayudar\u00e1s a los coordinadores a gestionar la apertura y a resolver posibles incidencias durante el festival. Ser\u00e1s la mano derecha del coordinador durante el fin de semana del festival.<\/p>\n\n\n\n<hr class=\"wp-block-separator has-text-color has-css-opacity has-background is-style-wide\" style=\"background-color:#000000;color:#000000\"\/>\n\n\n\n<p><strong>Compromiso:<\/strong><\/p>\n\n\n\n<ul class=\"wp-block-list\">\n<li><span style=\"font-weight: 400;\">Asistencia a las visitas previas de cada edificio (cinco o seis edificios) con un coordinador del equipo OHB y los voluntarios asignados.<\/span><\/li>\n\n\n\n<li><span style=\"font-weight: 400;\">Asistencia a la reuni\u00f3n informativa espec\u00edfica para voluntarios de proximidad.<\/span><\/li>\n\n\n\n<li><span style=\"font-weight: 400;\">Asistencia e itinerancia por los edificios asignados durante el fin de semana del festival.<\/span><\/li>\n<\/ul>\n<\/div>\n\n\n\n<div class=\"wp-block-column has-pale-ocean-gradient-background has-text-color has-background has-link-color wp-elements-c94d353a6fb181d53ff71bdcca620fdb is-layout-flow wp-block-column-is-layout-flow\" style=\"color:#000000;padding-top:2em;padding-right:2em;padding-bottom:2em;padding-left:2em\">\n<p style=\"font-size:30px\"><b>Voluntario foto y v\u00eddeo<\/b><\/p>\n\n\n\n<p class=\"has-normal-font-size\" style=\"line-height:1.5\">Si te gusta la fotograf\u00eda y el video, este es tu rol! Se requieren personas entendidas en este\u00a0\u00e1mbito para poder fotografiar, desde vuestro punto de vista, tanto los edificios como el\u00a0ambiente general del festival (voluntarios, visitantes, visitas guiadas, etc.). Para este rol se\u00a0requieren un m\u00e1ximo de 2 voluntarios por ciudad: Vilassar de Dalt, Santa Coloma de Gramenet, Badalona, Sant Joan Desp\u00ed, L&#8217;Hospitalet y Barcelona.<br>Los voluntarios que quieran optar en una plaza de este rol, tienen que registrar-se y nos\u00a0tienen que hacer llegar su blog, portfolio, web o Instagram para poder valorar al correo<br>volsohb@openhousebarcelona.org.<\/p>\n\n\n\n<hr class=\"wp-block-separator has-text-color has-css-opacity has-background is-style-wide\" style=\"background-color:#000000;color:#000000\"\/>\n\n\n\n<p><strong>Compromiso:<\/strong><\/p>\n\n\n\n<ul class=\"wp-block-list\">\n<li>Asistencia a la visita previa de los edificios de la zona asignada.<\/li>\n\n\n\n<li>Asistencia a la reuni\u00f3n informativa espec\u00edfica de voluntarios foto\/video.<\/li>\n\n\n\n<li>Asistencia en la zona asignada durante el fin de semana del festival, en el horario pactado.<\/li>\n<\/ul>\n<\/div>\n<\/div>\n\n\n\n<div style=\"height:0px\" aria-hidden=\"true\" class=\"wp-block-spacer wp-container-content-16d1eb73\"><\/div>\n<\/div>\n\n\n\n<div class=\"wp-block-group is-vertical is-layout-flex wp-container-core-group-is-layout-8cf370e7 wp-block-group-is-layout-flex\">\n<p>La asociaci\u00f3n 48h Open House Barcelona anima a sus voluntarios a utilizar la lengua catalana durante el Festival. &nbsp;<a href=\"https:\/\/www.48hopenhousebarcelona.org\/wp-content\/uploads\/2020\/10\/Raons-per-adoptar-o-compartir-la-llengua-catalana.pdf\">Razones para adoptar o compartir la lengua catalana<\/a>.<\/p>\n\n\n\n<div style=\"height:0px\" aria-hidden=\"true\" class=\"wp-block-spacer wp-container-content-16d1eb73\"><\/div>\n\n\n\n<p>Si todav\u00eda te quedan dudas, contacta con nosotros a trav\u00e9s de:<\/p>\n\n\n\n<p><a href=\"mailto:volsohb@openhousebarcelona.org\">volsohb@openhousebarcelona.org&nbsp;<\/a><\/p>\n\n\n\n<div class=\"wp-block-group is-nowrap is-layout-flex wp-container-core-group-is-layout-ad2f72ca wp-block-group-is-layout-flex\">\n<figure class=\"wp-block-image size-full\"><img loading=\"lazy\" decoding=\"async\" width=\"240\" height=\"120\" src=\"https:\/\/www.48hopenhousebarcelona.org\/wp-content\/uploads\/2019\/09\/logo_etsab.png\" alt=\"\" class=\"wp-image-403\"\/><\/figure>\n\n\n\n<figure class=\"wp-block-image size-full\"><img loading=\"lazy\" decoding=\"async\" width=\"238\" height=\"168\" src=\"https:\/\/www.48hopenhousebarcelona.org\/wp-content\/uploads\/2019\/11\/uic-new21.png\" alt=\"\" class=\"wp-image-30243\"\/><\/figure>\n\n\n\n<figure class=\"wp-block-image size-full\"><img loading=\"lazy\" decoding=\"async\" width=\"240\" height=\"80\" src=\"https:\/\/www.48hopenhousebarcelona.org\/wp-content\/uploads\/2019\/10\/etsav.jpg\" alt=\"\" class=\"wp-image-4989\"\/><\/figure>\n\n\n\n<figure class=\"wp-block-image size-full\"><img loading=\"lazy\" decoding=\"async\" width=\"638\" height=\"170\" src=\"https:\/\/www.48hopenhousebarcelona.org\/wp-content\/uploads\/2024\/09\/EPSEB-color-fonstransparent.png\" alt=\"\" class=\"wp-image-50914\" srcset=\"https:\/\/www.48hopenhousebarcelona.org\/wp-content\/uploads\/2024\/09\/EPSEB-color-fonstransparent.png 638w, https:\/\/www.48hopenhousebarcelona.org\/wp-content\/uploads\/2024\/09\/EPSEB-color-fonstransparent-300x80.png 300w, https:\/\/www.48hopenhousebarcelona.org\/wp-content\/uploads\/2024\/09\/EPSEB-color-fonstransparent-400x107.png 400w\" sizes=\"auto, (max-width: 638px) 100vw, 638px\" \/><\/figure>\n\n\n\n<figure class=\"wp-block-image size-full\"><img loading=\"lazy\" decoding=\"async\" width=\"225\" height=\"225\" src=\"https:\/\/www.48hopenhousebarcelona.org\/wp-content\/uploads\/2019\/12\/UB.png\" alt=\"\" class=\"wp-image-14739\" srcset=\"https:\/\/www.48hopenhousebarcelona.org\/wp-content\/uploads\/2019\/12\/UB.png 225w, https:\/\/www.48hopenhousebarcelona.org\/wp-content\/uploads\/2019\/12\/UB-100x100.png 100w, https:\/\/www.48hopenhousebarcelona.org\/wp-content\/uploads\/2019\/12\/UB-150x150.png 150w\" sizes=\"auto, (max-width: 225px) 100vw, 225px\" \/><\/figure>\n<\/div>\n\n\n\n<div style=\"height:0px\" aria-hidden=\"true\" class=\"wp-block-spacer wp-container-content-16d1eb73\"><\/div>\n\n\n\n<p><\/p>\n<\/div>\n","protected":false},"excerpt":{"rendered":"<p>1. \u00bfQU\u00c9 SIGNIFICA SER VOLUNTARIO? Ser voluntario del festival 48h Open House BCN es formar parte de la familia Open House y apoyar una iniciativa que acerca a la ciudadan\u00eda a la arquitectura. El festival de arquitectura de Barcelona es posible gracias al apoyo de unas mil personas voluntarias que permiten organizar m\u00e1s de 200 [&hellip;]<\/p>\n","protected":false},"author":2,"featured_media":53107,"parent":0,"menu_order":0,"comment_status":"closed","ping_status":"closed","template":"template-novapagina.php","meta":{"_acf_changed":false,"footnotes":"[]"},"class_list":["post-14355","page","type-page","status-publish","has-post-thumbnail","hentry"],"acf":[],"_links":{"self":[{"href":"https:\/\/www.48hopenhousebarcelona.org\/es\/wp-json\/wp\/v2\/pages\/14355","targetHints":{"allow":["GET"]}}],"collection":[{"href":"https:\/\/www.48hopenhousebarcelona.org\/es\/wp-json\/wp\/v2\/pages"}],"about":[{"href":"https:\/\/www.48hopenhousebarcelona.org\/es\/wp-json\/wp\/v2\/types\/page"}],"author":[{"embeddable":true,"href":"https:\/\/www.48hopenhousebarcelona.org\/es\/wp-json\/wp\/v2\/users\/2"}],"replies":[{"embeddable":true,"href":"https:\/\/www.48hopenhousebarcelona.org\/es\/wp-json\/wp\/v2\/comments?post=14355"}],"version-history":[{"count":77,"href":"https:\/\/www.48hopenhousebarcelona.org\/es\/wp-json\/wp\/v2\/pages\/14355\/revisions"}],"predecessor-version":[{"id":58795,"href":"https:\/\/www.48hopenhousebarcelona.org\/es\/wp-json\/wp\/v2\/pages\/14355\/revisions\/58795"}],"wp:featuredmedia":[{"embeddable":true,"href":"https:\/\/www.48hopenhousebarcelona.org\/es\/wp-json\/wp\/v2\/media\/53107"}],"wp:attachment":[{"href":"https:\/\/www.48hopenhousebarcelona.org\/es\/wp-json\/wp\/v2\/media?parent=14355"}],"curies":[{"name":"wp","href":"https:\/\/api.w.org\/{rel}","templated":true}]}}