{"id":14625,"date":"2019-12-10T09:15:43","date_gmt":"2019-12-10T09:15:43","guid":{"rendered":"https:\/\/www.48hopenhousebarcelona.org\/?page_id=14625"},"modified":"2023-06-08T11:17:37","modified_gmt":"2023-06-08T11:17:37","slug":"amiga-ohb20","status":"publish","type":"page","link":"https:\/\/www.48hopenhousebarcelona.org\/es\/amiga-ohb20\/","title":{"rendered":"Amiga OHB20"},"content":{"rendered":"<p><img loading=\"lazy\" decoding=\"async\" class=\"alignnone wp-image-3861\" src=\"https:\/\/www.48hopenhousebarcelona.org\/wp-content\/uploads\/2019\/06\/Visita-exclusiva-per-amics-i-micro-mecenes-a-la-Casa-Vicens-slide-3-300x200.jpg\" alt=\"\" width=\"431\" height=\"287\" \/><a href=\"http:\/\/openextra.openhousebarcelona.org\/index.php\/ca\/\"><img loading=\"lazy\" decoding=\"async\" class=\"alignnone size-medium wp-image-14619\" src=\"https:\/\/www.48hopenhousebarcelona.org\/wp-content\/uploads\/2019\/12\/crida-amics-nadal-cast-300x300.jpg\" alt=\"\" width=\"300\" height=\"300\" \/><\/a><\/p>\n<p>Hazte <a href=\"http:\/\/openextra.openhousebarcelona.org\/index.php\/ca\/botiga\/passis-d-acces-preferent\/142-weekend-passport-cat\"><strong>AMIGA del 48h Open House BCN<\/strong><\/a> y disfruta de la cultura arquitect\u00f3nica!<\/p>\n<p>La semana antes del festival 2020 te entregaremos el <strong>PACK AMIGA OHB20<\/strong> con la bolsa, el cat\u00e1logo oficial del Festival, la pulsera y otros materiales, que podr\u00e1s recoger a Rambla Catalu\u00f1a 87, 1-D, Barcelona. Da suporte a la asociaci\u00f3n durante todo el a\u00f1o siendo micromecena y consigue:<\/p>\n<p style=\"padding-left: 40px;\"><strong>Actividades especiales<\/strong>\u00a0(Desde el festival OHB20 hasta empezar el OHB21)<\/p>\n<ul>\n<li style=\"list-style-type: none;\">\n<ul>\n<li>Preferencia en <strong>Espacios Ocultos<\/strong> durante la semana de la arquitectura de mayo<\/li>\n<li>Encuentros de la asociaci\u00f3n<\/li>\n<\/ul>\n<\/li>\n<li style=\"list-style-type: none;\"><\/li>\n<li><\/li>\n<li style=\"list-style-type: none;\"><strong>Ventajas durante el festival con pulsera AMIGA<\/strong><\/li>\n<\/ul>\n<ul>\n<li style=\"list-style-type: none;\">\n<ul>\n<li><strong>Acceso prioritario<\/strong> en los edificios de la programaci\u00f3n\u00a0 del Festival a Barcelona y las ciudades del \u00e1rea metropolitana que \u00a0participan: Santa Coloma de Gramenet, Sant Joan Desp\u00ed, Badalona, l&#8217;Hospitalet de Llobregat y Vilassar de Dalt.<\/li>\n<li>Asistir en la <strong>Fiesta de Amigas<\/strong> del s\u00e1bado al atardecer del festival, pendiente concretar el espacio y hora.<\/li>\n<li>Asistir en la <strong>Fiesta del Voluntariado<\/strong>\u00a0del domingo al atardecer del festival, pendiente concretar el espacio y hora.<\/li>\n<li>Disponer del <strong>Cat\u00e1logo del Festival 2020\u00a0y de los diferentes materiales<\/strong> (bolsa + postales)\u00a0OHB!<\/li>\n<\/ul>\n<\/li>\n<\/ul>\n<p>Ya pod\u00e9is <a href=\"http:\/\/openextra.openhousebarcelona.org\/index.php\/ca\/\">comprar o regalar el pack por 40\u20ac<\/a> (si es para regalar anot\u00e1is el correo electr\u00f3nico de la persona beneficiaria para invitarlo a las actividades durante el a\u00f1o).<\/p>\n<p><a href=\"http:\/\/48hopenhousebarcelona.org\/ca\/formes-de-patrocini\">Otras formas de colaboraci\u00f3n econ\u00f3mica y patrocinio<\/a><\/p>\n","protected":false},"excerpt":{"rendered":"<p>Hazte AMIGA del 48h Open House BCN y disfruta de la cultura arquitect\u00f3nica! La semana antes del festival 2020 te entregaremos el PACK AMIGA OHB20 con la bolsa, el cat\u00e1logo oficial del Festival, la pulsera y otros materiales, que podr\u00e1s recoger a Rambla Catalu\u00f1a 87, 1-D, Barcelona. Da suporte a la asociaci\u00f3n durante todo el [&hellip;]<\/p>\n","protected":false},"author":2,"featured_media":0,"parent":0,"menu_order":0,"comment_status":"closed","ping_status":"closed","template":"","meta":{"_acf_changed":false,"footnotes":""},"class_list":["post-14625","page","type-page","status-publish","hentry"],"acf":[],"_links":{"self":[{"href":"https:\/\/www.48hopenhousebarcelona.org\/es\/wp-json\/wp\/v2\/pages\/14625","targetHints":{"allow":["GET"]}}],"collection":[{"href":"https:\/\/www.48hopenhousebarcelona.org\/es\/wp-json\/wp\/v2\/pages"}],"about":[{"href":"https:\/\/www.48hopenhousebarcelona.org\/es\/wp-json\/wp\/v2\/types\/page"}],"author":[{"embeddable":true,"href":"https:\/\/www.48hopenhousebarcelona.org\/es\/wp-json\/wp\/v2\/users\/2"}],"replies":[{"embeddable":true,"href":"https:\/\/www.48hopenhousebarcelona.org\/es\/wp-json\/wp\/v2\/comments?post=14625"}],"version-history":[{"count":6,"href":"https:\/\/www.48hopenhousebarcelona.org\/es\/wp-json\/wp\/v2\/pages\/14625\/revisions"}],"predecessor-version":[{"id":42845,"href":"https:\/\/www.48hopenhousebarcelona.org\/es\/wp-json\/wp\/v2\/pages\/14625\/revisions\/42845"}],"wp:attachment":[{"href":"https:\/\/www.48hopenhousebarcelona.org\/es\/wp-json\/wp\/v2\/media?parent=14625"}],"curies":[{"name":"wp","href":"https:\/\/api.w.org\/{rel}","templated":true}]}}