{"id":15986,"date":"2020-05-31T10:37:41","date_gmt":"2020-05-31T10:37:41","guid":{"rendered":"https:\/\/www.48hopenhousebarcelona.org\/?page_id=15986"},"modified":"2021-09-05T14:58:58","modified_gmt":"2021-09-05T14:58:58","slug":"protocolo-covid-19","status":"publish","type":"page","link":"https:\/\/www.48hopenhousebarcelona.org\/es\/protocolo-covid-19\/","title":{"rendered":"Protocolo COVID-19"},"content":{"rendered":"<h3>Protocolo de seguridad y prevenci\u00f3n contra la COVID-19<\/h3>\n<h4><img loading=\"lazy\" decoding=\"async\" class=\"alignnone wp-image-16164\" src=\"https:\/\/www.48hopenhousebarcelona.org\/wp-content\/uploads\/2020\/09\/protocol-v2-05-300x146.png\" alt=\"\" width=\"715\" height=\"348\" srcset=\"https:\/\/www.48hopenhousebarcelona.org\/wp-content\/uploads\/2020\/09\/protocol-v2-05-300x146.png 300w, https:\/\/www.48hopenhousebarcelona.org\/wp-content\/uploads\/2020\/09\/protocol-v2-05-400x194.png 400w, https:\/\/www.48hopenhousebarcelona.org\/wp-content\/uploads\/2020\/09\/protocol-v2-05-1024x498.png 1024w, https:\/\/www.48hopenhousebarcelona.org\/wp-content\/uploads\/2020\/09\/protocol-v2-05-768x373.png 768w, https:\/\/www.48hopenhousebarcelona.org\/wp-content\/uploads\/2020\/09\/protocol-v2-05-1536x746.png 1536w, https:\/\/www.48hopenhousebarcelona.org\/wp-content\/uploads\/2020\/09\/protocol-v2-05-2048x995.png 2048w, https:\/\/www.48hopenhousebarcelona.org\/wp-content\/uploads\/2020\/09\/protocol-v2-05-1320x641.png 1320w\" sizes=\"auto, (max-width: 715px) 100vw, 715px\" \/><\/h4>\n<p><strong>La asociaci\u00f3n 48h Open House Barcelona ha elaborado un protocolo de seguridad y prevenci\u00f3n con el objetivo de celebrar el festival con las m\u00e1ximas garant\u00edas de seguridad para voluntarios, organizadores, trabajadores, visitantes y proveedores.<\/strong><\/p>\n<h4><b>El festival seguir\u00e1 los siguientes protocolos, siempre de acuerdo con la normativa vigente:<\/b><\/h4>\n<ul>\n<li><strong>Aforo <\/strong>en el interior de los edificios seg\u00fan las medidas establecidas por los gobiernos competentes.<\/li>\n<li><strong>Registro de los visitantes<\/strong> en la puerta de acceso de todos los edificios.<\/li>\n<li>Uso de <strong>mascarilla obligatoria<\/strong> en todos los espacios del festival.<\/li>\n<li>El aforo interior y de las colas cumplir\u00e1n las <strong>distancias de seguridad<\/strong> requeridas.<\/li>\n<li style=\"font-weight: 400;\"><span style=\"font-weight: 400;\">El acceso y el desalojo de los espacios se realizar\u00e1 de <strong>forma escalonada y bajo control<\/strong> del personal del festival para garantizar la distancia de seguridad.<\/span><\/li>\n<li style=\"font-weight: 400;\"><span style=\"font-weight: 400;\">En todos los espacios donde sea necesario, se habilitar\u00e1n <strong>diferentes accesos y salidas<\/strong> para no producir aglomeraciones de personas.<\/span><\/li>\n<\/ul>\n<p><b>Medidas individuales:<\/b><\/p>\n<ul>\n<li style=\"font-weight: 400;\"><span style=\"font-weight: 400;\">Recuerda que en todos los espacios del festival hay que mantener una distancia de seguridad entre personas de 2 metros.<\/span><\/li>\n<li style=\"font-weight: 400;\"><span style=\"font-weight: 400;\">El uso de la mascarilla es obligatorio en todos los espacios del festival.<\/span><\/li>\n<li style=\"font-weight: 400;\"><span style=\"font-weight: 400;\">El acceso y el desalojo de los espacios se realizar\u00e1 de forma escalonada. Deben seguirse siempre las se\u00f1alizaciones e indicaciones del personal del festival.<\/span><\/li>\n<li style=\"font-weight: 400;\"><span style=\"font-weight: 400;\">Es necesario mantener la distancia de seguridad en las colas que puedan generarse en cada espacio.<\/span><\/li>\n<li style=\"font-weight: 400;\"><span style=\"font-weight: 400;\">Si piensas que puedes tener s\u00edntomas de COVID-19 o si has estado en contacto con alguien diagnosticado del virus, qu\u00e9date en casa. Aprovecha para disfrutar del festival con todas las actividades y las iniciativas on-line.<\/span><\/li>\n<\/ul>\n<p><strong>Medidas e informaci\u00f3n importante para voluntarios:<\/strong><\/p>\n<p>1. Antes del festival:<\/p>\n<ul>\n<li>Acred\u00edtate correctamente en el formulario del festival.<\/li>\n<li>Inf\u00f3rmate de las medidas de mitigaci\u00f3n del riesgo de contagio.<\/li>\n<li>Lee la documentaci\u00f3n enviada por el festival respecto a seguridad, aforos y distancias de seguridad.<\/li>\n<li>Puesta en marcha de medidas de prevenci\u00f3n espec\u00edficas durante el per\u00edodo de\u00a0apertura y cierre de los espacios.<\/li>\n<\/ul>\n<p>2. Acceso a los espacios:<\/p>\n<ul>\n<li>Control de uso de mascarilla de los asistentes en todos los accesos.<\/li>\n<li>Control del aforo en todos los accesos.<\/li>\n<li>Control de la distancia de seguridad en todas las colas que puedan generarse.<\/li>\n<li>Se\u00f1alizaci\u00f3n informativa de todas las medidas de seguridad hay que adoptar.<\/li>\n<\/ul>\n<p>3. En el interior de los espacios:<\/p>\n<ul>\n<li>Control de uso de mascarilla de los asistentes.<\/li>\n<li>Control de la distancia de seguridad en todos los espacios.<\/li>\n<li>Ning\u00fan visitante puede tocar nada del interior de los espacios abiertos por el\u00a0festival.<\/li>\n<li>Limitaci\u00f3n de aforo en los espacios.<\/li>\n<li>No se distribuir\u00e1 ning\u00fan tipo de material a los visitantes (documentos, folletos,\u00a0libros, etc.).<\/li>\n<li>No se permite comer ni beber en ning\u00fan espacio del festival.<\/li>\n<\/ul>\n","protected":false},"excerpt":{"rendered":"<p>Protocolo de seguridad y prevenci\u00f3n contra la COVID-19 La asociaci\u00f3n 48h Open House Barcelona ha elaborado un protocolo de seguridad y prevenci\u00f3n con el objetivo de celebrar el festival con las m\u00e1ximas garant\u00edas de seguridad para voluntarios, organizadores, trabajadores, visitantes y proveedores. El festival seguir\u00e1 los siguientes protocolos, siempre de acuerdo con la normativa vigente: [&hellip;]<\/p>\n","protected":false},"author":2,"featured_media":16099,"parent":0,"menu_order":0,"comment_status":"closed","ping_status":"closed","template":"","meta":{"_acf_changed":false,"footnotes":""},"class_list":["post-15986","page","type-page","status-publish","has-post-thumbnail","hentry"],"acf":[],"_links":{"self":[{"href":"https:\/\/www.48hopenhousebarcelona.org\/es\/wp-json\/wp\/v2\/pages\/15986","targetHints":{"allow":["GET"]}}],"collection":[{"href":"https:\/\/www.48hopenhousebarcelona.org\/es\/wp-json\/wp\/v2\/pages"}],"about":[{"href":"https:\/\/www.48hopenhousebarcelona.org\/es\/wp-json\/wp\/v2\/types\/page"}],"author":[{"embeddable":true,"href":"https:\/\/www.48hopenhousebarcelona.org\/es\/wp-json\/wp\/v2\/users\/2"}],"replies":[{"embeddable":true,"href":"https:\/\/www.48hopenhousebarcelona.org\/es\/wp-json\/wp\/v2\/comments?post=15986"}],"version-history":[{"count":11,"href":"https:\/\/www.48hopenhousebarcelona.org\/es\/wp-json\/wp\/v2\/pages\/15986\/revisions"}],"predecessor-version":[{"id":33493,"href":"https:\/\/www.48hopenhousebarcelona.org\/es\/wp-json\/wp\/v2\/pages\/15986\/revisions\/33493"}],"wp:featuredmedia":[{"embeddable":true,"href":"https:\/\/www.48hopenhousebarcelona.org\/es\/wp-json\/wp\/v2\/media\/16099"}],"wp:attachment":[{"href":"https:\/\/www.48hopenhousebarcelona.org\/es\/wp-json\/wp\/v2\/media?parent=15986"}],"curies":[{"name":"wp","href":"https:\/\/api.w.org\/{rel}","templated":true}]}}