{"id":16227,"date":"2020-09-09T08:31:34","date_gmt":"2020-09-09T08:31:34","guid":{"rendered":"https:\/\/www.48hopenhousebarcelona.org\/?page_id=16227"},"modified":"2025-09-19T11:49:05","modified_gmt":"2025-09-19T11:49:05","slug":"patrocinios","status":"publish","type":"page","link":"https:\/\/www.48hopenhousebarcelona.org\/es\/patrocinios\/","title":{"rendered":"Patrocina"},"content":{"rendered":"<p><strong>Abrir las puertas de la cultura arquitect\u00f3nica forma parte de la responsabilidad que tenemos con la sociedad y con los habitantes de la ciudad. Una sociedad igualitaria es aquella que reconoce su entorno, que lo entiende y que lo protege.<\/strong><\/p>\n<p><span style=\"font-weight: 400;\"> Hay diferentes formas, tipos y tama\u00f1os de patrocinio econ\u00f3mico.\u00a0<\/span><span style=\"font-weight: 400;\">Descubre la tuya:<\/p>\n<p><\/span><\/p>\n<ul>\n<li style=\"font-weight: 400;\">\n<h3><b>PRO:\u00a0<\/b><span style=\"font-weight: 400; font-size: 16px;\">para colectivos profesionales.<\/p>\n<p><\/span><\/h3>\n<\/li>\n<li style=\"font-weight: 400;\">\n<h3><b>Patrocinadores de edificio:\u00a0<\/b><span style=\"font-weight: 400; font-size: 16px;\">entidades y equipamientos con un edificio que forma parte de la programaci\u00f3n del festival, y cuyos valores est\u00e1n relacionados con el festival y alineados con sus pol\u00edticas empresariales.<\/p>\n<p><\/span><\/h3>\n<\/li>\n<li style=\"font-weight: 400;\">\n<h3><b>Patrocinadores del festival \/ de actividad:\u00a0<\/b><span style=\"font-weight: 400; font-size: 16px;\">entidades y equipamientos que son protagonistas de una l\u00ednea del festival o de una actividad, y cuyos valores est\u00e1n relacionados con el festival y alineados con sus pol\u00edticas empresariales.<\/p>\n<p><\/span><\/h3>\n<\/li>\n<li style=\"font-weight: 400;\">\n<h3><b>Patrocinadores globales del festival: <\/b><span style=\"font-weight: 400; font-size: 16px;\">entidades y\/o empresas que hacen posible que el festival de arquitectura sea un festival de referencia. se trata del primer festival metropolitano por n\u00famero de actividades, p\u00fablico y ciudades participantes, quedando incluido en el top 10 de festivales de Barcelona por n\u00famero de visitantes. Es tambi\u00e9n el festival cultural en \u00e1mbito de arquitectura y dise\u00f1o m\u00e1s importante y el que genera m\u00e1s impacto en la mejora de la calidad de vida de los ciudadanos a partir de la divulgaci\u00f3n de la cultura arquitect\u00f3nica.<\/span><\/h3>\n<\/li>\n<\/ul>\n<a class=\"md-btn button shortcode_button uk-light\" href=\"https:\/\/www.48hopenhousebarcelona.org\/wp-content\/uploads\/2021\/03\/Contraprestaciones-Patros-OHB20_ESP.pptx_compressed.pdf\">Patrocinadores actuales<\/a>\n<a class=\"md-btn button shortcode_button uk-light\" href=\"https:\/\/www.48hopenhousebarcelona.org\/es\/premsa\/\">Prensa y comunicaci\u00f3n <\/a>\n<p>&nbsp;<\/p>\n<p><img loading=\"lazy\" decoding=\"async\" class=\"alignnone size-medium wp-image-16210\" src=\"https:\/\/www.48hopenhousebarcelona.org\/wp-content\/uploads\/2020\/09\/OPENHOUSE2019-638-min-200x300.jpg\" alt=\"\" width=\"200\" height=\"300\" srcset=\"https:\/\/www.48hopenhousebarcelona.org\/wp-content\/uploads\/2020\/09\/OPENHOUSE2019-638-min-200x300.jpg 200w, https:\/\/www.48hopenhousebarcelona.org\/wp-content\/uploads\/2020\/09\/OPENHOUSE2019-638-min-400x600.jpg 400w, https:\/\/www.48hopenhousebarcelona.org\/wp-content\/uploads\/2020\/09\/OPENHOUSE2019-638-min-683x1024.jpg 683w, https:\/\/www.48hopenhousebarcelona.org\/wp-content\/uploads\/2020\/09\/OPENHOUSE2019-638-min-768x1152.jpg 768w, https:\/\/www.48hopenhousebarcelona.org\/wp-content\/uploads\/2020\/09\/OPENHOUSE2019-638-min-1024x1536.jpg 1024w, https:\/\/www.48hopenhousebarcelona.org\/wp-content\/uploads\/2020\/09\/OPENHOUSE2019-638-min.jpg 1280w\" sizes=\"auto, (max-width: 200px) 100vw, 200px\" \/> <img loading=\"lazy\" decoding=\"async\" class=\"alignnone size-medium wp-image-16208\" src=\"https:\/\/www.48hopenhousebarcelona.org\/wp-content\/uploads\/2020\/09\/OPENHOUSE2019-021-min-300x200.jpg\" alt=\"\" width=\"300\" height=\"200\" srcset=\"https:\/\/www.48hopenhousebarcelona.org\/wp-content\/uploads\/2020\/09\/OPENHOUSE2019-021-min-300x200.jpg 300w, https:\/\/www.48hopenhousebarcelona.org\/wp-content\/uploads\/2020\/09\/OPENHOUSE2019-021-min-400x267.jpg 400w, https:\/\/www.48hopenhousebarcelona.org\/wp-content\/uploads\/2020\/09\/OPENHOUSE2019-021-min-1024x683.jpg 1024w, https:\/\/www.48hopenhousebarcelona.org\/wp-content\/uploads\/2020\/09\/OPENHOUSE2019-021-min-768x512.jpg 768w, https:\/\/www.48hopenhousebarcelona.org\/wp-content\/uploads\/2020\/09\/OPENHOUSE2019-021-min-1536x1024.jpg 1536w, https:\/\/www.48hopenhousebarcelona.org\/wp-content\/uploads\/2020\/09\/OPENHOUSE2019-021-min-1320x880.jpg 1320w, https:\/\/www.48hopenhousebarcelona.org\/wp-content\/uploads\/2020\/09\/OPENHOUSE2019-021-min.jpg 1920w\" sizes=\"auto, (max-width: 300px) 100vw, 300px\" \/> \u00a0<img loading=\"lazy\" decoding=\"async\" class=\"alignnone size-medium wp-image-3499\" src=\"https:\/\/www.48hopenhousebarcelona.org\/wp-content\/uploads\/2019\/09\/Open-House-Worldwide-slide-11-300x200.jpg\" alt=\"\" width=\"300\" height=\"200\" \/> \u00a0<img loading=\"lazy\" decoding=\"async\" class=\"alignnone size-medium wp-image-3050\" src=\"https:\/\/www.48hopenhousebarcelona.org\/wp-content\/uploads\/2019\/09\/Entrega-de-Premis-OpenSketch16-slide-5-300x200.jpg\" alt=\"\" width=\"300\" height=\"200\" \/><\/p>\n","protected":false},"excerpt":{"rendered":"<p>Abrir las puertas de la cultura arquitect\u00f3nica forma parte de la responsabilidad que tenemos con la sociedad y con los habitantes de la ciudad. Una sociedad igualitaria es aquella que reconoce su entorno, que lo entiende y que lo protege. Hay diferentes formas, tipos y tama\u00f1os de patrocinio econ\u00f3mico.\u00a0Descubre la tuya: PRO:\u00a0para colectivos profesionales. Patrocinadores [&hellip;]<\/p>\n","protected":false},"author":2,"featured_media":56127,"parent":0,"menu_order":0,"comment_status":"closed","ping_status":"closed","template":"template-novapagina.php","meta":{"_acf_changed":false,"footnotes":""},"class_list":["post-16227","page","type-page","status-publish","has-post-thumbnail","hentry"],"acf":[],"_links":{"self":[{"href":"https:\/\/www.48hopenhousebarcelona.org\/es\/wp-json\/wp\/v2\/pages\/16227","targetHints":{"allow":["GET"]}}],"collection":[{"href":"https:\/\/www.48hopenhousebarcelona.org\/es\/wp-json\/wp\/v2\/pages"}],"about":[{"href":"https:\/\/www.48hopenhousebarcelona.org\/es\/wp-json\/wp\/v2\/types\/page"}],"author":[{"embeddable":true,"href":"https:\/\/www.48hopenhousebarcelona.org\/es\/wp-json\/wp\/v2\/users\/2"}],"replies":[{"embeddable":true,"href":"https:\/\/www.48hopenhousebarcelona.org\/es\/wp-json\/wp\/v2\/comments?post=16227"}],"version-history":[{"count":13,"href":"https:\/\/www.48hopenhousebarcelona.org\/es\/wp-json\/wp\/v2\/pages\/16227\/revisions"}],"predecessor-version":[{"id":56157,"href":"https:\/\/www.48hopenhousebarcelona.org\/es\/wp-json\/wp\/v2\/pages\/16227\/revisions\/56157"}],"wp:featuredmedia":[{"embeddable":true,"href":"https:\/\/www.48hopenhousebarcelona.org\/es\/wp-json\/wp\/v2\/media\/56127"}],"wp:attachment":[{"href":"https:\/\/www.48hopenhousebarcelona.org\/es\/wp-json\/wp\/v2\/media?parent=16227"}],"curies":[{"name":"wp","href":"https:\/\/api.w.org\/{rel}","templated":true}]}}