{"id":16233,"date":"2020-09-09T08:41:20","date_gmt":"2020-09-09T08:41:20","guid":{"rendered":"https:\/\/www.48hopenhousebarcelona.org\/?page_id=16233"},"modified":"2024-03-11T10:09:23","modified_gmt":"2024-03-11T10:09:23","slug":"formas-de-patrocinio-2","status":"publish","type":"page","link":"https:\/\/www.48hopenhousebarcelona.org\/es\/formas-de-patrocinio-2\/","title":{"rendered":"Formas de patrocinio"},"content":{"rendered":"<h2><strong>Abrir las puertas de la cultura arquitect\u00f3nica forma parte de la responsabilidad que tenemos con la sociedad y con los habitantes de la ciudad. Una sociedad igualitaria es aquella que reconoce su entorno, que lo entiende y que lo protege.<\/strong><\/h2>\n<p>La asociaci\u00f3n 48h Open House Barcelona es una asociaci\u00f3n sin \u00e1nimo de lucro y el festival de arquitectura 48h Open House BCN es posible gracias a las personas, las entidades y las instituciones que le apoyan. <br \/>Ay\u00fadanos a impulsar el festival con una de las modalidades de patrocinio siguientes:<\/p>\n\n\n<div class=\"wp-block-columns alignwide is-layout-flex wp-container-core-columns-is-layout-9d6595d7 wp-block-columns-is-layout-flex\">\n<div class=\"wp-block-column has-text-color has-background has-link-color wp-elements-49c90f4b8ce3ba1bd161e508207d5b52 is-layout-flow wp-block-column-is-layout-flow\" style=\"color:#000000;background-color:#ffe97d2b;padding-top:2em;padding-right:2em;padding-bottom:2em;padding-left:2em\">\n<h6 class=\"wp-block-heading\" id=\"single\" style=\"font-size:40px\"><strong>Patrocinador<\/strong><\/h6>\n\n\n\n<p class=\"has-normal-font-size\">Si eres una empresa, una entidad o un colectivo profesional y quieres ser protagonista del festival porque compartes los valores relacionados con el patrimonio arquitect\u00f3nico, la cultura y la ciudad. <strong>Te damos la bienvenida a la familia Open House BCN.<\/strong><\/p>\n\n\n\n<div style=\"height:60px\" aria-hidden=\"true\" class=\"wp-block-spacer\"><\/div>\n\n\n\n<div class=\"wp-block-buttons alignfull is-horizontal is-content-justification-center is-layout-flex wp-container-core-buttons-is-layout-499968f5 wp-block-buttons-is-layout-flex\">\n<div class=\"wp-block-button has-custom-width wp-block-button__width-100\"><a class=\"wp-block-button__link has-white-color has-black-background-color has-text-color has-background wp-element-button\" href=\"https:\/\/www.48hopenhousebarcelona.org\/es\/patrocinios\/\" style=\"border-radius:50px\" target=\"_blank\" rel=\"noreferrer noopener\">PATROCINADORES<\/a><\/div>\n<\/div>\n<\/div>\n\n\n\n<div class=\"wp-block-column has-text-color has-background has-link-color wp-elements-fd409812432f94c01e80e8389ebf315c is-layout-flow wp-block-column-is-layout-flow\" style=\"color:#000000;background-color:#d1d1e054;padding-top:2em;padding-right:2em;padding-bottom:2em;padding-left:2em\">\n<h6 class=\"wp-block-heading has-text-align-center\" id=\"family\" style=\"font-size:40px\"><strong>Amigos<\/strong><\/h6>\n\n\n\n<p class=\"has-normal-font-size\" style=\"line-height:1.5\"><\/p>\n\n\n\n<p>El festival \u00e9s possible gr\u00e0cies a micromecenes com tu, que ajuden a divulgar l\u2019arquitectura com a component de la cultura.<\/p>\n\n\n\n<p><strong>Fes-te Amic del Festival 48h Open House BCN: un festival d\u2019arquitectura, cultura i ciutat.<\/strong><\/p>\n\n\n\n<p><\/p>\n\n\n\n<div style=\"height:40px\" aria-hidden=\"true\" class=\"wp-block-spacer\"><\/div>\n\n\n\n<div class=\"wp-block-buttons alignfull is-horizontal is-content-justification-center is-layout-flex wp-container-core-buttons-is-layout-499968f5 wp-block-buttons-is-layout-flex\">\n<div class=\"wp-block-button has-custom-width wp-block-button__width-100 is-style-fill\"><a class=\"wp-block-button__link has-white-color has-black-background-color has-text-color has-background wp-element-button\" href=\"https:\/\/www.48hopenhousebarcelona.org\/es\/producte\/amiga-48h-open-house-bcn\/\" style=\"border-radius:50px\" target=\"_blank\" rel=\"noreferrer noopener\">AMIGOS<\/a><\/div>\n<\/div>\n<\/div>\n\n\n\n<div class=\"wp-block-column has-text-color has-background has-link-color wp-elements-8b9df04e7e12d0a89c1cbccb421ed71f is-layout-flow wp-block-column-is-layout-flow\" style=\"color:#000000;background-color:#c2edf261;padding-top:2em;padding-right:2em;padding-bottom:2em;padding-left:2em\">\n<h6 class=\"wp-block-heading has-text-align-center\" id=\"patron\" style=\"font-size:40px\"><strong>Donaciones<\/strong><\/h6>\n\n\n<div class=\"wp-block-image\">\n<figure class=\"aligncenter size-full\"><img loading=\"lazy\" decoding=\"async\" width=\"128\" height=\"128\" src=\"https:\/\/www.48hopenhousebarcelona.org\/wp-content\/uploads\/2022\/06\/Codigo-QR.png\" alt=\"\" class=\"wp-image-37005\" srcset=\"https:\/\/www.48hopenhousebarcelona.org\/wp-content\/uploads\/2022\/06\/Codigo-QR.png 128w, https:\/\/www.48hopenhousebarcelona.org\/wp-content\/uploads\/2022\/06\/Codigo-QR-100x100.png 100w\" sizes=\"auto, (max-width: 128px) 100vw, 128px\" \/><\/figure>\n<\/div>\n\n\n<div style=\"height:60px\" aria-hidden=\"true\" class=\"wp-block-spacer\"><\/div>\n\n\n\n<div class=\"wp-block-buttons alignfull is-horizontal is-content-justification-center is-layout-flex wp-container-core-buttons-is-layout-499968f5 wp-block-buttons-is-layout-flex\">\n<div class=\"wp-block-button has-custom-width wp-block-button__width-100\"><a class=\"wp-block-button__link has-white-color has-black-background-color has-text-color has-background wp-element-button\" href=\"https:\/\/www.paypal.com\/donate\/?hosted_button_id=TJC8BH4CLLGKJ&amp;source=qr\" style=\"border-radius:50px\" target=\"_blank\" rel=\"noreferrer noopener\">DONACIONES<\/a><\/div>\n<\/div>\n<\/div>\n<\/div>\n\n\n\n<p>Contacta con nosotros a trav\u00e9s del correo:&nbsp;<a href=\"mailto:patrocinis@48hopenhousebarcelona.org\" target=\"_blank\" rel=\"noreferrer noopener\">patrocinis@48hopenhousebarcelona.org<\/a><\/p>\n","protected":false},"excerpt":{"rendered":"<p>Abrir las puertas de la cultura arquitect\u00f3nica forma parte de la responsabilidad que tenemos con la sociedad y con los habitantes de la ciudad. Una sociedad igualitaria es aquella que reconoce su entorno, que lo entiende y que lo protege. La asociaci\u00f3n 48h Open House Barcelona es una asociaci\u00f3n sin \u00e1nimo de lucro y el [&hellip;]<\/p>\n","protected":false},"author":2,"featured_media":0,"parent":0,"menu_order":0,"comment_status":"closed","ping_status":"closed","template":"","meta":{"_acf_changed":false,"footnotes":""},"class_list":["post-16233","page","type-page","status-publish","hentry"],"acf":[],"_links":{"self":[{"href":"https:\/\/www.48hopenhousebarcelona.org\/es\/wp-json\/wp\/v2\/pages\/16233","targetHints":{"allow":["GET"]}}],"collection":[{"href":"https:\/\/www.48hopenhousebarcelona.org\/es\/wp-json\/wp\/v2\/pages"}],"about":[{"href":"https:\/\/www.48hopenhousebarcelona.org\/es\/wp-json\/wp\/v2\/types\/page"}],"author":[{"embeddable":true,"href":"https:\/\/www.48hopenhousebarcelona.org\/es\/wp-json\/wp\/v2\/users\/2"}],"replies":[{"embeddable":true,"href":"https:\/\/www.48hopenhousebarcelona.org\/es\/wp-json\/wp\/v2\/comments?post=16233"}],"version-history":[{"count":8,"href":"https:\/\/www.48hopenhousebarcelona.org\/es\/wp-json\/wp\/v2\/pages\/16233\/revisions"}],"predecessor-version":[{"id":47903,"href":"https:\/\/www.48hopenhousebarcelona.org\/es\/wp-json\/wp\/v2\/pages\/16233\/revisions\/47903"}],"wp:attachment":[{"href":"https:\/\/www.48hopenhousebarcelona.org\/es\/wp-json\/wp\/v2\/media?parent=16233"}],"curies":[{"name":"wp","href":"https:\/\/api.w.org\/{rel}","templated":true}]}}