{"id":2045,"date":"2019-09-10T13:16:54","date_gmt":"2019-09-10T13:16:54","guid":{"rendered":"https:\/\/www.48hopenhousebarcelona.org\/politica-privacitat\/"},"modified":"2025-08-01T10:58:15","modified_gmt":"2025-08-01T10:58:15","slug":"politica-privacitat","status":"publish","type":"page","link":"https:\/\/www.48hopenhousebarcelona.org\/es\/politica-privacitat\/","title":{"rendered":"POL\u00cdTICA DE PRIVACIDAD Y PROTECCI\u00d3N DE DATOS"},"content":{"rendered":"<p>La ASSOCIACIO CULTURAL 48 OPEN HOUSE le informa que cumple con todos los requisitos establecidos por la normativa de Protecci\u00f3n de Datos y con todas las medidas t\u00e9cnicas y organizativas necesarias para garantizar la seguridad de los datos de car\u00e1cter personal.<\/p>\n<p>\u00bfQu\u00e9 medidas de seguridad tiene implantada la empresa?<\/p>\n<p>La ASOCIACI\u00d3N CULTURAL 48 OPEN HOUSE informa que el tratamiento que realiza de datos personales se realiza en todo momento de conformidad con la normativa aplicable en materia de protecci\u00f3n de datos y de los servicios de la sociedad de la informaci\u00f3n.<\/p>\n<p>La ASOCIACI\u00d3N CULTURAL 48 OPEN HOUSE tiene implantadas las medidas de seguridad de \u00edndole t\u00e9cnica y organizativas necesarias que garanticen la seguridad de los datos de car\u00e1cter personal del Usuario y eviten su alteraci\u00f3n, p\u00e9rdida, tratamiento y\/o acceso no autorizado de acuerdo con el estado de la tecnolog\u00eda, la naturaleza de los datos almacenados y los riesgos a los que est\u00e1n expuestos, ya provengan de la acci\u00f3n humana o del medio f\u00edsico o natural, en conformidad con el que prev\u00e9 la normativa vigente.<\/p>\n<p>&nbsp;<\/p>\n<h3>ELEMENTOS QUE INCLUYE<\/h3>\n<div id=\"accordions-48810\" class=\"accordions-48810 accordions\" data-accordions={&quot;lazyLoad&quot;:true,&quot;id&quot;:&quot;48810&quot;,&quot;event&quot;:&quot;click&quot;,&quot;collapsible&quot;:&quot;true&quot;,&quot;heightStyle&quot;:&quot;content&quot;,&quot;animateStyle&quot;:&quot;swing&quot;,&quot;animateDelay&quot;:1000,&quot;navigation&quot;:true,&quot;active&quot;:999,&quot;expandedOther&quot;:&quot;no&quot;}>\r\n                <div id=\"accordions-lazy-48810\" class=\"accordions-lazy\" accordionsId=\"48810\">\r\n                    <\/div>\r\n\r\n    <div class=\"items\"  style=\"display:none\" >\r\n    \r\n            <div post_id=\"48810\" itemcount=\"0\"  header_id=\"header-1717754851583\" id=\"header-1717754851583\" style=\"\" class=\"accordions-head head1717754851583 border-none\" toggle-text=\"\" main-text=\"SITIO WEB, FORMULARIOS Y CONCURSOS\">\r\n                                    <span id=\"accordion-icons-1717754851583\" class=\"accordion-icons\">\r\n                        <span class=\"accordion-icon-active accordion-plus\"><i class=\"fas fa-chevron-up\"><\/i><\/span>\r\n                        <span class=\"accordion-icon-inactive accordion-minus\"><i class=\"fas fa-chevron-right\"><\/i><\/span>\r\n                    <\/span>\r\n                    <span id=\"header-text-1717754851583\" class=\"accordions-head-title\">SITIO WEB, FORMULARIOS Y CONCURSOS<\/span>\r\n                            <\/div>\r\n            <div class=\"accordion-content content1717754851583 \">\r\n                <p>A trav\u00e9s de la presente pol\u00edtica de privacidad\u00a0ASOCIACI\u00d3N\u00a0CULTURAL 48 OPEN HOUSE\u00a0desea informar a todas las personas que naveguen y accedan al sitio web <a href=\"https:\/\/www.48hopenhousebarcelona.org\/\">https:\/\/www.48hopenhousebarcelona.org\/<\/a>\u00a0sobre los tratamientos de datos personales realizados.<\/p>\n<p>El acceso al sitio web no requiere un registro previo. En todo caso, el Usuario con su navegaci\u00f3n acepta en su totalidad la presente pol\u00edtica de privacidad y pol\u00edtica de cookies.<\/p>\n<p>FORMULARIOS Y CONCURSOS<\/p>\n<p>Antes del env\u00edo de cualquier solicitud de informaci\u00f3n a trav\u00e9s del formulario de registro al newsletter\u00a0 de esta p\u00e1gina web, el usuario debe aceptar la pol\u00edtica de privacidad, con el fin de prestar el consentimiento expreso e informado por el tratamiento de los datos con las finalidades indicadas.<\/p>\n<p>De conformidad con el\u00a0Reglamento (UE) 2016\/679, de 27 de abril de 2016, relativo a la protecci\u00f3n de las personas f\u00edsicas en lo que respecta al tratamiento de datos personales y a la libre circulaci\u00f3n de estos datos\u00a0y subsidiariamente en aquello no regulado, el Real Decreto 1720\/2007, de 21 de diciembre, por el que se aprueba el Reglamento de desarrollo de la Ley Org\u00e1nica 15\/1999, de 13 de diciembre de Protecci\u00f3n de Datos de Car\u00e1cter Personal de\u00a0ASSOCIACI\u00d3N CULTURAL 48 OPEN HOUSE \u00a0le informa:<\/p>\n<p><strong>Informaci\u00f3n b\u00e1sica sobre Protecci\u00f3n de Datos<\/strong><\/p>\n<p><strong>Responsable<\/strong><\/p>\n<p>ASOCIACI\u00d3N CULTURAL 48 OPEN HOUSE<\/p>\n<p>G65391815<\/p>\n<p>C\/ Rambla Catalunya\u00a0 87, 1D \u2013 08080 Barcelona<\/p>\n<p>Email: <a href=\"mailto:consultes@48hopenhousebarcelona.org\">consultes@48hopenhousebarcelona.org<\/a><\/p>\n<p>La organizaci\u00f3n se reserva el derecho de cancelaci\u00f3n o modificaci\u00f3n de las bases en cualquier momento.<\/p>\n<p><strong>Finalidad<\/strong><\/p>\n<p>La ASOCIACI\u00d3N CULTURAL 48 OPEN HOUSE\u00a0\u00a0tratar\u00e1 los datos de los Usuarios conforme las siguientes finalidades:<\/p>\n<ul>\n<li>Gestionar sus datos a los que se accede en consecuencia de su navegaci\u00f3n i\/o consulta.<\/li>\n<li>Gestionar los donativos de quien desee tener la identificaci\u00f3n de \u201cAmic del Festival\u201d.<\/li>\n<li>Gestionar las inscripciones para asistir a los itinerarios y para la entrada en determinados edificios.<\/li>\n<li>Tramitar su alta como colaborador y\/o patrocinador de la entidad.<\/li>\n<li>Tramitar su solicitud para formar parte del colectivo de voluntariado del\u00a0 festival.<\/li>\n<li>Gestionar los concursos.<\/li>\n<li>Gestionar las aportaciones econ\u00f3micas que se realizan para colaborar con el festival.<\/li>\n<li>Gestionar las reservas de compra hechas online.<\/li>\n<li>Enviarle comunicaciones comerciales y publicitarias referentes a actividades y proyectos relacionados con la asociaci\u00f3n, solo en caso de aceptaci\u00f3n.<\/li>\n<\/ul>\n<p><strong><br \/>\nLegitimaci\u00f3n<\/strong><\/p>\n<p>El tratamiento de dichos datos est\u00e1 legitimado por el consentimiento del interesado.<\/p>\n<p><strong>Destinatarios<\/strong><\/p>\n<p>Los datos no ser\u00e1n cedidos, salvo obligaci\u00f3n legal.<\/p>\n<p><strong>Derechos<\/strong><\/p>\n<p>En cualquier momento el Usuario podr\u00e1 ejercer gratuitamente sus derechos de acceso, rectificaci\u00f3n, oposici\u00f3n y supresi\u00f3n los datos, as\u00ed como los otros derechos regulados al Reglamento (UE) 679\/2016, esto es, el derecho a la portabilidad y a la limitaci\u00f3n del tratamiento, mediante escrito acompa\u00f1ado de una copia del DNI o documento v\u00e1lido que lo identifique a ASOCIACI\u00d3N CULTURAL 48 OPEN HOUSE., C\/ Rambla Catalunya\u00a0 87, 1D \u2013 08080 Barcelona (Ref. \u201cProtecci\u00f3n de Datos\u201d), o a la siguiente direcci\u00f3n de correo electr\u00f3nico consultes@openhousebarcelona.com<\/p>\n<p>ASOCIACI\u00d3N CULTURAL 48 OPEN HOUSE \u00a0informa al Usuario que, si lo estima oportuno, tiene derecho a presentar una reclamaci\u00f3n ante la correspondiente autoridad de control.<\/p>\n<p><strong>\u00bfEs obligatorio proporcionar toda la informaci\u00f3n solicitada en el apartado de contacto?<\/strong><\/p>\n<p>En cuanto a los formularios del Sitio Web, el Usuario tiene que cumplimentar los marcados como \u201crequerido\u201d. No completar los datos personales requeridos o hacerlo parcialmente puede suponer que ASOCIACIO CULTURAL 48 OPEN HOUSE no pueda atender sus solicitudes y, en consecuencia, ASOCIACI\u00d3N\u00a0CULTURAL 48 OPEN HOUSE quedar\u00e1 exonerada de toda responsabilidad por la no prestaci\u00f3n o la prestaci\u00f3n incompleta de los servicios solicitados.<\/p>\n<p>Los datos personales que el Usuario facilita a ASOCIACIO CULTURAL 48 OPEN HOUSE\u00a0 tienen que ser actuales para que la informaci\u00f3n de los registros est\u00e9 actualiza y sin errores. El Usuario responder\u00e1 de la veracidad de los datos facilitados.<\/p>\n<p><strong>Plazo de conservaci\u00f3n<\/strong><\/p>\n<p>En caso que el usuario solo realice una consulta, sus datos no ser\u00e1n utilizados para ning\u00fan otro motivo que no sea la gesti\u00f3n de la respuesta.<\/p>\n<p>Los datos se conservar\u00e1n el tiempo necesario para dar cumplimiento a las finalidades por las cuales han sido recogidos.<\/p>\n<p>Por otro lado, la empresa dejar\u00e1 de tratar sus datos como usuario de las redes sociales en el momento en que deje de seguir la cuenta.<\/p>\n            <\/div>\r\n    \r\n            <div post_id=\"48810\" itemcount=\"1\"  header_id=\"header-1717754982641\" id=\"header-1717754982641\" style=\"\" class=\"accordions-head head1717754982641 border-none\" toggle-text=\"\" main-text=\"VOLUNTARIOS\">\r\n                                    <span id=\"accordion-icons-1717754982641\" class=\"accordion-icons\">\r\n                        <span class=\"accordion-icon-active accordion-plus\"><i class=\"fas fa-chevron-up\"><\/i><\/span>\r\n                        <span class=\"accordion-icon-inactive accordion-minus\"><i class=\"fas fa-chevron-right\"><\/i><\/span>\r\n                    <\/span>\r\n                    <span id=\"header-text-1717754982641\" class=\"accordions-head-title\">VOLUNTARIOS<\/span>\r\n                            <\/div>\r\n            <div class=\"accordion-content content1717754982641 \">\r\n                <p>Informaci\u00f3n b\u00e1sica sobre Protecci\u00f3n de Datos<br \/>\n<strong><br \/>\nResponsable:\u00a0 <\/strong>ASSOCIACIO CULTURAL 48 OPEN HOUSE<br \/>\nNIF G65391815<\/p>\n<p>C\/ Rambla Catalunya\u00a0 87, 1D \u2013 08080 Barcelona<\/p>\n<p>Email: <a href=\"mailto:consultes@48hopenhousebarcelona.org\">consultes@48hopenhousebarcelona.org<\/a><\/p>\n<p><strong>Finalidad<\/strong><\/p>\n<p>Tratar los datos del voluntario con la finalidad de:<\/p>\n<ul>\n<li>Entrar a formar parte del voluntariado<\/li>\n<li>Gestionar la relaci\u00f3n del voluntariado<\/li>\n<li>Env\u00edo de informaci\u00f3n referente a actividades y proyectos relacionados con la asociaci\u00f3n, solo en caso de aceptaci\u00f3n.<\/li>\n<li>Legitimaci\u00f3n Consentimiento del interesado<\/li>\n<\/ul>\n<p><strong>Destinatarios<\/strong><\/p>\n<p>Los datos de los voluntarios ser\u00e1n cedidos a las universidades con las que se haya realizado un convenio.<\/p>\n<p><strong><br \/>\nDerechos<\/strong><\/p>\n<p>Acceder, rectificar, suprimir y oponerse al tratamiento, as\u00ed como el resto de los derechos regulados en el Reglamento (UE) 679\/2016, pueden ser ejercidos al siguiente domicilio: C\/ Rambla Catalunya\u00a0 87, 1D \u2013 08080 Barcelona o mediante el correo electr\u00f3nico <a href=\"mailto:consultes@48hopenhousebarcelona.org\">consultes@48hopenhousebarcelona.org<\/a><\/p>\n<p>Asimismo, ASSOCIACIO CULTURAL 48 OPEN HOUSE le informa que tendr\u00e1 derecho a presentar una reclamaci\u00f3n ante la Agencia Espa\u00f1ola de Protecci\u00f3n de datos en caso de incumplimiento por parte de la asociaci\u00f3n.<\/p>\n<p>Plazo de conservaci\u00f3n Los datos personales se conservar\u00e1n mientras mantenga la relaci\u00f3n de voluntariado y en cualquier caso durante el tiempo necesario para cumplir con la legislaci\u00f3n vigente que corresponda.<\/p>\n<p>Los <strong>Certificados de Participaci\u00f3n<\/strong> para los Voluntarios se entregan cada a\u00f1o, pudiendo solicitar los que correspondan hasta un m\u00e1ximo de <strong>dos\u00a0ediciones anteriores<\/strong>.<\/p>\n            <\/div>\r\n    \r\n            <div post_id=\"48810\" itemcount=\"2\"  header_id=\"header-1717755079207\" id=\"header-1717755079207\" style=\"\" class=\"accordions-head head1717755079207 border-none\" toggle-text=\"\" main-text=\"PROPIETARIOS O RESPONSABLES DE EDIFICIOS\">\r\n                                    <span id=\"accordion-icons-1717755079207\" class=\"accordion-icons\">\r\n                        <span class=\"accordion-icon-active accordion-plus\"><i class=\"fas fa-chevron-up\"><\/i><\/span>\r\n                        <span class=\"accordion-icon-inactive accordion-minus\"><i class=\"fas fa-chevron-right\"><\/i><\/span>\r\n                    <\/span>\r\n                    <span id=\"header-text-1717755079207\" class=\"accordions-head-title\">PROPIETARIOS O RESPONSABLES DE EDIFICIOS<\/span>\r\n                            <\/div>\r\n            <div class=\"accordion-content content1717755079207 \">\r\n                <p>Informaci\u00f3n b\u00e1sica sobre Protecci\u00f3n de Datos<\/p>\n<p><strong>Responsable:<\/strong>\u00a0 ASSOCIACIO CULTURAL 48 OPEN HOUSE<\/p>\n<p>NIF G65391815<\/p>\n<p>C\/ Rambla Catalunya\u00a0 87, 1D - Barcelona 08080.<\/p>\n<p>Email: <a href=\"mailto:programacio@48hopenhousebarcelona.org\">programacio@48hopenhousebarcelona.org<\/a><\/p>\n<p><strong>Finalidad:\u00a0<\/strong> Tratar los datos del propietario del inmueble con la finalidad de poder gestionar la entrada del p\u00fablico al edificio i poder colaborar con las actividades que se realizan en la ASSOCIACIO CULTURAL 48 OPEN HOUSE.<\/p>\n<p><strong>Legitimaci\u00f3n: <\/strong>\u00a0Consentimiento del interesado.<\/p>\n<p><strong>Destinatarios:<\/strong>\u00a0 No se ceder\u00e1n los datos a terceros salvo obligaci\u00f3n legal.<\/p>\n<p><strong>Derechos:<\/strong> Acceder, rectificar, suprimir y oponerse al tratamiento, as\u00ed como el resto de los derechos regulados en el Reglamento (UE) 679\/2016, pueden ser ejercidos al siguiente domicilio: C\/ Rambla Catalunya\u00a0 87 1D - Barcelona 08080 o mediante el correo electr\u00f3nico <a href=\"mailto:programacio@openhousebarcelona.org\">programacio@openhousebarcelona.org<\/a><\/p>\n<p>Asimismo, ASSOCIACIO CULTURAL 48 OPEN HOUSE le informa que tendr\u00e1 derecho a presentar una reclamaci\u00f3n ante la Agencia Espa\u00f1ola de Protecci\u00f3n de datos en caso de incumplimiento por parte de la asociaci\u00f3n.<\/p>\n<p><strong>Plazo de conservaci\u00f3n:\u00a0<\/strong> Los datos se conservar\u00e1n el tiempo que establezca la normativa correspondiente.<\/p>\n            <\/div>\r\n    \r\n            <div post_id=\"48810\" itemcount=\"3\"  header_id=\"header-1717755105474\" id=\"header-1717755105474\" style=\"\" class=\"accordions-head head1717755105474 border-none\" toggle-text=\"\" main-text=\"REDES SOCIALES\">\r\n                                    <span id=\"accordion-icons-1717755105474\" class=\"accordion-icons\">\r\n                        <span class=\"accordion-icon-active accordion-plus\"><i class=\"fas fa-chevron-up\"><\/i><\/span>\r\n                        <span class=\"accordion-icon-inactive accordion-minus\"><i class=\"fas fa-chevron-right\"><\/i><\/span>\r\n                    <\/span>\r\n                    <span id=\"header-text-1717755105474\" class=\"accordions-head-title\">REDES SOCIALES<\/span>\r\n                            <\/div>\r\n            <div class=\"accordion-content content1717755105474 \">\r\n                <p><strong>4) REDES SOCIALES, WEB y PRENSA:<\/strong><\/p>\n<p>Con la participaci\u00f3n a las actividades de la asociaci\u00f3n, los participantes renuncian a prevalerse el derecho de imagen y autorizan la organizaci\u00f3n y sus patrocinadores a utilizar y publicar libremente las fotografias o los v\u00eddeos o grabados en el marco del evento, en cualquier medio y\/o soporte publicitario y de promoci\u00f3n propia. La cessi\u00f3n de derechos de imagen es para un termino de tiempo y \u00e1mbito geogr\u00e1fico ilimitados. La autorizaci\u00f3n y cessi\u00f3n de derechos de imagen tienen caracter gratuito.<\/p>\n<p>ASOCIACI\u00d3N CULTURAL 48 OPEN HOUSE. dispone de perfiles en las redes sociales con la finalidad de publicar y difundir informaci\u00f3n sobre los servicios prestados mediante la p\u00e1gina web, interactuar con los usuarios y servir al canal de atenci\u00f3n i interacci\u00f3n social.<\/p>\n<p>A continuaci\u00f3n se se\u00f1alan las redes sociales en las cuales ASOCIACIO CULTURAL 48 OPEN HOUSE. tiene perfil abierto:<\/p>\n<p>Facebook:\u00a0<a href=\"https:\/\/www.facebook.com\/48HOpenHouseBarcelona\">https:\/\/www.facebook.com\/48HOpenHouseBarcelona<\/a><br \/>\nTwitter:\u00a0<a href=\"https:\/\/twitter.com\/48hOpenHouseBcn\">https:\/\/twitter.com\/48hOpenHouseBcn<\/a><br \/>\nInstagram:\u00a0<a href=\"https:\/\/www.instagram.com\/48hopenhousebcn\/\">https:\/\/www.instagram.com\/48hopenhousebcn\/<\/a><br \/>\nVimeo:\u00a0<a href=\"https:\/\/vimeo.com\/user8803626\">https:\/\/vimeo.com\/user8803626<\/a><br \/>\nYoutube:<a href=\"https:\/\/www.youtube.com\/channel\/UCXD-orew0WRLTGIYcTSEV0Q\">\u00a0https:\/\/www.youtube.com\/channel\/UCXD-orew0WRLTGIYcTSEV0Q<\/a><br \/>\nTikTok: https:\/\/www.tiktok.com\/@48hopenhousebarcelona<\/p>\n<p>&nbsp;<\/p>\n            <\/div>\r\n    <\/div>\r\n\r\n\r\n\r\n            <\/div>\n<p>&nbsp;<\/p>\n","protected":false},"excerpt":{"rendered":"<p>La ASSOCIACIO CULTURAL 48 OPEN HOUSE le informa que cumple con todos los requisitos establecidos por la normativa de Protecci\u00f3n de Datos y con todas las medidas t\u00e9cnicas y organizativas necesarias para garantizar la seguridad de los datos de car\u00e1cter personal. \u00bfQu\u00e9 medidas de seguridad tiene implantada la empresa? La ASOCIACI\u00d3N CULTURAL 48 OPEN HOUSE [&hellip;]<\/p>\n","protected":false},"author":2,"featured_media":53053,"parent":0,"menu_order":0,"comment_status":"closed","ping_status":"closed","template":"template-novapagina.php","meta":{"_acf_changed":false,"footnotes":""},"class_list":["post-2045","page","type-page","status-publish","has-post-thumbnail","hentry"],"acf":[],"_links":{"self":[{"href":"https:\/\/www.48hopenhousebarcelona.org\/es\/wp-json\/wp\/v2\/pages\/2045","targetHints":{"allow":["GET"]}}],"collection":[{"href":"https:\/\/www.48hopenhousebarcelona.org\/es\/wp-json\/wp\/v2\/pages"}],"about":[{"href":"https:\/\/www.48hopenhousebarcelona.org\/es\/wp-json\/wp\/v2\/types\/page"}],"author":[{"embeddable":true,"href":"https:\/\/www.48hopenhousebarcelona.org\/es\/wp-json\/wp\/v2\/users\/2"}],"replies":[{"embeddable":true,"href":"https:\/\/www.48hopenhousebarcelona.org\/es\/wp-json\/wp\/v2\/comments?post=2045"}],"version-history":[{"count":15,"href":"https:\/\/www.48hopenhousebarcelona.org\/es\/wp-json\/wp\/v2\/pages\/2045\/revisions"}],"predecessor-version":[{"id":54460,"href":"https:\/\/www.48hopenhousebarcelona.org\/es\/wp-json\/wp\/v2\/pages\/2045\/revisions\/54460"}],"wp:featuredmedia":[{"embeddable":true,"href":"https:\/\/www.48hopenhousebarcelona.org\/es\/wp-json\/wp\/v2\/media\/53053"}],"wp:attachment":[{"href":"https:\/\/www.48hopenhousebarcelona.org\/es\/wp-json\/wp\/v2\/media?parent=2045"}],"curies":[{"name":"wp","href":"https:\/\/api.w.org\/{rel}","templated":true}]}}