{"id":2054,"date":"2019-09-10T13:15:50","date_gmt":"2019-09-10T13:15:50","guid":{"rendered":"https:\/\/www.48hopenhousebarcelona.org\/premsa\/"},"modified":"2026-01-13T11:31:47","modified_gmt":"2026-01-13T11:31:47","slug":"premsa","status":"publish","type":"page","link":"https:\/\/www.48hopenhousebarcelona.org\/es\/premsa\/","title":{"rendered":"Prensa y Medios"},"content":{"rendered":"<p><b>48h OPEN HOUSE BCN<\/b><span style=\"font-weight: 400;\"> es un festival de arquitectura, un fin de semana de puertas abiertas a muchos tipos de edificios diferentes, dirigido a los habitantes de la ciudad de Barcelona y totalmente gratis. Su vocaci\u00f3n es implantarse transversalmente en la sociedad y el territorio. Los ciudadanos de cada distrito podr\u00e1n conocer el patrimonio m\u00e1s cercano y el m\u00e1s lejano, el particular y el p\u00fablico, y situarlo dentro de la experiencia y la historia de cada uno, aprendiendo a quererlo.<\/span><\/p>\n<p><span style=\"font-weight: 400;\">El festival se desarrolla en seis ciudades: en Barcelona, desde 2010; en Santa Coloma de Gramenet, desde 2013; en Vilassar de Dalt, desde 2014; en Sant Joan Desp\u00ed, desde 2015, en Badalona, desde 2016, en L&#8217;Hospitalet de Llobregat, desde 2017 y en Sitges el 2021. Durante las diez primeras ediciones (2010 &#8211; 2019), el festival ha acumulado <strong>516.200 visitas<\/strong> y ha realizado<strong> 1.787 actividades<\/strong>, gracias a la colaboraci\u00f3n de <strong>9.850 voluntarios<\/strong> y <strong>224 arquitectos<\/strong> autores voluntarios, as\u00ed como al apoyo de <strong>80 entidades y empresas<\/strong>.<\/span><\/p>\n<p><span style=\"font-weight: 400;\">El proyecto se basa en tres pilares principales: <\/span><b>voluntariado, patrocinio y participaci\u00f3n<\/b><span style=\"font-weight: 400;\">. Por eso es muy importante la participaci\u00f3n y la colaboraci\u00f3n ciudadana, de entidades, asociaciones, empresas y administraciones. Colaboraciones que pueden ser de uno en uno, haciendo red de voluntarios o desde agrupaciones sociales, culturales y empresariales. Todos juntos, con esp\u00edritu de enriquecimiento y de regeneraci\u00f3n en torno a la arquitectura, y con el objetivo de hacer visible la arquitectura como una de las manifestaciones culturales m\u00e1s importantes de la ciudad.<\/span><\/p>\n<h2>Oficina de prensa y medios de comunicaci\u00f3n<\/h2>\n<p>Per a m\u00e1s informaci\u00f3n, imagenes en alta resoluci\u00f3n y\/o entrevistas:<br \/>\n<a href=\"mailto:gemma.larregola@openhousebarcelona.org\">gemma.larregola@openhousebarcelona.org<\/a><br \/>\nTel. +34 607 820 940<\/p>\n<p>&nbsp;<\/p>\n<h2>M\u00e1s recursos comunicativos<\/h2>\n<hr \/>\n<a class=\"md-btn button shortcode_button uk-light\" href=\"https:\/\/openextra.openhousebarcelona.org\/doc\/OHB25%20MEM%C3%92RIA%20oficial%20CAST_compressed.pdf\">Memoria 2025<\/a>\n<a class=\"md-btn button shortcode_button uk-light\" href=\"https:\/\/www.youtube.com\/watch?v=WHGfmSsc-hA\">V\u00eddeo presentaci\u00f3n OHB25<\/a>\n<hr \/>\n<a class=\"md-btn button shortcode_button uk-light\" href=\"https:\/\/www.48hopenhousebarcelona.org\/wp-content\/uploads\/2025\/01\/OHB24-MEMORIA.pdf\">Memoria 2024<\/a>\n<a class=\"md-btn button shortcode_button uk-light\" href=\"https:\/\/youtu.be\/tgeHLAWZUoo\">V\u00eddeo presentaci\u00f3N OHB24<\/a>\n<hr \/>\n<a class=\"md-btn button shortcode_button uk-light\" href=\"https:\/\/www.48hopenhousebarcelona.org\/wp-content\/uploads\/2024\/01\/OHB23-MEMORIA-definitiva_compressed.pdf\">Memoria 2023<\/a>\n<a class=\"md-btn button shortcode_button uk-light\" href=\"https:\/\/www.48hopenhousebarcelona.org\/wp-content\/uploads\/2024\/01\/Memoria-Festival-MODEL-2023-definitiva-v2.pdf\">Memoria Semana de la Arquitectura<\/a>\n<a class=\"md-btn button shortcode_button uk-light\" href=\"https:\/\/www.youtube.com\/watch?v=ycJ41RwHMts\">V\u00eddeo presentaci\u00f3n OHB23<\/a>\n<hr \/>\n<h2>Clipping de noticias<\/h2>\n<p><img loading=\"lazy\" decoding=\"async\" class=\"alignnone size-medium wp-image-15930\" src=\"https:\/\/www.48hopenhousebarcelona.org\/wp-content\/uploads\/2020\/08\/131016-La-Vanguardia-281x300.png\" alt=\"\" width=\"281\" height=\"300\" srcset=\"https:\/\/www.48hopenhousebarcelona.org\/wp-content\/uploads\/2020\/08\/131016-La-Vanguardia-281x300.png 281w, https:\/\/www.48hopenhousebarcelona.org\/wp-content\/uploads\/2020\/08\/131016-La-Vanguardia-400x427.png 400w, https:\/\/www.48hopenhousebarcelona.org\/wp-content\/uploads\/2020\/08\/131016-La-Vanguardia.png 680w\" sizes=\"auto, (max-width: 281px) 100vw, 281px\" \/> <img loading=\"lazy\" decoding=\"async\" class=\"alignnone size-medium wp-image-15944\" src=\"https:\/\/www.48hopenhousebarcelona.org\/wp-content\/uploads\/2020\/08\/191026-Coche-Global-216x300.png\" alt=\"\" width=\"216\" height=\"300\" srcset=\"https:\/\/www.48hopenhousebarcelona.org\/wp-content\/uploads\/2020\/08\/191026-Coche-Global-216x300.png 216w, https:\/\/www.48hopenhousebarcelona.org\/wp-content\/uploads\/2020\/08\/191026-Coche-Global-400x556.png 400w, https:\/\/www.48hopenhousebarcelona.org\/wp-content\/uploads\/2020\/08\/191026-Coche-Global.png 661w\" sizes=\"auto, (max-width: 216px) 100vw, 216px\" \/> <img loading=\"lazy\" decoding=\"async\" class=\"alignnone size-medium wp-image-15938\" src=\"https:\/\/www.48hopenhousebarcelona.org\/wp-content\/uploads\/2020\/08\/181028-El-Periodico-300x264.png\" alt=\"\" width=\"300\" height=\"264\" srcset=\"https:\/\/www.48hopenhousebarcelona.org\/wp-content\/uploads\/2020\/08\/181028-El-Periodico-300x264.png 300w, https:\/\/www.48hopenhousebarcelona.org\/wp-content\/uploads\/2020\/08\/181028-El-Periodico-400x352.png 400w, https:\/\/www.48hopenhousebarcelona.org\/wp-content\/uploads\/2020\/08\/181028-El-Periodico-768x676.png 768w, https:\/\/www.48hopenhousebarcelona.org\/wp-content\/uploads\/2020\/08\/181028-El-Periodico.png 816w\" sizes=\"auto, (max-width: 300px) 100vw, 300px\" \/> <img loading=\"lazy\" decoding=\"async\" class=\"alignnone size-medium wp-image-15906\" src=\"https:\/\/www.48hopenhousebarcelona.org\/wp-content\/uploads\/2020\/08\/191020-El-Periodico-219x300.png\" alt=\"\" width=\"219\" height=\"300\" srcset=\"https:\/\/www.48hopenhousebarcelona.org\/wp-content\/uploads\/2020\/08\/191020-El-Periodico-219x300.png 219w, https:\/\/www.48hopenhousebarcelona.org\/wp-content\/uploads\/2020\/08\/191020-El-Periodico-400x548.png 400w, https:\/\/www.48hopenhousebarcelona.org\/wp-content\/uploads\/2020\/08\/191020-El-Periodico.png 692w\" sizes=\"auto, (max-width: 219px) 100vw, 219px\" \/> <img loading=\"lazy\" decoding=\"async\" class=\"alignnone size-medium wp-image-15904\" src=\"https:\/\/www.48hopenhousebarcelona.org\/wp-content\/uploads\/2020\/08\/121020-TV3-272x300.png\" alt=\"\" width=\"272\" height=\"300\" srcset=\"https:\/\/www.48hopenhousebarcelona.org\/wp-content\/uploads\/2020\/08\/121020-TV3-272x300.png 272w, https:\/\/www.48hopenhousebarcelona.org\/wp-content\/uploads\/2020\/08\/121020-TV3-400x442.png 400w, https:\/\/www.48hopenhousebarcelona.org\/wp-content\/uploads\/2020\/08\/121020-TV3.png 566w\" sizes=\"auto, (max-width: 272px) 100vw, 272px\" \/> <img loading=\"lazy\" decoding=\"async\" class=\"alignnone size-medium wp-image-15910\" src=\"https:\/\/www.48hopenhousebarcelona.org\/wp-content\/uploads\/2020\/08\/191025-El-Pais-233x300.png\" alt=\"\" width=\"233\" height=\"300\" srcset=\"https:\/\/www.48hopenhousebarcelona.org\/wp-content\/uploads\/2020\/08\/191025-El-Pais-233x300.png 233w, https:\/\/www.48hopenhousebarcelona.org\/wp-content\/uploads\/2020\/08\/191025-El-Pais-400x514.png 400w, https:\/\/www.48hopenhousebarcelona.org\/wp-content\/uploads\/2020\/08\/191025-El-Pais.png 695w\" sizes=\"auto, (max-width: 233px) 100vw, 233px\" \/> <img loading=\"lazy\" decoding=\"async\" class=\"alignnone size-medium wp-image-15914\" src=\"https:\/\/www.48hopenhousebarcelona.org\/wp-content\/uploads\/2020\/08\/171022-El-Periodico-300x270.png\" alt=\"\" width=\"300\" height=\"270\" \/><\/p>\n","protected":false},"excerpt":{"rendered":"<p>48h OPEN HOUSE BCN es un festival de arquitectura, un fin de semana de puertas abiertas a muchos tipos de edificios diferentes, dirigido a los habitantes de la ciudad de Barcelona y totalmente gratis. Su vocaci\u00f3n es implantarse transversalmente en la sociedad y el territorio. Los ciudadanos de cada distrito podr\u00e1n conocer el patrimonio m\u00e1s [&hellip;]<\/p>\n","protected":false},"author":2,"featured_media":16209,"parent":0,"menu_order":0,"comment_status":"closed","ping_status":"closed","template":"template-novapagina.php","meta":{"_acf_changed":false,"footnotes":""},"class_list":["post-2054","page","type-page","status-publish","has-post-thumbnail","hentry"],"acf":[],"_links":{"self":[{"href":"https:\/\/www.48hopenhousebarcelona.org\/es\/wp-json\/wp\/v2\/pages\/2054","targetHints":{"allow":["GET"]}}],"collection":[{"href":"https:\/\/www.48hopenhousebarcelona.org\/es\/wp-json\/wp\/v2\/pages"}],"about":[{"href":"https:\/\/www.48hopenhousebarcelona.org\/es\/wp-json\/wp\/v2\/types\/page"}],"author":[{"embeddable":true,"href":"https:\/\/www.48hopenhousebarcelona.org\/es\/wp-json\/wp\/v2\/users\/2"}],"replies":[{"embeddable":true,"href":"https:\/\/www.48hopenhousebarcelona.org\/es\/wp-json\/wp\/v2\/comments?post=2054"}],"version-history":[{"count":31,"href":"https:\/\/www.48hopenhousebarcelona.org\/es\/wp-json\/wp\/v2\/pages\/2054\/revisions"}],"predecessor-version":[{"id":58823,"href":"https:\/\/www.48hopenhousebarcelona.org\/es\/wp-json\/wp\/v2\/pages\/2054\/revisions\/58823"}],"wp:featuredmedia":[{"embeddable":true,"href":"https:\/\/www.48hopenhousebarcelona.org\/es\/wp-json\/wp\/v2\/media\/16209"}],"wp:attachment":[{"href":"https:\/\/www.48hopenhousebarcelona.org\/es\/wp-json\/wp\/v2\/media?parent=2054"}],"curies":[{"name":"wp","href":"https:\/\/api.w.org\/{rel}","templated":true}]}}