{"id":2487,"date":"2025-09-28T11:58:55","date_gmt":"2025-09-28T11:58:55","guid":{"rendered":"https:\/\/www.48hopenhousebarcelona.org\/?page_id=2487"},"modified":"2025-10-09T06:47:09","modified_gmt":"2025-10-09T06:47:09","slug":"open-cuina-25","status":"publish","type":"page","link":"https:\/\/www.48hopenhousebarcelona.org\/es\/open-cuina-25\/","title":{"rendered":"OPEN CUINA"},"content":{"rendered":"\n<p><span style=\"font-weight: 400;\"><strong>\u00a1Open Kitchen se transforma!<\/strong> Ahora es <strong>Open Cuina<\/strong>&nbsp;e incluye recetas dise\u00f1adas especialmente para el festival de arquitectura.&nbsp;<\/span><\/p>\n\n\n\n<p><span style=\"font-weight: 400;\">Con&nbsp;<\/span><b>SENT L\u2019ARQUITECTURA<\/b><span style=\"font-weight: 400;\">, proponemos tres recetas que exploren c\u00f3mo la comida puede ser una puerta de entrada a los espacios vividos, so\u00f1ados o a\u00f1orados. A trav\u00e9s del gusto y la vista al momento de cocinar y comer, conectamos con la memoria y los sentidos de la misma manera que cuando habitamos los espacios.<\/span><\/p>\n\n\n\n<p><span style=\"font-weight: 400;\">Determinados gustos, texturas y aromas tienen el poder de evocar lugares que nos hacen sentir libres, protegidos o inspirados. Estas recetas son m\u00e1s que platos sabrosos para disfrutar: <strong>son experiencias sensoriales que nos animan a escuchar nuestros cuerpos, a reconocer el espacio que habitamos y a vivir la arquitectura dentro de ellos.<\/strong><\/span><\/p>\n\n\n\n<p>OPEN CUINA profundiza en la relaci\u00f3n entre arquitectura y cocina, entre arquitectura y percepci\u00f3n sensorial de la comida.<\/p>\n\n\n\n<div style=\"height:100px\" aria-hidden=\"true\" class=\"wp-block-spacer\"><\/div>\n\n\n\n<figure class=\"wp-block-gallery has-nested-images columns-3 is-cropped wp-block-gallery-1 is-layout-flex wp-block-gallery-is-layout-flex\">\n<figure class=\"wp-block-image size-large\"><img loading=\"lazy\" decoding=\"async\" width=\"750\" height=\"540\" data-id=\"57314\" src=\"https:\/\/www.48hopenhousebarcelona.org\/wp-content\/uploads\/2025\/10\/OPEN-CUINA-2025-rec1.jpeg\" alt=\"\" class=\"wp-image-57314\" srcset=\"https:\/\/www.48hopenhousebarcelona.org\/wp-content\/uploads\/2025\/10\/OPEN-CUINA-2025-rec1.jpeg 750w, https:\/\/www.48hopenhousebarcelona.org\/wp-content\/uploads\/2025\/10\/OPEN-CUINA-2025-rec1-300x216.jpeg 300w, https:\/\/www.48hopenhousebarcelona.org\/wp-content\/uploads\/2025\/10\/OPEN-CUINA-2025-rec1-400x288.jpeg 400w\" sizes=\"auto, (max-width: 750px) 100vw, 750px\" \/><\/figure>\n\n\n\n<figure class=\"wp-block-image size-large\"><img loading=\"lazy\" decoding=\"async\" width=\"750\" height=\"548\" data-id=\"57310\" src=\"https:\/\/www.48hopenhousebarcelona.org\/wp-content\/uploads\/2025\/10\/OPEN-CUINA-2025-rec-3.jpeg\" alt=\"\" class=\"wp-image-57310\" srcset=\"https:\/\/www.48hopenhousebarcelona.org\/wp-content\/uploads\/2025\/10\/OPEN-CUINA-2025-rec-3.jpeg 750w, https:\/\/www.48hopenhousebarcelona.org\/wp-content\/uploads\/2025\/10\/OPEN-CUINA-2025-rec-3-300x219.jpeg 300w, https:\/\/www.48hopenhousebarcelona.org\/wp-content\/uploads\/2025\/10\/OPEN-CUINA-2025-rec-3-400x292.jpeg 400w\" sizes=\"auto, (max-width: 750px) 100vw, 750px\" \/><\/figure>\n\n\n\n<figure class=\"wp-block-image size-large\"><img loading=\"lazy\" decoding=\"async\" width=\"750\" height=\"497\" data-id=\"57312\" src=\"https:\/\/www.48hopenhousebarcelona.org\/wp-content\/uploads\/2025\/10\/OPEN-CUINA-2025-rec-2.jpeg\" alt=\"\" class=\"wp-image-57312\" srcset=\"https:\/\/www.48hopenhousebarcelona.org\/wp-content\/uploads\/2025\/10\/OPEN-CUINA-2025-rec-2.jpeg 750w, https:\/\/www.48hopenhousebarcelona.org\/wp-content\/uploads\/2025\/10\/OPEN-CUINA-2025-rec-2-300x199.jpeg 300w, https:\/\/www.48hopenhousebarcelona.org\/wp-content\/uploads\/2025\/10\/OPEN-CUINA-2025-rec-2-400x265.jpeg 400w\" sizes=\"auto, (max-width: 750px) 100vw, 750px\" \/><\/figure>\n<\/figure>\n\n\n\n<div style=\"height:100px\" aria-hidden=\"true\" class=\"wp-block-spacer\"><\/div>\n","protected":false},"excerpt":{"rendered":"<p>\u00a1Open Kitchen se transforma! Ahora es Open Cuina&nbsp;e incluye recetas dise\u00f1adas especialmente para el festival de arquitectura.&nbsp; Con&nbsp;SENT L\u2019ARQUITECTURA, proponemos tres recetas que exploren c\u00f3mo la comida puede ser una puerta de entrada a los espacios vividos, so\u00f1ados o a\u00f1orados. A trav\u00e9s del gusto y la vista al momento de cocinar y comer, conectamos con [&hellip;]<\/p>\n","protected":false},"author":15,"featured_media":57309,"parent":0,"menu_order":0,"comment_status":"closed","ping_status":"closed","template":"template-novapagina.php","meta":{"_acf_changed":false,"footnotes":""},"class_list":["post-2487","page","type-page","status-publish","has-post-thumbnail","hentry"],"acf":[],"_links":{"self":[{"href":"https:\/\/www.48hopenhousebarcelona.org\/es\/wp-json\/wp\/v2\/pages\/2487","targetHints":{"allow":["GET"]}}],"collection":[{"href":"https:\/\/www.48hopenhousebarcelona.org\/es\/wp-json\/wp\/v2\/pages"}],"about":[{"href":"https:\/\/www.48hopenhousebarcelona.org\/es\/wp-json\/wp\/v2\/types\/page"}],"author":[{"embeddable":true,"href":"https:\/\/www.48hopenhousebarcelona.org\/es\/wp-json\/wp\/v2\/users\/15"}],"replies":[{"embeddable":true,"href":"https:\/\/www.48hopenhousebarcelona.org\/es\/wp-json\/wp\/v2\/comments?post=2487"}],"version-history":[{"count":15,"href":"https:\/\/www.48hopenhousebarcelona.org\/es\/wp-json\/wp\/v2\/pages\/2487\/revisions"}],"predecessor-version":[{"id":57329,"href":"https:\/\/www.48hopenhousebarcelona.org\/es\/wp-json\/wp\/v2\/pages\/2487\/revisions\/57329"}],"wp:featuredmedia":[{"embeddable":true,"href":"https:\/\/www.48hopenhousebarcelona.org\/es\/wp-json\/wp\/v2\/media\/57309"}],"wp:attachment":[{"href":"https:\/\/www.48hopenhousebarcelona.org\/es\/wp-json\/wp\/v2\/media?parent=2487"}],"curies":[{"name":"wp","href":"https:\/\/api.w.org\/{rel}","templated":true}]}}