{"id":27534,"date":"2020-10-12T15:17:36","date_gmt":"2020-10-12T15:17:36","guid":{"rendered":"https:\/\/www.48hopenhousebarcelona.org\/?page_id=27534"},"modified":"2021-01-14T10:42:11","modified_gmt":"2021-01-14T10:42:11","slug":"la-teva-experiencia-i-la-meva-la-teva-exposicio-i-la-meva","status":"publish","type":"page","link":"https:\/\/www.48hopenhousebarcelona.org\/es\/la-teva-experiencia-i-la-meva-la-teva-exposicio-i-la-meva\/","title":{"rendered":"&#8216;LA TEVA EXPOSICI\u00d3, 10 ANYS 48h OHB&#8217;"},"content":{"rendered":"<h2><img loading=\"lazy\" decoding=\"async\" class=\"alignnone  wp-image-29451\" src=\"https:\/\/www.48hopenhousebarcelona.org\/wp-content\/uploads\/2021\/01\/2000x667_prorrogada_febrer-300x100.png\" alt=\"\" width=\"741\" height=\"247\" srcset=\"https:\/\/www.48hopenhousebarcelona.org\/wp-content\/uploads\/2021\/01\/2000x667_prorrogada_febrer-300x100.png 300w, https:\/\/www.48hopenhousebarcelona.org\/wp-content\/uploads\/2021\/01\/2000x667_prorrogada_febrer-400x133.png 400w, https:\/\/www.48hopenhousebarcelona.org\/wp-content\/uploads\/2021\/01\/2000x667_prorrogada_febrer-1024x342.png 1024w, https:\/\/www.48hopenhousebarcelona.org\/wp-content\/uploads\/2021\/01\/2000x667_prorrogada_febrer-768x256.png 768w, https:\/\/www.48hopenhousebarcelona.org\/wp-content\/uploads\/2021\/01\/2000x667_prorrogada_febrer-1536x512.png 1536w, https:\/\/www.48hopenhousebarcelona.org\/wp-content\/uploads\/2021\/01\/2000x667_prorrogada_febrer-1320x440.png 1320w, https:\/\/www.48hopenhousebarcelona.org\/wp-content\/uploads\/2021\/01\/2000x667_prorrogada_febrer.png 2000w\" sizes=\"auto, (max-width: 741px) 100vw, 741px\" \/><\/h2>\n<h2><strong>Diez a\u00f1os del festival de arquitectura 48h Open House BCN<\/strong><\/h2>\n<p><span style=\"font-weight: 400;\"><strong>Sitio:<\/strong> Espai Merc\u00e8 Sala, intercambiador de Diagonal (TMB): Rambla de Catalunya con c\/ Rossell\u00f3 de Barcelona.<\/span><\/p>\n<p><span style=\"font-weight: 400;\"><strong>Acceso<\/strong> libre y gratuito.<\/span><\/p>\n<p><span style=\"font-weight: 400;\"><strong>Horario:<\/strong> del 16 da octubre al 9 de febrero, de lunes a viernes, de 10 a 20.30 h.<\/span><\/p>\n<p><span style=\"font-weight: 400;\">Exposici\u00f3n aleatoria que propicia una relaci\u00f3n diferente entre los agentes que la forman, la asociaci\u00f3n, el p\u00fablico y la arquitectura de la ciudad: se organiza a trav\u00e9s del <strong>movimiento de la base de datos<\/strong> de la asociaci\u00f3n 48h Open House Barcelona (muebles organizados por tem\u00e1ticas) y anima a que cada asistente viva un relato propio sobre el mismo soporte, la ciudad de Barcelona.<\/span><\/p>\n<p><span style=\"font-weight: 400;\">Desde hace diez a\u00f1os, el festival 48h Open House BCN habla de arquitectura y permite que <strong>el p\u00fablico recorra la ciudad de forma diferente<\/strong>, que se ponga en contacto con los profesionales, que construya su imaginario particular sobre la ciudad y que nos hable de la relaci\u00f3n que tiene con ella.<\/span><\/p>\n<p><span style=\"font-weight: 400;\">La exposici\u00f3n recoge todos esos agentes y se aproxima a la experiencia arquitect\u00f3nica vivida por los sujetos desde una perspectiva human\u00edstica aleatoria.<\/span><\/p>\n<p><a href=\"http:\/\/www.photodortoka.com\/pano360\/48hopenhouse\/48hopenhouse_expo_1.html\">Visita a 360\u00ba<\/a><\/p>\n<div id='gallery-1' class='gallery galleryid-27534 gallery-columns-3 gallery-size-medium'><figure class='gallery-item'>\n\t\t\t<div class='gallery-icon landscape'>\n\t\t\t\t<a href='https:\/\/www.48hopenhousebarcelona.org\/wp-content\/uploads\/2020\/10\/EXPO-10ANYS-055-NAWI2012-min.jpg'><img loading=\"lazy\" decoding=\"async\" width=\"300\" height=\"200\" src=\"https:\/\/www.48hopenhousebarcelona.org\/wp-content\/uploads\/2020\/10\/EXPO-10ANYS-055-NAWI2012-min-300x200.jpg\" class=\"attachment-medium size-medium\" alt=\"\" srcset=\"https:\/\/www.48hopenhousebarcelona.org\/wp-content\/uploads\/2020\/10\/EXPO-10ANYS-055-NAWI2012-min-300x200.jpg 300w, https:\/\/www.48hopenhousebarcelona.org\/wp-content\/uploads\/2020\/10\/EXPO-10ANYS-055-NAWI2012-min-400x267.jpg 400w, https:\/\/www.48hopenhousebarcelona.org\/wp-content\/uploads\/2020\/10\/EXPO-10ANYS-055-NAWI2012-min-1024x683.jpg 1024w, https:\/\/www.48hopenhousebarcelona.org\/wp-content\/uploads\/2020\/10\/EXPO-10ANYS-055-NAWI2012-min-768x512.jpg 768w, https:\/\/www.48hopenhousebarcelona.org\/wp-content\/uploads\/2020\/10\/EXPO-10ANYS-055-NAWI2012-min-1536x1024.jpg 1536w, https:\/\/www.48hopenhousebarcelona.org\/wp-content\/uploads\/2020\/10\/EXPO-10ANYS-055-NAWI2012-min-1320x880.jpg 1320w, https:\/\/www.48hopenhousebarcelona.org\/wp-content\/uploads\/2020\/10\/EXPO-10ANYS-055-NAWI2012-min.jpg 1920w\" sizes=\"auto, (max-width: 300px) 100vw, 300px\" \/><\/a>\n\t\t\t<\/div><\/figure><figure class='gallery-item'>\n\t\t\t<div class='gallery-icon landscape'>\n\t\t\t\t<a href='https:\/\/www.48hopenhousebarcelona.org\/wp-content\/uploads\/2020\/10\/EXPO-10ANYS-030-NAWI1907-min.jpg'><img loading=\"lazy\" decoding=\"async\" width=\"300\" height=\"200\" src=\"https:\/\/www.48hopenhousebarcelona.org\/wp-content\/uploads\/2020\/10\/EXPO-10ANYS-030-NAWI1907-min-300x200.jpg\" class=\"attachment-medium size-medium\" alt=\"\" srcset=\"https:\/\/www.48hopenhousebarcelona.org\/wp-content\/uploads\/2020\/10\/EXPO-10ANYS-030-NAWI1907-min-300x200.jpg 300w, https:\/\/www.48hopenhousebarcelona.org\/wp-content\/uploads\/2020\/10\/EXPO-10ANYS-030-NAWI1907-min-400x267.jpg 400w, https:\/\/www.48hopenhousebarcelona.org\/wp-content\/uploads\/2020\/10\/EXPO-10ANYS-030-NAWI1907-min-1024x683.jpg 1024w, https:\/\/www.48hopenhousebarcelona.org\/wp-content\/uploads\/2020\/10\/EXPO-10ANYS-030-NAWI1907-min-768x512.jpg 768w, https:\/\/www.48hopenhousebarcelona.org\/wp-content\/uploads\/2020\/10\/EXPO-10ANYS-030-NAWI1907-min-1536x1024.jpg 1536w, https:\/\/www.48hopenhousebarcelona.org\/wp-content\/uploads\/2020\/10\/EXPO-10ANYS-030-NAWI1907-min-1320x880.jpg 1320w, https:\/\/www.48hopenhousebarcelona.org\/wp-content\/uploads\/2020\/10\/EXPO-10ANYS-030-NAWI1907-min.jpg 1920w\" sizes=\"auto, (max-width: 300px) 100vw, 300px\" \/><\/a>\n\t\t\t<\/div><\/figure><figure class='gallery-item'>\n\t\t\t<div class='gallery-icon landscape'>\n\t\t\t\t<a href='https:\/\/www.48hopenhousebarcelona.org\/wp-content\/uploads\/2020\/10\/EXPO-10ANYS-032-NAWI1916-min.jpg'><img loading=\"lazy\" decoding=\"async\" width=\"300\" height=\"200\" src=\"https:\/\/www.48hopenhousebarcelona.org\/wp-content\/uploads\/2020\/10\/EXPO-10ANYS-032-NAWI1916-min-300x200.jpg\" class=\"attachment-medium size-medium\" alt=\"\" srcset=\"https:\/\/www.48hopenhousebarcelona.org\/wp-content\/uploads\/2020\/10\/EXPO-10ANYS-032-NAWI1916-min-300x200.jpg 300w, https:\/\/www.48hopenhousebarcelona.org\/wp-content\/uploads\/2020\/10\/EXPO-10ANYS-032-NAWI1916-min-400x267.jpg 400w, https:\/\/www.48hopenhousebarcelona.org\/wp-content\/uploads\/2020\/10\/EXPO-10ANYS-032-NAWI1916-min-1024x683.jpg 1024w, https:\/\/www.48hopenhousebarcelona.org\/wp-content\/uploads\/2020\/10\/EXPO-10ANYS-032-NAWI1916-min-768x512.jpg 768w, https:\/\/www.48hopenhousebarcelona.org\/wp-content\/uploads\/2020\/10\/EXPO-10ANYS-032-NAWI1916-min-1536x1024.jpg 1536w, https:\/\/www.48hopenhousebarcelona.org\/wp-content\/uploads\/2020\/10\/EXPO-10ANYS-032-NAWI1916-min-1320x880.jpg 1320w, https:\/\/www.48hopenhousebarcelona.org\/wp-content\/uploads\/2020\/10\/EXPO-10ANYS-032-NAWI1916-min.jpg 1920w\" sizes=\"auto, (max-width: 300px) 100vw, 300px\" \/><\/a>\n\t\t\t<\/div><\/figure><figure class='gallery-item'>\n\t\t\t<div class='gallery-icon landscape'>\n\t\t\t\t<a href='https:\/\/www.48hopenhousebarcelona.org\/wp-content\/uploads\/2020\/10\/EXPO-10ANYS-006-NAWI2035-min.jpg'><img loading=\"lazy\" decoding=\"async\" width=\"300\" height=\"200\" src=\"https:\/\/www.48hopenhousebarcelona.org\/wp-content\/uploads\/2020\/10\/EXPO-10ANYS-006-NAWI2035-min-300x200.jpg\" class=\"attachment-medium size-medium\" alt=\"\" srcset=\"https:\/\/www.48hopenhousebarcelona.org\/wp-content\/uploads\/2020\/10\/EXPO-10ANYS-006-NAWI2035-min-300x200.jpg 300w, https:\/\/www.48hopenhousebarcelona.org\/wp-content\/uploads\/2020\/10\/EXPO-10ANYS-006-NAWI2035-min-400x267.jpg 400w, https:\/\/www.48hopenhousebarcelona.org\/wp-content\/uploads\/2020\/10\/EXPO-10ANYS-006-NAWI2035-min-1024x683.jpg 1024w, https:\/\/www.48hopenhousebarcelona.org\/wp-content\/uploads\/2020\/10\/EXPO-10ANYS-006-NAWI2035-min-768x512.jpg 768w, https:\/\/www.48hopenhousebarcelona.org\/wp-content\/uploads\/2020\/10\/EXPO-10ANYS-006-NAWI2035-min-1536x1024.jpg 1536w, https:\/\/www.48hopenhousebarcelona.org\/wp-content\/uploads\/2020\/10\/EXPO-10ANYS-006-NAWI2035-min-1320x880.jpg 1320w, https:\/\/www.48hopenhousebarcelona.org\/wp-content\/uploads\/2020\/10\/EXPO-10ANYS-006-NAWI2035-min.jpg 1920w\" sizes=\"auto, (max-width: 300px) 100vw, 300px\" \/><\/a>\n\t\t\t<\/div><\/figure><figure class='gallery-item'>\n\t\t\t<div class='gallery-icon landscape'>\n\t\t\t\t<a href='https:\/\/www.48hopenhousebarcelona.org\/wp-content\/uploads\/2020\/10\/EXPO-10ANYS-008-NAWI2121-min.jpg'><img loading=\"lazy\" decoding=\"async\" width=\"300\" height=\"200\" src=\"https:\/\/www.48hopenhousebarcelona.org\/wp-content\/uploads\/2020\/10\/EXPO-10ANYS-008-NAWI2121-min-300x200.jpg\" class=\"attachment-medium size-medium\" alt=\"\" srcset=\"https:\/\/www.48hopenhousebarcelona.org\/wp-content\/uploads\/2020\/10\/EXPO-10ANYS-008-NAWI2121-min-300x200.jpg 300w, https:\/\/www.48hopenhousebarcelona.org\/wp-content\/uploads\/2020\/10\/EXPO-10ANYS-008-NAWI2121-min-400x267.jpg 400w, https:\/\/www.48hopenhousebarcelona.org\/wp-content\/uploads\/2020\/10\/EXPO-10ANYS-008-NAWI2121-min-1024x683.jpg 1024w, https:\/\/www.48hopenhousebarcelona.org\/wp-content\/uploads\/2020\/10\/EXPO-10ANYS-008-NAWI2121-min-768x512.jpg 768w, https:\/\/www.48hopenhousebarcelona.org\/wp-content\/uploads\/2020\/10\/EXPO-10ANYS-008-NAWI2121-min-1536x1024.jpg 1536w, https:\/\/www.48hopenhousebarcelona.org\/wp-content\/uploads\/2020\/10\/EXPO-10ANYS-008-NAWI2121-min-1320x880.jpg 1320w, https:\/\/www.48hopenhousebarcelona.org\/wp-content\/uploads\/2020\/10\/EXPO-10ANYS-008-NAWI2121-min.jpg 1920w\" sizes=\"auto, (max-width: 300px) 100vw, 300px\" \/><\/a>\n\t\t\t<\/div><\/figure><figure class='gallery-item'>\n\t\t\t<div class='gallery-icon landscape'>\n\t\t\t\t<a href='https:\/\/www.48hopenhousebarcelona.org\/wp-content\/uploads\/2020\/10\/EXPO-10ANYS-002-NAWI1873-min.jpg'><img loading=\"lazy\" decoding=\"async\" width=\"300\" height=\"200\" src=\"https:\/\/www.48hopenhousebarcelona.org\/wp-content\/uploads\/2020\/10\/EXPO-10ANYS-002-NAWI1873-min-300x200.jpg\" class=\"attachment-medium size-medium\" alt=\"\" srcset=\"https:\/\/www.48hopenhousebarcelona.org\/wp-content\/uploads\/2020\/10\/EXPO-10ANYS-002-NAWI1873-min-300x200.jpg 300w, https:\/\/www.48hopenhousebarcelona.org\/wp-content\/uploads\/2020\/10\/EXPO-10ANYS-002-NAWI1873-min-400x267.jpg 400w, https:\/\/www.48hopenhousebarcelona.org\/wp-content\/uploads\/2020\/10\/EXPO-10ANYS-002-NAWI1873-min-1024x683.jpg 1024w, https:\/\/www.48hopenhousebarcelona.org\/wp-content\/uploads\/2020\/10\/EXPO-10ANYS-002-NAWI1873-min-768x512.jpg 768w, https:\/\/www.48hopenhousebarcelona.org\/wp-content\/uploads\/2020\/10\/EXPO-10ANYS-002-NAWI1873-min-1536x1024.jpg 1536w, https:\/\/www.48hopenhousebarcelona.org\/wp-content\/uploads\/2020\/10\/EXPO-10ANYS-002-NAWI1873-min-1320x880.jpg 1320w, https:\/\/www.48hopenhousebarcelona.org\/wp-content\/uploads\/2020\/10\/EXPO-10ANYS-002-NAWI1873-min.jpg 1920w\" sizes=\"auto, (max-width: 300px) 100vw, 300px\" \/><\/a>\n\t\t\t<\/div><\/figure>\n\t\t<\/div>\n\n<p>&nbsp;<\/p>\n<p><span style=\"font-weight: 400;\">Con el apoyo de:<\/span><\/p>\n<p dir=\"ltr\"><img loading=\"lazy\" decoding=\"async\" class=\"alignnone wp-image-395\" src=\"https:\/\/www.48hopenhousebarcelona.org\/wp-content\/uploads\/2019\/09\/logo_aj_barcelona.png\" alt=\"\" width=\"147\" height=\"55\" \/>\u00a0<img loading=\"lazy\" decoding=\"async\" class=\"alignnone wp-image-16612\" src=\"https:\/\/www.48hopenhousebarcelona.org\/wp-content\/uploads\/2020\/10\/AMB_Logo_1-300x124.jpg\" alt=\"\" width=\"143\" height=\"59\" \/>\u00a0<img loading=\"lazy\" decoding=\"async\" class=\"alignnone wp-image-16618\" src=\"https:\/\/www.48hopenhousebarcelona.org\/wp-content\/uploads\/2020\/10\/COAC_descriptor_comunicacio_A_positiu-300x174.png\" alt=\"\" width=\"141\" height=\"82\" srcset=\"https:\/\/www.48hopenhousebarcelona.org\/wp-content\/uploads\/2020\/10\/COAC_descriptor_comunicacio_A_positiu-300x174.png 300w, https:\/\/www.48hopenhousebarcelona.org\/wp-content\/uploads\/2020\/10\/COAC_descriptor_comunicacio_A_positiu-400x232.png 400w, https:\/\/www.48hopenhousebarcelona.org\/wp-content\/uploads\/2020\/10\/COAC_descriptor_comunicacio_A_positiu-1024x593.png 1024w, https:\/\/www.48hopenhousebarcelona.org\/wp-content\/uploads\/2020\/10\/COAC_descriptor_comunicacio_A_positiu-768x445.png 768w, https:\/\/www.48hopenhousebarcelona.org\/wp-content\/uploads\/2020\/10\/COAC_descriptor_comunicacio_A_positiu-1536x890.png 1536w, https:\/\/www.48hopenhousebarcelona.org\/wp-content\/uploads\/2020\/10\/COAC_descriptor_comunicacio_A_positiu-2048x1187.png 2048w, https:\/\/www.48hopenhousebarcelona.org\/wp-content\/uploads\/2020\/10\/COAC_descriptor_comunicacio_A_positiu-1320x765.png 1320w\" sizes=\"auto, (max-width: 141px) 100vw, 141px\" \/><\/p>\n<p dir=\"ltr\"><img loading=\"lazy\" decoding=\"async\" class=\"alignnone wp-image-410\" src=\"https:\/\/www.48hopenhousebarcelona.org\/wp-content\/uploads\/2019\/09\/logo_oak_color.jpg\" alt=\"\" width=\"119\" height=\"56\" \/> \u00a0\u00a0<img loading=\"lazy\" decoding=\"async\" class=\"alignnone wp-image-6176\" src=\"https:\/\/www.48hopenhousebarcelona.org\/wp-content\/uploads\/2019\/09\/Logo_Vilassar-300x156.png\" alt=\"\" width=\"158\" height=\"82\" \/><\/p>\n<p dir=\"ltr\">Con la colaboraci\u00f3n de:<\/p>\n<p dir=\"ltr\"><img loading=\"lazy\" decoding=\"async\" class=\"alignnone wp-image-16621\" src=\"https:\/\/www.48hopenhousebarcelona.org\/wp-content\/uploads\/2020\/09\/tmb.png\" alt=\"\" width=\"133\" height=\"133\" srcset=\"https:\/\/www.48hopenhousebarcelona.org\/wp-content\/uploads\/2020\/09\/tmb.png 200w, https:\/\/www.48hopenhousebarcelona.org\/wp-content\/uploads\/2020\/09\/tmb-100x100.png 100w, https:\/\/www.48hopenhousebarcelona.org\/wp-content\/uploads\/2020\/09\/tmb-150x150.png 150w\" sizes=\"auto, (max-width: 133px) 100vw, 133px\" \/><\/p>\n","protected":false},"excerpt":{"rendered":"<p>Diez a\u00f1os del festival de arquitectura 48h Open House BCN Sitio: Espai Merc\u00e8 Sala, intercambiador de Diagonal (TMB): Rambla de Catalunya con c\/ Rossell\u00f3 de Barcelona. Acceso libre y gratuito. Horario: del 16 da octubre al 9 de febrero, de lunes a viernes, de 10 a 20.30 h. Exposici\u00f3n aleatoria que propicia una relaci\u00f3n diferente [&hellip;]<\/p>\n","protected":false},"author":2,"featured_media":0,"parent":0,"menu_order":0,"comment_status":"closed","ping_status":"closed","template":"","meta":{"_acf_changed":false,"footnotes":""},"class_list":["post-27534","page","type-page","status-publish","hentry"],"acf":[],"_links":{"self":[{"href":"https:\/\/www.48hopenhousebarcelona.org\/es\/wp-json\/wp\/v2\/pages\/27534","targetHints":{"allow":["GET"]}}],"collection":[{"href":"https:\/\/www.48hopenhousebarcelona.org\/es\/wp-json\/wp\/v2\/pages"}],"about":[{"href":"https:\/\/www.48hopenhousebarcelona.org\/es\/wp-json\/wp\/v2\/types\/page"}],"author":[{"embeddable":true,"href":"https:\/\/www.48hopenhousebarcelona.org\/es\/wp-json\/wp\/v2\/users\/2"}],"replies":[{"embeddable":true,"href":"https:\/\/www.48hopenhousebarcelona.org\/es\/wp-json\/wp\/v2\/comments?post=27534"}],"version-history":[{"count":13,"href":"https:\/\/www.48hopenhousebarcelona.org\/es\/wp-json\/wp\/v2\/pages\/27534\/revisions"}],"predecessor-version":[{"id":29453,"href":"https:\/\/www.48hopenhousebarcelona.org\/es\/wp-json\/wp\/v2\/pages\/27534\/revisions\/29453"}],"wp:attachment":[{"href":"https:\/\/www.48hopenhousebarcelona.org\/es\/wp-json\/wp\/v2\/media?parent=27534"}],"curies":[{"name":"wp","href":"https:\/\/api.w.org\/{rel}","templated":true}]}}