{"id":27557,"date":"2020-10-12T17:34:33","date_gmt":"2020-10-12T17:34:33","guid":{"rendered":"https:\/\/www.48hopenhousebarcelona.org\/?page_id=27557"},"modified":"2020-11-06T08:41:28","modified_gmt":"2020-11-06T08:41:28","slug":"festival-open-house-worldwide","status":"publish","type":"page","link":"https:\/\/www.48hopenhousebarcelona.org\/es\/festival-open-house-worldwide\/","title":{"rendered":"Festival Open House Worldwide"},"content":{"rendered":"<h2>\u00a0<img loading=\"lazy\" decoding=\"async\" class=\"alignnone wp-image-27563\" src=\"https:\/\/www.48hopenhousebarcelona.org\/wp-content\/uploads\/2020\/10\/wide_1600x400-300x75.jpg\" alt=\"\" width=\"732\" height=\"183\" srcset=\"https:\/\/www.48hopenhousebarcelona.org\/wp-content\/uploads\/2020\/10\/wide_1600x400-300x75.jpg 300w, https:\/\/www.48hopenhousebarcelona.org\/wp-content\/uploads\/2020\/10\/wide_1600x400-400x100.jpg 400w, https:\/\/www.48hopenhousebarcelona.org\/wp-content\/uploads\/2020\/10\/wide_1600x400-1024x256.jpg 1024w, https:\/\/www.48hopenhousebarcelona.org\/wp-content\/uploads\/2020\/10\/wide_1600x400-768x192.jpg 768w, https:\/\/www.48hopenhousebarcelona.org\/wp-content\/uploads\/2020\/10\/wide_1600x400-1536x384.jpg 1536w, https:\/\/www.48hopenhousebarcelona.org\/wp-content\/uploads\/2020\/10\/wide_1600x400-1320x330.jpg 1320w, https:\/\/www.48hopenhousebarcelona.org\/wp-content\/uploads\/2020\/10\/wide_1600x400.jpg 1600w\" sizes=\"auto, (max-width: 732px) 100vw, 732px\" \/><\/h2>\n<h1 dir=\"ltr\">El 14 y 15 de noviembre, celebraremos el primer festival internacional Open House online<\/h1>\n<h3 dir=\"ltr\">Este oto\u00f1o, 46 ciudades de todo el mundo organizamos el festival Open House Worldwide: 48 horas de actividades, tours y debates online gratuitos.<\/h3>\n<p dir=\"ltr\">Contaremos con arquitectos, dise\u00f1adores, urbanistas y ciudadanos de las diferentes ciudades Open House, para conocer, debatir y avanzar sobre los temas que nos planteamos en Barcelona y en todo el mundo, desde el cambio clim\u00e1tico, el transporte, las infraestructuras y las viviendas, hasta el dise\u00f1o de la ciudad pos-Covid.<\/p>\n<p><iframe loading=\"lazy\" title=\"Trailer \u2013 Open House Worldwide Festival\" width=\"640\" height=\"360\" src=\"https:\/\/www.youtube.com\/embed\/ysZRUWhWZKA?start=6&#038;feature=oembed\" frameborder=\"0\" allow=\"accelerometer; autoplay; clipboard-write; encrypted-media; gyroscope; picture-in-picture; web-share\" referrerpolicy=\"strict-origin-when-cross-origin\" allowfullscreen><\/iframe><\/p>\n<h3 dir=\"ltr\">Pensamiento global para retos mundiales<\/h3>\n<p dir=\"ltr\">Diez a\u00f1os despu\u00e9s de la fundaci\u00f3n de la red Open House Worldwide, se ha hecho muy evidente que los debates de los barrios, las ciudades y los pa\u00edses son retos compartidos en todo el mundo. Los temas que hay que hablar atraviesan fronteras y zonas horarias y llegan para plantear, debatir, comparar y encontrar respuestas interconectadas que nos hagan avanzar como sociedad.<\/p>\n<p dir=\"ltr\">La red Open House Worldwide crear\u00e1 una plataforma para poner sobre la mesa esos retos, tomando desde las perspectivas de ciudad de Chicago hasta el p\u00fablico de Eslovenia; compartiendo las innovadoras respuestas sobre la Covid de Taipei hasta los pensamientos urban\u00edsticos de Buenos Aires, o comparando las necesidades de viviendas p\u00fablicas de Barcelona, Lagos y Ciudad de M\u00e9xico, y mucho m\u00e1s.<\/p>\n<p dir=\"ltr\">Igual que todos los festivales Open House, Open House Worldwide tendr\u00e1 acceso gratuito y ser ser\u00e1 retransmitido online en la p\u00e1gina web <a href=\"https:\/\/www.openhouseworldwide.org\/\">openhouseworldwide.org\/<\/a>.<\/p>\n<p dir=\"ltr\">Open House Worldwide es la coordinadora de las asociaciones Open House de las 46 ciudades de todo el mundo. El concepto de Open House fue fundado por Victoria Thornton en Londres, en 1992. La red Open House Worldwide se fund\u00f3 en 2010 y ahora tiene ciudades de los cinco continentes, logrando miles de ciudadanos cada a\u00f1o. Open House Worldwide est\u00e1 administrado por Open City, una asociaci\u00f3n sin \u00e1nimo de lucro del Reino Unido.<\/p>\n","protected":false},"excerpt":{"rendered":"<p>\u00a0 El 14 y 15 de noviembre, celebraremos el primer festival internacional Open House online Este oto\u00f1o, 46 ciudades de todo el mundo organizamos el festival Open House Worldwide: 48 horas de actividades, tours y debates online gratuitos. Contaremos con arquitectos, dise\u00f1adores, urbanistas y ciudadanos de las diferentes ciudades Open House, para conocer, debatir y [&hellip;]<\/p>\n","protected":false},"author":2,"featured_media":0,"parent":0,"menu_order":0,"comment_status":"closed","ping_status":"closed","template":"","meta":{"_acf_changed":false,"footnotes":""},"class_list":["post-27557","page","type-page","status-publish","hentry"],"acf":[],"_links":{"self":[{"href":"https:\/\/www.48hopenhousebarcelona.org\/es\/wp-json\/wp\/v2\/pages\/27557","targetHints":{"allow":["GET"]}}],"collection":[{"href":"https:\/\/www.48hopenhousebarcelona.org\/es\/wp-json\/wp\/v2\/pages"}],"about":[{"href":"https:\/\/www.48hopenhousebarcelona.org\/es\/wp-json\/wp\/v2\/types\/page"}],"author":[{"embeddable":true,"href":"https:\/\/www.48hopenhousebarcelona.org\/es\/wp-json\/wp\/v2\/users\/2"}],"replies":[{"embeddable":true,"href":"https:\/\/www.48hopenhousebarcelona.org\/es\/wp-json\/wp\/v2\/comments?post=27557"}],"version-history":[{"count":9,"href":"https:\/\/www.48hopenhousebarcelona.org\/es\/wp-json\/wp\/v2\/pages\/27557\/revisions"}],"predecessor-version":[{"id":28738,"href":"https:\/\/www.48hopenhousebarcelona.org\/es\/wp-json\/wp\/v2\/pages\/27557\/revisions\/28738"}],"wp:attachment":[{"href":"https:\/\/www.48hopenhousebarcelona.org\/es\/wp-json\/wp\/v2\/media?parent=27557"}],"curies":[{"name":"wp","href":"https:\/\/api.w.org\/{rel}","templated":true}]}}