{"id":31649,"date":"2021-04-27T10:56:21","date_gmt":"2021-04-27T10:56:21","guid":{"rendered":"https:\/\/www.48hopenhousebarcelona.org\/?page_id=31649"},"modified":"2022-10-06T19:36:20","modified_gmt":"2022-10-06T19:36:20","slug":"musica-x-arquitectura","status":"publish","type":"page","link":"https:\/\/www.48hopenhousebarcelona.org\/es\/musica-x-arquitectura\/","title":{"rendered":"M\u00fasica x Arquitectura"},"content":{"rendered":"<p><img loading=\"lazy\" decoding=\"async\" class=\"alignnone wp-image-31662\" src=\"https:\/\/www.48hopenhousebarcelona.org\/wp-content\/uploads\/2021\/04\/Untitled-design-12-300x200.jpg\" alt=\"\" width=\"596\" height=\"397\" srcset=\"https:\/\/www.48hopenhousebarcelona.org\/wp-content\/uploads\/2021\/04\/Untitled-design-12-300x200.jpg 300w, https:\/\/www.48hopenhousebarcelona.org\/wp-content\/uploads\/2021\/04\/Untitled-design-12-400x267.jpg 400w, https:\/\/www.48hopenhousebarcelona.org\/wp-content\/uploads\/2021\/04\/Untitled-design-12-1024x683.jpg 1024w, https:\/\/www.48hopenhousebarcelona.org\/wp-content\/uploads\/2021\/04\/Untitled-design-12-768x512.jpg 768w, https:\/\/www.48hopenhousebarcelona.org\/wp-content\/uploads\/2021\/04\/Untitled-design-12-1536x1024.jpg 1536w, https:\/\/www.48hopenhousebarcelona.org\/wp-content\/uploads\/2021\/04\/Untitled-design-12-1320x880.jpg 1320w, https:\/\/www.48hopenhousebarcelona.org\/wp-content\/uploads\/2021\/04\/Untitled-design-12.jpg 1800w\" sizes=\"auto, (max-width: 596px) 100vw, 596px\" \/><\/p>\n<p>M\u00daSICA PARA LA ARQUITECTURA ofrece propuestas que relacionan experiencias arquitect\u00f3nicas con actividades creativas en torno a la m\u00fasica, expresiones art\u00edsticas sonoras pensadas para explicar la arquitectura desde la inmersi\u00f3n creativa y para influir en la experiencia arquitect\u00f3nica del p\u00fablico.<\/p>\n<p>M\u00daSICA PARA LA ARQUITECTURA 2021 se realizar\u00e1 el viernes 14 de mayo de 17.30 a 20.30 en el Museo del Dise\u00f1o de Barcelona (DHUB): exploraremos el museo con un paseo musical y arquitect\u00f3nico, aprenderemos a transformar una habitaci\u00f3n en un &#8216;Home Studio&#8217;; escucharemos a N\u00faria Moliner relacionando m\u00fasica y arquitectura; y disfrutaremos de un espect\u00e1culo audiovisual sobre la evoluci\u00f3n de las ciudades, tomando como inspiraci\u00f3n el edificio DHUB y el barrio donde se aloja.<\/p>\n<p><em>ENTRADAS PRESENCIALES AGOTADAS<\/em><\/p>\n<p>&#8211;&gt; Disfruta igualmente de las charlas y del espect\u00e1culo en el Auditorio <strong>en streaming<\/strong> en nuestro<a href=\"https:\/\/www.youtube.com\/channel\/UCXD-orew0WRLTGIYcTSEV0Q\"> canal de Yotube<\/a>.<\/p>\n<p><strong>Viernes 14 de mayo <\/strong>de<strong> 17.30h a 20.30 h<\/strong><\/p>\n<p>\u00bfTenemos conciencia de lo que es habitar espacios tan conocidos como el DHUB o tu propia habitaci\u00f3n? En la 4\u00aa edici\u00f3n de M\u00fasica x Arquitectura: exploraremos el museo con un paseo musical y arquitect\u00f3nico; sabremos transformar una habitaci\u00f3n en un &#8216;Home Studio&#8217;; escucharemos a N\u00faria Moliner relacionando m\u00fasica y arquitectura; y disfrutaremos de un espect\u00e1culo audiovisual sobre la evoluci\u00f3n de las ciudades, tomando como inspiraci\u00f3n el edificio DHUB y el barrio donde se aloja.<\/p>\n<p>17:30 h Punto de encuentro en el DHUB (vest\u00edbulo c\/\u00c0laba)<\/p>\n<p>17:35 h &#8211; 18:20 h Conciencia de habitar, la voz y la m\u00fasica como un instrumento de comunicaci\u00f3n. Un paseo musical y arquitect\u00f3nico por el edificio; par\u00e1metro para el an\u00e1lisis: textura, conectividad y ritmo. Con <strong>J\u00falia Marb\u00e0<\/strong>, coordinadora del 48h Open House Bcn y la violinista <b>Maria Cuatrecasas.<\/b><\/p>\n<p>18:30 h &#8211; 19:05 h Charla. <strong>Creaci\u00f3n de un \u2018Home Studio\u2019: De habitaci\u00f3n a estudio musical: de espacio privado, a espacio de trabajo abierto al mundo.<\/strong> Con <a href=\"https:\/\/rowacoustics.es\/\"><strong>Roberto Orenes<\/strong><\/a>, productor musical y especialista en condicionamiento ac\u00fastico.<\/p>\n<p>19:10 h &#8211; 19:45 h Charla. <strong>Relaci\u00f3n entre m\u00fasica y arquitectura<\/strong>. Con <a href=\"http:\/\/www.nuriamoliner.com\"><strong>N\u00faria Moliner<\/strong><\/a>, arquitecta, m\u00fasica y presentadora del programa Escala Humana de La 2.<\/p>\n<p>19:55 h &#8211; 20:25 h <strong>Concierto audiovisual TCR &#8211; EN DIAGONAL<\/strong>. M\u00fasica de <strong>Gal\u00b7la Maculet<\/strong>, visuales de\u00a0 Gal\u00b7la Maculet y <strong>Datalash; con<\/strong>\u00a0la colaboraci\u00f3n de la bailarina <strong>Anna Sol\u00e0<\/strong>; vestuario <strong>Eric Aoura Ott<\/strong>.<\/p>\n<p>TCR-EN DIAGONAL es un espect\u00e1culo sonoro sobre el di\u00e1logo entre danza, arquitectura y el mundo audiovisual, donde arquitectura es continente y contenido. Datalash aspira a provocar una inmersi\u00f3n sobre la evoluci\u00f3n de las ciudades, tomando como inspiraci\u00f3n el edificio DHUB y el barrio donde se ubica.<\/p>\n<p><em>ENTRADAS PRESENCIALES AGOTADAS<\/em><\/p>\n<p><strong>Conoce m\u00e1s a los ponentes:<\/strong><\/p>\n<p><strong>N\u00daRIA MOLINER<\/strong><\/p>\n<p>N\u00faria Moliner (Barcelona, 1991) es arquitecta, investigadora, comunicadora y m\u00fasica. Se dedica a la divulgaci\u00f3n de la cultura arquitect\u00f3nica y a la investigaci\u00f3n sobre \u00e9tica social y medioambiental aplicada a la arquitectura, el urbanismo y el dise\u00f1o. Actualmente es presentadora, asesora de contenidos y guionista de Escala Humana, la serie documental de arquitectura de TVE. Tambi\u00e9n colaboradora en el programa cultural Punts de vista TVE Catalunya, miembro del consejo asesor del plan urban\u00edstico Super illa Barcelona y comisaria del nuevo ciclo Architecture Now!, en el Roca Barcelona Gallery. Ha trabajado para entidades como el Instituto de Cultura de Barcelona, la Fundaci\u00f3n Mies van der Rohe, las FAD, Storefront for Art and Architecture NYC, la Fundaci\u00f3n Arquia o\u00a0 CONCA. Participa en festivales, congresos y acontecimientos culturales, comunica en medios audiovisuales y escribe publicaciones y art\u00edculos para la prensa. Recientemente ha sido comisaria de la Bienal de Pensamiento de Barcelona y ha dirigido el documental Punto de inflexi\u00f3n.<\/p>\n<p><a href=\"http:\/\/www.nuriamoliner.com\/\"><span style=\"font-weight: 400;\">www.nuriamoliner.com<\/span><\/a> \/<a href=\"https:\/\/www.instagram.com\/nuria_moliner\/\"> Instagram<\/a> \/<a href=\"https:\/\/twitter.com\/nuria_moliner\"> Twitter<\/a> \/ <a href=\"https:\/\/www.linkedin.com\/in\/nuria-moliner\/\">Linkedin<\/a><\/p>\n<p><strong>ROBERTO ORENES<\/strong><\/p>\n<p>Roberto Orenes es productor musical, especialista en condicionamiento ac\u00fastico y dirige su propia marca Rowacoustics donde dise\u00f1a productos espec\u00edficos para el tratamiento sonoro de espacios. Tras iniciar su carrera como DJ, la curiosidad lo llev\u00f3 a estudiar producci\u00f3n musical. Con el paso del tiempo recorri\u00f3 diferentes estudios de edici\u00f3n y grabaci\u00f3n hasta crear su propia marca y lugar de trabajo. Rowacoustics ha trabajado para artistas nacionales como, entre otros, Beret, Rafa Espino, Baster Beats.<\/p>\n<p><a href=\"https:\/\/rowacoustics.es\/\">https:\/\/rowacoustics.es\/<\/a>\u00a0\/ <a href=\"https:\/\/www.instagram.com\/row.acoustics\/\">Instagram\u00a0<\/a><\/p>\n<p><strong>ERIC AOUARA OTT &#8211; artista visual y pl\u00e1stico.<\/strong><\/p>\n<p>Artista visual y pl\u00e1stico nacido en Francia. Catal\u00e1n de adopci\u00f3n. Dise\u00f1ador Gr\u00e1fico de profesi\u00f3n, siempre compaginado con otras inquietudes art\u00edsticas. Su trabajo est\u00e1 basado en su particular forma de ver el mundo. Su vertiente art\u00edstica proviene de un proceso creativo en multitud de disciplinas, pintura, dibujo o gravado. Es un amante apasionado del trabajo sobre madera y otros materiales. Su versatilidad art\u00edstica lo lleva a buscar nuevos lenguajes creativos llegando a las estructuras e\u00f3licas en tela en el mundo de los cometas y banners.<\/p>\n<p>Participa actualmente en diferentes festivales y exhibiciones internacionales, destacan entre otros: Reencuentro Internacional Berck sur Mer, Festival Internacional du Cervolant \u00e0 Dieppe, kite Festival Newcastle, Festival International F\u00eate du Vent Marseille, Milotxes Festival de Val\u00e8ncia, Mont d&#8217;Or Festival de Suisse, Festival Internationale de Cervia-Italia, International Kite Festival of Qatar.<\/p>\n<p>En M\u00fasica x Arquitectura ha realizado el dise\u00f1o y la creaci\u00f3n del vestuario de la bailarina, en reconocimiento al edificio del DHUB.<\/p>\n<p><strong>MARIA CUATRECASAS EST\u00c9VEZ &#8211; violinista.<\/strong><\/p>\n<p>Se grad\u00faa en 2019 en la Escuela Superior de M\u00fasica de Catalu\u00f1a en\u00a0la especialidad de interpretaci\u00f3n del viol\u00edn en m\u00fasica cl\u00e1sica y contempor\u00e1nea. Se sigue formando\u00a0como violinista con el profesor Kai Gleusteen. Forma parte del D\u00fao Enxebre, el cual ha hecho\u00a0conciertos en todo Catalu\u00f1a, y contin\u00faa form\u00e1ndose con el mismo profesor y Cristoforo\u00a0Pestalozzi, entre otros. Ha colaborado en diferentes orquestas, como la Orquesta Sinf\u00f3nica de el\u00a0Gran Teatro del Liceo, la Orquesta del Real C\u00edrculo Art\u00edsitico y la Orquesta UNESCO Barcelona.\u00a0Actualmente estudia un m\u00e1ster de Musicoterapia a la Esmuc y ejerce de profesora en la Escuela de\u00a0M\u00fasica de Llagostera.<\/p>\n<p>El programa que interpretar\u00e1 est\u00e1 formado por diferentes movimientos de Partites y Sonatas de Bach\u00a0y la Meditaci\u00f3n de Tha\u00efs, de Jules Massenet.<\/p>\n<p><strong>GAL\u00b7LA MACULET &#8211; compositora de m\u00fasica electr\u00f2nica.<\/strong><br \/>\nGal\u00b7la, es graduada en Arquitectura, compositora y productora musical amateur. La m\u00fasica y las artes han sido desde peque\u00f1a un motor en su vida. Su inspiraci\u00f3n cuando compone va desde les \u00faltimas tendencias en m\u00fasica electr\u00f3nica hasta cl\u00e1sicos como Aphex Twin, Boards of Canada o la YMO, trabaja con Ableton Live a partir de clips sonoros de la gran biblioteca que es internet y de grabaciones hechas per ella. Es autora de trebajos multim\u00e9dia donde combina im\u00e1genes grabada de la cuotidaniedad de las ciudades y sus habitantes, con grabaciones tatralizadas que plasman les contradicciones de la sociedad actual: queremos destacar \u201cMotion and static\u201d (2018) en la Universitat de La Salle; \u201cLlum i vida\u201d (2020) para Transports Metropolitans de Barcelona, y \u201cHoly Food\u201d (2019) para la Universidad KU Leuven durante sus estudios en Gante, B\u00e9lgica.<\/p>\n<p><img loading=\"lazy\" decoding=\"async\" class=\"alignnone wp-image-31828\" src=\"https:\/\/www.48hopenhousebarcelona.org\/wp-content\/uploads\/2021\/04\/Logo-peque\u00f1o-Dhub-b-n-fons-blanc-300x289.jpg\" alt=\"\" width=\"289\" height=\"278\" srcset=\"https:\/\/www.48hopenhousebarcelona.org\/wp-content\/uploads\/2021\/04\/Logo-peque\u00f1o-Dhub-b-n-fons-blanc-300x289.jpg 300w, https:\/\/www.48hopenhousebarcelona.org\/wp-content\/uploads\/2021\/04\/Logo-peque\u00f1o-Dhub-b-n-fons-blanc-400x386.jpg 400w, https:\/\/www.48hopenhousebarcelona.org\/wp-content\/uploads\/2021\/04\/Logo-peque\u00f1o-Dhub-b-n-fons-blanc-768x740.jpg 768w, https:\/\/www.48hopenhousebarcelona.org\/wp-content\/uploads\/2021\/04\/Logo-peque\u00f1o-Dhub-b-n-fons-blanc.jpg 888w\" sizes=\"auto, (max-width: 289px) 100vw, 289px\" \/><\/p>\n","protected":false},"excerpt":{"rendered":"<p>M\u00daSICA PARA LA ARQUITECTURA ofrece propuestas que relacionan experiencias arquitect\u00f3nicas con actividades creativas en torno a la m\u00fasica, expresiones art\u00edsticas sonoras pensadas para explicar la arquitectura desde la inmersi\u00f3n creativa y para influir en la experiencia arquitect\u00f3nica del p\u00fablico. M\u00daSICA PARA LA ARQUITECTURA 2021 se realizar\u00e1 el viernes 14 de mayo de 17.30 a 20.30 [&hellip;]<\/p>\n","protected":false},"author":5,"featured_media":0,"parent":0,"menu_order":0,"comment_status":"closed","ping_status":"closed","template":"","meta":{"_acf_changed":false,"footnotes":""},"class_list":["post-31649","page","type-page","status-publish","hentry"],"acf":[],"_links":{"self":[{"href":"https:\/\/www.48hopenhousebarcelona.org\/es\/wp-json\/wp\/v2\/pages\/31649","targetHints":{"allow":["GET"]}}],"collection":[{"href":"https:\/\/www.48hopenhousebarcelona.org\/es\/wp-json\/wp\/v2\/pages"}],"about":[{"href":"https:\/\/www.48hopenhousebarcelona.org\/es\/wp-json\/wp\/v2\/types\/page"}],"author":[{"embeddable":true,"href":"https:\/\/www.48hopenhousebarcelona.org\/es\/wp-json\/wp\/v2\/users\/5"}],"replies":[{"embeddable":true,"href":"https:\/\/www.48hopenhousebarcelona.org\/es\/wp-json\/wp\/v2\/comments?post=31649"}],"version-history":[{"count":20,"href":"https:\/\/www.48hopenhousebarcelona.org\/es\/wp-json\/wp\/v2\/pages\/31649\/revisions"}],"predecessor-version":[{"id":40506,"href":"https:\/\/www.48hopenhousebarcelona.org\/es\/wp-json\/wp\/v2\/pages\/31649\/revisions\/40506"}],"wp:attachment":[{"href":"https:\/\/www.48hopenhousebarcelona.org\/es\/wp-json\/wp\/v2\/media?parent=31649"}],"curies":[{"name":"wp","href":"https:\/\/api.w.org\/{rel}","templated":true}]}}