{"id":31784,"date":"2021-04-27T18:16:12","date_gmt":"2021-04-27T18:16:12","guid":{"rendered":"https:\/\/www.48hopenhousebarcelona.org\/?page_id=31784"},"modified":"2021-05-10T10:25:58","modified_gmt":"2021-05-10T10:25:58","slug":"espais-ocults-2021","status":"publish","type":"page","link":"https:\/\/www.48hopenhousebarcelona.org\/es\/espais-ocults-2021\/","title":{"rendered":"Espacios Ocultos"},"content":{"rendered":"<p><img loading=\"lazy\" decoding=\"async\" class=\"alignnone wp-image-31697\" src=\"https:\/\/www.48hopenhousebarcelona.org\/wp-content\/uploads\/2021\/04\/espais-ocults-GEN\u00c8RICA-16-300x170.png\" alt=\"\" width=\"671\" height=\"380\" srcset=\"https:\/\/www.48hopenhousebarcelona.org\/wp-content\/uploads\/2021\/04\/espais-ocults-GEN\u00c8RICA-16-300x170.png 300w, https:\/\/www.48hopenhousebarcelona.org\/wp-content\/uploads\/2021\/04\/espais-ocults-GEN\u00c8RICA-16-400x227.png 400w, https:\/\/www.48hopenhousebarcelona.org\/wp-content\/uploads\/2021\/04\/espais-ocults-GEN\u00c8RICA-16-1024x580.png 1024w, https:\/\/www.48hopenhousebarcelona.org\/wp-content\/uploads\/2021\/04\/espais-ocults-GEN\u00c8RICA-16-768x435.png 768w, https:\/\/www.48hopenhousebarcelona.org\/wp-content\/uploads\/2021\/04\/espais-ocults-GEN\u00c8RICA-16-1536x871.png 1536w, https:\/\/www.48hopenhousebarcelona.org\/wp-content\/uploads\/2021\/04\/espais-ocults-GEN\u00c8RICA-16-2048x1161.png 2048w, https:\/\/www.48hopenhousebarcelona.org\/wp-content\/uploads\/2021\/04\/espais-ocults-GEN\u00c8RICA-16-380x215.png 380w, https:\/\/www.48hopenhousebarcelona.org\/wp-content\/uploads\/2021\/04\/espais-ocults-GEN\u00c8RICA-16-1320x748.png 1320w\" sizes=\"auto, (max-width: 671px) 100vw, 671px\" \/><\/p>\n<h1><b>ESPAIS OCULTS<\/b><\/h1>\n<p><span style=\"font-weight: 400;\">ESPACIOS OCULTOS es un proyecto basado en la difusi\u00f3n del patrimonio arquitect\u00f3nico oculto de la ciudad, que tiene como objetivo\u00a0 dar valor a espacios inaccesibles y hacerlos visibles al p\u00fablico durante la Semana de la Arquitectura.\u00a0<\/span><\/p>\n<p>El proyecto ESPACIOS OCULTOS 2021 muestra la transformaci\u00f3n de la ciudad a trav\u00e9s de visitas a edificios\u00a0EN CONSTRUCCI\u00d3N. Estos edificios se explican a trav\u00e9s de visitas guiadas a cargo de los\u00a0 arquitectos autores\u00a0de los proyectos y de una interpretaci\u00f3n art\u00edstica del fot\u00f3grafo Antonio Navarro Wijkmark. Cada espacio no habitado (edificio en construcci\u00f3n) se muestra como una obra de autor inacabada (la obra del arquitecto) contrapuesta a la obra acabada de otro autor (el fot\u00f3grafo).<\/p>\n<p>Para participar en la actividad es imprescindible realizar una inscripci\u00f3n previa seg\u00fan el calendario de la Semana de la Arquitectura 2021.<\/p>\n<p>Ser\u00e1 necesario llevar calzado c\u00f3modo y cerrado, preferentemente de seguridad. Una vez en el edificio se facilitar\u00e1n los equipos de protecci\u00f3n adicionales necesarios para realizar la visita.<\/p>\n<p>Las visitas no disponen de un recorrido accesible.\u00a0(Las plazas son limitadas y gratuitas)<\/p>\n<p>Descubre toda la informaci\u00f3n de la construcci\u00f3n e im\u00e1genes.<\/p>\n<a class=\"md-btn button shortcode_button uk-light\" href=\"http:\/\/espaisocults.openhousebarcelona.org\/2021\/\">Todos los detalles<\/a>\n<p>&nbsp;<\/p>\n<p><b>VIVIENDA COOPERATIVA LA CHALMETA<\/b><\/p>\n<p><strong>Jueves 6 de mayo (16 h y 17h) &#8211; Inscripci\u00f3n abierta martes 27 de abril a las 20h.<\/strong><\/p>\n<p><strong><img loading=\"lazy\" decoding=\"async\" class=\"size-medium wp-image-31756 alignnone\" src=\"https:\/\/www.48hopenhousebarcelona.org\/wp-content\/uploads\/2021\/04\/habitatge-cooperatiu-la-chalmeta-1-300x170.png\" alt=\"\" width=\"300\" height=\"170\" srcset=\"https:\/\/www.48hopenhousebarcelona.org\/wp-content\/uploads\/2021\/04\/habitatge-cooperatiu-la-chalmeta-1-300x170.png 300w, https:\/\/www.48hopenhousebarcelona.org\/wp-content\/uploads\/2021\/04\/habitatge-cooperatiu-la-chalmeta-1-400x227.png 400w, https:\/\/www.48hopenhousebarcelona.org\/wp-content\/uploads\/2021\/04\/habitatge-cooperatiu-la-chalmeta-1-380x215.png 380w, https:\/\/www.48hopenhousebarcelona.org\/wp-content\/uploads\/2021\/04\/habitatge-cooperatiu-la-chalmeta-1.png 600w\" sizes=\"auto, (max-width: 300px) 100vw, 300px\" \/><br \/>\n<\/strong><\/p>\n<p>Visita a un edificio en construcci\u00f3n de 32 viviendas y espacios colectivos situados en el barrio de Marina del Prat Vermell, una zona en constante evoluci\u00f3n que tiene el reto de definir un nuevo barrio integrado en la ciudad de usos mixtos.<\/p>\n<p>Visita a cargo de los arquitectos del proyecto, Pau Vidal i Vivas Arquitectos<\/p>\n<p>Descripci\u00f3n art\u00edstica: Antonio Navarro Wijkmark<\/p>\n<p><em>AGOTADAS<\/em><\/p>\n<p>&nbsp;<\/p>\n<p><strong>LA ORFEBRERIA<\/strong><\/p>\n<p><strong>S\u00e1bado 8 de mayo (11 h y 12 h) &#8211; Inscripci\u00f3n abierta martes 27 de abril a las 20 h.<\/strong><\/p>\n<p><strong><img loading=\"lazy\" decoding=\"async\" class=\"size-medium wp-image-31766 alignnone\" src=\"https:\/\/www.48hopenhousebarcelona.org\/wp-content\/uploads\/2021\/04\/orfebreria-300x170.png\" alt=\"\" width=\"300\" height=\"170\" srcset=\"https:\/\/www.48hopenhousebarcelona.org\/wp-content\/uploads\/2021\/04\/orfebreria-300x170.png 300w, https:\/\/www.48hopenhousebarcelona.org\/wp-content\/uploads\/2021\/04\/orfebreria-400x227.png 400w, https:\/\/www.48hopenhousebarcelona.org\/wp-content\/uploads\/2021\/04\/orfebreria-380x215.png 380w, https:\/\/www.48hopenhousebarcelona.org\/wp-content\/uploads\/2021\/04\/orfebreria.png 600w\" sizes=\"auto, (max-width: 300px) 100vw, 300px\" \/><br \/>\n<\/strong><\/p>\n<p>Visita a un edificio de viviendas en construcci\u00f3n situado en una antigua f\u00e1brica de estilo brutalista de Poblenou. La intervenci\u00f3n preserva los elementos representativos del movimiento moderno y sit\u00faa viviendas di\u00e1fanas en el interior.<\/p>\n<p>Visita a cargo de la arquitecta In\u00e9s Rodriguez<\/p>\n<p>Descripci\u00f3n art\u00edstica: Antonio Navarro Wijkmark<\/p>\n<p><em>AGOTADAS<\/em><\/p>\n<p>&nbsp;<\/p>\n<p><strong>VIVIENDA COOPERATIVA CIRERERS<\/strong><\/p>\n<p><strong>Domingo 9 de mayo (11 h y 12 h) Inscripci\u00f3n abierta martes 27 de abril a las 20 h.<\/strong><\/p>\n<p><strong><img loading=\"lazy\" decoding=\"async\" class=\"size-medium wp-image-31760 alignnone\" src=\"https:\/\/www.48hopenhousebarcelona.org\/wp-content\/uploads\/2021\/04\/cirerers-300x170.png\" alt=\"\" width=\"300\" height=\"170\" srcset=\"https:\/\/www.48hopenhousebarcelona.org\/wp-content\/uploads\/2021\/04\/cirerers-300x170.png 300w, https:\/\/www.48hopenhousebarcelona.org\/wp-content\/uploads\/2021\/04\/cirerers-400x227.png 400w, https:\/\/www.48hopenhousebarcelona.org\/wp-content\/uploads\/2021\/04\/cirerers-380x215.png 380w, https:\/\/www.48hopenhousebarcelona.org\/wp-content\/uploads\/2021\/04\/cirerers.png 600w\" sizes=\"auto, (max-width: 300px) 100vw, 300px\" \/><\/strong><strong><br \/>\n<\/strong><\/p>\n<p>Visita en un edificio en construcci\u00f3n de ocho plantas, 32 viviendas y espacios comunitarios, que ser\u00e1 el m\u00e1s alto del Estado construido con madera. El edificio tiene una m\u00ednima demanda energ\u00e9tica y utiliza materiales con m\u00ednima huella ecol\u00f3gica.<\/p>\n<p>Visita a cargo de los arquitectos del proyecto, Celobert.<\/p>\n<p>Descripci\u00f3n art\u00edstica: Antonio Navarro Wijkmark<\/p>\n<p><em>AGOTADAS<\/em><\/p>\n<p>&nbsp;<\/p>\n<p><strong>OFICINAS EN T\u00c0NGER-\u00c0LABA Y T\u00c0NGER 34<\/strong><\/p>\n<p><strong>Lunes 10 de mayo (16 h y 17 h) &#8211; Inscripci\u00f3n abierta jueves 29 de abril a las 12 h.<\/strong><\/p>\n<p><strong><img loading=\"lazy\" decoding=\"async\" class=\"size-medium wp-image-31764 alignnone\" src=\"https:\/\/www.48hopenhousebarcelona.org\/wp-content\/uploads\/2021\/04\/t\u00e0nger-34-\u00e0laba-300x170.png\" alt=\"\" width=\"300\" height=\"170\" srcset=\"https:\/\/www.48hopenhousebarcelona.org\/wp-content\/uploads\/2021\/04\/t\u00e0nger-34-\u00e0laba-300x170.png 300w, https:\/\/www.48hopenhousebarcelona.org\/wp-content\/uploads\/2021\/04\/t\u00e0nger-34-\u00e0laba-400x227.png 400w, https:\/\/www.48hopenhousebarcelona.org\/wp-content\/uploads\/2021\/04\/t\u00e0nger-34-\u00e0laba-380x215.png 380w, https:\/\/www.48hopenhousebarcelona.org\/wp-content\/uploads\/2021\/04\/t\u00e0nger-34-\u00e0laba.png 600w\" sizes=\"auto, (max-width: 300px) 100vw, 300px\" \/><br \/>\n<\/strong><\/p>\n<p>Visita a dos edificios de oficinas situados en el distrito 22@ que resuelven la fachada de una manzana del Eixample y, al mismo tiempo, la comunicaci\u00f3n, con uno de los antiguos pasajes del Poblenou convertido en v\u00eda c\u00edvica.<\/p>\n<p>Visita a cargo de Meritxell Moy\u00e0 y Lourdes Romeo, del estudio Batlle i Roig.<\/p>\n<p>Descripci\u00f3n art\u00edstica: Antonio Navarro Wijkmark<\/p>\n<p><em>AGOTADAS<\/em><\/p>\n<p>&nbsp;<\/p>\n<p><strong>OFICINAS HEX\u00c0GON I \u00c0LABA 111<\/strong><\/p>\n<p><strong>Martes 11 de mayo (16 h y 17 h) &#8211; Inscripci\u00f3n abierta jueves 29 de abril a las 12 h.<\/strong><\/p>\n<p><strong><img loading=\"lazy\" decoding=\"async\" class=\"size-medium wp-image-31752 alignnone\" src=\"https:\/\/www.48hopenhousebarcelona.org\/wp-content\/uploads\/2021\/04\/hexagon-300x170.png\" alt=\"\" width=\"300\" height=\"170\" srcset=\"https:\/\/www.48hopenhousebarcelona.org\/wp-content\/uploads\/2021\/04\/hexagon-300x170.png 300w, https:\/\/www.48hopenhousebarcelona.org\/wp-content\/uploads\/2021\/04\/hexagon-400x227.png 400w, https:\/\/www.48hopenhousebarcelona.org\/wp-content\/uploads\/2021\/04\/hexagon-380x215.png 380w, https:\/\/www.48hopenhousebarcelona.org\/wp-content\/uploads\/2021\/04\/hexagon.png 600w\" sizes=\"auto, (max-width: 300px) 100vw, 300px\" \/><\/strong><\/p>\n<p>Visita a dos edificios de oficinas situados en el distrito 22@ que act\u00faan de manera diferente sobre el Plan Cerd\u00e0: uno, act\u00faa sobre el chafl\u00e1n; el otro, dise\u00f1a un gran porche de conexi\u00f3n entre la calle y el interior de la manzana.<\/p>\n<p>Visita a cargo de Lourdes Romeo y Annabel Barba, del estudio Batlle i Roig.<\/p>\n<p>Descripci\u00f3n art\u00edstica: Antonio Navarro Wijkmark<\/p>\n<p><em>AGOTADAS<\/em><\/p>\n<p>&nbsp;<\/p>\n<p><strong>HUERTO EN LA BAS\u00cdLICA DE LA SAGRADA FAM\u00cdLIA<\/strong><\/p>\n<p><strong>Mi\u00e9rcoles 12 de mayo (15:00 h, 15:30 h, 16 h, 16:30 h, 17 h y 17:30 h) &#8211; Inscripci\u00f3n abierta jueves 29 de abril a las 12 h.<\/strong><\/p>\n<p><strong><img loading=\"lazy\" decoding=\"async\" class=\"size-medium wp-image-31762 alignnone\" src=\"https:\/\/www.48hopenhousebarcelona.org\/wp-content\/uploads\/2021\/04\/hort-sagrada-fam\u00edlia-300x170.png\" alt=\"\" width=\"300\" height=\"170\" srcset=\"https:\/\/www.48hopenhousebarcelona.org\/wp-content\/uploads\/2021\/04\/hort-sagrada-fam\u00edlia-300x170.png 300w, https:\/\/www.48hopenhousebarcelona.org\/wp-content\/uploads\/2021\/04\/hort-sagrada-fam\u00edlia-400x227.png 400w, https:\/\/www.48hopenhousebarcelona.org\/wp-content\/uploads\/2021\/04\/hort-sagrada-fam\u00edlia-380x215.png 380w, https:\/\/www.48hopenhousebarcelona.org\/wp-content\/uploads\/2021\/04\/hort-sagrada-fam\u00edlia.png 600w\" sizes=\"auto, (max-width: 300px) 100vw, 300px\" \/><br \/>\n<\/strong><\/p>\n<p>Visita en el jard\u00edn de Sagrada Familia, un espacio de introspecci\u00f3n y reflexi\u00f3n situado a 25 m de altura detr\u00e1s de la fachada de la Passi\u00f3. El lugar representa el espacio donde hab\u00eda la sepultura de Jes\u00fas y la vegetaci\u00f3n simboliza la vida despu\u00e9s de la muerte.<\/p>\n<p>Visita a cargo del equipo de <strong>arquitectos de la Sagrada Familia<\/strong>.<\/p>\n<p>Descripci\u00f3n art\u00edstica: Antonio Navarro Wijkmark<\/p>\n<p><em>AGOTADAS<\/em><\/p>\n<p>&nbsp;<\/p>\n<p><strong>T\u00daNEL URBANO\u00a0 DE LAS GLORIAS\u00a0<\/strong><\/p>\n<p><strong>Mi\u00e9rcoles 12 de mayo, a las 16 y a las 17.30 h &#8211;<\/strong>\u00a0<em><strong>Nuevo!<\/strong><\/em> Inscripci\u00f3n abierta <strong>martes 4 de mayo a las 17:30 h<\/strong>.<\/p>\n<p><img loading=\"lazy\" decoding=\"async\" class=\"alignnone size-medium wp-image-31852\" src=\"https:\/\/www.48hopenhousebarcelona.org\/wp-content\/uploads\/2021\/05\/t\u00fanel-gl\u00f2ries-v2-300x170.png\" alt=\"\" width=\"300\" height=\"170\" srcset=\"https:\/\/www.48hopenhousebarcelona.org\/wp-content\/uploads\/2021\/05\/t\u00fanel-gl\u00f2ries-v2-300x170.png 300w, https:\/\/www.48hopenhousebarcelona.org\/wp-content\/uploads\/2021\/05\/t\u00fanel-gl\u00f2ries-v2-400x227.png 400w, https:\/\/www.48hopenhousebarcelona.org\/wp-content\/uploads\/2021\/05\/t\u00fanel-gl\u00f2ries-v2-380x215.png 380w, https:\/\/www.48hopenhousebarcelona.org\/wp-content\/uploads\/2021\/05\/t\u00fanel-gl\u00f2ries-v2.png 600w\" sizes=\"auto, (max-width: 300px) 100vw, 300px\" \/><\/p>\n<p><span style=\"font-weight: 400;\">Visita en la obra de los t\u00faneles de la plaza de las Glorias, una infraestructura que permitir\u00e1 completar el parque. La intervenci\u00f3n consiste en la construcci\u00f3n de dos tubos independientes con circulaci\u00f3n unidireccional de una longitud total de 957 metros, que recoger\u00e1n el tr\u00e1nsito de la Gran V\u00eda.<\/span><\/p>\n<p><span style=\"font-weight: 400;\">Visita a cargo de profesionales responsables del proyecto<\/span><\/p>\n<p><span style=\"font-weight: 400;\">Descripci\u00f3n art\u00edstica: Antonio Navarro Wijkmark<\/span><\/p>\n<p><em>AGOTADAS<\/em><\/p>\n<p>&nbsp;<\/p>\n<p><strong>BIBLIOTECA GABRIEL GARC\u00cdA MARQUEZ<\/strong><\/p>\n<p><strong>Viernes 14 de mayo (17 h y 18 h) &#8211; Inscripci\u00f3n abierta jueves 29 de abril a las 12 h.<\/strong><\/p>\n<p><strong><img loading=\"lazy\" decoding=\"async\" class=\"size-medium wp-image-31758 alignnone\" src=\"https:\/\/www.48hopenhousebarcelona.org\/wp-content\/uploads\/2021\/04\/BIBLIOTECA-GGM-1-300x170.png\" alt=\"\" width=\"300\" height=\"170\" srcset=\"https:\/\/www.48hopenhousebarcelona.org\/wp-content\/uploads\/2021\/04\/BIBLIOTECA-GGM-1-300x170.png 300w, https:\/\/www.48hopenhousebarcelona.org\/wp-content\/uploads\/2021\/04\/BIBLIOTECA-GGM-1-400x227.png 400w, https:\/\/www.48hopenhousebarcelona.org\/wp-content\/uploads\/2021\/04\/BIBLIOTECA-GGM-1-380x215.png 380w, https:\/\/www.48hopenhousebarcelona.org\/wp-content\/uploads\/2021\/04\/BIBLIOTECA-GGM-1.png 600w\" sizes=\"auto, (max-width: 300px) 100vw, 300px\" \/><br \/>\n<\/strong><\/p>\n<p>Visita a la obra de la \u00fanica biblioteca de Barcelona construida con madera estructural. El proyecto genera una plaza p\u00fablica en el chafl\u00e1n de la manzana y se desarrolla en tres pisos articulados por un patio interior.<\/p>\n<p>Visita a cargo de los arquitectos del proyecto, SUMA Arquitectura<\/p>\n<p>Descripci\u00f3n art\u00edstica: Antonio Navarro Wijkmark<\/p>\n<p><em>AGOTADAS<\/em><\/p>\n<p>&nbsp;<\/p>\n<p><b>VIVIENDA SOCIAL EN EL BON PASTOR<\/b><\/p>\n<p><strong>S\u00e1bado 15 de mayo a las 11 h y 12 h. &#8211; \u00a0<em>Nuevo!<\/em> Inscripci\u00f3n abierta martes 4 de mayo a las 17:30 h.<\/strong><\/p>\n<p><img loading=\"lazy\" decoding=\"async\" class=\"alignnone size-medium wp-image-31855\" src=\"https:\/\/www.48hopenhousebarcelona.org\/wp-content\/uploads\/2021\/05\/habitatges-bon-pastor-300x170.png\" alt=\"\" width=\"300\" height=\"170\" srcset=\"https:\/\/www.48hopenhousebarcelona.org\/wp-content\/uploads\/2021\/05\/habitatges-bon-pastor-300x170.png 300w, https:\/\/www.48hopenhousebarcelona.org\/wp-content\/uploads\/2021\/05\/habitatges-bon-pastor-400x227.png 400w, https:\/\/www.48hopenhousebarcelona.org\/wp-content\/uploads\/2021\/05\/habitatges-bon-pastor-380x215.png 380w, https:\/\/www.48hopenhousebarcelona.org\/wp-content\/uploads\/2021\/05\/habitatges-bon-pastor.png 600w\" sizes=\"auto, (max-width: 300px) 100vw, 300px\" \/><\/p>\n<p><span style=\"font-weight: 400;\">Visita en un bloc de 54 viviendas sociales en construcci\u00f3n con fachadas de obra vista y celos\u00edas cer\u00e1micas que las texturan, ventilan los interiores de manera natural y logran conseguir la intimidad necesaria entre la calle y las viviendas.<\/span><\/p>\n<p><span style=\"font-weight: 400;\">Visita a cargo de los arquitectos del proyecto,<strong> Peris+Toral Arquitectos<\/strong><\/span><\/p>\n<p><span style=\"font-weight: 400;\">Descripci\u00f3n art\u00edstica: Antonio Navarro Wijkmark<\/span><\/p>\n<p><em>AGOTADAS<\/em><\/p>\n","protected":false},"excerpt":{"rendered":"<p>ESPAIS OCULTS ESPACIOS OCULTOS es un proyecto basado en la difusi\u00f3n del patrimonio arquitect\u00f3nico oculto de la ciudad, que tiene como objetivo\u00a0 dar valor a espacios inaccesibles y hacerlos visibles al p\u00fablico durante la Semana de la Arquitectura.\u00a0 El proyecto ESPACIOS OCULTOS 2021 muestra la transformaci\u00f3n de la ciudad a trav\u00e9s de visitas a edificios\u00a0EN [&hellip;]<\/p>\n","protected":false},"author":5,"featured_media":31749,"parent":0,"menu_order":0,"comment_status":"closed","ping_status":"closed","template":"","meta":{"_acf_changed":false,"footnotes":""},"class_list":["post-31784","page","type-page","status-publish","has-post-thumbnail","hentry"],"acf":[],"_links":{"self":[{"href":"https:\/\/www.48hopenhousebarcelona.org\/es\/wp-json\/wp\/v2\/pages\/31784","targetHints":{"allow":["GET"]}}],"collection":[{"href":"https:\/\/www.48hopenhousebarcelona.org\/es\/wp-json\/wp\/v2\/pages"}],"about":[{"href":"https:\/\/www.48hopenhousebarcelona.org\/es\/wp-json\/wp\/v2\/types\/page"}],"author":[{"embeddable":true,"href":"https:\/\/www.48hopenhousebarcelona.org\/es\/wp-json\/wp\/v2\/users\/5"}],"replies":[{"embeddable":true,"href":"https:\/\/www.48hopenhousebarcelona.org\/es\/wp-json\/wp\/v2\/comments?post=31784"}],"version-history":[{"count":21,"href":"https:\/\/www.48hopenhousebarcelona.org\/es\/wp-json\/wp\/v2\/pages\/31784\/revisions"}],"predecessor-version":[{"id":31904,"href":"https:\/\/www.48hopenhousebarcelona.org\/es\/wp-json\/wp\/v2\/pages\/31784\/revisions\/31904"}],"wp:featuredmedia":[{"embeddable":true,"href":"https:\/\/www.48hopenhousebarcelona.org\/es\/wp-json\/wp\/v2\/media\/31749"}],"wp:attachment":[{"href":"https:\/\/www.48hopenhousebarcelona.org\/es\/wp-json\/wp\/v2\/media?parent=31784"}],"curies":[{"name":"wp","href":"https:\/\/api.w.org\/{rel}","templated":true}]}}