{"id":43002,"date":"2023-05-31T09:33:47","date_gmt":"2023-05-31T09:33:47","guid":{"rendered":"https:\/\/www.48hopenhousebarcelona.org\/qui-som\/"},"modified":"2025-09-30T15:05:38","modified_gmt":"2025-09-30T15:05:38","slug":"quienes-somos","status":"publish","type":"page","link":"https:\/\/www.48hopenhousebarcelona.org\/es\/quienes-somos\/","title":{"rendered":"\u00bfQui\u00e9nes somos?"},"content":{"rendered":"\n<h3 class=\"wp-block-heading\">48h Open House Barcelona es una asociaci\u00f3n cultural sin \u00e1nimo de lucro que trabaja en la divulgaci\u00f3n del patrimonio arquitect\u00f3nico de la ciudad de Barcelona y ofrece productos y servicios culturales en el \u00e1mbito de la arquitectura.<\/h3>\n\n\n\n<p>Tiene el objetivo de promover la arquitectura y ayudar a entenderla como un componente imprescindible de la cultura. Su herramienta principal de actuaci\u00f3n es el festival de arquitectura 48h Open House BCN, que da visibilidad a la figura de los arquitectos y fideliza p\u00fablicos interesados en la arquitectura de la ciudad.<\/p>\n\n\n\n<p>El festival es gratis y se celebra un fin de semana al a\u00f1o, en el mes de octubre. Para ense\u00f1ar que la arquitectura no tiene fronteras, la programaci\u00f3n se extiende por Barcelona y la regi\u00f3n metropolitana. Concretamente, el festival se desarrolla en varias ciudades: en Barcelona, desde el 2010; en Santa Coloma de Gramenet, desde el 2013; en Vilassar de Dalt, desde el 2014; en Sant Joan Desp\u00ed, desde el 2015; en Badalona, desde el 2016; en L\u2019Hospitalet de Llobregat, desde el 2017; y en Sitges desde el 2021. Durante las trece ediciones realizadas (2010 \u2013 2022), el festival ha acumulado 701.800 visitas y se han llevado a cabo m\u00e1s de 2.500 actividades, gracias a la colaboraci\u00f3n de 11.550 voluntaries y 230 arquitectes autores voluntaries, as\u00ed como el apoyo de 80 entidades y empresas.<\/p>\n\n\n\n<p>Paralelamente a la edici\u00f3n del festival, durante el a\u00f1o la asociaci\u00f3n desarrolla otros proyectos en colaboraci\u00f3n con diferentes entidades: visitas arquitect\u00f3nicas para los Amigos del Festival; las actividades de M\u00fasica x Arquitectura y Espais Ocults durante la Semana de la Arquitectura, ahora Festival Model organizado por el Ayuntamiento de Barcelona; actividades de cultura y networking para empresas, a cargo de profesionales de arquitectura (actividad BAR-CEL-ONA); grabaci\u00f3n y edici\u00f3n de v\u00eddeos (ciclo Emmarquem l\u2019arquitectura); y Radio Media Arquitectura, un archivo de audios, v\u00eddeos y textos creados por arquitectes autores o entidades y asociaciones expertas que transmiten su conocimiento.<\/p>\n\n\n\n<div style=\"height:30px\" aria-hidden=\"true\" class=\"wp-block-spacer\"><\/div>\n\n\n\n<h2 class=\"wp-block-heading\">\u00a1Somos m\u00e1s que el festival que nos da nombre!<\/h2>\n\n\n\n<div style=\"height:30px\" aria-hidden=\"true\" class=\"wp-block-spacer\"><\/div>\n\n\n\n<p>La asociaci\u00f3n forma parte de la red internacional\u00a0<a href=\"https:\/\/www.openhouseworldwide.org\/\" target=\"_blank\" rel=\"noreferrer noopener\">Open House Worldwide<\/a>, que nace en el a\u00f1o 1992 con la celebraci\u00f3n del festival Open House London, de la que forman parte m\u00e1s de 45 ciudades de todo el mundo. El trabajo de la asociaci\u00f3n, adem\u00e1s, ha sido reconocido con el Premi Turisme Responsable de Catalunya 2013, otorgado por la Generalitat de Catalunya, y con la\u00a0<strong>Medalla COAC 2019<\/strong>\u00a0en reconocimiento por las tareas de divulgaci\u00f3n del patrimonio arquitect\u00f3nico, de les arquitectes y la arquitectura.<\/p>\n\n\n\n<figure class=\"wp-block-image size-large\"><img loading=\"lazy\" decoding=\"async\" width=\"1024\" height=\"576\" src=\"https:\/\/www.48hopenhousebarcelona.org\/wp-content\/uploads\/2023\/06\/datos-quienes-somos-1024x576.png\" alt=\"\" class=\"wp-image-43022\" srcset=\"https:\/\/www.48hopenhousebarcelona.org\/wp-content\/uploads\/2023\/06\/datos-quienes-somos-1024x576.png 1024w, https:\/\/www.48hopenhousebarcelona.org\/wp-content\/uploads\/2023\/06\/datos-quienes-somos-300x169.png 300w, https:\/\/www.48hopenhousebarcelona.org\/wp-content\/uploads\/2023\/06\/datos-quienes-somos-768x432.png 768w, https:\/\/www.48hopenhousebarcelona.org\/wp-content\/uploads\/2023\/06\/datos-quienes-somos-1536x864.png 1536w, https:\/\/www.48hopenhousebarcelona.org\/wp-content\/uploads\/2023\/06\/datos-quienes-somos-380x215.png 380w, https:\/\/www.48hopenhousebarcelona.org\/wp-content\/uploads\/2023\/06\/datos-quienes-somos-1320x743.png 1320w, https:\/\/www.48hopenhousebarcelona.org\/wp-content\/uploads\/2023\/06\/datos-quienes-somos-400x225.png 400w, https:\/\/www.48hopenhousebarcelona.org\/wp-content\/uploads\/2023\/06\/datos-quienes-somos.png 1920w\" sizes=\"auto, (max-width: 1024px) 100vw, 1024px\" \/><\/figure>\n\n\n\n<p>Equipo<\/p>\n\n\n\n<p>Direcci\u00f3n: Elisenda Bonet, arquitecta +<\/p>\n\n\n\n<p>Tecnolog\u00eda y Direcci\u00f3n de MxA: Javier Maculet, ingeniero multimedia +<\/p>\n\n\n\n<p>Comunicaci\u00f3n: Ana Mar\u00eda \u00c1lvarez, arquitecta +<\/p>\n\n\n\n<p>Programaci\u00f3n: Miquel Zuzama, arquitecto +<\/p>\n\n\n\n<p>Contenidos: Clara Trivi\u00f1o Mass\u00f3, arquitecta<\/p>\n\n\n\n<p>Administraci\u00f3n: Anna Sol\u00e0, bailarina y gestora cultural +<\/p>\n\n\n\n<p>Dise\u00f1o web: Elisenda Bonet, Javier Maculet, Marco Bellonzi (artista)<\/p>\n\n\n\n<p>Voluntariado i MxA: Gal.la Maculet<\/p>\n\n\n\n<p>Contacto<\/p>\n\n\n\n<p>Oficina general: consultes@48hopenhousebarcelona.org \/ 934 87 66 17<\/p>\n\n\n\n<p>Comunicaci\u00f3n: am.alvarez@openhousebarcelona.org<\/p>\n\n\n\n<p>Prensa: gemma.larregola@openhousebarcelona.org<\/p>\n\n\n\n<div style=\"height:50px\" aria-hidden=\"true\" class=\"wp-block-spacer\"><\/div>\n\n\n\n<p><\/p>\n","protected":false},"excerpt":{"rendered":"<p>48h Open House Barcelona es una asociaci\u00f3n cultural sin \u00e1nimo de lucro que trabaja en la divulgaci\u00f3n del patrimonio arquitect\u00f3nico de la ciudad de Barcelona y ofrece productos y servicios culturales en el \u00e1mbito de la arquitectura. Tiene el objetivo de promover la arquitectura y ayudar a entenderla como un componente imprescindible de la cultura. [&hellip;]<\/p>\n","protected":false},"author":26,"featured_media":42166,"parent":0,"menu_order":0,"comment_status":"closed","ping_status":"closed","template":"template-novapagina.php","meta":{"_acf_changed":false,"footnotes":""},"class_list":["post-43002","page","type-page","status-publish","has-post-thumbnail","hentry"],"acf":[],"_links":{"self":[{"href":"https:\/\/www.48hopenhousebarcelona.org\/es\/wp-json\/wp\/v2\/pages\/43002","targetHints":{"allow":["GET"]}}],"collection":[{"href":"https:\/\/www.48hopenhousebarcelona.org\/es\/wp-json\/wp\/v2\/pages"}],"about":[{"href":"https:\/\/www.48hopenhousebarcelona.org\/es\/wp-json\/wp\/v2\/types\/page"}],"author":[{"embeddable":true,"href":"https:\/\/www.48hopenhousebarcelona.org\/es\/wp-json\/wp\/v2\/users\/26"}],"replies":[{"embeddable":true,"href":"https:\/\/www.48hopenhousebarcelona.org\/es\/wp-json\/wp\/v2\/comments?post=43002"}],"version-history":[{"count":40,"href":"https:\/\/www.48hopenhousebarcelona.org\/es\/wp-json\/wp\/v2\/pages\/43002\/revisions"}],"predecessor-version":[{"id":56631,"href":"https:\/\/www.48hopenhousebarcelona.org\/es\/wp-json\/wp\/v2\/pages\/43002\/revisions\/56631"}],"wp:featuredmedia":[{"embeddable":true,"href":"https:\/\/www.48hopenhousebarcelona.org\/es\/wp-json\/wp\/v2\/media\/42166"}],"wp:attachment":[{"href":"https:\/\/www.48hopenhousebarcelona.org\/es\/wp-json\/wp\/v2\/media?parent=43002"}],"curies":[{"name":"wp","href":"https:\/\/api.w.org\/{rel}","templated":true}]}}