{"id":43191,"date":"2023-07-13T12:15:08","date_gmt":"2023-07-13T12:15:08","guid":{"rendered":"https:\/\/www.48hopenhousebarcelona.org\/espais-ocults\/"},"modified":"2026-02-11T13:11:30","modified_gmt":"2026-02-11T13:11:30","slug":"espais-ocults","status":"publish","type":"page","link":"https:\/\/www.48hopenhousebarcelona.org\/es\/espais-ocults\/","title":{"rendered":"Espais Ocults"},"content":{"rendered":"\r\n<figure class=\"wp-block-image size-full\"><img loading=\"lazy\" decoding=\"async\" class=\"aligncenter wp-image-43129\" src=\"https:\/\/www.48hopenhousebarcelona.org\/wp-content\/uploads\/2023\/07\/PRESENTACIO-ESPAIS-OCULTS-2023-OHB.png\" alt=\"\" width=\"19200\" height=\"10800\" srcset=\"https:\/\/www.48hopenhousebarcelona.org\/wp-content\/uploads\/2023\/07\/PRESENTACIO-ESPAIS-OCULTS-2023-OHB.png 960w, https:\/\/www.48hopenhousebarcelona.org\/wp-content\/uploads\/2023\/07\/PRESENTACIO-ESPAIS-OCULTS-2023-OHB-300x169.png 300w, https:\/\/www.48hopenhousebarcelona.org\/wp-content\/uploads\/2023\/07\/PRESENTACIO-ESPAIS-OCULTS-2023-OHB-768x432.png 768w, https:\/\/www.48hopenhousebarcelona.org\/wp-content\/uploads\/2023\/07\/PRESENTACIO-ESPAIS-OCULTS-2023-OHB-380x215.png 380w, https:\/\/www.48hopenhousebarcelona.org\/wp-content\/uploads\/2023\/07\/PRESENTACIO-ESPAIS-OCULTS-2023-OHB-400x225.png 400w\" sizes=\"auto, (max-width: 19200px) 100vw, 19200px\" \/><\/figure>\r\n\r\n\r\n\r\n<p><strong>Espais Ocults<\/strong>\u00a0es un centrado en la <strong>difusi\u00f3n del patrimonio hist\u00f3rico<\/strong> de la ciudad de <strong>Barcelona<\/strong>, que tiene el objetivo de poner en valor espacios que, aunque son muy cercanos al p\u00fablico, son desconocidos e inaccesibles. Nos preocupamos por hacerlos visibles a los habitantes de la ciudad.<\/p>\r\n\r\n\r\n\r\n<p>El formato de estas jornadas de patrimonio consiste en visitas guiadas, de la mano de expertos, a una selecci\u00f3n de espacios singulars con una explicaci\u00f3n hist\u00f3rica y arquitect\u00f3nica de cada uno.<\/p>\r\n\r\n\r\n\r\n<p>Este proyecto busca crear\u00a0<strong>experiencias\u00a0arquitect\u00f3nicas en espacios desconocidos\u00a0<\/strong>pero de relevancia art\u00edstica e hist\u00f3rica para la ciudad, adem\u00e1s de fomentar la difusi\u00f3n de profesionales, artistas y creadores. Creemos que es una forma de hacer que el p\u00fablico se acerque a espacios singulars de la ciudad y de explicarlos con rigor y profesionalidad. as\u00ed como de explicar hechos culturales globales desde el punto de vista arquitect\u00f3nico.<\/p>\r\n\r\n\r\n\r\n<p>Espais Ocults se desarrolla dentro de las Setmanes d\u2019Arquitectura, organizadas por el Ayuntamiento de Barcelona. En cada edici\u00f3n, se recogen entre 8 y 10 espacios singulares de la ciudad, para hacer al menos dos visitas a cada espacio, en grupos reducidos de 15-20 personas.<\/p>\r\n\r\n\r\n\r\n<p>Creemos firmemente que fomentar el uso cultural y l\u00fadico del espacios urbano desde un evento como este favorece la identidad \u00a0personal y colectiva. Adem\u00e1s, se fomenta el conocimiento responsable del patrimonio y se pone en valor la profesi\u00f3n de los equipos de obra.<\/p>\r\n\r\n\r\n\r\n<p>La <a href=\"https:\/\/espaisocults.openhousebarcelona.org\" target=\"_blank\" rel=\"noreferrer noopener\">p\u00e1gina web de Espai Ocults<\/a> permite aprender y revisar los espacios incluidos en cada edici\u00f3n.<\/p>\r\n\r\n\r\n\r\n<div class=\"wp-block-spacer\" style=\"height: 27px;\" aria-hidden=\"true\">\u00a0<\/div>\r\n\r\n\r\n\r\n<h2 class=\"wp-block-heading\"><strong>Edici\u00f3n 2019<br \/><\/strong>10 espacios<br \/>420 visitantes<br \/>12 entidades colaboradoras<\/h2>\r\n\r\n\r\n\r\n<h2 class=\"wp-block-heading\"><strong>Edici\u00f3n 2020 (edici\u00f3n virtual)<\/strong><br \/>8 espacios<br \/>1.508 visitas a la web<br \/>163 participaciones activas<br \/>76.414 impresiones y 4.019 interacciones en RRSS<\/h2>\r\n\r\n\r\n\r\n<h2 class=\"wp-block-heading\"><strong>Edici\u00f3n 2021<br \/><\/strong>8 espacios<br \/>229 visitantes<br \/>11 entidades colaboradoras<\/h2>\r\n\r\n\r\n\r\n<h2 class=\"wp-block-heading\"><strong>Edici\u00f3n 2022<\/strong><br \/>7 espacios<br \/>256 visitantes<br \/>6 entidades colaboradoras<\/h2>\r\n<h2 class=\"wp-block-heading\"><strong>Edici\u00f3n 2023<\/strong><br \/>6 espacios<br \/>308 visitantes<br \/>12 entidades colaboradoras<\/h2>\r\n<h2 class=\"wp-block-heading\"><strong>Edici\u00f3n 2024<br \/><\/strong>10 espacios<br \/>605 visitantes<br \/>10 entidades colaboradoras<\/h2>\r\n<h2 class=\"wp-block-heading\"><a href=\"https:\/\/www.48hopenhousebarcelona.org\/es\/espacios-ocultos-2025\/\"><strong>Edici\u00f3n 2025<\/strong><\/a><\/h2>\r\n<h2 class=\"wp-block-heading\"><strong>Edici\u00f3n 2026<br \/><\/strong><a href=\"https:\/\/www.48hopenhousebarcelona.org\/es\/espais-ocults-open-barri-dhivern-a-nou-barris\/\">Open Barri Hivern<\/a> Nou Barris<br \/>Open Barri Primavera La Marina<br \/>Open Barri Estiu Sarri\u00e0 i Valvidrera<\/h2>\r\n<p>&nbsp;<\/p>\r\n<p>Con el apoyo de:<\/p>\r\n<p><img loading=\"lazy\" decoding=\"async\" class=\"alignnone size-full wp-image-256\" src=\"https:\/\/www.48hopenhousebarcelona.org\/wp-content\/uploads\/2019\/09\/logo_aj_barcelona.png\" alt=\"\" width=\"240\" height=\"90\" \/> <img loading=\"lazy\" decoding=\"async\" class=\"alignnone size-medium wp-image-3918\" src=\"https:\/\/www.48hopenhousebarcelona.org\/wp-content\/uploads\/2019\/09\/AMB-logo-vector-amb-1-300x63.jpg\" alt=\"\" width=\"300\" height=\"63\" srcset=\"https:\/\/www.48hopenhousebarcelona.org\/wp-content\/uploads\/2019\/09\/AMB-logo-vector-amb-1-300x63.jpg 300w, https:\/\/www.48hopenhousebarcelona.org\/wp-content\/uploads\/2019\/09\/AMB-logo-vector-amb-1-400x85.jpg 400w, https:\/\/www.48hopenhousebarcelona.org\/wp-content\/uploads\/2019\/09\/AMB-logo-vector-amb-1.jpg 520w\" sizes=\"auto, (max-width: 300px) 100vw, 300px\" \/><\/p>\r\n","protected":false},"excerpt":{"rendered":"<p>Espais Ocults\u00a0es un centrado en la difusi\u00f3n del patrimonio hist\u00f3rico de la ciudad de Barcelona, que tiene el objetivo de poner en valor espacios que, aunque son muy cercanos al p\u00fablico, son desconocidos e inaccesibles. Nos preocupamos por hacerlos visibles a los habitantes de la ciudad. El formato de estas jornadas de patrimonio consiste en [&hellip;]<\/p>\n","protected":false},"author":26,"featured_media":0,"parent":0,"menu_order":0,"comment_status":"closed","ping_status":"closed","template":"","meta":{"_acf_changed":false,"footnotes":""},"class_list":["post-43191","page","type-page","status-publish","hentry"],"acf":[],"_links":{"self":[{"href":"https:\/\/www.48hopenhousebarcelona.org\/es\/wp-json\/wp\/v2\/pages\/43191","targetHints":{"allow":["GET"]}}],"collection":[{"href":"https:\/\/www.48hopenhousebarcelona.org\/es\/wp-json\/wp\/v2\/pages"}],"about":[{"href":"https:\/\/www.48hopenhousebarcelona.org\/es\/wp-json\/wp\/v2\/types\/page"}],"author":[{"embeddable":true,"href":"https:\/\/www.48hopenhousebarcelona.org\/es\/wp-json\/wp\/v2\/users\/26"}],"replies":[{"embeddable":true,"href":"https:\/\/www.48hopenhousebarcelona.org\/es\/wp-json\/wp\/v2\/comments?post=43191"}],"version-history":[{"count":8,"href":"https:\/\/www.48hopenhousebarcelona.org\/es\/wp-json\/wp\/v2\/pages\/43191\/revisions"}],"predecessor-version":[{"id":59839,"href":"https:\/\/www.48hopenhousebarcelona.org\/es\/wp-json\/wp\/v2\/pages\/43191\/revisions\/59839"}],"wp:attachment":[{"href":"https:\/\/www.48hopenhousebarcelona.org\/es\/wp-json\/wp\/v2\/media?parent=43191"}],"curies":[{"name":"wp","href":"https:\/\/api.w.org\/{rel}","templated":true}]}}