{"id":43222,"date":"2023-07-31T12:25:33","date_gmt":"2023-07-31T12:25:33","guid":{"rendered":"https:\/\/www.48hopenhousebarcelona.org\/musica-x-arquitectura-2\/"},"modified":"2026-03-30T15:33:13","modified_gmt":"2026-03-30T15:33:13","slug":"musica-x-arquitectura-ediciones","status":"publish","type":"page","link":"https:\/\/www.48hopenhousebarcelona.org\/es\/musica-x-arquitectura-ediciones\/","title":{"rendered":"M\u00fasica x Arquitectura"},"content":{"rendered":"<p><strong>M\u00daSICA x ARQUITECTURA<\/strong> es un proyecto que ofrece propuestas que <strong>relacionan experiencias arquitect\u00f3nicas con actividades creativas alrededor de la m\u00fasica<\/strong>, expresiones art\u00edsticas sonoras pensadas para explicar la arquitectura desde la inmersi\u00f3n creativa y para influir en las experiencia arquitect\u00f3nica del p\u00fablico.<\/p>\n<p>Se trata de invitar a disfrutar de la arquitectura y de la m\u00fasica desde una\u00a0<strong>perspectiva cultural diferente y complementaria<\/strong>.<span class=\"Apple-converted-space\">\u00a0<\/span><\/p>\n<p>Creemos en la mezcla de artes. Por eso, examinamos constantemente m\u00e9todos, pr\u00e1cticas y estrategias en la investigaci\u00f3n de la arquitectura como cultura. Aunque este proyecto es un evento ef\u00edmero en el tiempo y en su desarrollo, se espera que <strong>el efecto sobre el espectador sea a largo plazo<\/strong>: con esto, buscamos maneras de recuperar el sentido de pertenencia, invertir la invisibilidad de la arquitectura y romper imaginarios urbanos.<\/p>\n<p>El objetivo principal de M\u00daSICA x ARQUITECTURA es buscar y compartir expresiones sonoras art\u00edsticas dise\u00f1adas\u00a0espec\u00edficamente para explicar la arquitectura a trav\u00e9s de inmersiones creativas. Es un tono intensivo y una manera de influir en la experiencia arquitect\u00f3nica del p\u00fablico. Con este proyecto, nos centramos en maneras de experimentar y comprender la importancia de la arquitectura y sus espacios habitados.<\/p>\n<hr \/>\n<p>Hasta ahora, este proyecto solo se ha llevado a cabo en Barcelona. En cada edici\u00f3n, artistas y te\u00f3ricos invitados han explicado la arquitectura a trav\u00e9s de la m\u00fasica, la danza y la actuaci\u00f3n.<span class=\"Apple-converted-space\">\u00a0<\/span><\/p>\n<p><strong>Los artistas produjeron piezas sonoras y visuales relacionadas con espacios espec\u00edficos y sus funciones<\/strong>. Las piezas se reprodujeron en directo en cada espacio escogido. Los te\u00f3ricos explicaron la influencia de la m\u00fasica en la arquitectura o la forma de los espacios para la m\u00fasica.<\/p>\n<p>Tanto los invitados como los espacios siempre han sido diferentes, con la intenci\u00f3n de manifestar y enfatizar la diversidad de las personas, valorar la est\u00e9tica de la arquitectura, e influir en la calidad de la experiencia en todo el entorno.<\/p>\n<p>Ediciones pasadas tuvieron lugar en espacios de diferentes tipolog\u00edas, seg\u00fan los valores que se acaban de explicar:<\/p>\n<p><img loading=\"lazy\" decoding=\"async\" class=\"aligncenter wp-image-43245 size-full\" src=\"https:\/\/www.48hopenhousebarcelona.org\/wp-content\/uploads\/2023\/08\/MxA_gral.png\" alt=\"\" width=\"1920\" height=\"1080\" srcset=\"https:\/\/www.48hopenhousebarcelona.org\/wp-content\/uploads\/2023\/08\/MxA_gral.png 1920w, https:\/\/www.48hopenhousebarcelona.org\/wp-content\/uploads\/2023\/08\/MxA_gral-300x169.png 300w, https:\/\/www.48hopenhousebarcelona.org\/wp-content\/uploads\/2023\/08\/MxA_gral-1024x576.png 1024w, https:\/\/www.48hopenhousebarcelona.org\/wp-content\/uploads\/2023\/08\/MxA_gral-768x432.png 768w, https:\/\/www.48hopenhousebarcelona.org\/wp-content\/uploads\/2023\/08\/MxA_gral-1536x864.png 1536w, https:\/\/www.48hopenhousebarcelona.org\/wp-content\/uploads\/2023\/08\/MxA_gral-380x215.png 380w, https:\/\/www.48hopenhousebarcelona.org\/wp-content\/uploads\/2023\/08\/MxA_gral-1320x743.png 1320w, https:\/\/www.48hopenhousebarcelona.org\/wp-content\/uploads\/2023\/08\/MxA_gral-400x225.png 400w\" sizes=\"auto, (max-width: 1920px) 100vw, 1920px\" \/><\/p>\n<p>La prueba piloto fue en el <strong>2014<\/strong>, en una carnicer\u00eda convertida en casa en la Plaza de La Virreina, con Michele &amp; Miquel Architects, Ine Maguire y Concomitance.<\/p>\n<p>En el <a href=\"https:\/\/www.youtube.com\/watch?v=EhYkvWmtVms\"><strong>2018<\/strong><\/a>, el Convento de Sant Agust\u00ed acogi\u00f3 el evento, un edificio moderno con restos barrocos, con Jaime Tellado (Skygaze), Liquid Drone i Datalash.<\/p>\n<p>En el <a href=\"https:\/\/www.youtube.com\/watch?v=PiGRc7QpP_o\" target=\"_blank\" rel=\"noopener\"><strong>2019<\/strong><\/a>, el Pabell\u00f3n de Barcelona fue tomado por Ensemble Topogr\u00e0fic, Francesc Tic\u00f3 y Gerard Guerra.<\/p>\n<p>La edici\u00f3n\u00a0<a href=\"https:\/\/www.48hopenhousebarcelona.org\/es\/musica-x-arquitectura-online\/\" target=\"_blank\" rel=\"noopener\"><strong>2020<\/strong><\/a> fue online, con un espect\u00e1culo de Juan J. Ochoa en el \u00a0Cilindro Horta.<\/p>\n<p>El Disseny Hub Barcelona fue el lugar del evento del <a href=\"https:\/\/www.48hopenhousebarcelona.org\/es\/musica-x-arquitectura\/\" target=\"_blank\" rel=\"noopener\"><strong>2021<\/strong><\/a>, con Roberto Orenes, N\u00faria Moliner y Datalash.<\/p>\n<p>La edici\u00f3n del <a href=\"https:\/\/www.48hopenhousebarcelona.org\/es\/musica-x-arquitectura-2022\/\" target=\"_blank\" rel=\"noopener\"><strong>2022<\/strong><\/a>\u00a0tuvo lugar en CASA SEAT con tres piezas diferentes: los conciertos de Ramon Faura y Jason Kol\u00e0r, y la instalaci\u00f3n de Calepinage.<\/p>\n<p>En el a\u00f1o <a href=\"https:\/\/www.48hopenhousebarcelona.org\/es\/musica-x-arquitectura-se-abre-al-mundo\/\" target=\"_blank\" rel=\"noopener\"><strong>2023<\/strong><\/a>, el proyecto se dividi\u00f3 en dos secciones:\u00a0<strong>MxA-Video<\/strong> es un concurso internacional que recoge videos de car\u00e1cter experimental relacionados con la arquitectura; y <strong>MxA-Concierto<\/strong> que consta de la actuaci\u00f3n en directo de proyectos locales. Esta edici\u00f3n tuvo lugar a la IAAC con la presentaci\u00f3n de los 10 finalistas y los tres guanaydors de <strong>MxA-Video<\/strong>, m\u00e1s la actuaci\u00f3n en directo de Papenheim y Syneba.\u00a0En este primer a\u00f1o del concurso internacional, los directos y la proyecci\u00f3n de las obras finalistas se presentaron en el <a href=\"https:\/\/iaac.net\">IAAC &#8211; Institute for Advanced Architecture of Catalonia<\/a>.<\/p>\n<p>La edici\u00f3n del <a href=\"https:\/\/www.48hopenhousebarcelona.org\/musica-x-arquitectura-2024\/es\/\">2024<\/a> se celebr\u00f3 en Recinto Modernista de Sant Pau, con la proyecci\u00f3n de las obras finalistas de <strong>MxA-Video<\/strong>, concurso internacional que recoge videos de car\u00e1cter experimental relacionados con la arquitectura; y <strong>MxA-Concierto<\/strong> con la actuaci\u00f3n de Sunesis y DA::MA.<\/p>\n<p>La edici\u00f3n del <a href=\"https:\/\/www.48hopenhousebarcelona.org\/es\/musica-x-arquitectura-en-casa-montjuic\/\" target=\"_blank\" rel=\"noopener\">2025 <\/a>se celebr\u00f3 en Casa Montju\u00efc, con la proyecci\u00f3n de las obras finalistas de <strong>MxA-Video<\/strong>, concurso internacional que recoge videos de car\u00e1cter experimental relacionados con la arquitectura; y <strong>MxA-Concierto<\/strong> con la actuaci\u00f3n de Camile Duhart i Nicol\u00e1s Melmann.<\/p>\n<p>En el <a href=\"https:\/\/www.48hopenhousebarcelona.org\/es\/els-edificis\/musica-x-arquitectura-experiencia-audiovisual-immersiva\/\">Open Barri 2026<\/a> en la Casa del Agua de la Trinitat Nova\u00a0 \u201cLa memoria del agua\u201d, intervenci\u00f3n sonora y visual de <strong>Mark Allen Soul<\/strong> y\u00a0<strong>Continental Breakfast<\/strong> que llenaron los antiguos caminos del agua del edificio.<\/p>\n<p><b>MxA\u00a0invita a disfrutar de la arquitectura y de la m\u00fasica desde una perspectiva cultural diferente y complementaria.<\/b><\/p>\n<p>&nbsp;<\/p>\n<p>Con el apoyo de:<\/p>\n<p><img loading=\"lazy\" decoding=\"async\" class=\"alignnone size-full wp-image-256\" src=\"https:\/\/www.48hopenhousebarcelona.org\/wp-content\/uploads\/2019\/09\/logo_aj_barcelona.png\" alt=\"\" width=\"240\" height=\"90\" \/> <img loading=\"lazy\" decoding=\"async\" class=\"alignnone size-medium wp-image-3918\" src=\"https:\/\/www.48hopenhousebarcelona.org\/wp-content\/uploads\/2019\/09\/AMB-logo-vector-amb-1-300x63.jpg\" alt=\"\" width=\"300\" height=\"63\" srcset=\"https:\/\/www.48hopenhousebarcelona.org\/wp-content\/uploads\/2019\/09\/AMB-logo-vector-amb-1-300x63.jpg 300w, https:\/\/www.48hopenhousebarcelona.org\/wp-content\/uploads\/2019\/09\/AMB-logo-vector-amb-1-400x85.jpg 400w, https:\/\/www.48hopenhousebarcelona.org\/wp-content\/uploads\/2019\/09\/AMB-logo-vector-amb-1.jpg 520w\" sizes=\"auto, (max-width: 300px) 100vw, 300px\" \/><\/p>\n<p><img loading=\"lazy\" decoding=\"async\" class=\"aligncenter wp-image-43196 size-full\" src=\"https:\/\/www.48hopenhousebarcelona.org\/wp-content\/uploads\/2023\/07\/1500x600-picto48h-ok.jpg\" alt=\"\" width=\"1500\" height=\"600\" srcset=\"https:\/\/www.48hopenhousebarcelona.org\/wp-content\/uploads\/2023\/07\/1500x600-picto48h-ok.jpg 1500w, https:\/\/www.48hopenhousebarcelona.org\/wp-content\/uploads\/2023\/07\/1500x600-picto48h-ok-300x120.jpg 300w, https:\/\/www.48hopenhousebarcelona.org\/wp-content\/uploads\/2023\/07\/1500x600-picto48h-ok-1024x410.jpg 1024w, https:\/\/www.48hopenhousebarcelona.org\/wp-content\/uploads\/2023\/07\/1500x600-picto48h-ok-768x307.jpg 768w, https:\/\/www.48hopenhousebarcelona.org\/wp-content\/uploads\/2023\/07\/1500x600-picto48h-ok-1320x528.jpg 1320w, https:\/\/www.48hopenhousebarcelona.org\/wp-content\/uploads\/2023\/07\/1500x600-picto48h-ok-400x160.jpg 400w\" sizes=\"auto, (max-width: 1500px) 100vw, 1500px\" \/><\/p>\n","protected":false},"excerpt":{"rendered":"<p>M\u00daSICA x ARQUITECTURA es un proyecto que ofrece propuestas que relacionan experiencias arquitect\u00f3nicas con actividades creativas alrededor de la m\u00fasica, expresiones art\u00edsticas sonoras pensadas para explicar la arquitectura desde la inmersi\u00f3n creativa y para influir en las experiencia arquitect\u00f3nica del p\u00fablico. Se trata de invitar a disfrutar de la arquitectura y de la m\u00fasica desde [&hellip;]<\/p>\n","protected":false},"author":2,"featured_media":42340,"parent":0,"menu_order":0,"comment_status":"closed","ping_status":"closed","template":"template-novapagina.php","meta":{"_acf_changed":false,"footnotes":""},"class_list":["post-43222","page","type-page","status-publish","has-post-thumbnail","hentry"],"acf":[],"_links":{"self":[{"href":"https:\/\/www.48hopenhousebarcelona.org\/es\/wp-json\/wp\/v2\/pages\/43222","targetHints":{"allow":["GET"]}}],"collection":[{"href":"https:\/\/www.48hopenhousebarcelona.org\/es\/wp-json\/wp\/v2\/pages"}],"about":[{"href":"https:\/\/www.48hopenhousebarcelona.org\/es\/wp-json\/wp\/v2\/types\/page"}],"author":[{"embeddable":true,"href":"https:\/\/www.48hopenhousebarcelona.org\/es\/wp-json\/wp\/v2\/users\/2"}],"replies":[{"embeddable":true,"href":"https:\/\/www.48hopenhousebarcelona.org\/es\/wp-json\/wp\/v2\/comments?post=43222"}],"version-history":[{"count":42,"href":"https:\/\/www.48hopenhousebarcelona.org\/es\/wp-json\/wp\/v2\/pages\/43222\/revisions"}],"predecessor-version":[{"id":61064,"href":"https:\/\/www.48hopenhousebarcelona.org\/es\/wp-json\/wp\/v2\/pages\/43222\/revisions\/61064"}],"wp:featuredmedia":[{"embeddable":true,"href":"https:\/\/www.48hopenhousebarcelona.org\/es\/wp-json\/wp\/v2\/media\/42340"}],"wp:attachment":[{"href":"https:\/\/www.48hopenhousebarcelona.org\/es\/wp-json\/wp\/v2\/media?parent=43222"}],"curies":[{"name":"wp","href":"https:\/\/api.w.org\/{rel}","templated":true}]}}