{"id":44792,"date":"2023-10-02T11:26:03","date_gmt":"2023-10-02T11:26:03","guid":{"rendered":"https:\/\/www.48hopenhousebarcelona.org\/?page_id=44792"},"modified":"2023-10-17T11:32:38","modified_gmt":"2023-10-17T11:32:38","slug":"construimos-el-festival-darquitectura-48h-open-house-bcn-2023","status":"publish","type":"page","link":"https:\/\/www.48hopenhousebarcelona.org\/es\/construimos-el-festival-darquitectura-48h-open-house-bcn-2023\/","title":{"rendered":"\u00a1CONSTRUIMOS EL FESTIVAL D&#8217;ARQUITECTURA 48H OPEN HOUSE BCN 2023!"},"content":{"rendered":"\r\n<div class=\"wp-block-columns is-layout-flex wp-container-core-columns-is-layout-9d6595d7 wp-block-columns-is-layout-flex\">\r\n<div class=\"wp-block-column is-layout-flow wp-block-column-is-layout-flow\" style=\"flex-basis: 100%;\">\r\n<div class=\"wp-block-columns is-layout-flex wp-container-core-columns-is-layout-9d6595d7 wp-block-columns-is-layout-flex\">\r\n<div class=\"wp-block-column is-layout-flow wp-block-column-is-layout-flow\">\r\n<p><mark class=\"has-inline-color has-luminous-vivid-orange-color\" style=\"background-color: rgba(0, 0, 0, 0);\"><strong>\u00a1CONSTRUYE TU PROPIO FESTIVAL!<\/strong><br \/><\/mark><strong>21 Y 22 DE OCTUBRE DE 2023<\/strong><\/p>\r\n\r\n\r\n\r\n<div class=\"wp-block-columns is-layout-flex wp-container-core-columns-is-layout-9d6595d7 wp-block-columns-is-layout-flex\">\r\n<div class=\"wp-block-column is-layout-flow wp-block-column-is-layout-flow\">\r\n<figure class=\"wp-block-image size-full\"><img decoding=\"async\" class=\"wp-image-45120\" src=\"https:\/\/www.48hopenhousebarcelona.org\/wp-content\/uploads\/2023\/10\/GENERICA_CAMARALUZ.jpg\" alt=\"\" \/><\/figure>\r\n<\/div>\r\n<\/div>\r\n\r\n\r\n\r\n<h2 class=\"wp-block-heading\"><strong>La 14\u00aa edici\u00f3n del festival de arquitectura 48h Open House BCN vuelve este a\u00f1o para jugar con los elementos que conforman el rico collage arquitect\u00f3nico.<\/strong><\/h2>\r\n\r\n\r\n\r\n<p>En el 2023, el festival de arquitectura m\u00e1s importante del \u00e1mbito metropolitano de Barcelona destaca los elementos y las piezas que materializan la arquitectura de la ciudad. Una vez m\u00e1s, hablamos de las partes que forman el todo.<\/p>\r\n\r\n\r\n\r\n<p>Despu\u00e9s de la pasada edici\u00f3n que puso el foco en los diferentes oficios que hacen de la arquitectura una pieza colaborativa y global, la 14\u00aa edici\u00f3n del festival pretende excavar las micro-narraciones que se pueden extraer del detalle de los edificios. Se centrar\u00e1 en la deconstrucci\u00f3n de la arquitectura para ver los fragmentos del rico y complejo collage arquitect\u00f3nico de nuestra ciudad: ventana, balc\u00f3n, pasillo, chimenea, escalera, ascensor, columnas, arco, puerta, instalaciones, mobiliario\u2026<\/p>\r\n\r\n\r\n\r\n<p>El inter\u00e9s es por \u201cdeconstruir\u201d la arquitectura de nuestro imaginario, un hecho compacto con una importante presencia, con el objetivo tanto de identificar los fundamentos que la sostienen como de entrever los campos de conocimiento que tiene el profesional de la arquitectura.<\/p>\r\n\r\n\r\n\r\n<p>El resultado no ser\u00e1 una historia \u00fanica, sino una red formada por or\u00edgenes, contaminaciones, similitudes y diferencias en la evoluci\u00f3n arquitect\u00f3nica, incluida la influencia de los adelantos tecnol\u00f3gicos, la adaptaci\u00f3n clim\u00e1tica, la pol\u00edtica social, los contextos econ\u00f3micos, los requisitos normativos y las nuevas oportunidades digitales.<\/p>\r\n\r\n\r\n\r\n<p>&nbsp;<\/p>\r\n\r\n\r\n\r\n<h2 class=\"wp-block-heading\"><strong>Dom\u00e8nech i Montaner<\/strong><\/h2>\r\n\r\n\r\n\r\n<p>Adem\u00e1s, una parte de la programaci\u00f3n del festival 48h Open House BCN de esta edici\u00f3n se organiza alrededor del\u00a0<a href=\"https:\/\/www.fldm.cat\/es\/ano-domenech\/\"><strong>a\u00f1o Dom\u00e8nech i Montaner<\/strong><\/a>. El festival cuenta con espacios representativos dise\u00f1ados por este arquitecto para explicar su poli\u00e9drica trayectoria como reflejo del arte total: una obra en la que particip\u00f3 ceramistas, mosaiquistas, escultores, vidrieros y herreros.<\/p>\r\n\r\n\r\n\r\n<p>&nbsp;<\/p>\r\n\r\n\r\n\r\n<h2 class=\"wp-block-heading\"><strong>Barcelona Design Week 2023<\/strong><\/h2>\r\n\r\n\r\n\r\n<p>Este a\u00f1o, el festival se une a la celebraci\u00f3n de la 18 edici\u00f3n de la\u00a0<a href=\"https:\/\/barcelonadesignweek.com\/es\/\">Barcelona Design Week<\/a>\u00a0y a su iniciativa global para impulsar el objetivo ODS n\u00famero 18: tratar el dise\u00f1o como un elemento clave para el presente y el futuro de las personas. Por eso, el festival ha nombrado el m\u00f3dulo <a href=\"https:\/\/www.48hopenhousebarcelona.org\/es\/els-edificis\/wikihousing\/\">Wikihousing<\/a> como el\u00a0<strong>EDIFICIO 18<\/strong>\u00a0para resaltar los valores y la importancia del dise\u00f1o de un proyecto de vivienda asociativa, comunitario, auto-construido, modular, con materiales reciclados, de bajo presupuesto y ecol\u00f3gico.<\/p>\r\n\r\n\r\n\r\n<p>&nbsp;<\/p>\r\n\r\n\r\n\r\n<h2 class=\"wp-block-heading\"><strong>\u00bfQu\u00e9 ofrece el 48h Open House BCN 2023?<\/strong><\/h2>\r\n\r\n\r\n\r\n<ul class=\"wp-block-list\">\r\n<li>7 ciudades: Barcelona, Badalona, Santa Coloma de Gramenet, Sant Joan Desp\u00ed, L\u2019Hospitalet de Llobregat, Vilassar de Dalt y Sitges.<\/li>\r\n\r\n\r\n\r\n<li>195 actividades en todo el \u00e1mbito geogr\u00e1fico<\/li>\r\n\r\n\r\n\r\n<li>128 edificios en Barcelona<\/li>\r\n\r\n\r\n\r\n<li>18 itinerarios<\/li>\r\n\r\n\r\n\r\n<li>40 % de novedades<\/li>\r\n\r\n\r\n\r\n<li>M\u00e1s de 45 edificios Open PRO<\/li>\r\n\r\n\r\n\r\n<li>M\u00e1s de 20 viviendas privadas<\/li>\r\n<\/ul>\r\n\r\n\r\n\r\n<p>&nbsp;<\/p>\r\n\r\n\r\n\r\n<h2 class=\"wp-block-heading\"><strong>Informaci\u00f3n importante<\/strong><\/h2>\r\n\r\n\r\n\r\n<ul class=\"wp-block-list\">\r\n<li>Llamada abierta de voluntariado: desde el 5 de septiembre<\/li>\r\n\r\n\r\n\r\n<li>Presentaci\u00f3n del festival y de la campa\u00f1a de comunicaci\u00f3n: 2 de octubre<\/li>\r\n\r\n\r\n\r\n<li>Programaci\u00f3n de edificios e itinerarios en la p\u00e1gina web del festival: desde el 2 de octubre<\/li>\r\n\r\n\r\n\r\n<li>Apertura de inscripciones para los espacios que requieren inscripci\u00f3n: 16 de octubre<\/li>\r\n\r\n\r\n\r\n<li><strong>Festival de arquitectura 48h Open House BCN: 21 y 22 de octubre<\/strong><\/li>\r\n\r\n\r\n\r\n<li>El festival de arquitectura 48h Open House BCN es un acontecimiento l\u00fadico, gratuito y abierto a todo el mundo, sin venta de entradas y con m\u00e1s de 150 actividades sin inscripci\u00f3n previa. El tiempo de espera para acceder a cada edificio var\u00eda seg\u00fan el tama\u00f1o de cada espacio y la cantidad de personas que quieran entrar. Por eso, ponemos a disposici\u00f3n del p\u00fablico un\u00a0<strong>mapa<\/strong>\u00a0que ense\u00f1a, en tiempo real, los espacios con m\u00e1s y menos afluencia de personas; adem\u00e1s, compartimos esta informaci\u00f3n en directo en\u00a0<strong>nuestras redes sociales<\/strong>.<\/li>\r\n<\/ul>\r\n<\/div>\r\n<\/div>\r\n<\/div>\r\n<\/div>\r\n","protected":false},"excerpt":{"rendered":"<p>\u00a1CONSTRUYE TU PROPIO FESTIVAL!21 Y 22 DE OCTUBRE DE 2023 La 14\u00aa edici\u00f3n del festival de arquitectura 48h Open House BCN vuelve este a\u00f1o para jugar con los elementos que conforman el rico collage arquitect\u00f3nico. En el 2023, el festival de arquitectura m\u00e1s importante del \u00e1mbito metropolitano de Barcelona destaca los elementos y las piezas [&hellip;]<\/p>\n","protected":false},"author":26,"featured_media":0,"parent":0,"menu_order":0,"comment_status":"closed","ping_status":"closed","template":"","meta":{"_acf_changed":false,"footnotes":""},"class_list":["post-44792","page","type-page","status-publish","hentry"],"acf":[],"_links":{"self":[{"href":"https:\/\/www.48hopenhousebarcelona.org\/es\/wp-json\/wp\/v2\/pages\/44792","targetHints":{"allow":["GET"]}}],"collection":[{"href":"https:\/\/www.48hopenhousebarcelona.org\/es\/wp-json\/wp\/v2\/pages"}],"about":[{"href":"https:\/\/www.48hopenhousebarcelona.org\/es\/wp-json\/wp\/v2\/types\/page"}],"author":[{"embeddable":true,"href":"https:\/\/www.48hopenhousebarcelona.org\/es\/wp-json\/wp\/v2\/users\/26"}],"replies":[{"embeddable":true,"href":"https:\/\/www.48hopenhousebarcelona.org\/es\/wp-json\/wp\/v2\/comments?post=44792"}],"version-history":[{"count":13,"href":"https:\/\/www.48hopenhousebarcelona.org\/es\/wp-json\/wp\/v2\/pages\/44792\/revisions"}],"predecessor-version":[{"id":47405,"href":"https:\/\/www.48hopenhousebarcelona.org\/es\/wp-json\/wp\/v2\/pages\/44792\/revisions\/47405"}],"wp:attachment":[{"href":"https:\/\/www.48hopenhousebarcelona.org\/es\/wp-json\/wp\/v2\/media?parent=44792"}],"curies":[{"name":"wp","href":"https:\/\/api.w.org\/{rel}","templated":true}]}}