{"id":45101,"date":"2025-09-28T08:51:09","date_gmt":"2025-09-28T08:51:09","guid":{"rendered":"https:\/\/www.48hopenhousebarcelona.org\/?page_id=45101"},"modified":"2025-10-15T08:33:09","modified_gmt":"2025-10-15T08:33:09","slug":"opengram-premi-silvia-contreras-25","status":"publish","type":"page","link":"https:\/\/www.48hopenhousebarcelona.org\/es\/opengram-premi-silvia-contreras-25\/","title":{"rendered":"OPENGRAM &#8211; PREMI SILVIA CONTRERAS"},"content":{"rendered":"\r\n<h3 class=\"wp-block-heading\">\u00a0Del 25 d&#8217;octubre al 9 de novembre del 2025<br \/>#sentlarquitecturaOHB #opengram25<\/h3>\r\n\r\n\r\n\r\n<p><strong>Opengram &#8211; Premio Silvia Contreras<\/strong> es una actividad que vincula la arquitectura, una disciplina art\u00edstica que imagina y construye espacios para el uso humano, y la fotograf\u00eda, herramienta fundamental para divulgarla, compartirla y entenderla. A partir del a\u00f1o 2022, el premio recibe el nombre Premio S\u00edlvia Contreras, en agradecimiento a la arquitecta que el 2019 interpret\u00f3 Pilar Casas Mur, dise\u00f1\u00f3 las exposiciones &#8216;I like Barcelona&#8217; y &#8216;Tu exposici\u00f3n y la m\u00eda&#8217;, y que siempre se implic\u00f3 con la asociaci\u00f3n.<\/p>\r\n\r\n\r\n\r\n<p>Para participar en el concurso Opengram, se tiene que tener una cuenta en Instagram con un perfil p\u00fablico y respetar las <a href=\"http:\/\/http\/instagram.com\/legal\/terms\/\">condiciones de esta red<\/a>.<\/p>\r\n\r\n\r\n\r\n<h3 class=\"wp-block-heading\">Tema<\/h3>\r\n\r\n\r\n\r\n<p><strong>Siente la arquitectura<\/strong><br \/>\u00a0<br \/>Se trata de presentar fotograf\u00edas en las cuales se enfatice <strong>la experiencia sensorial<\/strong> que producen los espacios y los edificios que est\u00e9n dis de la programaci\u00f3n del festival.<\/p>\r\n\r\n\r\n\r\n<h3 class=\"wp-block-heading\"><br \/>Fechas<\/h3>\r\n\r\n\r\n\r\n<p>&#8211; Se pueden compartir fotos hasta el d\u00eda <strong>9 de Noviembre de 2025 a las 23.59h<\/strong>.<\/p>\r\n<p>&#8211; La entrega de premios se har\u00e1 el <strong>26 de Noviembre de 2025<\/strong>.<\/p>\r\n\r\n\r\n\r\n<h3 class=\"wp-block-heading\"><br \/>Como participar<\/h3>\r\n\r\n\r\n\r\n<p>&#8211; Explica en im\u00e1genes la experiencia sensorial en los edificios que participan en la programaci\u00f3n del festival de este a\u00f1o.<\/p>\r\n<p>&#8211; Compe las im\u00e1genes en Instagram, us\u00e1is vuestras etiquetas de arquitectura y a\u00f1adid las nuestras: #sentlarquitecturaOHB y #Opengram25.<\/p>\r\n<p>&#8211; No hay limitaci\u00f3n\u0301 en la cantidad de fotograf\u00edas por participante y no se tendr\u00e1n en cuenta las valoraciones otros usuarios sobre las fotograf\u00edas que participen en el concurso.<\/p>\r\n<h3>\u00a0<\/h3>\r\n<h3 class=\"wp-block-heading\">Como deben ser las fotografias<\/h3>\r\n\r\n\r\n\r\n<p>&#8211; Las fotograf\u00edas se tienen que haber hecho en las ciudades participantes en el festival (Barcelona, L&#8217;Hospitalet, Badalona, Santa Coloma de Gramenet, Sant Joan Desp\u00ed, Vilassar de Dalt y Sitges), en edificios incluidos en la programaci\u00f3n de este a\u00f1o y durante el periodo del concurso.<\/p>\r\n<p>&#8211; Es preferible ubicar geogr\u00e1ficamente (marcaje) las fotograf\u00edas (a pesar de que las im\u00e1genes no ubicadas geogr\u00e1ficamente no quedar\u00e1n excluidas del concurso).<\/p>\r\n<p>&#8211; Es preferible poner un t\u00edtulo a la fotograf\u00eda y describir en 125-150 caracteres la relaci\u00f3n con el tema del concurso.<\/p>\r\n<p>&#8211; Es preferible hacer un comentario mencionando la cuenta de Instagram @48hopenhousebcn (a pesar de que las fotograf\u00edas que no incorporen el comentario no quedar\u00e1n excluidas del concurso)<br \/><br \/><\/p>\r\n\r\n\r\n\r\n<h3 class=\"wp-block-heading\"><strong>Jurado<\/strong><\/h3>\r\n\r\n\r\n\r\n<p>El jurado est\u00e1 formado por:<\/p>\r\n<p>&#8211; Saramba, Social Media Managers del festival 48h Open House BCN.<br \/>&#8211; Elisenda Bonet, directora del festival 48h Open House BCN.<br \/>&#8211; Nicanor Garc\u00eda, arquitecto y fot\u00f3grafo profesional de arquitectura y viajes, colaborador del 48h Open House BCN.<\/p>\r\n<h3 class=\"wp-block-heading\"><strong>Premios<\/strong><\/h3>\r\n\r\n\r\n\r\n<p><strong>Finalistas: <\/strong>el jurado seleccionar\u00e1 diez fotograf\u00edas finalistas que se expondr\u00e1n durante la entrega de premios de los concursos. Los diez concursantes seleccionados recibir\u00e1n su foto impresa.<\/p>\r\n<p><strong>Ganador del Opengram 25 &#8211; Premio Silvia Contreras<\/strong>: de los manantial finalistas, el jurado elegir\u00e1 la mejor foto. Este ganador, adem\u00e1s de la foto impresa, recibir\u00e1 <strong>un jarr\u00f3n de TotCor<\/strong> y dos packs de <strong>AMIGA OH26<\/strong>.<\/p>\r\n<p><strong>Ganador del Premio Popular Opengram 25<\/strong>: una vez escogidos los diez finalistas del concurso Opengram24, la asociaci\u00f3n compartir\u00e1 las fotograf\u00edas a su perfil de Instagram a partir del 18 de Noviembre. Las 5 im\u00e1genes compartidas al perfil 48h Open House BCN que obtengan m\u00e1s likes (incluyendo los que se recibir\u00e1n durante el acto de presentaci\u00f3n\u0301 de finalistas) entrar\u00e1n en el sorteo donde se elegir\u00e1 a un \u00fanico ganador que recibir\u00e1, adem\u00e1s de la foto impresa, recibir\u00e1 una tarjeta regalo de la <strong>Cooperativa LaCapell<\/strong> y dos packs de <strong>AMIGA OHB26<\/strong>.<\/p>\r\n\r\n\r\n\r\n<p><a href=\"https:\/\/www.48hopenhousebarcelona.org\/es\/politica-privacitat\/\">Consulta la pol\u00edtica de privacidad.<\/a><\/p>\r\n\r\n\r\n\r\n<p>Con la colaboraci\u00f3n de:<\/p>\r\n\r\n\r\n\r\n<figure class=\"wp-block-image is-resized\"><img decoding=\"async\" style=\"width: 212px;\" src=\"https:\/\/www.48hopenhousebarcelona.org\/wp-content\/uploads\/2022\/09\/La_Capell-300x255.png\" alt=\"\" \/><img loading=\"lazy\" decoding=\"async\" class=\"alignnone size-medium wp-image-57305\" src=\"https:\/\/www.48hopenhousebarcelona.org\/wp-content\/uploads\/2025\/10\/Tot_Cor_Logo-300x108.jpeg\" alt=\"\" width=\"300\" height=\"108\" srcset=\"https:\/\/www.48hopenhousebarcelona.org\/wp-content\/uploads\/2025\/10\/Tot_Cor_Logo-300x108.jpeg 300w, https:\/\/www.48hopenhousebarcelona.org\/wp-content\/uploads\/2025\/10\/Tot_Cor_Logo-400x144.jpeg 400w, https:\/\/www.48hopenhousebarcelona.org\/wp-content\/uploads\/2025\/10\/Tot_Cor_Logo.jpeg 500w\" sizes=\"auto, (max-width: 300px) 100vw, 300px\" \/><\/figure>\r\n\r\n\r\n\r\n<div class=\"wp-block-spacer\" style=\"height: 100px;\" aria-hidden=\"true\">\u00a0<\/div>\r\n\r\n\r\n\r\n<p>&nbsp;<\/p>\r\n","protected":false},"excerpt":{"rendered":"<p>\u00a0Del 25 d&#8217;octubre al 9 de novembre del 2025#sentlarquitecturaOHB #opengram25 Opengram &#8211; Premio Silvia Contreras es una actividad que vincula la arquitectura, una disciplina art\u00edstica que imagina y construye espacios para el uso humano, y la fotograf\u00eda, herramienta fundamental para divulgarla, compartirla y entenderla. A partir del a\u00f1o 2022, el premio recibe el nombre Premio [&hellip;]<\/p>\n","protected":false},"author":26,"featured_media":57160,"parent":0,"menu_order":0,"comment_status":"closed","ping_status":"closed","template":"template-novapagina.php","meta":{"_acf_changed":false,"footnotes":""},"class_list":["post-45101","page","type-page","status-publish","has-post-thumbnail","hentry"],"acf":[],"_links":{"self":[{"href":"https:\/\/www.48hopenhousebarcelona.org\/es\/wp-json\/wp\/v2\/pages\/45101","targetHints":{"allow":["GET"]}}],"collection":[{"href":"https:\/\/www.48hopenhousebarcelona.org\/es\/wp-json\/wp\/v2\/pages"}],"about":[{"href":"https:\/\/www.48hopenhousebarcelona.org\/es\/wp-json\/wp\/v2\/types\/page"}],"author":[{"embeddable":true,"href":"https:\/\/www.48hopenhousebarcelona.org\/es\/wp-json\/wp\/v2\/users\/26"}],"replies":[{"embeddable":true,"href":"https:\/\/www.48hopenhousebarcelona.org\/es\/wp-json\/wp\/v2\/comments?post=45101"}],"version-history":[{"count":25,"href":"https:\/\/www.48hopenhousebarcelona.org\/es\/wp-json\/wp\/v2\/pages\/45101\/revisions"}],"predecessor-version":[{"id":57679,"href":"https:\/\/www.48hopenhousebarcelona.org\/es\/wp-json\/wp\/v2\/pages\/45101\/revisions\/57679"}],"wp:featuredmedia":[{"embeddable":true,"href":"https:\/\/www.48hopenhousebarcelona.org\/es\/wp-json\/wp\/v2\/media\/57160"}],"wp:attachment":[{"href":"https:\/\/www.48hopenhousebarcelona.org\/es\/wp-json\/wp\/v2\/media?parent=45101"}],"curies":[{"name":"wp","href":"https:\/\/api.w.org\/{rel}","templated":true}]}}