{"id":45284,"date":"2025-09-28T16:40:48","date_gmt":"2025-09-28T16:40:48","guid":{"rendered":"https:\/\/www.48hopenhousebarcelona.org\/?page_id=45284"},"modified":"2025-10-07T09:30:22","modified_gmt":"2025-10-07T09:30:22","slug":"funcionament-25","status":"publish","type":"page","link":"https:\/\/www.48hopenhousebarcelona.org\/es\/funcionament-25\/","title":{"rendered":"FUNCIONAMENTO"},"content":{"rendered":"\r\n<p>El festival de arquitectura 48h Open House BCN es un acontecimiento l\u00fadico, gratuito y abierto a todo el mundo, sin venta de entradas y con m\u00e1s de 200 actividades sin inscripci\u00f3n previa. El tiempo de espera para acceder en cada edificio var\u00eda seg\u00fan el tama\u00f1o de cada espacio y la cantidad de personas que quieran entrar. Por eso, ponemos a disposici\u00f3n del p\u00fablico un mapa que ense\u00f1a, en tiempo real, los espacios con m\u00e1s y menos afluencia de personas; adem\u00e1s, compartiremos esta informaci\u00f3n en directo en nuestras redes sociales.<\/p>\r\n\r\n\r\n\r\n<h3 class=\"wp-block-heading\"><br \/>Fechas a recordar<\/h3>\r\n\r\n\r\n\r\n<p><strong>20 de octubre de 2025 a las 20:00 h<\/strong>: apertura de las inscripciones previas a los itinerarios y a los edificios de infraestructuras.<br \/><strong>25 y 26 de octubre de 2025<\/strong>: festival de arquitectura\u00a048h\u00a0Open\u00a0House\u00a0BCN.<br \/><strong>26 de \u00a0noviembre de 2025<\/strong>: entrega de premios de los concursos\u00a0Open\u00a0Foto,\u00a0OpenGram\u00a0y sorteo para los participantes al\u00a0Open\u00a0Sketch.<\/p>\r\n\r\n\r\n<hr class=\"wp-block-separator has-alpha-channel-opacity\" \/>\r\n\r\n\r\n<p>&nbsp;<\/p>\r\n\r\n\r\n\r\n<h3 class=\"wp-block-heading\">\u00c1mbito geogr\u00e1fico<\/h3>\r\n\r\n\r\n\r\n<p>La programaci\u00f3n del festival se extiende en el \u00e1mbito geogr\u00e1fico siguiente:<\/p>\r\n\r\n\r\n\r\n<p>BARCELONA: 25 y 26 de octubre del 2025<br \/>BADALONA: 25 y 26 de octubre del 2025<br \/>SANTA COLOMA DE GRAMENET: 25 y 26 de octubre del 2025<br \/>SANT JOAN DESP\u00cd: 25 y 26 de octubre del 2025<br \/>L\u2019HOSPITALET: 25 y 26 de octubre del 2025<br \/>VILASSAR DE DALT:\u00a026 de octubre del 2025<br \/>SITGES: 25 y 26 de octubre del 2025<\/p>\r\n\r\n\r\n<hr class=\"wp-block-separator has-alpha-channel-opacity\" \/>\r\n\r\n\r\n<p>&nbsp;<\/p>\r\n\r\n\r\n\r\n<h3 class=\"wp-block-heading\">Programaci\u00f3n<\/h3>\r\n\r\n\r\n\r\n<p>Se ofrecen <strong>207 actividades<\/strong> (edificios e itinerarios). \u00a1Consulta el horario, la direcci\u00f3n y dir\u00edgete al espacio!<\/p>\r\n\r\n\r\n<hr class=\"wp-block-separator has-alpha-channel-opacity\" \/>\r\n\r\n\r\n<p>&nbsp;<\/p>\r\n\r\n\r\n\r\n<h3 class=\"wp-block-heading\">Zonas<\/h3>\r\n\r\n\r\n\r\n<p>La asociaci\u00f3n 48h Open House Barcelona apuesta por un festival de proximidad y agrupa la programaci\u00f3n en zonas que se pueden <strong>recorrer a pie<\/strong>. Con estas zonas, se invita a conocer una \u00e1rea de la ciudad a trav\u00e9s de edificios de diferentes usos y \u00e9pocas. La idea es organizar las visitas lo mejor posible, incluso antes del festival.<\/p>\r\n\r\n\r\n<hr class=\"wp-block-separator has-alpha-channel-opacity\" \/>\r\n\r\n\r\n<h3 class=\"wp-block-heading\"><br \/>Tipos de visitas<\/h3>\r\n\r\n\r\n\r\n<p>La edici\u00f3n del festival de arquitectura 48h Open House BCN 2025 es presencial.<\/p>\r\n\r\n\r\n\r\n<p>Se ofrecen diferentes tipos de visita:<\/p>\r\n\r\n\r\n\r\n<p><strong>Visitas guiadas por voluntarios<\/strong>. El p\u00fablico accede de manera organizada a las actividades que forman parte de la programaci\u00f3n del festival, donde un grupo de voluntarios se encarga de gestionar los grupos y hacer las explicaciones.<\/p>\r\n\r\n\r\n\r\n\r\n\r\n<p><strong>Visitas guiadas por arquitectas<\/strong>. El p\u00fablico accede de manera organizada a las actividades que forman parte de la programaci\u00f3n del festival: un grupo de voluntarios se encarga de gestionar los grupos y el arquitecto autor del proyecto hace las explicaciones (secci\u00f3n Open Pro).<\/p>\r\n\r\n\r\n\r\n<p><strong>Visitas guiadas a trav\u00e9s de un podcast<\/strong> (que se puede encontrar en nuestro web). El p\u00fablico accede libremente a las actividades que forman parte de la programaci\u00f3n del festival. A cada actividad hay un voluntario que informa de la programaci\u00f3n y controla el acceso por cuestiones de aforo. La visita se puede complementar con la explicaci\u00f3n que ofrece un podcast narrado por profesionales o por entidades y asociaciones expertas (secci\u00f3n Open Pro).<\/p>\r\n\r\n\r\n\r\n<p><strong>Visitas libres<\/strong>. El p\u00fablico accede libremente a las actividades que forman parte de la programaci\u00f3n del festival. A cada actividad hay un voluntario que informa de la programaci\u00f3n y controla el acceso por cuestiones de aforo.<\/p>\r\n\r\n\r\n\r\n<p><strong>Itinerarios libres guiados a trav\u00e9s de un podcast <\/strong>(que se puede encontrar en nuestro web). El p\u00fablico hace libremente un recorrido exterior por la ciudad que religa diferentes espacios y edificios alrededor de una tem\u00e1tica. La visita se puede complementar con la explicaci\u00f3n que ofrece un podcast narrado por profesionales o por entidades y asociaciones expertas (secci\u00f3n Open Pro).<\/p>\r\n<p><strong>Itinerarios guiados con inscripci\u00f3n previa para itinerarios y edificios de infraestructuras.<\/strong><\/p>\r\n\r\n\r\n<hr class=\"wp-block-separator has-alpha-channel-opacity\" \/>\r\n\r\n\r\n<h3 class=\"wp-block-heading\"><br \/>Inscripciones<\/h3>\r\n\r\n\r\n\r\n<p><strong>El lunes 20 de octubre a las 20h<\/strong> se abrir\u00e1n las inscripciones a los itinerarios guiados y a los edificios de infraestructuras que por motivos de seguridad as\u00ed lo requieren. Algunas inscripciones son gestionadas por entidades de la propia actividad.<\/p>\r\n\r\n\r\n\r\n<p>A la ficha de cada actividad, indica si necesita de inscripci\u00f3n.<\/p>\r\n\r\n\r\n\r\n<p>En el caso de inscripciones mediante Eventbrite, <strong>cada persona puede reservar hasta 2 entradas y cada una tendr\u00e1 un coste de 3\u20ac en concepto de gastos de gesti\u00f3n<\/strong>. Los ni\u00f1os deben reservar su entrada.<\/p>\r\n\r\n\r\n<hr class=\"wp-block-separator has-alpha-channel-opacity\" \/>\r\n\r\n\r\n<h3 class=\"wp-block-heading\"><strong><br \/><\/strong>El festival en las redes<\/h3>\r\n\r\n\r\n\r\n<p>S\u00edguenos en las redes! Utiliza los hashtags <strong>#ohb25<\/strong>,\u00a0<strong>#sentlarquitecturaOHB <\/strong>y <strong>#OHB<\/strong> para compartir contenido, im\u00e1genes y videos.<\/p>\r\n\r\n\r\n\r\n<p>Mira <strong>#infoohb<\/strong> para cualquier novedad o cambios. Tambi\u00e9n puedes ver las informaciones y los cambios en nuestro web en el apartado <strong>#ultimahoraOHB<\/strong>.<\/p>\r\n\r\n\r\n<hr class=\"wp-block-separator has-alpha-channel-opacity\" \/>\r\n\r\n\r\n<p>&nbsp;<\/p>\r\n\r\n\r\n\r\n<h3 class=\"wp-block-heading\">Contacto<\/h3>\r\n\r\n\r\n\r\n<p>Para mayor informaci\u00f3n, pod\u00e9is poneros en contacto con nosotros por:<\/p>\r\n\r\n\r\n\r\n<p><strong>Redes sociales\u00a0<\/strong><a href=\"https:\/\/www.instagram.com\/48hopenhousebcn\/\">Instagram<\/a>\u00a0\/\u00a0<a href=\"https:\/\/www.facebook.com\/48HOpenHouseBarcelona\">Facebook<\/a>\u00a0\/\u00a0<a href=\"https:\/\/twitter.com\/48hOpenHouseBcn\">X\u00a0<\/a>\u00a0\/\u00a0<a href=\"https:\/\/www.youtube.com\/channel\/UCXD-orew0WRLTGIYcTSEV0Q\">Youtube<\/a>\u00a0\/\u00a0<a href=\"https:\/\/www.tiktok.com\/@48hopenhousebarcelona\">Tik Tok<\/a><\/p>\r\n\r\n\r\n\r\n<p><strong>Oficina general\u00a0<\/strong>934 87 66 17<\/p>\r\n\r\n\r\n\r\n<p><strong>Consultas generales:\u00a0<\/strong>consultes@48hopenhousebarcelona.org<\/p>\r\n\r\n\r\n\r\n<p><strong>Medios:\u00a0<\/strong>premsa@openhousebarcelona.org \/\u00a0gemma.larregola@openhousebarcelona.org \/ Tel. +34 607 820 940<\/p>\r\n\r\n\r\n\r\n<div class=\"wp-block-spacer\" style=\"height: 100px;\" aria-hidden=\"true\">\u00a0<\/div>\r\n","protected":false},"excerpt":{"rendered":"<p>El festival de arquitectura 48h Open House BCN es un acontecimiento l\u00fadico, gratuito y abierto a todo el mundo, sin venta de entradas y con m\u00e1s de 200 actividades sin inscripci\u00f3n previa. El tiempo de espera para acceder en cada edificio var\u00eda seg\u00fan el tama\u00f1o de cada espacio y la cantidad de personas que quieran [&hellip;]<\/p>\n","protected":false},"author":26,"featured_media":59366,"parent":0,"menu_order":0,"comment_status":"closed","ping_status":"closed","template":"template-novapagina.php","meta":{"_acf_changed":false,"footnotes":""},"class_list":["post-45284","page","type-page","status-publish","has-post-thumbnail","hentry"],"acf":[],"_links":{"self":[{"href":"https:\/\/www.48hopenhousebarcelona.org\/es\/wp-json\/wp\/v2\/pages\/45284","targetHints":{"allow":["GET"]}}],"collection":[{"href":"https:\/\/www.48hopenhousebarcelona.org\/es\/wp-json\/wp\/v2\/pages"}],"about":[{"href":"https:\/\/www.48hopenhousebarcelona.org\/es\/wp-json\/wp\/v2\/types\/page"}],"author":[{"embeddable":true,"href":"https:\/\/www.48hopenhousebarcelona.org\/es\/wp-json\/wp\/v2\/users\/26"}],"replies":[{"embeddable":true,"href":"https:\/\/www.48hopenhousebarcelona.org\/es\/wp-json\/wp\/v2\/comments?post=45284"}],"version-history":[{"count":30,"href":"https:\/\/www.48hopenhousebarcelona.org\/es\/wp-json\/wp\/v2\/pages\/45284\/revisions"}],"predecessor-version":[{"id":57112,"href":"https:\/\/www.48hopenhousebarcelona.org\/es\/wp-json\/wp\/v2\/pages\/45284\/revisions\/57112"}],"wp:featuredmedia":[{"embeddable":true,"href":"https:\/\/www.48hopenhousebarcelona.org\/es\/wp-json\/wp\/v2\/media\/59366"}],"wp:attachment":[{"href":"https:\/\/www.48hopenhousebarcelona.org\/es\/wp-json\/wp\/v2\/media?parent=45284"}],"curies":[{"name":"wp","href":"https:\/\/api.w.org\/{rel}","templated":true}]}}