{"id":45309,"date":"2025-09-28T16:24:11","date_gmt":"2025-09-28T16:24:11","guid":{"rendered":"https:\/\/www.48hopenhousebarcelona.org\/?page_id=45309"},"modified":"2025-10-19T20:36:10","modified_gmt":"2025-10-19T20:36:10","slug":"open-sketch-25","status":"publish","type":"page","link":"https:\/\/www.48hopenhousebarcelona.org\/es\/open-sketch-25\/","title":{"rendered":"OPEN SKETCH"},"content":{"rendered":"\r\n<p><strong>Open Sketch<\/strong>\u00a0es una actividad que vincula la arquitectura, una disciplina art\u00edstica que imagina y construye espacio para el uso humano, con el dibujo, herramienta fundamental y lenguaje para pensarla, dise\u00f1arla, expresarla y comprenderla.<\/p>\r\n<p>Este a\u00f1o, se propone un itinerario de dibujo en <strong>Badalona<\/strong>, empezando y terminando en el <strong><a href=\"https:\/\/www.48hopenhousebarcelona.org\/es\/els-edificis\/ca-lamigo-y-nuevo-jardin\/\" target=\"_blank\" rel=\"noopener\">jard\u00edn nuevo de Ca l&#8217;Amig\u00f3<\/a><\/strong>. El recorrido ser\u00e1 libre, as\u00ed que los dibujantes podr\u00e1n acercarse y dibujar cualquiera de los espacios que participan en la ciudad, incluyendo la <a href=\"https:\/\/www.48hopenhousebarcelona.org\/es\/els-edificis\/la-torre-vella-escola-la-cultural\/\" target=\"_blank\" rel=\"noopener\">Torre Vella<\/a> y el <a href=\"https:\/\/www.48hopenhousebarcelona.org\/es\/els-edificis\/edifici-dhabitatges-al-carrer-progres\/\" target=\"_blank\" rel=\"noopener\">edificio de viviendas en la calle del Progr\u00e9s<\/a>.<\/p>\r\n<p>Esperamos que los dibujantes busquen la experiencia sensorial de los espacios.<\/p>\r\n<p>Esta actividad est\u00e1 organizada en colaboraci\u00f3n con <a href=\"http:\/\/urbansketchersbarcelona.blogspot.com\/\">Urban Sketchers Barcelona<\/a>\u00a0y Dibuixem Badalona.<\/p>\r\n<h3><strong>Fechas y lugar<\/strong><\/h3>\r\n<p>El itinerario se har\u00e1 el <strong>domingo 26 de octubre, de 10:30 a 13:30 h.<\/strong><\/p>\r\n<p><strong>El punto de encuentro es el <a href=\"https:\/\/www.48hopenhousebarcelona.org\/es\/els-edificis\/ca-lamigo-y-nuevo-jardin\/\" target=\"_blank\" rel=\"noopener\">jard\u00edn nuevo de Ca l&#8217;Amig\u00f3<\/a><\/strong>.<\/p>\r\n<h3><strong><br \/>C\u00f3mo participar<\/strong><\/h3>\r\n<p>&#8211;\u00a0 Para participar en el itinerario, solo hay que llevar libreta y materiales de dibujo, y llegar a las 10:30h al punto de encuentro.<\/p>\r\n<p>&#8211;\u00a0 Animamos a quienes participen a compartir el proceso y sus dibujos en las redes sociales, con la etiqueta #Opensketch25, @uskbarcelona y @dibuixembadalona.<\/p>\r\n<h3>\u00a0<\/h3>\r\n<h3><span style=\"color: #ff0000;\"><strong>Sorteo<\/strong><\/span><\/h3>\r\n<p><strong>El d\u00eda de la entrega de premios, se sortear\u00e1 una tarjeta regalo de La Capell\u00a0entre los participantes que hayan compartido sus dibujos con las etiquetas #Opensketch25<\/strong>,<strong> @uskbarcelona<\/strong> y <strong>@dibuixembadalona.<\/strong><\/p>\r\n<p>&nbsp;<\/p>\r\n<p><strong>@48hOpenHouseBcn,\u00a0 @uskbarcelona, @dibuixembadalona, #Opensketch25<\/strong><\/p>\r\n<p>&nbsp;<\/p>\r\n<p>Con la colaboraci\u00f3n de:<\/p>\r\n<!-- \/wp:post-content -->\r\n\r\n<!-- wp:image {\"id\":14753} -->\r\n<figure class=\"wp-block-image\"><img loading=\"lazy\" decoding=\"async\" class=\"wp-image-14753\" src=\"https:\/\/www.48hopenhousebarcelona.org\/wp-content\/uploads\/2019\/12\/urban_sketchers-300x137.jpg\" alt=\"\" width=\"227\" height=\"104\" \/><img loading=\"lazy\" decoding=\"async\" class=\"wp-image-39486\" src=\"https:\/\/www.48hopenhousebarcelona.org\/wp-content\/uploads\/2022\/09\/La_Capell-300x255.png\" alt=\"https:\/\/www.lacapell.com\/\" width=\"165\" height=\"140\" srcset=\"https:\/\/www.48hopenhousebarcelona.org\/wp-content\/uploads\/2022\/09\/La_Capell-300x255.png 300w, https:\/\/www.48hopenhousebarcelona.org\/wp-content\/uploads\/2022\/09\/La_Capell-400x339.png 400w, https:\/\/www.48hopenhousebarcelona.org\/wp-content\/uploads\/2022\/09\/La_Capell.png 554w\" sizes=\"auto, (max-width: 165px) 100vw, 165px\" \/><\/figure>\r\n<p>&nbsp;<\/p>\r\n<p>&nbsp;<\/p>\r\n<!-- \/wp:image -->\r\n\r\n","protected":false},"excerpt":{"rendered":"<p>Open Sketch\u00a0es una actividad que vincula la arquitectura, una disciplina art\u00edstica que imagina y construye espacio para el uso humano, con el dibujo, herramienta fundamental y lenguaje para pensarla, dise\u00f1arla, expresarla y comprenderla. Este a\u00f1o, se propone un itinerario de dibujo en Badalona, empezando y terminando en el jard\u00edn nuevo de Ca l&#8217;Amig\u00f3. El recorrido [&hellip;]<\/p>\n","protected":false},"author":26,"featured_media":57160,"parent":0,"menu_order":0,"comment_status":"closed","ping_status":"closed","template":"template-novapagina.php","meta":{"_acf_changed":false,"footnotes":""},"class_list":["post-45309","page","type-page","status-publish","has-post-thumbnail","hentry"],"acf":[],"_links":{"self":[{"href":"https:\/\/www.48hopenhousebarcelona.org\/es\/wp-json\/wp\/v2\/pages\/45309","targetHints":{"allow":["GET"]}}],"collection":[{"href":"https:\/\/www.48hopenhousebarcelona.org\/es\/wp-json\/wp\/v2\/pages"}],"about":[{"href":"https:\/\/www.48hopenhousebarcelona.org\/es\/wp-json\/wp\/v2\/types\/page"}],"author":[{"embeddable":true,"href":"https:\/\/www.48hopenhousebarcelona.org\/es\/wp-json\/wp\/v2\/users\/26"}],"replies":[{"embeddable":true,"href":"https:\/\/www.48hopenhousebarcelona.org\/es\/wp-json\/wp\/v2\/comments?post=45309"}],"version-history":[{"count":21,"href":"https:\/\/www.48hopenhousebarcelona.org\/es\/wp-json\/wp\/v2\/pages\/45309\/revisions"}],"predecessor-version":[{"id":57791,"href":"https:\/\/www.48hopenhousebarcelona.org\/es\/wp-json\/wp\/v2\/pages\/45309\/revisions\/57791"}],"wp:featuredmedia":[{"embeddable":true,"href":"https:\/\/www.48hopenhousebarcelona.org\/es\/wp-json\/wp\/v2\/media\/57160"}],"wp:attachment":[{"href":"https:\/\/www.48hopenhousebarcelona.org\/es\/wp-json\/wp\/v2\/media?parent=45309"}],"curies":[{"name":"wp","href":"https:\/\/api.w.org\/{rel}","templated":true}]}}